{"id":2463,"date":"2021-06-08T18:33:33","date_gmt":"2021-06-08T16:33:33","guid":{"rendered":"https:\/\/agora.xtec.cat\/ies-eugenidors-lhospitalet\/?page_id=2463"},"modified":"2023-06-25T20:12:48","modified_gmt":"2023-06-25T18:12:48","slug":"institut-eugeni-dors","status":"publish","type":"page","link":"https:\/\/agora.xtec.cat\/ies-eugenidors-lhospitalet\/linstitut\/institut-eugeni-dors\/","title":{"rendered":"Qui som"},"content":{"rendered":"<h3><span style=\"color: #acadad;\"><em><strong> Institut Eugeni d&#8217;Ors<\/strong><\/em><\/span><\/h3>\n<p><img loading=\"lazy\" decoding=\"async\" class=\"alignleft\" src=\"https:\/\/agora.xtec.cat\/ies-eugenidors-lhospitalet\/wp-content\/uploads\/usu2092\/2021\/05\/frontal.png\" alt=\"\" width=\"173\" height=\"299\" \/><\/p>\n<p>Des de la seva fundaci\u00f3, l&#8217;any 1996, el nostre centre ha anat consolidant un Projecte Educatiu de qualitat portat a terme per un excel\u00b7lent equip de professionals.<\/p>\n<p>El nostre principal objectiu \u00e9s potenciar al m\u00e0xim les capacitats de l&#8217;alumnat per fer-lo cr\u00e9ixer com a persona i com a ciutad\u00e0 i ciutadana.<\/p>\n<p>Oferim un Servei d\u2019Orientaci\u00f3 i Atenci\u00f3 individualitzada en els aspectes personal, acad\u00e8mic i professional.<\/p>\n<p>La nostra tasca educativa i docent es fonamenta en el di\u00e0leg, el treball i la responsabilitat.<\/p>\n<p><strong>OFERTA EDUCATIVA<\/strong><\/p>\n<ul>\n<li>ESO: 12-16 anys<\/li>\n<li>BATXILLERAT: (16-18 anys) En les modalitats:<\/li>\n<\/ul>\n<p>&#8211; Ci\u00e8ncies de la Naturalesa i de la Salut.<br \/>\n&#8211; Humanitats i Ci\u00e8ncies Socials.<br \/>\n&#8211; Tecnologia.<\/p>\n<p>Preparaci\u00f3 intensiva per a les Proves d\u2019Acc\u00e9s a la Universitat.<\/p>\n<p><strong>PROJECTE EDUCATIU<\/strong><\/p>\n<ul>\n<li>Potenciaci\u00f3 de les noves tecnologies (inform\u00e0tica) en totes les \u00e0rees curriculars.<\/li>\n<li>Orientaci\u00f3 de l&#8217;alumne\/a mitjan\u00e7ant proves inicials de nivell, tutories individualitzades i\u00a0 assessorament psicopedag\u00f2gic.<\/li>\n<li>Potenciaci\u00f3 de l\u2019aprenentatge de les lleng\u00fces estrangeres (angl\u00e8s i franc\u00e8s). Intercanvis escolars amb Fran\u00e7a.<\/li>\n<li>Contacte permanent amb la fam\u00edlia a trav\u00e9s d&#8217;entrevistes individuals i col\u00b7lectives al llarg del curs, aix\u00ed com comunicaci\u00f3 telef\u00f2nica i missatges SMS a trav\u00e9s del m\u00f2bil que permeten tenir-la informada de qualsevol incid\u00e8ncia, per petita que sigui.<\/li>\n<li>Tractament de la diversitat: aula d\u2019acollida pels alumnes nouvinguts, grups redu\u00efts i flexibles.<\/li>\n<li>Control diari d&#8217;assist\u00e8ncia i av\u00eds telef\u00f2nic en cas d&#8217;abs\u00e8ncia de l&#8217;alumne\/a.Servei de biblioteca a l&#8217;hora de l&#8217;esbarjo amb servei de pr\u00e9stec.<\/li>\n<\/ul>\n<p><strong>ACTIVITATS COMPLEMENTARIES \u00a0\u00a0\u00a0 \u00a0\u00a0\u00a0\u00a0\u00a0<\/strong><\/p>\n<ul>\n<li>Activitats educatives que fomenten la integraci\u00f3, la cohesi\u00f3 i les relacions socials.<\/li>\n<li>Sortides tutorials: teatre, museus, etc.<\/li>\n<li>Viatges culturals i estades esportives.<\/li>\n<li>Intercanvi d\u2019idiomes amb altres pa\u00efsos.<\/li>\n<li>Activitats esportives, culturals,inform\u00e0tica i angl\u00e8s oral organitzades per l&#8217;AMPA (dimarts i dimecres a la tarda).<\/li>\n<li>Escola de Pares i Mares: Classes de llengua catalana i d\u2019inform\u00e0tica, xerrades, col\u00b7loquis, etc<\/li>\n<\/ul>\n<p><strong>EQUIPAMENTS<\/strong><\/p>\n<ul>\n<li>Laboratoris de ci\u00e8ncies experimentals.<\/li>\n<li>2 Aules de tecnologia.<\/li>\n<li>3 Aules d&#8217;inform\u00e0tica.<\/li>\n<li>1 Aula de visual i pl\u00e0stica.<\/li>\n<li>1 Aula de m\u00fasica.<\/li>\n<li>1 Aula d&#8217;idiomes.<\/li>\n<li>1 Biblioteca.<\/li>\n<li>1 Gimn\u00e0s.<\/li>\n<li>1 Emissora de r\u00e0dio d\u2019ona curta EA3B<\/li>\n<\/ul>\n<p><strong>SECRETARIA \u00a0\u00a0\u00a0 \u00a0 \u00a0\u00a0\u00a0 \u00a0<\/strong><\/p>\n<p>Horari d&#8217;atenci\u00f3 al p\u00fablic:<br \/>\nMatins: De 9:30 a 13:30h (de dilluns a divendres)<br \/>\nTarda: De 15:30 a 17:00h (dimarts)<\/p>\n<p><strong>M\u00c9S INFORMACI\u00d3 \u00a0\u00a0\u00a0 \u00a0 \u00a0\u00a0\u00a0 \u00a0<\/strong><\/p>\n<p>Institut EUGENI D\u2019ORS<br \/>\nC\/Vallparda 32-42<br \/>\n08904 L\u2019Hospitalet de Llobregat<\/p>\n<p>Tel\u00e8fon: 934405290<\/p>\n<p>Correu electr\u00f2nic:<br \/>\nies-eugenidors-lhospitalet@xtec.cat<\/p>\n<p>P\u00e0gina web:<br \/>\nwww.eugenidors.cat<\/p>\n<p><iframe loading=\"lazy\" src=\"http:\/\/maps.google.es\/maps?f=q&amp;source=s_q&amp;hl=ca&amp;geocode=&amp;q=Carrer+Vallparda,+40,+L'Hospitalet+de+Llobregat&amp;aq=0&amp;oq=carrer+vallparda+40&amp;sll=41.692248,1.745868&amp;sspn=2.317425,3.532104&amp;ie=UTF8&amp;hq=&amp;hnear=Carrer+Vallparda,+40,+08904+L'Hospitalet+de+Llobregat,+Barcelona&amp;ll=41.373424,2.115828&amp;spn=0.002274,0.003449&amp;t=m&amp;z=14&amp;output=embed\" width=\"425\" height=\"350\" frameborder=\"0\"><\/iframe><br \/>\n<small><a style=\"color: #0000ff; text-align: left;\" href=\"http:\/\/maps.google.es\/maps?f=q&amp;source=embed&amp;hl=ca&amp;geocode=&amp;q=Carrer+Vallparda,+40,+L'Hospitalet+de+Llobregat&amp;aq=0&amp;oq=carrer+vallparda+40&amp;sll=41.692248,1.745868&amp;sspn=2.317425,3.532104&amp;ie=UTF8&amp;hq=&amp;hnear=Carrer+Vallparda,+40,+08904+L'Hospitalet+de+Llobregat,+Barcelona&amp;ll=41.373424,2.115828&amp;spn=0.002274,0.003449&amp;t=m&amp;z=14\" data-darkreader-inline-color=\"\">Mostra un mapa m\u00e9s gran<\/a><\/small><\/p>\n","protected":false},"excerpt":{"rendered":"<p> Institut Eugeni d&#8217;Ors<\/p>\n<p>Des de la seva fundaci\u00f3, l&#8217;any 1996, el nostre centre ha anat consolidant un Projecte Educatiu de qualitat portat a terme per un excel\u00b7lent equip de professionals.<br \/>\nEl nostre principal objectiu \u00e9s potenciar al m\u00e0xim les capacitats de l&#8217;alumnat per fer-lo cr\u00e9ixer com&hellip;  <a href=\"https:\/\/agora.xtec.cat\/ies-eugenidors-lhospitalet\/linstitut\/institut-eugeni-dors\/\" title=\"Read Qui som\">Llegeix m\u00e9s\u00bb<\/a><\/p>\n","protected":false},"author":1,"featured_media":0,"parent":19,"menu_order":1,"comment_status":"closed","ping_status":"closed","template":"page-templates\/side-menu.php","meta":{"_bbp_topic_count":0,"_bbp_reply_count":0,"_bbp_total_topic_count":0,"_bbp_total_reply_count":0,"_bbp_voice_count":0,"_bbp_anonymous_reply_count":0,"_bbp_topic_count_hidden":0,"_bbp_reply_count_hidden":0,"_bbp_forum_subforum_count":0,"footnotes":""},"class_list":["post-2463","page","type-page","status-publish","hentry"],"post_mailing_queue_ids":[],"_links":{"self":[{"href":"https:\/\/agora.xtec.cat\/ies-eugenidors-lhospitalet\/wp-json\/wp\/v2\/pages\/2463","targetHints":{"allow":["GET"]}}],"collection":[{"href":"https:\/\/agora.xtec.cat\/ies-eugenidors-lhospitalet\/wp-json\/wp\/v2\/pages"}],"about":[{"href":"https:\/\/agora.xtec.cat\/ies-eugenidors-lhospitalet\/wp-json\/wp\/v2\/types\/page"}],"author":[{"embeddable":true,"href":"https:\/\/agora.xtec.cat\/ies-eugenidors-lhospitalet\/wp-json\/wp\/v2\/users\/1"}],"replies":[{"embeddable":true,"href":"https:\/\/agora.xtec.cat\/ies-eugenidors-lhospitalet\/wp-json\/wp\/v2\/comments?post=2463"}],"version-history":[{"count":3,"href":"https:\/\/agora.xtec.cat\/ies-eugenidors-lhospitalet\/wp-json\/wp\/v2\/pages\/2463\/revisions"}],"predecessor-version":[{"id":2542,"href":"https:\/\/agora.xtec.cat\/ies-eugenidors-lhospitalet\/wp-json\/wp\/v2\/pages\/2463\/revisions\/2542"}],"up":[{"embeddable":true,"href":"https:\/\/agora.xtec.cat\/ies-eugenidors-lhospitalet\/wp-json\/wp\/v2\/pages\/19"}],"wp:attachment":[{"href":"https:\/\/agora.xtec.cat\/ies-eugenidors-lhospitalet\/wp-json\/wp\/v2\/media?parent=2463"}],"curies":[{"name":"wp","href":"https:\/\/api.w.org\/{rel}","templated":true}]}}