{"id":195,"date":"2014-09-22T10:39:39","date_gmt":"2014-09-22T10:39:39","guid":{"rendered":"http:\/\/agora.xtec.cat\/ies-eugenidors-lhospitalet\/?page_id=195"},"modified":"2021-07-14T10:43:17","modified_gmt":"2021-07-14T08:43:17","slug":"estudis","status":"publish","type":"page","link":"https:\/\/agora.xtec.cat\/ies-eugenidors-lhospitalet\/estudis\/","title":{"rendered":"Estudis"},"content":{"rendered":"<h2 class=\"entry-title\" style=\"font-weight: 400; color: #087eb6;\">Oferta educativa<\/h2>\n<ul>\n<li>ESO: 12-16 anys<\/li>\n<li>BATXILLERAT: (16-18 anys) En les modalitats:<\/li>\n<\/ul>\n<p>&#8211; Ci\u00e8ncies de la Naturalesa i de la Salut.<br \/>\n&#8211; Humanitats i Ci\u00e8ncies Socials.<br \/>\n&#8211; Tecnologia.<\/p>\n<p>Preparaci\u00f3 intensiva per a les Proves d\u2019Acc\u00e9s a la Universitat.<\/p>\n<h2 class=\"entry-title\" style=\"font-weight: 400; color: #087eb6;\">Projecte educatiu<\/h2>\n<ul>\n<li>Potenciaci\u00f3 de les noves tecnologies (inform\u00e0tica) en totes les \u00e0rees curriculars.<\/li>\n<li>Orientaci\u00f3 de l&#8217;alumne\/a mitjan\u00e7ant proves inicials de nivell, tutories individualitzades i\u00a0 assessorament psicopedag\u00f2gic.<\/li>\n<li>Potenciaci\u00f3 de l\u2019aprenentatge de les lleng\u00fces estrangeres (angl\u00e8s i franc\u00e8s). Intercanvis escolars amb Fran\u00e7a.<\/li>\n<li>Contacte permanent amb la fam\u00edlia a trav\u00e9s d&#8217;entrevistes individuals i col\u00b7lectives al llarg del curs, aix\u00ed com comunicaci\u00f3 telef\u00f2nica i missatges SMS a trav\u00e9s del m\u00f2bil que permeten tenir-la informada de qualsevol incid\u00e8ncia, per petita que sigui.<\/li>\n<li>Tractament de la diversitat: aula d\u2019acollida pels alumnes nouvinguts, grups redu\u00efts i flexibles.<\/li>\n<li>Control diari d&#8217;assist\u00e8ncia i av\u00eds telef\u00f2nic en cas d&#8217;abs\u00e8ncia de l&#8217;alumne\/a.Servei de biblioteca a l&#8217;hora de l&#8217;esbarjo amb servei de pr\u00e9stec.<\/li>\n<\/ul>\n<h2 class=\"entry-title\" style=\"font-weight: 400; color: #087eb6;\">Activitats complementaries<\/h2>\n<ul>\n<li>Activitats educatives que fomenten la integraci\u00f3, la cohesi\u00f3 i les relacions socials.<\/li>\n<li>Sortides tutorials: teatre, museus, etc.<\/li>\n<li>Viatges culturals i estades esportives.<\/li>\n<li>Intercanvi d\u2019idiomes amb altres pa\u00efsos.<\/li>\n<li>Activitats esportives, culturals,inform\u00e0tica i angl\u00e8s oral organitzades per l&#8217;AMPA (dimarts i dimecres a la tarda).<\/li>\n<li>Escola de Pares i Mares: Classes de llengua catalana i d\u2019inform\u00e0tica, xerrades, col\u00b7loquis, etc<\/li>\n<\/ul>\n<h2 class=\"entry-title\" style=\"font-weight: 400; color: #087eb6;\">Equipaments<\/h2>\n<ul>\n<li>Laboratoris de ci\u00e8ncies experimentals.<\/li>\n<li>2 Aules de tecnologia.<\/li>\n<li>3 Aules d&#8217;inform\u00e0tica.<\/li>\n<li>1 Aula de visual i pl\u00e0stica.<\/li>\n<li>1 Aula de m\u00fasica.<\/li>\n<li>1 Aula d&#8217;idiomes.<\/li>\n<li>1 Biblioteca.<\/li>\n<li>1 Gimn\u00e0s.<\/li>\n<li>1 Emissora de r\u00e0dio d\u2019ona curta EA3B<\/li>\n<\/ul>\n<p>&nbsp;<\/p>\n","protected":false},"excerpt":{"rendered":"<p>Oferta educativa<\/p>\n<ul>\n<li>ESO: 12-16 anys<\/li>\n<li>BATXILLERAT: (16-18 anys) En les modalitats:<\/li>\n<\/ul>\n<p>&#8211; Ci\u00e8ncies de la Naturalesa i de la Salut.<br \/>\n&#8211; Humanitats i Ci\u00e8ncies Socials.<br \/>\n&#8211; Tecnologia.<br \/>\nPreparaci\u00f3 intensiva per a les Proves d\u2019Acc\u00e9s a la Universitat.<br \/>\nProjecte educatiu<\/p>\n<ul>\n<li>Potenciaci\u00f3 de les noves tecnologies (inform\u00e0tica) en totes les \u00e0rees curriculars.<\/li>\n<li>Orientaci\u00f3 de l&#8217;alumne\/a mitjan\u00e7ant&hellip;  <a href=\"https:\/\/agora.xtec.cat\/ies-eugenidors-lhospitalet\/estudis\/\" title=\"Read Estudis\">Llegeix m\u00e9s\u00bb<\/a><br \/>\n","protected":false},"author":1,"featured_media":0,"parent":0,"menu_order":0,"comment_status":"closed","ping_status":"closed","template":"","meta":{"_bbp_topic_count":0,"_bbp_reply_count":0,"_bbp_total_topic_count":0,"_bbp_total_reply_count":0,"_bbp_voice_count":0,"_bbp_anonymous_reply_count":0,"_bbp_topic_count_hidden":0,"_bbp_reply_count_hidden":0,"_bbp_forum_subforum_count":0,"footnotes":""},"class_list":["post-195","page","type-page","status-publish","hentry"],"post_mailing_queue_ids":[],"_links":{"self":[{"href":"https:\/\/agora.xtec.cat\/ies-eugenidors-lhospitalet\/wp-json\/wp\/v2\/pages\/195","targetHints":{"allow":["GET"]}}],"collection":[{"href":"https:\/\/agora.xtec.cat\/ies-eugenidors-lhospitalet\/wp-json\/wp\/v2\/pages"}],"about":[{"href":"https:\/\/agora.xtec.cat\/ies-eugenidors-lhospitalet\/wp-json\/wp\/v2\/types\/page"}],"author":[{"embeddable":true,"href":"https:\/\/agora.xtec.cat\/ies-eugenidors-lhospitalet\/wp-json\/wp\/v2\/users\/1"}],"replies":[{"embeddable":true,"href":"https:\/\/agora.xtec.cat\/ies-eugenidors-lhospitalet\/wp-json\/wp\/v2\/comments?post=195"}],"version-history":[{"count":2,"href":"https:\/\/agora.xtec.cat\/ies-eugenidors-lhospitalet\/wp-json\/wp\/v2\/pages\/195\/revisions"}],"predecessor-version":[{"id":2571,"href":"https:\/\/agora.xtec.cat\/ies-eugenidors-lhospitalet\/wp-json\/wp\/v2\/pages\/195\/revisions\/2571"}],"wp:attachment":[{"href":"https:\/\/agora.xtec.cat\/ies-eugenidors-lhospitalet\/wp-json\/wp\/v2\/media?parent=195"}],"curies":[{"name":"wp","href":"https:\/\/api.w.org\/{rel}","templated":true}]}}