{"id":758,"date":"2019-05-24T13:48:20","date_gmt":"2019-05-24T11:48:20","guid":{"rendered":"https:\/\/agora.xtec.cat\/ies-eugeni-dors\/?page_id=758"},"modified":"2025-09-10T10:55:39","modified_gmt":"2025-09-10T08:55:39","slug":"equip-directiu","status":"publish","type":"page","link":"https:\/\/agora.xtec.cat\/ies-eugeni-dors\/linstitut\/equip-directiu\/","title":{"rendered":"Equip Directiu"},"content":{"rendered":"<p>Directora: Cristina Steegmann<\/p>\n<p>Cap d&#8217;Estudis: Miquel Contreras<\/p>\n<p>Cap d&#8217;Estudis FP: Manuel Peinado<\/p>\n<p>Cap d&#8217;Estudis adjunt: Isabel Celaya<\/p>\n<p>Secret\u00e0ria: Esperanza Mart\u00edn<\/p>\n<p>Coordinadora Pedag\u00f2gica: Bego\u00f1a Hern\u00e1ndez<\/p>\n","protected":false},"excerpt":{"rendered":"<p>Directora: Cristina Steegmann<br \/>\nCap d&#8217;Estudis: Miquel Contreras<br \/>\nCap d&#8217;Estudis FP: Manuel Peinado<br \/>\nCap d&#8217;Estudis adjunt: Isabel Celaya<br \/>\nSecret\u00e0ria: Esperanza Mart\u00edn<br \/>\nCoordinadora Pedag\u00f2gica: Bego\u00f1a Hern\u00e1ndez<\/p>\n","protected":false},"author":1,"featured_media":0,"parent":19,"menu_order":0,"comment_status":"closed","ping_status":"closed","template":"","meta":{"_bbp_topic_count":0,"_bbp_reply_count":0,"_bbp_total_topic_count":0,"_bbp_total_reply_count":0,"_bbp_voice_count":0,"_bbp_anonymous_reply_count":0,"_bbp_topic_count_hidden":0,"_bbp_reply_count_hidden":0,"_bbp_forum_subforum_count":0,"footnotes":""},"class_list":["post-758","page","type-page","status-publish","hentry"],"post_mailing_queue_ids":[],"_links":{"self":[{"href":"https:\/\/agora.xtec.cat\/ies-eugeni-dors\/wp-json\/wp\/v2\/pages\/758","targetHints":{"allow":["GET"]}}],"collection":[{"href":"https:\/\/agora.xtec.cat\/ies-eugeni-dors\/wp-json\/wp\/v2\/pages"}],"about":[{"href":"https:\/\/agora.xtec.cat\/ies-eugeni-dors\/wp-json\/wp\/v2\/types\/page"}],"author":[{"embeddable":true,"href":"https:\/\/agora.xtec.cat\/ies-eugeni-dors\/wp-json\/wp\/v2\/users\/1"}],"replies":[{"embeddable":true,"href":"https:\/\/agora.xtec.cat\/ies-eugeni-dors\/wp-json\/wp\/v2\/comments?post=758"}],"version-history":[{"count":4,"href":"https:\/\/agora.xtec.cat\/ies-eugeni-dors\/wp-json\/wp\/v2\/pages\/758\/revisions"}],"predecessor-version":[{"id":2754,"href":"https:\/\/agora.xtec.cat\/ies-eugeni-dors\/wp-json\/wp\/v2\/pages\/758\/revisions\/2754"}],"up":[{"embeddable":true,"href":"https:\/\/agora.xtec.cat\/ies-eugeni-dors\/wp-json\/wp\/v2\/pages\/19"}],"wp:attachment":[{"href":"https:\/\/agora.xtec.cat\/ies-eugeni-dors\/wp-json\/wp\/v2\/media?parent=758"}],"curies":[{"name":"wp","href":"https:\/\/api.w.org\/{rel}","templated":true}]}}