{"id":690,"date":"2019-05-21T10:28:48","date_gmt":"2019-05-21T08:28:48","guid":{"rendered":"https:\/\/agora.xtec.cat\/ies-eugeni-dors\/?page_id=690"},"modified":"2019-05-21T10:28:48","modified_gmt":"2019-05-21T08:28:48","slug":"tecnic-en-cures-auxiliars-dinfermeria","status":"publish","type":"page","link":"https:\/\/agora.xtec.cat\/ies-eugeni-dors\/tecnic-en-cures-auxiliars-dinfermeria\/","title":{"rendered":"T\u00c8CNIC EN CURES AUXILIARS D&#8217;INFERMERIA"},"content":{"rendered":"<p>Aquests estudis postobligatoris capaciten per fer cures auxiliars d&#8217;infermeria, controlar les condicions sanit\u00e0ries de l&#8217;entorn i del material o l&#8217;instrumental sanitari i portar a terme tasques relacionades amb l&#8217;instrumental d&#8217;equips de salut bucodental.<\/p>\n<p>Tenen una durada \u00e9s de 1.400 hores (990 lectives en un centre educatiu i 410 pr\u00e0ctiques en un centre de treball) distribu\u00efdes en\u00a0<strong>un curs\u00a0<\/strong>acad\u00e8mic.<\/p>\n<p><span style=\"text-decoration: underline;\"><strong>HORARI:<\/strong><\/span><\/p>\n<p><strong>MAT\u00cd<\/strong>: De dilluns a divendres de 8:30 a 15:00<\/p>\n<p><strong>TARDA<\/strong>: De dilluns a divendres de\u00a0 15:15 a 21:35<\/p>\n<p><span style=\"text-decoration: underline;\"><b>C<\/b><b>R\u00c8DITS<\/b><\/span><\/p>\n<p><b>C1<\/b> Operacions administratives i documentaci\u00f3 sanit\u00e0ria.<\/p>\n<p><b>C2<\/b> L\u2019\u00e9sser hum\u00e0 davant la malaltia.<\/p>\n<p><b>C3<\/b> Benestar del pacient: Necessitats d\u2019higiene, rep\u00f2s i moviment.<\/p>\n<p><b>C4<\/b> Cures b\u00e0siques d\u2019infermeria.<\/p>\n<p><b>C5 <\/b>Primers auxilis.<\/p>\n<p><b>C6<\/b> Higiene del medi hospitalari.<\/p>\n<p><b>C7<\/b> Suport psicol\u00f2gic als pacients\/clients.<\/p>\n<p><b>C8<\/b> Educaci\u00f3 per a la salut.<\/p>\n<p><b>C9<\/b> T\u00e8cniques d\u2019ajuda odontol\u00f2gica i estomatol\u00f2gica.<\/p>\n<p><b>C10<\/b> Relacions en l\u2019equip de treball.<\/p>\n<p><b>C11<\/b> Formaci\u00f3\u00a0 i orientaci\u00f3 laboral.<\/p>\n<p><b>C12<\/b> Formaci\u00f3 en centres de treball.<\/p>\n<p><span style=\"text-decoration: underline;\"><b>\u00c0MBIT PROFESSIONAL I DE TREBALL<\/b><\/span><\/p>\n<p>Els t\u00e8cnics en atenci\u00f3 en cures d\u2019infermeria exerceixen la seva activitat a Hospitals, Consultes m\u00e8diques, Cl\u00edniques dentals, Centres geri\u00e0trics, Centres de salut mental, Centres de balneoter\u00e0pia, Centres de dia, Unitats d\u2019atenci\u00f3 sociosanit\u00e0ria d\u2019entitats p\u00fabliques o privades. Les ocupacions i llocs de treball m\u00e9s rellevants s\u00f3n els seg\u00fcents:<\/p>\n<ul>\n<li>T\u00e8cnic\/a auxiliar d\u2019infermeria<\/li>\n<li>T\u00e8cnic\/a auxiliar d\u2019atenci\u00f3 prim\u00e0ria<\/li>\n<li>T\u00e8cnic\/a d\u2019atenci\u00f3 domicili\u00e0ria<\/li>\n<li>T\u00e8cnic\/a auxiliar d\u2019unitats especials<\/li>\n<li>T\u00e8cnic\/a auxiliar d\u2019unitats especials i salut mental<\/li>\n<\/ul>\n<p>Per m\u00e9s informaci\u00f3:\u00a0<a href=\"http:\/\/queestudiar.gencat.cat\/ca\/estudis\/fp\/cicles-families\/sanitat\/?p_id=109&amp;estudi\">http:\/\/queestudiar.gencat.cat\/ca\/estudis\/fp\/cicles-families\/sanitat\/?p_id=109&amp;estudi<\/a><\/p>\n","protected":false},"excerpt":{"rendered":"<p>Aquests estudis postobligatoris capaciten per fer cures auxiliars d&#8217;infermeria, controlar les condicions sanit\u00e0ries de l&#8217;entorn i del material o l&#8217;instrumental sanitari i portar a terme tasques relacionades amb l&#8217;instrumental d&#8217;equips de salut bucodental.<br \/>\nTenen una durada \u00e9s de 1.400 hores (990 lectives en un centre educatiu&hellip;  <a href=\"https:\/\/agora.xtec.cat\/ies-eugeni-dors\/tecnic-en-cures-auxiliars-dinfermeria\/\" title=\"Read T\u00c8CNIC EN CURES AUXILIARS D&#8217;INFERMERIA\">Llegeix m\u00e9s\u00bb<\/a><\/p>\n","protected":false},"author":1,"featured_media":0,"parent":0,"menu_order":0,"comment_status":"closed","ping_status":"closed","template":"","meta":{"_bbp_topic_count":0,"_bbp_reply_count":0,"_bbp_total_topic_count":0,"_bbp_total_reply_count":0,"_bbp_voice_count":0,"_bbp_anonymous_reply_count":0,"_bbp_topic_count_hidden":0,"_bbp_reply_count_hidden":0,"_bbp_forum_subforum_count":0,"footnotes":""},"class_list":["post-690","page","type-page","status-publish","hentry"],"post_mailing_queue_ids":[],"_links":{"self":[{"href":"https:\/\/agora.xtec.cat\/ies-eugeni-dors\/wp-json\/wp\/v2\/pages\/690","targetHints":{"allow":["GET"]}}],"collection":[{"href":"https:\/\/agora.xtec.cat\/ies-eugeni-dors\/wp-json\/wp\/v2\/pages"}],"about":[{"href":"https:\/\/agora.xtec.cat\/ies-eugeni-dors\/wp-json\/wp\/v2\/types\/page"}],"author":[{"embeddable":true,"href":"https:\/\/agora.xtec.cat\/ies-eugeni-dors\/wp-json\/wp\/v2\/users\/1"}],"replies":[{"embeddable":true,"href":"https:\/\/agora.xtec.cat\/ies-eugeni-dors\/wp-json\/wp\/v2\/comments?post=690"}],"version-history":[{"count":1,"href":"https:\/\/agora.xtec.cat\/ies-eugeni-dors\/wp-json\/wp\/v2\/pages\/690\/revisions"}],"predecessor-version":[{"id":691,"href":"https:\/\/agora.xtec.cat\/ies-eugeni-dors\/wp-json\/wp\/v2\/pages\/690\/revisions\/691"}],"wp:attachment":[{"href":"https:\/\/agora.xtec.cat\/ies-eugeni-dors\/wp-json\/wp\/v2\/media?parent=690"}],"curies":[{"name":"wp","href":"https:\/\/api.w.org\/{rel}","templated":true}]}}