{"id":680,"date":"2019-05-20T15:10:56","date_gmt":"2019-05-20T13:10:56","guid":{"rendered":"https:\/\/agora.xtec.cat\/ies-eugeni-dors\/?page_id=680"},"modified":"2019-05-21T11:43:44","modified_gmt":"2019-05-21T09:43:44","slug":"tecnic-superior-en-laboratori-clinic-i-biomedic","status":"publish","type":"page","link":"https:\/\/agora.xtec.cat\/ies-eugeni-dors\/tecnic-superior-en-laboratori-clinic-i-biomedic\/","title":{"rendered":"T\u00c8CNIC SUPERIOR EN LABORATORI CL\u00cdNIC I BIOM\u00c8DIC"},"content":{"rendered":"<p>Aquests estudis capaciten per realitzar estudis anal\u00edtics de mostres biol\u00f2giques, seguint els protocols normalitzats de treball, aplicant les normes de qualitat, seguretat i mediambientals establertes, i valorant els resultats t\u00e8cnics, perqu\u00e8 serveixin com a suport a la prevenci\u00f3, al diagn\u00f2stic, al control de l&#8217;evoluci\u00f3 i al tractament de la malaltia, aix\u00ed com a la investigaci\u00f3, seguint els protocols establerts en la unitat assistencial.<\/p>\n<p>La durada \u00e9s de 2.000 hores (1.584 en un centre educatiu i 416 en un centre de treball) distribu\u00efdes en\u00a0<strong>dos cursos <\/strong>acad\u00e8mics.<\/p>\n<p><span style=\"text-decoration: underline;\"><strong>HORARI:<\/strong><\/span><\/p>\n<p>De dilluns a divendres de 15:15 a 21:35<\/p>\n<p><span style=\"text-decoration: underline;\"><b>M\u00d2DULS PROFESSIONALS<\/b><\/span><\/p>\n<p><b>M1<\/b>\u00a0 Gesti\u00f3 de mostres biol\u00f2giques.<\/p>\n<p><b>M2<\/b>\u00a0 T\u00e8cniques generals de laboratori.<\/p>\n<p><b>M3<\/b>\u00a0 Biologia molecular i citogen\u00e8tica.<\/p>\n<p><b>M4<\/b>\u00a0 An\u00e0lisis bioqu\u00edmics.<\/p>\n<p><b>M5<\/b>\u00a0 Microbiologia cl\u00ednica.<\/p>\n<p><b>M6<\/b>\u00a0 T\u00e8cniques hematol\u00f2giques.<\/p>\n<p><b>M7<\/b>\u00a0 T\u00e8cniques d\u2019immunodiagn\u00f2stic.<\/p>\n<p><b>M8 <\/b>\u00a0\u00a0Fisiopatologia general.<\/p>\n<p><b>M9<\/b>\u00a0 Formaci\u00f3 i orientaci\u00f3 laboral.<\/p>\n<p><b>M10<\/b>\u00a0 Empresa i iniciativa emprenedora.<\/p>\n<p><b>M11<\/b>\u00a0 Projecte de laboratori cl\u00ednic i biom\u00e8dic.<\/p>\n<p><b>M12<\/b>\u00a0 Formaci\u00f3 en centres de treball.<\/p>\n<p><span style=\"text-decoration: underline;\"><b>\u00c0MBIT PROFESSIONAL I DE TREBALL<\/b><\/span><\/p>\n<p>Els t\u00e8cnics superiors en laboratori cl\u00ednic i biom\u00e8dic exerceixen la seva activitat als Laboratoris de diagn\u00f2stic cl\u00ednic, Laboratoris d&#8217;investigaci\u00f3 i experimentaci\u00f3, Laboratoris de toxicologia, Delegats comercials de materials i productes de laboratori.<\/p>\n<p>Per m\u00e9s informaci\u00f3:\u00a0<a href=\"http:\/\/queestudiar.gencat.cat\/ca\/estudis\/fp\/cicles-families\/sanitat\/?p_id=2930&amp;estudi\">http:\/\/queestudiar.gencat.cat\/ca\/estudis\/fp\/cicles-families\/sanitat\/?p_id=2930&amp;estudi<\/a><\/p>\n<p>&nbsp;<\/p>\n<p>&nbsp;<\/p>\n<p>&nbsp;<\/p>\n<p>&nbsp;<\/p>\n<p>&nbsp;<\/p>\n","protected":false},"excerpt":{"rendered":"<p>Aquests estudis capaciten per realitzar estudis anal\u00edtics de mostres biol\u00f2giques, seguint els protocols normalitzats de treball, aplicant les normes de qualitat, seguretat i mediambientals establertes, i valorant els resultats t\u00e8cnics, perqu\u00e8 serveixin com a suport a la prevenci\u00f3, al diagn\u00f2stic, al control de l&#8217;evoluci\u00f3 i&hellip;  <a href=\"https:\/\/agora.xtec.cat\/ies-eugeni-dors\/tecnic-superior-en-laboratori-clinic-i-biomedic\/\" title=\"Read T\u00c8CNIC SUPERIOR EN LABORATORI CL\u00cdNIC I BIOM\u00c8DIC\">Llegeix m\u00e9s\u00bb<\/a><\/p>\n","protected":false},"author":1,"featured_media":0,"parent":0,"menu_order":0,"comment_status":"closed","ping_status":"closed","template":"","meta":{"_bbp_topic_count":0,"_bbp_reply_count":0,"_bbp_total_topic_count":0,"_bbp_total_reply_count":0,"_bbp_voice_count":0,"_bbp_anonymous_reply_count":0,"_bbp_topic_count_hidden":0,"_bbp_reply_count_hidden":0,"_bbp_forum_subforum_count":0,"footnotes":""},"class_list":["post-680","page","type-page","status-publish","hentry"],"post_mailing_queue_ids":[],"_links":{"self":[{"href":"https:\/\/agora.xtec.cat\/ies-eugeni-dors\/wp-json\/wp\/v2\/pages\/680","targetHints":{"allow":["GET"]}}],"collection":[{"href":"https:\/\/agora.xtec.cat\/ies-eugeni-dors\/wp-json\/wp\/v2\/pages"}],"about":[{"href":"https:\/\/agora.xtec.cat\/ies-eugeni-dors\/wp-json\/wp\/v2\/types\/page"}],"author":[{"embeddable":true,"href":"https:\/\/agora.xtec.cat\/ies-eugeni-dors\/wp-json\/wp\/v2\/users\/1"}],"replies":[{"embeddable":true,"href":"https:\/\/agora.xtec.cat\/ies-eugeni-dors\/wp-json\/wp\/v2\/comments?post=680"}],"version-history":[{"count":3,"href":"https:\/\/agora.xtec.cat\/ies-eugeni-dors\/wp-json\/wp\/v2\/pages\/680\/revisions"}],"predecessor-version":[{"id":695,"href":"https:\/\/agora.xtec.cat\/ies-eugeni-dors\/wp-json\/wp\/v2\/pages\/680\/revisions\/695"}],"wp:attachment":[{"href":"https:\/\/agora.xtec.cat\/ies-eugeni-dors\/wp-json\/wp\/v2\/media?parent=680"}],"curies":[{"name":"wp","href":"https:\/\/api.w.org\/{rel}","templated":true}]}}