{"id":678,"date":"2019-05-20T15:10:41","date_gmt":"2019-05-20T13:10:41","guid":{"rendered":"https:\/\/agora.xtec.cat\/ies-eugeni-dors\/?page_id=678"},"modified":"2024-09-02T19:24:57","modified_gmt":"2024-09-02T17:24:57","slug":"tecnic-superior-en-integracio-social","status":"publish","type":"page","link":"https:\/\/agora.xtec.cat\/ies-eugeni-dors\/tecnic-superior-en-integracio-social\/","title":{"rendered":"T\u00c8CNIC SUPERIOR EN INTEGRACI\u00d3 SOCIAL"},"content":{"rendered":"<p>Aquests estudis capaciten per programar, organitzar, implementar i avaluar les intervencions d&#8217;integraci\u00f3 social aplicant estrat\u00e8gies i t\u00e8cniques espec\u00edfiques, promovent la igualtat d&#8217;oportunitats, actuant en tot moment amb una actitud de respecte cap a les persones destinat\u00e0ries i garantint la creaci\u00f3 d&#8217;entorns segurs tant per a les persones destinat\u00e0ries com per al professional.<\/p>\n<p>La durada \u00e9s de 2.000 hores (1.617 en un centre educatiu i 383 en un centre de treball) distribu\u00efdes en\u00a0<strong>dos cursos\u00a0<\/strong>acad\u00e8mics.<\/p>\n<p><span style=\"text-decoration: underline;\"><strong>HORARI:<\/strong><\/span><\/p>\n<p>De dilluns a divendres de 15:15 a 21:35<\/p>\n<p><b>M\u00d2DULS PROFESSIONALS<\/b><\/p>\n<p><b>M1<\/b>\u00a0 Context de la intervenci\u00f3 social.<\/p>\n<p><b>M2<\/b> Metodologia de la intervenci\u00f3 social.<\/p>\n<p><b>M3<\/b>\u00a0 Promoci\u00f3 de l\u2019autonomia personal.<\/p>\n<p><b>M4<\/b>\u00a0 Inserci\u00f3 ocupacional.<\/p>\n<p><b>M5<\/b>\u00a0 Sistemes augmentatius i alternatius de la comunicaci\u00f3.<\/p>\n<p><b>M6<\/b>\u00a0 Atenci\u00f3 a les unitats de conviv\u00e8ncia.<\/p>\n<p><b>M7<\/b>\u00a0 Suport a la intervenci\u00f3 educativa.<\/p>\n<p><b>M8 <\/b>\u00a0\u00a0Mediaci\u00f3 comunit\u00e0ria.<\/p>\n<p><b>M9<\/b>\u00a0 Habilitats socials.<\/p>\n<p><b>M10<\/b>\u00a0 Primers auxilis.<\/p>\n<p><b>M11<\/b>\u00a0 Formaci\u00f3 i orientaci\u00f3 laboral.<\/p>\n<p><b>M12<\/b>\u00a0 Empresa i iniciativa emprenedora.<\/p>\n<p><b>M13<\/b> Projecte d\u2019integraci\u00f3 social.<\/p>\n<p><b>M14<\/b> Formaci\u00f3 en centres de treball.<\/p>\n<p><span style=\"text-decoration: underline;\"><b>\u00c0MBIT PROFESSIONAL I DE TREBALL<\/b><\/span><\/p>\n<p>Els t\u00e8cnics superiors en integraci\u00f3 exerceixen la seva activitat en Administracions, Centres d\u2019inserci\u00f3 ocupacional i professional. Programes de prevenci\u00f3 o inserci\u00f3 social, les ocupacions i llocs de treball m\u00e9s rellevants s\u00f3n els seg\u00fcents:<\/p>\n<ul>\n<li>Educador\/a de discapacitats (f\u00edsics, ps\u00edquics i sensorials)<\/li>\n<li>T\u00e8cnic\/a en programes d\u2019ajut a domicili.<\/li>\n<li>T\u00e8cnic\/a en programes de prevenci\u00f3 i inserci\u00f3 de persones en situaci\u00f3 de risc de marginaci\u00f3 social.<\/li>\n<li>T\u00e8cnic\/a en inserci\u00f3 ocupacional.<\/li>\n<\/ul>\n<p>Per m\u00e9s informaci\u00f3:\u00a0<a href=\"http:\/\/queestudiar.gencat.cat\/ca\/estudis\/fp\/cicles-families\/serv-socioculturals-comunitat\/?p_id=2055&amp;estudi\">http:\/\/queestudiar.gencat.cat\/ca\/estudis\/fp\/cicles-families\/serv-socioculturals-comunitat\/?p_id=2055&amp;estudi<\/a><\/p>\n<p>&nbsp;<\/p>\n<p>&nbsp;<\/p>\n<p>&nbsp;<\/p>\n<p>&nbsp;<\/p>\n<p>&nbsp;<\/p>\n","protected":false},"excerpt":{"rendered":"<p>Aquests estudis capaciten per programar, organitzar, implementar i avaluar les intervencions d&#8217;integraci\u00f3 social aplicant estrat\u00e8gies i t\u00e8cniques espec\u00edfiques, promovent la igualtat d&#8217;oportunitats, actuant en tot moment amb una actitud de respecte cap a les persones destinat\u00e0ries i garantint la creaci\u00f3 d&#8217;entorns segurs tant per a&hellip;  <a href=\"https:\/\/agora.xtec.cat\/ies-eugeni-dors\/tecnic-superior-en-integracio-social\/\" title=\"Read T\u00c8CNIC SUPERIOR EN INTEGRACI\u00d3 SOCIAL\">Llegeix m\u00e9s\u00bb<\/a><\/p>\n","protected":false},"author":1,"featured_media":0,"parent":0,"menu_order":0,"comment_status":"closed","ping_status":"closed","template":"","meta":{"_bbp_topic_count":0,"_bbp_reply_count":0,"_bbp_total_topic_count":0,"_bbp_total_reply_count":0,"_bbp_voice_count":0,"_bbp_anonymous_reply_count":0,"_bbp_topic_count_hidden":0,"_bbp_reply_count_hidden":0,"_bbp_forum_subforum_count":0,"footnotes":""},"class_list":["post-678","page","type-page","status-publish","hentry"],"post_mailing_queue_ids":[],"_links":{"self":[{"href":"https:\/\/agora.xtec.cat\/ies-eugeni-dors\/wp-json\/wp\/v2\/pages\/678","targetHints":{"allow":["GET"]}}],"collection":[{"href":"https:\/\/agora.xtec.cat\/ies-eugeni-dors\/wp-json\/wp\/v2\/pages"}],"about":[{"href":"https:\/\/agora.xtec.cat\/ies-eugeni-dors\/wp-json\/wp\/v2\/types\/page"}],"author":[{"embeddable":true,"href":"https:\/\/agora.xtec.cat\/ies-eugeni-dors\/wp-json\/wp\/v2\/users\/1"}],"replies":[{"embeddable":true,"href":"https:\/\/agora.xtec.cat\/ies-eugeni-dors\/wp-json\/wp\/v2\/comments?post=678"}],"version-history":[{"count":4,"href":"https:\/\/agora.xtec.cat\/ies-eugeni-dors\/wp-json\/wp\/v2\/pages\/678\/revisions"}],"predecessor-version":[{"id":2573,"href":"https:\/\/agora.xtec.cat\/ies-eugeni-dors\/wp-json\/wp\/v2\/pages\/678\/revisions\/2573"}],"wp:attachment":[{"href":"https:\/\/agora.xtec.cat\/ies-eugeni-dors\/wp-json\/wp\/v2\/media?parent=678"}],"curies":[{"name":"wp","href":"https:\/\/api.w.org\/{rel}","templated":true}]}}