{"id":676,"date":"2019-05-20T15:10:22","date_gmt":"2019-05-20T13:10:22","guid":{"rendered":"https:\/\/agora.xtec.cat\/ies-eugeni-dors\/?page_id=676"},"modified":"2019-05-21T10:31:23","modified_gmt":"2019-05-21T08:31:23","slug":"tecnic-superior-en-documentacio-i-administracio-sanitaria","status":"publish","type":"page","link":"https:\/\/agora.xtec.cat\/ies-eugeni-dors\/tecnic-superior-en-documentacio-i-administracio-sanitaria\/","title":{"rendered":"T\u00c8CNIC SUPERIOR EN DOCUMENTACI\u00d3 I ADMINISTRACI\u00d3 SANIT\u00c0RIA"},"content":{"rendered":"<p>Aquests estudis capaciten per definir i organitzar processos de tractament de la informaci\u00f3 i documentaci\u00f3 cl\u00ednica, extraient i registrant dades, codificant-les i validant la informaci\u00f3, garantint el compliment de la normativa, aix\u00ed com intervenir en els processos d&#8217;atenci\u00f3 i gesti\u00f3 de pacients i de gesti\u00f3 administrativa en centres sanitaris.<\/p>\n<p>La durada \u00e9s de 2.000 hores (1.584 en un centre educatiu i 416 en un centre de treball) distribu\u00efdes en\u00a0<strong>dos cursos<\/strong>acad\u00e8mics.<\/p>\n<p><span style=\"text-decoration: underline;\"><strong>HORARI:<\/strong><\/span><\/p>\n<p>De dilluns a divendres de 15:15 a 21:35<\/p>\n<p><span style=\"text-decoration: underline;\"><b>M\u00d2DULS PROFESSIONALS<\/b><\/span><\/p>\n<p><b>M1<\/b>\u00a0 Gesti\u00f3 de pacients.<\/p>\n<p><b>M2<\/b>\u00a0 Terminologia cl\u00ednica i patol\u00f2gica.<\/p>\n<p><b>M3<\/b>\u00a0 Extracci\u00f3 de diagn\u00f2stics i procediments<\/p>\n<p><b>M4<\/b>\u00a0 Arxiu i documentaci\u00f3 sanit\u00e0ria.<\/p>\n<p><b>M5<\/b>\u00a0 Sistemes d\u2019informaci\u00f3 i classificaci\u00f3 sanit\u00e0ria.<\/p>\n<p><b>M6<\/b>\u00a0 Ofim\u00e0tica.<\/p>\n<p><b>M7<\/b>\u00a0 Codificaci\u00f3 sanit\u00e0ria.<\/p>\n<p><b>M8 <\/b>Atenci\u00f3 psicosocial al pacient\/usuari.<\/p>\n<p><b>M9<\/b> Validaci\u00f3 i explotaci\u00f3 de dades.<\/p>\n<p><b>M10<\/b> Gesti\u00f3 administrativa sanit\u00e0ria.<\/p>\n<p><b>M11<\/b> Formaci\u00f3 i orientaci\u00f3 laboral.<\/p>\n<p><b>M12<\/b>\u00a0 Empresa i iniciativa emprenedora.<\/p>\n<p><b>M13<\/b> Angl\u00e8s T\u00e8cnic.<\/p>\n<p><b>M14<\/b> Formaci\u00f3 en centres de treball.<\/p>\n<p><span style=\"text-decoration: underline;\"><b>\u00c0MBIT PROFESSIONAL I DE TREBALL<\/b><\/span><\/p>\n<p>Els t\u00e8cnics superiors en documentaci\u00f3 sanit\u00e0ria exerceixen la seva activitat als Serveis d\u2019atenci\u00f3 prim\u00e0ria i comunit\u00e0ria, Serveis d\u2019administracions de centres hospitalaris, Arxius i unitats de salut p\u00fablica, Unitats d\u2019avaluaci\u00f3 i control de qualitat de la prestaci\u00f3 sanit\u00e0ria. Les ocupacions i llocs de treball m\u00e9s rellevants s\u00f3n els seg\u00fcents:<\/p>\n<ul>\n<li>T\u00e8cnic\/a en documentaci\u00f3 sanit\u00e0ria.<\/li>\n<li>T\u00e8cnic\/a en codificaci\u00f3.<\/li>\n<li>Cap d\u2019arxius en centres sanitaris.<\/li>\n<li>Ajudant en equip d\u2019investigaci\u00f3 biom\u00e8dica.<\/li>\n<li>Secretari\/a de serveis sanitaris.<\/li>\n<\/ul>\n<p>Per m\u00e9s informaci\u00f3: <a href=\"http:\/\/queestudiar.gencat.cat\/ca\/estudis\/fp\/cicles-families\/sanitat\/?p_id=2951&amp;estudi\">http:\/\/queestudiar.gencat.cat\/ca\/estudis\/fp\/cicles-families\/sanitat\/?p_id=2951&amp;estudi<\/a><\/p>\n<p>&nbsp;<\/p>\n<p>&nbsp;<\/p>\n<p>&nbsp;<\/p>\n<p>&nbsp;<\/p>\n<p>&nbsp;<\/p>\n","protected":false},"excerpt":{"rendered":"<p>Aquests estudis capaciten per definir i organitzar processos de tractament de la informaci\u00f3 i documentaci\u00f3 cl\u00ednica, extraient i registrant dades, codificant-les i validant la informaci\u00f3, garantint el compliment de la normativa, aix\u00ed com intervenir en els processos d&#8217;atenci\u00f3 i gesti\u00f3 de pacients i de gesti\u00f3&hellip;  <a href=\"https:\/\/agora.xtec.cat\/ies-eugeni-dors\/tecnic-superior-en-documentacio-i-administracio-sanitaria\/\" title=\"Read T\u00c8CNIC SUPERIOR EN DOCUMENTACI\u00d3 I ADMINISTRACI\u00d3 SANIT\u00c0RIA\">Llegeix m\u00e9s\u00bb<\/a><\/p>\n","protected":false},"author":1,"featured_media":0,"parent":0,"menu_order":0,"comment_status":"closed","ping_status":"closed","template":"","meta":{"_bbp_topic_count":0,"_bbp_reply_count":0,"_bbp_total_topic_count":0,"_bbp_total_reply_count":0,"_bbp_voice_count":0,"_bbp_anonymous_reply_count":0,"_bbp_topic_count_hidden":0,"_bbp_reply_count_hidden":0,"_bbp_forum_subforum_count":0,"footnotes":""},"class_list":["post-676","page","type-page","status-publish","hentry"],"post_mailing_queue_ids":[],"_links":{"self":[{"href":"https:\/\/agora.xtec.cat\/ies-eugeni-dors\/wp-json\/wp\/v2\/pages\/676","targetHints":{"allow":["GET"]}}],"collection":[{"href":"https:\/\/agora.xtec.cat\/ies-eugeni-dors\/wp-json\/wp\/v2\/pages"}],"about":[{"href":"https:\/\/agora.xtec.cat\/ies-eugeni-dors\/wp-json\/wp\/v2\/types\/page"}],"author":[{"embeddable":true,"href":"https:\/\/agora.xtec.cat\/ies-eugeni-dors\/wp-json\/wp\/v2\/users\/1"}],"replies":[{"embeddable":true,"href":"https:\/\/agora.xtec.cat\/ies-eugeni-dors\/wp-json\/wp\/v2\/comments?post=676"}],"version-history":[{"count":2,"href":"https:\/\/agora.xtec.cat\/ies-eugeni-dors\/wp-json\/wp\/v2\/pages\/676\/revisions"}],"predecessor-version":[{"id":692,"href":"https:\/\/agora.xtec.cat\/ies-eugeni-dors\/wp-json\/wp\/v2\/pages\/676\/revisions\/692"}],"wp:attachment":[{"href":"https:\/\/agora.xtec.cat\/ies-eugeni-dors\/wp-json\/wp\/v2\/media?parent=676"}],"curies":[{"name":"wp","href":"https:\/\/api.w.org\/{rel}","templated":true}]}}