{"id":670,"date":"2019-05-20T14:43:58","date_gmt":"2019-05-20T12:43:58","guid":{"rendered":"https:\/\/agora.xtec.cat\/ies-eugeni-dors\/?page_id=670"},"modified":"2019-05-21T09:47:06","modified_gmt":"2019-05-21T07:47:06","slug":"tecnic-en-farmacia-i-parafarmacia","status":"publish","type":"page","link":"https:\/\/agora.xtec.cat\/ies-eugeni-dors\/tecnic-en-farmacia-i-parafarmacia\/","title":{"rendered":"T\u00c8CNIC EN FARM\u00c0CIA I PARAFARM\u00c0CIA"},"content":{"rendered":"<p>Aquests estudis postobligatoris capaciten per ajudar a elaborar i distribuir productes farmac\u00e8utics i afins; vendre productes parafarmac\u00e8utics i portar a terme tasques administratives i de control de magatzem.<\/p>\n<p>Tenen una durada de 2.000 hores (aproximadament 1.650 hores lectives en un centre educatiu i 350 hores de pr\u00e0ctiques en un centre de treball) distribu\u00efdes en <strong>dos cursos<\/strong>\u00a0acad\u00e8mics.<\/p>\n<p><span style=\"text-decoration: underline;\"><strong>HORARI<\/strong>:<\/span><\/p>\n<p>De 8:30 a 15:00 h.<\/p>\n<p><span style=\"text-decoration: underline;\"><b>M\u00d2DULS PROFESSIONALS<\/b><\/span><\/p>\n<p><b>M1<\/b> Oficina de Farm\u00e0cia.<\/p>\n<p><b>M2<\/b> Dispensaci\u00f3 de productes farmac\u00e8utics.<\/p>\n<p><b>M3<\/b> Dispensaci\u00f3 de productes para-farmac\u00e8utics.<\/p>\n<p><b>M4<\/b> Formulaci\u00f3 magistral.<\/p>\n<p><b>M5 <\/b>Promoci\u00f3 de la salut.<\/p>\n<p><b>M6 <\/b>Dispensaci\u00f3 i venda de productes.<\/p>\n<p><b>M7<\/b> Operacions b\u00e0siques de laboratori.<\/p>\n<p><b>M8<\/b> Primers auxilis<\/p>\n<p><b>M9<\/b> Anatomofisiologia i patologia b\u00e0siques.<\/p>\n<p><b style=\"font-family: inherit; font-size: 1em;\">M10<\/b><span style=\"font-family: inherit; font-size: 1em;\"> Formaci\u00f3\u00a0 i orientaci\u00f3 laboral.<\/span><\/p>\n<p><b>M11<\/b> Empresa i iniciativa emprenedora<\/p>\n<p><b>M12 <\/b>Angl\u00e8s t\u00e8cnic.<\/p>\n<p><b>M13 <\/b>Formaci\u00f3 en centres de treball.<\/p>\n<p><span style=\"text-decoration: underline;\"><strong>\u00c0MBIT PROFESSIONAL I DE TREBALL<\/strong><\/span><\/p>\n<p>Els t\u00e8cnics en farm\u00e0cia i parafarm\u00e0cia exerceixen la seva activitat en establiments de venda de productes farmac\u00e8utics i productes relacionats amb la salut humana o animal, aix\u00ed com la cosm\u00e8tica, la fototer\u00e0pia i d\u2019altres..<\/p>\n<p>De la mateixa manera pot exercir la seva activitat en laboratoris d&#8217;elaboraci\u00f3 de productes farmac\u00e8utics i afins. Les ocupacions i llocs de treball m\u00e9s rellevants s\u00f3n els seg\u00fcents:<\/p>\n<ul>\n<li>T\u00e8cnic\/a en Farm\u00e0cia.<\/li>\n<li>T\u00e8cnic\/a Auxiliar de Farm\u00e0cia.<\/li>\n<li>T\u00e8cnic\/a de magatzem de medicaments.<\/li>\n<li>T\u00e8cnic\/a en Farm\u00e0cia Hospital\u00e0ria.<\/li>\n<\/ul>\n<p>Per m\u00e9s informaci\u00f3:\u00a0<a href=\"http:\/\/queestudiar.gencat.cat\/ca\/estudis\/fp\/cicles-families\/sanitat\/?p_id=111&amp;estudi\">http:\/\/queestudiar.gencat.cat\/ca\/estudis\/fp\/cicles-families\/sanitat\/?p_id=111&amp;estudi<\/a><\/p>\n","protected":false},"excerpt":{"rendered":"<p>Aquests estudis postobligatoris capaciten per ajudar a elaborar i distribuir productes farmac\u00e8utics i afins; vendre productes parafarmac\u00e8utics i portar a terme tasques administratives i de control de magatzem.<br \/>\nTenen una durada de 2.000 hores (aproximadament 1.650 hores lectives en un centre educatiu i 350 hores de&hellip;  <a href=\"https:\/\/agora.xtec.cat\/ies-eugeni-dors\/tecnic-en-farmacia-i-parafarmacia\/\" title=\"Read T\u00c8CNIC EN FARM\u00c0CIA I PARAFARM\u00c0CIA\">Llegeix m\u00e9s\u00bb<\/a><\/p>\n","protected":false},"author":1,"featured_media":0,"parent":0,"menu_order":0,"comment_status":"closed","ping_status":"closed","template":"","meta":{"_bbp_topic_count":0,"_bbp_reply_count":0,"_bbp_total_topic_count":0,"_bbp_total_reply_count":0,"_bbp_voice_count":0,"_bbp_anonymous_reply_count":0,"_bbp_topic_count_hidden":0,"_bbp_reply_count_hidden":0,"_bbp_forum_subforum_count":0,"footnotes":""},"class_list":["post-670","page","type-page","status-publish","hentry"],"post_mailing_queue_ids":[],"_links":{"self":[{"href":"https:\/\/agora.xtec.cat\/ies-eugeni-dors\/wp-json\/wp\/v2\/pages\/670","targetHints":{"allow":["GET"]}}],"collection":[{"href":"https:\/\/agora.xtec.cat\/ies-eugeni-dors\/wp-json\/wp\/v2\/pages"}],"about":[{"href":"https:\/\/agora.xtec.cat\/ies-eugeni-dors\/wp-json\/wp\/v2\/types\/page"}],"author":[{"embeddable":true,"href":"https:\/\/agora.xtec.cat\/ies-eugeni-dors\/wp-json\/wp\/v2\/users\/1"}],"replies":[{"embeddable":true,"href":"https:\/\/agora.xtec.cat\/ies-eugeni-dors\/wp-json\/wp\/v2\/comments?post=670"}],"version-history":[{"count":3,"href":"https:\/\/agora.xtec.cat\/ies-eugeni-dors\/wp-json\/wp\/v2\/pages\/670\/revisions"}],"predecessor-version":[{"id":687,"href":"https:\/\/agora.xtec.cat\/ies-eugeni-dors\/wp-json\/wp\/v2\/pages\/670\/revisions\/687"}],"wp:attachment":[{"href":"https:\/\/agora.xtec.cat\/ies-eugeni-dors\/wp-json\/wp\/v2\/media?parent=670"}],"curies":[{"name":"wp","href":"https:\/\/api.w.org\/{rel}","templated":true}]}}