{"id":668,"date":"2019-05-20T14:43:34","date_gmt":"2019-05-20T12:43:34","guid":{"rendered":"https:\/\/agora.xtec.cat\/ies-eugeni-dors\/?page_id=668"},"modified":"2023-07-18T16:09:26","modified_gmt":"2023-07-18T14:09:26","slug":"tecnic-en-atencio-a-persones-en-situacio-de-dependencia","status":"publish","type":"page","link":"https:\/\/agora.xtec.cat\/ies-eugeni-dors\/tecnic-en-atencio-a-persones-en-situacio-de-dependencia\/","title":{"rendered":"T\u00c8CNIC EN ATENCI\u00d3 A PERSONES EN SITUACI\u00d3 DE DEPEND\u00c8NCIA"},"content":{"rendered":"<p>Aquests estudis capaciten per atendre les persones en situaci\u00f3 de depend\u00e8ncia, en l&#8217;\u00e0mbit domiciliari i institucional, a fi de mantenir i millorar la seva qualitat de vida, fent activitats assistencials, no sanit\u00e0ries, psicosocials i de suport a la gesti\u00f3 dom\u00e8stica, i aplicant mesures i normes de prevenci\u00f3 i seguretat i derivant-les a altres serveis quan calgui.<\/p>\n<p>Tenen una durada de 2.000 hores (1.617 en un centre educatiu i\u00a0383 en un centre de treball) distribu\u00efdes en\u00a0<strong>dos cursos<\/strong> acad\u00e8mics.<\/p>\n<p><span style=\"text-decoration: underline;\"><strong>HORARI:<\/strong><\/span><\/p>\n<p>De 8:30 a 15:00 h.<\/p>\n<p><span style=\"text-decoration: underline;\"><b>M\u00d2DULS\u00a0 PROFESSIONALS<\/b><\/span><\/p>\n<p><b>M1<\/b> Organitzaci\u00f3 de l\u2019atenci\u00f3 a les persones en situaci\u00f3 de depend\u00e8ncia.<\/p>\n<p><b>M2<\/b> Atenci\u00f3 sanit\u00e0ria.<\/p>\n<p><b>M3<\/b> Atenci\u00f3 higi\u00e8nica.<\/p>\n<p><b>M4<\/b> Atenci\u00f3 i suport psicosocial.<\/p>\n<p><b>M5 <\/b>Caracter\u00edstiques i necessitats de les persones en situaci\u00f3 de depend\u00e8ncia.<\/p>\n<p><b>M6<\/b> Teleassist\u00e8ncia.<\/p>\n<p><b>M7<\/b> Suport domiciliari.<\/p>\n<p><b>M8 <\/b>Suport en la comunicaci\u00f3.<\/p>\n<p><b>M9<\/b> Destreses socials.<\/p>\n<p><b>M10<\/b> Primers auxilis.<\/p>\n<p><b>M11<\/b> Formaci\u00f3 i orientaci\u00f3 laboral.<\/p>\n<p><b>M12<\/b> Empresa i iniciativa emprenedora.<\/p>\n<p><b>M13 <\/b>Angl\u00e8s t\u00e8cnic.<\/p>\n<p><b>M14 <\/b>S\u00edntesis.<\/p>\n<p><b>M15<\/b> Formaci\u00f3 en centres de treball.<\/p>\n<p><span style=\"text-decoration: underline;\"><b>\u00c0MBIT PROFESSIONAL I DE TREBALL<\/b><\/span><\/p>\n<p>Els t\u00e8cnics en atenci\u00f3 a les persones en situaci\u00f3 de depend\u00e8ncia exerceixen la seva activitat en el sector de Serveis a les Persones: assistencial, psicosocials i de recolzament a la gesti\u00f3 dom\u00e8stica. Les ocupacions i llocs de treball m\u00e9s rellevants s\u00f3n els seg\u00fcents:<\/p>\n<ul>\n<li>Cuidador\/a de persones en situaci\u00f3 de depend\u00e8ncia en institucions i\/o domicilis.<\/li>\n<li>Cuidador\/a en centres d\u2019atenci\u00f3 psiqui\u00e0trica.<\/li>\n<li>Gerocultor\/a.<\/li>\n<li>Auxiliar responsable de planta de resid\u00e8ncies de persones grans i persones amb discapacitat.<\/li>\n<li>Assistent d\u2019atenci\u00f3 domiciliaria.<\/li>\n<li>Treballador familiar.<\/li>\n<li>Auxiliar d\u2019educaci\u00f3 especial.<\/li>\n<li>Teleoperador\/a de teleassist\u00e8ncia.<\/li>\n<\/ul>\n<p><b>Per m\u00e9s informaci\u00f3:\u00a0<\/b><a href=\"http:\/\/queestudiar.gencat.cat\/ca\/estudis\/fp\/cicles-families\/serv-socioculturals-comunitat\/?p_id=1570&amp;estudi\">http:\/\/queestudiar.gencat.cat\/ca\/estudis\/fp\/cicles-families\/serv-socioculturals-comunitat\/?p_id=1570&amp;estudi<\/a><\/p>\n<p><strong>LLIBRES CFGM APSD<\/strong><\/p>\n<p><a href=\"https:\/\/drive.google.com\/file\/d\/186OzPQLWoo76OwyuzGdlbZq7UqpuJMys\/view?usp=sharing\">Llistat de llibres<\/a><\/p>\n<p>&nbsp;<\/p>\n<p>&nbsp;<\/p>\n<p>&nbsp;<\/p>\n<p>&nbsp;<\/p>\n","protected":false},"excerpt":{"rendered":"<p>Aquests estudis capaciten per atendre les persones en situaci\u00f3 de depend\u00e8ncia, en l&#8217;\u00e0mbit domiciliari i institucional, a fi de mantenir i millorar la seva qualitat de vida, fent activitats assistencials, no sanit\u00e0ries, psicosocials i de suport a la gesti\u00f3 dom\u00e8stica, i aplicant mesures i normes&hellip;  <a href=\"https:\/\/agora.xtec.cat\/ies-eugeni-dors\/tecnic-en-atencio-a-persones-en-situacio-de-dependencia\/\" title=\"Read T\u00c8CNIC EN ATENCI\u00d3 A PERSONES EN SITUACI\u00d3 DE DEPEND\u00c8NCIA\">Llegeix m\u00e9s\u00bb<\/a><\/p>\n","protected":false},"author":1,"featured_media":0,"parent":0,"menu_order":0,"comment_status":"closed","ping_status":"closed","template":"","meta":{"_bbp_topic_count":0,"_bbp_reply_count":0,"_bbp_total_topic_count":0,"_bbp_total_reply_count":0,"_bbp_voice_count":0,"_bbp_anonymous_reply_count":0,"_bbp_topic_count_hidden":0,"_bbp_reply_count_hidden":0,"_bbp_forum_subforum_count":0,"footnotes":""},"class_list":["post-668","page","type-page","status-publish","hentry"],"post_mailing_queue_ids":[],"_links":{"self":[{"href":"https:\/\/agora.xtec.cat\/ies-eugeni-dors\/wp-json\/wp\/v2\/pages\/668","targetHints":{"allow":["GET"]}}],"collection":[{"href":"https:\/\/agora.xtec.cat\/ies-eugeni-dors\/wp-json\/wp\/v2\/pages"}],"about":[{"href":"https:\/\/agora.xtec.cat\/ies-eugeni-dors\/wp-json\/wp\/v2\/types\/page"}],"author":[{"embeddable":true,"href":"https:\/\/agora.xtec.cat\/ies-eugeni-dors\/wp-json\/wp\/v2\/users\/1"}],"replies":[{"embeddable":true,"href":"https:\/\/agora.xtec.cat\/ies-eugeni-dors\/wp-json\/wp\/v2\/comments?post=668"}],"version-history":[{"count":4,"href":"https:\/\/agora.xtec.cat\/ies-eugeni-dors\/wp-json\/wp\/v2\/pages\/668\/revisions"}],"predecessor-version":[{"id":2402,"href":"https:\/\/agora.xtec.cat\/ies-eugeni-dors\/wp-json\/wp\/v2\/pages\/668\/revisions\/2402"}],"wp:attachment":[{"href":"https:\/\/agora.xtec.cat\/ies-eugeni-dors\/wp-json\/wp\/v2\/media?parent=668"}],"curies":[{"name":"wp","href":"https:\/\/api.w.org\/{rel}","templated":true}]}}