{"id":563,"date":"2019-05-03T09:57:04","date_gmt":"2019-05-03T07:57:04","guid":{"rendered":"https:\/\/agora.xtec.cat\/ies-eugeni-dors\/?page_id=563"},"modified":"2019-05-03T09:57:04","modified_gmt":"2019-05-03T07:57:04","slug":"consergeria","status":"publish","type":"page","link":"https:\/\/agora.xtec.cat\/ies-eugeni-dors\/linstitut\/consergeria\/","title":{"rendered":"Consergeria"},"content":{"rendered":"<p>La consergeria del centre \u00e9s oberta de 8.30 a 21.35 de dilluns a dijous i divendres de 8.30 a 20.35. Est\u00e0 atesa per:<\/p>\n<ul>\n<li>Sr. Pedro Cort\u00e9s: Horari mat\u00ed<\/li>\n<li>Sra. Eli Herrera: Horari mat\u00ed<\/li>\n<li>Sr. Josep Barrancos: Horari tarda<\/li>\n<\/ul>\n<p>Tamb\u00e9 hi ha un servei de reprografia (fotoc\u00f2pies a 10 c\u00e8ntims en blanc i negre, 20 c\u00e8ntims en color i enquadernacions a 1\u20ac).<\/p>\n","protected":false},"excerpt":{"rendered":"<p>La consergeria del centre \u00e9s oberta de 8.30 a 21.35 de dilluns a dijous i divendres de 8.30 a 20.35. Est\u00e0 atesa per:<\/p>\n<ul>\n<li>Sr. Pedro Cort\u00e9s: Horari mat\u00ed<\/li>\n<li>Sra. Eli Herrera: Horari mat\u00ed<\/li>\n<li>Sr. Josep Barrancos: Horari tarda<\/li>\n<\/ul>\n<p>Tamb\u00e9 hi ha un servei de reprografia (fotoc\u00f2pies a 10 c\u00e8ntims&hellip;  <a href=\"https:\/\/agora.xtec.cat\/ies-eugeni-dors\/linstitut\/consergeria\/\" title=\"Read Consergeria\">Llegeix m\u00e9s\u00bb<\/a><\/p>\n","protected":false},"author":1,"featured_media":0,"parent":19,"menu_order":0,"comment_status":"closed","ping_status":"closed","template":"page-templates\/side-menu.php","meta":{"_bbp_topic_count":0,"_bbp_reply_count":0,"_bbp_total_topic_count":0,"_bbp_total_reply_count":0,"_bbp_voice_count":0,"_bbp_anonymous_reply_count":0,"_bbp_topic_count_hidden":0,"_bbp_reply_count_hidden":0,"_bbp_forum_subforum_count":0,"footnotes":""},"class_list":["post-563","page","type-page","status-publish","hentry"],"post_mailing_queue_ids":[],"_links":{"self":[{"href":"https:\/\/agora.xtec.cat\/ies-eugeni-dors\/wp-json\/wp\/v2\/pages\/563","targetHints":{"allow":["GET"]}}],"collection":[{"href":"https:\/\/agora.xtec.cat\/ies-eugeni-dors\/wp-json\/wp\/v2\/pages"}],"about":[{"href":"https:\/\/agora.xtec.cat\/ies-eugeni-dors\/wp-json\/wp\/v2\/types\/page"}],"author":[{"embeddable":true,"href":"https:\/\/agora.xtec.cat\/ies-eugeni-dors\/wp-json\/wp\/v2\/users\/1"}],"replies":[{"embeddable":true,"href":"https:\/\/agora.xtec.cat\/ies-eugeni-dors\/wp-json\/wp\/v2\/comments?post=563"}],"version-history":[{"count":1,"href":"https:\/\/agora.xtec.cat\/ies-eugeni-dors\/wp-json\/wp\/v2\/pages\/563\/revisions"}],"predecessor-version":[{"id":564,"href":"https:\/\/agora.xtec.cat\/ies-eugeni-dors\/wp-json\/wp\/v2\/pages\/563\/revisions\/564"}],"up":[{"embeddable":true,"href":"https:\/\/agora.xtec.cat\/ies-eugeni-dors\/wp-json\/wp\/v2\/pages\/19"}],"wp:attachment":[{"href":"https:\/\/agora.xtec.cat\/ies-eugeni-dors\/wp-json\/wp\/v2\/media?parent=563"}],"curies":[{"name":"wp","href":"https:\/\/api.w.org\/{rel}","templated":true}]}}