{"id":491,"date":"2019-04-30T12:09:05","date_gmt":"2019-04-30T10:09:05","guid":{"rendered":"https:\/\/agora.xtec.cat\/ies-eugeni-dors\/?page_id=491"},"modified":"2026-04-20T14:26:30","modified_gmt":"2026-04-20T12:26:30","slug":"actualitat","status":"publish","type":"page","link":"https:\/\/agora.xtec.cat\/ies-eugeni-dors\/","title":{"rendered":"."},"content":{"rendered":"<p><img loading=\"lazy\" decoding=\"async\" class=\" wp-image-2706 alignleft\" src=\"https:\/\/agora.xtec.cat\/ies-eugeni-dors\/wp-content\/uploads\/usu222\/2025\/05\/Next-Generation-1024x224.jpg\" alt=\"\" width=\"887\" height=\"194\" srcset=\"https:\/\/agora.xtec.cat\/ies-eugeni-dors\/wp-content\/uploads\/usu222\/2025\/05\/Next-Generation-1024x224.jpg 1024w, https:\/\/agora.xtec.cat\/ies-eugeni-dors\/wp-content\/uploads\/usu222\/2025\/05\/Next-Generation-300x66.jpg 300w, https:\/\/agora.xtec.cat\/ies-eugeni-dors\/wp-content\/uploads\/usu222\/2025\/05\/Next-Generation-768x168.jpg 768w, https:\/\/agora.xtec.cat\/ies-eugeni-dors\/wp-content\/uploads\/usu222\/2025\/05\/Next-Generation.jpg 1438w\" sizes=\"auto, (max-width: 887px) 100vw, 887px\" \/><\/p>\n<h3><\/h3>\n<p>&nbsp;<\/p>\n<h3><b><span style=\"text-decoration: underline;\">Jornada de PORTES OBERTES<\/span><\/b><\/h3>\n<div><\/div>\n<ul>\n<li><strong>PFI Cuina<\/strong>: 15 d&#8217;abril a les 11 h<\/li>\n<li><strong>PFI Sanitat<\/strong>: 15 d&#8217;abril a les 12 h<\/li>\n<li><b>Cicles grau mitj\u00e0 i superior (excepte teatre): <\/b>19 de maig a les 18 h<\/li>\n<li><b>Cicles grau superior de teatre: <\/b>6 de maig a les 18 h<\/li>\n<\/ul>\n<p>&nbsp;<\/p>\n<h3><span style=\"text-decoration: underline;\"><strong>Dates de PREINSCRIPCI\u00d3<\/strong><\/span><\/h3>\n<ul>\n<li><strong>Educaci\u00f3 Secund\u00e0ria Obligat\u00f2ria (ESO)<\/strong>: del 6 al 18 de mar\u00e7 de 2026<\/li>\n<li><strong>Batxillerat<\/strong>: del 9 al 16 d&#8217;abril de 2026<\/li>\n<li><b>Programes de formaci\u00f3 i inserci\u00f3 (PFI)<\/b>: del 04 al 13 de maig de 2026<\/li>\n<li><b>Cicles de formaci\u00f3 professional de grau mitj\u00e0 i grau superior<\/b>: del 26 de maig a l&#8217;1 de juny de 2026<\/li>\n<\/ul>\n<p>Amplia la informaci\u00f3 sobre com tramitar la preinscripci\u00f3 al seg\u00fcent enlla\u00e7:<\/p>\n<p><a href=\"https:\/\/agora.xtec.cat\/ies-eugeni-dors\/wp-content\/uploads\/usu222\/2026\/04\/informacio-preinscripcio-PFI.pdf\">Informaci\u00f3 preinscripci\u00f3 PFI<\/a><\/p>\n<p>&nbsp;<\/p>\n<h4><strong><span style=\"text-decoration: underline;\">DOCENTLABPFI_ONLINE: connexi\u00f3, col\u00b7laboraci\u00f3 i creixement docent<\/span><\/strong><\/h4>\n<div class=\"gmail_default\">\n<p dir=\"ltr\">Durant el curs 2025-2026, l\u2019Institut Eugeni d\u2019Ors de Badalona ha impulsat el projecte <strong>DOCENTLABPFI_ONLINE<\/strong> \u2013 <strong>Barcelon\u00e8s<\/strong>, una iniciativa innovadora adre\u00e7ada al professorat dels <strong>Programes de Formaci\u00f3 i Inserci\u00f3 (PFI) de la Xarxa PFI-2<\/strong>.<\/p>\n<p dir=\"ltr\">El projecte neix amb la voluntat de crear un espai virtual de trobada i intercanvi entre docents, amb l\u2019objectiu de compartir experi\u00e8ncies, detectar necessitats formatives i generar propostes de millora que reforcin la pr\u00e0ctica educativa i la cohesi\u00f3 de la xarxa.<\/p>\n<p dir=\"ltr\">Al llarg del curs, s\u2019han desenvolupat diferents accions: des de la recollida d\u2019interessos del professorat fins a la creaci\u00f3 d\u2019un <a href=\"https:\/\/sites.google.com\/xtec.cat\/docentlabpfionline\/p%C3%A0gina-principal\" target=\"_blank\" rel=\"noopener\" data-saferedirecturl=\"https:\/\/www.google.com\/url?q=https:\/\/sites.google.com\/xtec.cat\/docentlabpfionline\/p%25C3%25A0gina-principal&amp;source=gmail&amp;ust=1776178055700000&amp;usg=AOvVaw0JSHNpTdz049r1WyJBSMKs\">entorn web col\u00b7laboratiu<\/a> i l\u2019organitzaci\u00f3 d\u2019una sessi\u00f3 online amb din\u00e0miques cooperatives. Aquest espai ha perm\u00e8s treballar per \u00e0mbits professionals, afavorint el debat i l\u2019intercanvi de bones pr\u00e0ctiques entre especialitats com restauraci\u00f3, cuina i l\u2019\u00e0mbit sanitari.<\/p>\n<p dir=\"ltr\">El projecte culmina amb l\u2019elaboraci\u00f3 i difusi\u00f3 d\u2019un recull de conclusions i experi\u00e8ncies compartides, que esdev\u00e9 un recurs \u00fatil per a tota la comunitat PFI.<\/p>\n<p dir=\"ltr\">DOCENTLABPFI_ONLINE \u00e9s, en definitiva, una aposta per la innovaci\u00f3, el treball en xarxa i la millora cont\u00ednua de la tasca docent.<\/p>\n<\/div>\n<p><span style=\"color: #888888;\">\u00a0<\/span><\/p>\n<h3><span style=\"text-decoration: underline;\"><strong>Premis ensenyament de la Fundaci\u00f3 Cercle d&#8217;Economia<\/strong><\/span><\/h3>\n<p>Els\u00a0<b>Premis Ensenyament de la Fundaci\u00f3 Cercle d\u2019Economia<\/b>\u00a0reconeixen i donen suport a projectes innovadors. Busquen impulsar la millora cont\u00ednua de la qualitat i l\u2019excel\u00b7l\u00e8ncia educativa a Catalunya. Valoren iniciatives que fomenten la generaci\u00f3 de talent i l\u2019impacte social positiu.<\/p>\n<p>L\u2019<b>Institut Eugeni d\u2019Ors<\/b>\u00a0s\u2019ha presentat enguany a aquest prestigi\u00f3s certamen. Ho fa amb un projecte de donaci\u00f3 de sang que subratlla el comprom\u00eds amb la comunitat. Creuem els dits pel nostre projecte, que promou valors de solidaritat i salut p\u00fablica.<\/p>\n<p>A continuaci\u00f3 us presentem:<\/p>\n<ul>\n<li><a href=\"https:\/\/drive.google.com\/file\/d\/1TUrIk-MeQKZvXYqBVDqzxQkjFgJH54km\/view?usp=sharing\">La mem\u00f2ria del projecte \u2013 La meva sang, la teva vida.<\/a><\/li>\n<li><a href=\"https:\/\/drive.google.com\/file\/d\/1d3TM_JdPqQfJ8O9Em6GzZJRHNtVuMk5D\/view?usp=sharing\">Resum del projecte<\/a><\/li>\n<li><a href=\"https:\/\/drive.google.com\/file\/d\/1-vr8U9p7gwEONqPo8aYQdzl_VkYPi4t9\/view?usp=sharing\">V\u00eddeo<\/a><\/li>\n<li><a href=\"https:\/\/drive.google.com\/file\/d\/15x0NTROIpu7cN2HLe_o0t-nwj5hQeytl\/view?usp=sharing\">Certificaci\u00f3 del projecte<\/a><\/li>\n<\/ul>\n<p>&nbsp;<\/p>\n<h1 class=\"style-scope ytd-watch-metadata\">Ex\u00e0mens de compleci\u00f3 d&#8217;FP del 13 al 17 d&#8217;abril<\/h1>\n<p>Podeu consultar i descarregar el calendari de les proves de compleci\u00f3 de formaci\u00f3 professional en el seg\u00fcent enlla\u00e7:<\/p>\n<p><a href=\"https:\/\/agora.xtec.cat\/ies-eugeni-dors\/wp-content\/uploads\/usu222\/2026\/04\/HORARIS-EXAMENS-DE-COMPLECIO-DEL-13-AL-17-DABRIL-2.pdf\">HORARIS EXAMENS DE COMPLECI\u00d3 DEL 13 AL 17 D&#8217;ABRIL (2)<\/a><\/p>\n<p>&nbsp;<\/p>\n<h1 class=\"style-scope ytd-watch-metadata\">PFI Auxiliar de serveis de restauraci\u00f3 i cuina<\/h1>\n<table style=\"border-collapse: collapse; width: 100%;\">\n<tbody>\n<tr>\n<td style=\"width: 100%; text-align: center;\"><iframe loading=\"lazy\" title=\"YouTube video player\" src=\"https:\/\/www.youtube.com\/embed\/zAZ3lRocXnc?si=UuZU7KYxlBVaI2xN\" width=\"560\" height=\"315\" frameborder=\"0\" allowfullscreen=\"allowfullscreen\"><\/iframe><\/td>\n<\/tr>\n<tr>\n<td style=\"width: 100%;\"><span class=\"yt-core-attributed-string--link-inherit-color\" dir=\"auto\">El Programa de Formaci\u00f3 i Inserci\u00f3 (PFI) en la modalitat d\u2019Auxiliar de Serveis de Restauraci\u00f3 i Cuina ofereix una preparaci\u00f3 polivalent en el sector de l&#8217;hostaleria. A l&#8217;Institut Eugeni d&#8217;Ors, formem joves d&#8217;entre 16 i 21 anys perqu\u00e8 adquireixin les compet\u00e8ncies t\u00e8cniques necess\u00e0ries per treballar tant en la preparaci\u00f3 d&#8217;aliments com en l&#8217;atenci\u00f3 directa al client. En aquest v\u00eddeo us mostrem el dia a dia de la nostra formaci\u00f3, on l&#8217;alumnat apr\u00e8n a: <\/span><\/p>\n<ul class=\"yt-core-attributed-string__list-group\" dir=\"ltr\">\n<li><span class=\"yt-core-attributed-string--link-inherit-color\" dir=\"auto\">Elaboracions culin\u00e0ries: T\u00e8cniques de tall, cocci\u00f3 i presentaci\u00f3 de plats. <\/span><\/li>\n<li><span class=\"yt-core-attributed-string--link-inherit-color\" dir=\"auto\">Servei de sala i barra: Preparaci\u00f3 de begudes, muntatge de taules i protocol de servei. <\/span><\/li>\n<li><span class=\"yt-core-attributed-string--link-inherit-color\" dir=\"auto\">Seguretat i higiene: Aplicaci\u00f3 estricta de la normativa de seguretat aliment\u00e0ria. <\/span><\/li>\n<li><span class=\"yt-core-attributed-string--link-inherit-color\" dir=\"auto\">Pr\u00e0ctiques en empreses: El programa inclou un per\u00edode de pr\u00e0ctiques en establiments de restauraci\u00f3 de l&#8217;entorn, facilitant el salt al m\u00f3n laboral. <\/span><\/li>\n<\/ul>\n<p><span class=\"yt-core-attributed-string--link-inherit-color\" dir=\"auto\"> El cam\u00ed cap a la professionalitzaci\u00f3: Aquesta formaci\u00f3 permet no nom\u00e9s l&#8217;obtenci\u00f3 del certificat de professionalitat de nivell 1, sin\u00f3 que tamb\u00e9 facilita el cam\u00ed cap als Cicles Formatius de Grau Mitj\u00e0 (CFGM)<\/span><\/td>\n<\/tr>\n<\/tbody>\n<\/table>\n<h1 class=\"style-scope ytd-watch-metadata\">Eugeni d&#8217;Ors Through our eyes: The 2nd ESO Tour<\/h1>\n<table style=\"border-collapse: collapse; width: 100%;\">\n<tbody>\n<tr>\n<td style=\"width: 100%; text-align: center;\"><iframe loading=\"lazy\" title=\"YouTube video player\" src=\"https:\/\/www.youtube.com\/embed\/p2HAUiIV9PI?si=yLgf9AckVBzKN6F7\" width=\"560\" height=\"315\" frameborder=\"0\" allowfullscreen=\"allowfullscreen\"><\/iframe><\/td>\n<\/tr>\n<tr>\n<td style=\"width: 100%;\"><span class=\"yt-core-attributed-string yt-core-attributed-string--white-space-pre-wrap\" dir=\"auto\" role=\"text\"><span class=\"yt-core-attributed-string--link-inherit-color\" dir=\"auto\">Les nostres alumnes de 3r d&#8217;ESO ens conviden a con\u00e8ixer l&#8217;institut des d&#8217;una perspectiva diferent. Us presentem aquest Video-Tour en angl\u00e8s on ens mostren els espais i el dia a dia al centre. Don&#8217;t miss it!<\/span><\/span><\/td>\n<\/tr>\n<\/tbody>\n<\/table>\n<div class=\"style-scope ytd-watch-metadata\">\n<div id=\"merch-shelf\" class=\"style-scope ytd-structured-description-content-renderer\"><\/div>\n<\/div>\n","protected":false},"excerpt":{"rendered":"<p>&nbsp;<br \/>\nJornada de PORTES OBERTES<\/p>\n<ul>\n<li>PFI Cuina: 15 d&#8217;abril a les 11 h<\/li>\n<li>PFI Sanitat: 15 d&#8217;abril a les 12 h<\/li>\n<li>Cicles grau mitj\u00e0 i superior (excepte teatre): 19 de maig a les 18 h<\/li>\n<li>Cicles grau superior de teatre: 6 de maig a les 18 h<\/li>\n<\/ul>\n<p>&nbsp;<br \/>\nDates de PREINSCRIPCI\u00d3<\/p>\n<ul>\n<li>Educaci\u00f3 Secund\u00e0ria&hellip;  <a href=\"https:\/\/agora.xtec.cat\/ies-eugeni-dors\/\" title=\"Read .\">Llegeix m\u00e9s\u00bb<\/a><br \/>\n","protected":false},"author":1,"featured_media":0,"parent":0,"menu_order":0,"comment_status":"closed","ping_status":"closed","template":"","meta":{"_bbp_topic_count":0,"_bbp_reply_count":0,"_bbp_total_topic_count":0,"_bbp_total_reply_count":0,"_bbp_voice_count":0,"_bbp_anonymous_reply_count":0,"_bbp_topic_count_hidden":0,"_bbp_reply_count_hidden":0,"_bbp_forum_subforum_count":0,"footnotes":""},"class_list":["post-491","page","type-page","status-publish","hentry"],"post_mailing_queue_ids":[],"_links":{"self":[{"href":"https:\/\/agora.xtec.cat\/ies-eugeni-dors\/wp-json\/wp\/v2\/pages\/491","targetHints":{"allow":["GET"]}}],"collection":[{"href":"https:\/\/agora.xtec.cat\/ies-eugeni-dors\/wp-json\/wp\/v2\/pages"}],"about":[{"href":"https:\/\/agora.xtec.cat\/ies-eugeni-dors\/wp-json\/wp\/v2\/types\/page"}],"author":[{"embeddable":true,"href":"https:\/\/agora.xtec.cat\/ies-eugeni-dors\/wp-json\/wp\/v2\/users\/1"}],"replies":[{"embeddable":true,"href":"https:\/\/agora.xtec.cat\/ies-eugeni-dors\/wp-json\/wp\/v2\/comments?post=491"}],"version-history":[{"count":9,"href":"https:\/\/agora.xtec.cat\/ies-eugeni-dors\/wp-json\/wp\/v2\/pages\/491\/revisions"}],"predecessor-version":[{"id":2820,"href":"https:\/\/agora.xtec.cat\/ies-eugeni-dors\/wp-json\/wp\/v2\/pages\/491\/revisions\/2820"}],"wp:attachment":[{"href":"https:\/\/agora.xtec.cat\/ies-eugeni-dors\/wp-json\/wp\/v2\/media?parent=491"}],"curies":[{"name":"wp","href":"https:\/\/api.w.org\/{rel}","templated":true}]}}