{"id":49,"date":"2014-09-17T16:55:55","date_gmt":"2014-09-17T16:55:55","guid":{"rendered":"http:\/\/agora.xtec.cat\/ies-eugeni-dors\/?page_id=49"},"modified":"2025-01-21T12:14:32","modified_gmt":"2025-01-21T11:14:32","slug":"normes-dorganitzacio-i-funcionament","status":"publish","type":"page","link":"https:\/\/agora.xtec.cat\/ies-eugeni-dors\/linstitut\/normes-dorganitzacio-i-funcionament\/","title":{"rendered":"Normes i funcionament"},"content":{"rendered":"<p><strong>NORMES B\u00c0SIQUES PEL BON FUNCIONAMENT DEL CENTRE<\/strong><\/p>\n<ol>\n<li><strong>\u00a0<\/strong><strong>Perman\u00e8ncia a les aules:\u00a0<\/strong>No est\u00e0 perm\u00e8s romandre al vest\u00edbul, a les escales i\/o als passadissos en hores de classe si no es porta una autoritzaci\u00f3 del professor. L\u2019incompliment d\u2019aquesta norma comportar\u00e0 l\u2019expulsi\u00f3 de\u00a0<strong>dos<\/strong>\u00a0dies de l\u2019institut (<em>parte taronja<\/em>).<\/li>\n<li><strong>Lavabo:\u00a0<\/strong>No est\u00e0 perm\u00e8s sortir de l\u2019aula per anar al lavabo sense un perm\u00eds espec\u00edfic del professor, excepte a l\u2019hora del pati i a les 14h.<\/li>\n<li><strong>Menjar a l\u2019aula:\u00a0<\/strong>Est\u00e0 prohibit menjar dins de l\u2019aula en hores lectives.<\/li>\n<li><strong>Material:\u00a0<\/strong>El deteriorament intencionat del material pertanyent al centre o a qualsevol membre de la comunitat educativa ser\u00e0 sancionat.<\/li>\n<li><strong>M\u00f2bil:<\/strong> Els tel\u00e8fons m\u00f2bils han d\u2019estar desconnectats en tot moment al llarg de les classes. Si els pares han de posar-se en contacte amb els seus fills ho han de fer a trav\u00e9s del m\u00f2bil de l&#8217;institut (656425343) o al fixe de l\u2019institut (933875866). El conserge far\u00e0 arribar el missatge .<\/li>\n<li><strong>Insults:<\/strong>\u00a0Els insults o faltes de respecte cap a professors o companys seran penalitzats amb un m\u00ednim de<strong>\u00a0tres<\/strong>\u00a0dies d\u2019expulsi\u00f3 del centre.<\/li>\n<\/ol>\n","protected":false},"excerpt":{"rendered":"<p>NORMES B\u00c0SIQUES PEL BON FUNCIONAMENT DEL CENTRE<\/p>\n<ol>\n<li>\u00a0Perman\u00e8ncia a les aules:\u00a0No est\u00e0 perm\u00e8s romandre al vest\u00edbul, a les escales i\/o als passadissos en hores de classe si no es porta una autoritzaci\u00f3 del professor. L\u2019incompliment d\u2019aquesta norma comportar\u00e0 l\u2019expulsi\u00f3 de\u00a0dos\u00a0dies de l\u2019institut (parte taronja).<\/li>\n<li>Lavabo:\u00a0No est\u00e0 perm\u00e8s&hellip;  <a href=\"https:\/\/agora.xtec.cat\/ies-eugeni-dors\/linstitut\/normes-dorganitzacio-i-funcionament\/\" title=\"Read Normes i funcionament\">Llegeix m\u00e9s\u00bb<\/a><br \/>\n","protected":false},"author":1,"featured_media":0,"parent":19,"menu_order":60,"comment_status":"closed","ping_status":"closed","template":"page-templates\/side-menu.php","meta":{"_bbp_topic_count":0,"_bbp_reply_count":0,"_bbp_total_topic_count":0,"_bbp_total_reply_count":0,"_bbp_voice_count":0,"_bbp_anonymous_reply_count":0,"_bbp_topic_count_hidden":0,"_bbp_reply_count_hidden":0,"_bbp_forum_subforum_count":0,"footnotes":""},"class_list":["post-49","page","type-page","status-publish","hentry"],"post_mailing_queue_ids":[],"_links":{"self":[{"href":"https:\/\/agora.xtec.cat\/ies-eugeni-dors\/wp-json\/wp\/v2\/pages\/49","targetHints":{"allow":["GET"]}}],"collection":[{"href":"https:\/\/agora.xtec.cat\/ies-eugeni-dors\/wp-json\/wp\/v2\/pages"}],"about":[{"href":"https:\/\/agora.xtec.cat\/ies-eugeni-dors\/wp-json\/wp\/v2\/types\/page"}],"author":[{"embeddable":true,"href":"https:\/\/agora.xtec.cat\/ies-eugeni-dors\/wp-json\/wp\/v2\/users\/1"}],"replies":[{"embeddable":true,"href":"https:\/\/agora.xtec.cat\/ies-eugeni-dors\/wp-json\/wp\/v2\/comments?post=49"}],"version-history":[{"count":3,"href":"https:\/\/agora.xtec.cat\/ies-eugeni-dors\/wp-json\/wp\/v2\/pages\/49\/revisions"}],"predecessor-version":[{"id":2670,"href":"https:\/\/agora.xtec.cat\/ies-eugeni-dors\/wp-json\/wp\/v2\/pages\/49\/revisions\/2670"}],"up":[{"embeddable":true,"href":"https:\/\/agora.xtec.cat\/ies-eugeni-dors\/wp-json\/wp\/v2\/pages\/19"}],"wp:attachment":[{"href":"https:\/\/agora.xtec.cat\/ies-eugeni-dors\/wp-json\/wp\/v2\/media?parent=49"}],"curies":[{"name":"wp","href":"https:\/\/api.w.org\/{rel}","templated":true}]}}