{"id":27,"date":"2014-09-17T16:24:03","date_gmt":"2014-09-17T16:24:03","guid":{"rendered":"http:\/\/agora.xtec.cat\/ies-eugeni-dors\/?page_id=27"},"modified":"2019-04-30T12:46:25","modified_gmt":"2019-04-30T10:46:25","slug":"historia","status":"publish","type":"page","link":"https:\/\/agora.xtec.cat\/ies-eugeni-dors\/linstitut\/historia\/","title":{"rendered":"Hist\u00f2ria"},"content":{"rendered":"<p>L\u2019institut Eugeni d\u00b4Ors, situat a Badalona, al barri de Sant Roc, \u00e9s un Centre p\u00fablic, laic i comprom\u00e8s amb l\u2019entorn, la ra\u00f3 de ser del qual \u00e9s ENSENYAR, FORMAR i ACOMPANYAR l\u2019alumnat tot potenciant al m\u00e0xim les seves capacitats com a estudiants i com a persones, amb la implicaci\u00f3 de les fam\u00edlies, mitjan\u00e7ant una doc\u00e8ncia innovadora i en un entorn de treball participatiu i motivador.<\/p>\n<p>L\u2019Institut Eugeni d\u2019Ors neix al principi dels anys setanta com una extensi\u00f3 de l\u2019institut ve\u00ed Juan d\u2019\u00c0ustria. Aviat va passar a ser un centre aut\u00f2nom, que completava l\u2019oferta de batxillerat a Badalona amb l\u2019Institut Isaac Alb\u00e9niz. Fins ben entrats els anys noranta, ambd\u00f3s centres es repartien els i les estudiants de batxillerat de la ciutat, que acudien de diferents i, de vegades, allunyats punts geogr\u00e0fics de la ciutat. Era l\u2019atenci\u00f3 a aquest esc\u00e0s cinquanta per cent dels estudiants que cursaven el batxillerat, enfront de la resta que anava a la Formaci\u00f3 Professional o al m\u00f3n laboral.<\/p>\n<p>Al llarg dels anys noranta van sorgint a Badalona altres centres de batxillerat p\u00fablics, fins a completar el nombre de dotze que hi ha en l\u2019actualitat, per la qual cosa la poblaci\u00f3 escolar de cada centre es va circumscrivint cada cop m\u00e9s al seu entorn m\u00e9s pr\u00f2xim. Per aquest motiu, totes les incid\u00e8ncies socials del barri tenen una major projecci\u00f3 en la vida dels centres escolars. Aix\u00f2 \u00e9s justament el que ha ocorregut en el Institut Eugeni d\u2019Ors i el que ha multiplicat les dificultats per portar endavant la tasca docent.<\/p>\n<p>Un moment important d\u2019aquest canvi es produeix l\u2019any 1994 que l\u2019Administraci\u00f3 decideix avan\u00e7ar dos anys la implantaci\u00f3 de la Reforma educativa. L\u2019institut s\u2019omple d\u2019alumnes, els que van completant el nostre antic batxillerat (BUP) i els que arriben a estudiar el segon cicle de la secund\u00e0ria obligat\u00f2ria. S\u00f3n vuit grups per nivell, amb prop de quaranta alumnes cadasc\u00fa, amb un tr\u00e0nsit improvisat dels centres de prim\u00e0ria a la secund\u00e0ria i amb una falta de preparaci\u00f3 del professorat per atendre aquesta nova poblaci\u00f3 escolar. Els primers anys van ser durs de treball, d\u2019inventar i crear material, de buscar solucions\u2026 El treball que va realitzar el professorat d\u2019aquesta \u00e8poca, amb els pocs professors de prim\u00e0ria que despr\u00e9s es van incorporar, resulta impagable. \u00c9s a partir de l\u2019entrada en funcionament de la Reforma, amb les dificultats pr\u00f2pies d\u2019aplicaci\u00f3, quan s\u2019inicia un canvi radical en la vida de l\u2019Institut, en la composici\u00f3 de l\u2019alumnat i en el treball del professorat.<\/p>\n<p>&nbsp;<\/p>\n<p>&nbsp;<\/p>\n","protected":false},"excerpt":{"rendered":"<p>L\u2019institut Eugeni d\u00b4Ors, situat a Badalona, al barri de Sant Roc, \u00e9s un Centre p\u00fablic, laic i comprom\u00e8s amb l\u2019entorn, la ra\u00f3 de ser del qual \u00e9s ENSENYAR, FORMAR i ACOMPANYAR l\u2019alumnat tot potenciant al m\u00e0xim les seves capacitats com a estudiants i com a&hellip;  <a href=\"https:\/\/agora.xtec.cat\/ies-eugeni-dors\/linstitut\/historia\/\" title=\"Read Hist\u00f2ria\">Llegeix m\u00e9s\u00bb<\/a><\/p>\n","protected":false},"author":1,"featured_media":0,"parent":19,"menu_order":20,"comment_status":"closed","ping_status":"closed","template":"page-templates\/side-menu.php","meta":{"_bbp_topic_count":0,"_bbp_reply_count":0,"_bbp_total_topic_count":0,"_bbp_total_reply_count":0,"_bbp_voice_count":0,"_bbp_anonymous_reply_count":0,"_bbp_topic_count_hidden":0,"_bbp_reply_count_hidden":0,"_bbp_forum_subforum_count":0,"footnotes":""},"class_list":["post-27","page","type-page","status-publish","hentry"],"post_mailing_queue_ids":[],"_links":{"self":[{"href":"https:\/\/agora.xtec.cat\/ies-eugeni-dors\/wp-json\/wp\/v2\/pages\/27","targetHints":{"allow":["GET"]}}],"collection":[{"href":"https:\/\/agora.xtec.cat\/ies-eugeni-dors\/wp-json\/wp\/v2\/pages"}],"about":[{"href":"https:\/\/agora.xtec.cat\/ies-eugeni-dors\/wp-json\/wp\/v2\/types\/page"}],"author":[{"embeddable":true,"href":"https:\/\/agora.xtec.cat\/ies-eugeni-dors\/wp-json\/wp\/v2\/users\/1"}],"replies":[{"embeddable":true,"href":"https:\/\/agora.xtec.cat\/ies-eugeni-dors\/wp-json\/wp\/v2\/comments?post=27"}],"version-history":[{"count":1,"href":"https:\/\/agora.xtec.cat\/ies-eugeni-dors\/wp-json\/wp\/v2\/pages\/27\/revisions"}],"predecessor-version":[{"id":521,"href":"https:\/\/agora.xtec.cat\/ies-eugeni-dors\/wp-json\/wp\/v2\/pages\/27\/revisions\/521"}],"up":[{"embeddable":true,"href":"https:\/\/agora.xtec.cat\/ies-eugeni-dors\/wp-json\/wp\/v2\/pages\/19"}],"wp:attachment":[{"href":"https:\/\/agora.xtec.cat\/ies-eugeni-dors\/wp-json\/wp\/v2\/media?parent=27"}],"curies":[{"name":"wp","href":"https:\/\/api.w.org\/{rel}","templated":true}]}}