{"id":2524,"date":"2024-05-21T14:30:19","date_gmt":"2024-05-21T12:30:19","guid":{"rendered":"https:\/\/agora.xtec.cat\/ies-eugeni-dors\/?page_id=2524"},"modified":"2024-06-05T14:34:48","modified_gmt":"2024-06-05T12:34:48","slug":"tecnic-superior-en-educacio-infantil","status":"publish","type":"page","link":"https:\/\/agora.xtec.cat\/ies-eugeni-dors\/tecnic-superior-en-educacio-infantil\/","title":{"rendered":"T\u00c8CNIC SUPERIOR EN EDUCACI\u00d3 INFANTIL"},"content":{"rendered":"<p>Aquests estudis postobligatoris capaciten dissenyar, implementar i avaluar projectes i programes educatius d&#8217;atenci\u00f3 a la inf\u00e0ncia en el primer cicle d&#8217;educaci\u00f3 infantil en l&#8217;\u00e0mbit formal, d&#8217;acord amb la proposta pedag\u00f2gica elaborada per un mestre o mestra amb l&#8217;especialitzaci\u00f3 en educaci\u00f3 infantil, i a tota l&#8217;etapa en l&#8217;\u00e0mbit no formal, generant entorns segurs i en col\u00b7laboraci\u00f3 amb altres professionals i amb les fam\u00edlies.<\/p>\n<p><strong>Durada dels estudis<\/strong><\/p>\n<p>La durada \u00e9s de 2.000 hores distribu\u00efdes en dos cursos acad\u00e8mics: 1485 hores en el centre educatiu i 515 hores en pr\u00e0ctiques a empreses.<\/p>\n<p><strong>Marc Horari<\/strong><\/p>\n<p>De dilluns a divendres de 15:15 a 21:35 h.<\/p>\n<p><strong>M\u00f2duls professionals<\/strong><\/p>\n<ul>\n<li>Intervenci\u00f3 amb Fam\u00edlies i Atenci\u00f3 als Infants en Risc Social<\/li>\n<li>\u00a0Did\u00e0ctica de l&#8217;Educaci\u00f3 Infantil<\/li>\n<li>Autonomia Personal i Salut Infantil<\/li>\n<li>El Joc Infantil i la seva Metodologia<\/li>\n<li>Expressi\u00f3 i Comunicaci\u00f3<\/li>\n<li>Desenvolupament Cognitiu i Motriu<\/li>\n<li>Desenvolupament S\u00f2cioafectiu<\/li>\n<li>Habilitats Socials<\/li>\n<li>Primers Auxilis<\/li>\n<li>M\u00f2dul optatiu<\/li>\n<li>Ocupabilitat I i II<\/li>\n<li>Projecte intermodular<\/li>\n<li>Estada en empreses<\/li>\n<li>Catal\u00e0 professional<\/li>\n<li>Angl\u00e8s professional<\/li>\n<li>Digitalitzaci\u00f3 al sector productiu<\/li>\n<li>Sostenibilitat al sector productiu<\/li>\n<\/ul>\n<div><\/div>\n<div>M\u00e9s informaci\u00f3 del\u00a0<a title=\"V\u00e9s al DOGC\" href=\"http:\/\/www20.gencat.cat\/portal\/site\/portaldogc\/menuitem.c973d2fc58aa0083e4492d92b0c0e1a0\/?action=fitxa&amp;documentId=648017&amp;languageFitxa=ca_ES&amp;newLang=ca_ES\" target=\"_blank\" rel=\"noopener\">curr\u00edculum<\/a>\u00a0a l&#8217;annex, apartat 5.3 &#8216;Descripci\u00f3 dels m\u00f2duls professionals i de les unitats formatives&#8217;.<\/div>\n<p>&nbsp;<\/p>\n<p><strong>Altres informacions<\/strong><\/p>\n<p>L&#8217;estada a l&#8217;empresa es realitza a llocs de treball que, seguint les seves pr\u00f2pies pol\u00edtiques i imatge corporativa, poden no admetre alumnes que facin ostentaci\u00f3 de s\u00edmbols culturals, art\u00edstics, religiosos o pol\u00edtics.<\/p>\n<p><strong>Acc\u00e9s<\/strong><br \/>\nPer al curs 2024-2025, pots accedir als cicles de grau superior si compleixes algun dels requisits seg\u00fcents:<br \/>\nTenir un d\u2019aquests t\u00edtols:<\/p>\n<ul style=\"list-style-type: disc;\">\n<li>Batxillerat.<\/li>\n<li>Batxillerat LOGSE.<\/li>\n<li>BUP.<\/li>\n<li><span style=\"font-family: inherit; font-size: 1em;\">T\u00e8cnic\/a superior de formaci\u00f3 professional o grau <\/span>universitari o equivalent.<\/li>\n<li><span style=\"font-family: inherit; font-size: 1em;\">T\u00e8cnic\/a especialista, t\u00e8cnic\/a superior o equivalent.<\/span><\/li>\n<li><span style=\"font-family: inherit; font-size: 1em;\">T\u00e8cnic\/a de grau mitj\u00e0 de formaci\u00f3 professional o t\u00edtol de <\/span>t\u00e8cnic\/a o t\u00e8cnic\/a d&#8217;arts pl\u00e0stiques i disseny.<\/li>\n<\/ul>\n<p>O b\u00e9, haver superat:<\/p>\n<ul>\n<li>Una oferta formativa de certificat professional inclosa en el cicle.<\/li>\n<li><span style=\"font-family: inherit; font-size: 1em;\">Un curs de formaci\u00f3 espec\u00edfic per a l\u2019acc\u00e9s als cicles de <\/span><span style=\"font-family: inherit; font-size: 1em;\">grau superior.<\/span><\/li>\n<li><span style=\"font-family: inherit; font-size: 1em;\">Una prova d&#8217;acc\u00e9s (cal tenir com a m\u00ednim 19 anys, o 18 anys les persones que tenen un t\u00edtol de t\u00e8cnic\/a relacionat amb aquell al qual volen accedir).<\/span><\/li>\n<li><span style=\"font-family: inherit; font-size: 1em;\">El segon curs de qualsevol modalitat de batxillerat <\/span>experimental.<\/li>\n<li>El COU o un curs preuniversitari.<\/li>\n<\/ul>\n<p>Haver superat la prova d&#8217;acc\u00e9s a la universitat per a m\u00e9s grans de 25 o de 45 anys, o haver accedit a la universitat per tenir 40 anys o m\u00e9s i acreditar experi\u00e8ncia laboral o professional.<\/p>\n<p><strong>Tr\u00e0mits<\/strong><br \/>\nPer cursar el cicle cal formalitzar la sol\u00b7licitud i presentar-la al centre per a l&#8217;ensenyament demanat en primer lloc.<br \/>\nQuan el nombre de sol\u00b7licituds \u00e9s superior a l&#8217;oferta, les peticions s&#8217;ordenen, dins de cada via d&#8217;acc\u00e9s i d&#8217;acord amb les prioritats que pertoqui, segons la qualificaci\u00f3 mitjana<br \/>\ndels estudis o la qualificaci\u00f3 de la prova que permet l&#8217;acc\u00e9s al cicle.<\/p>\n<p><strong>Sortides acad\u00e8miques<\/strong><br \/>\nAmb aquests estudis s&#8217;obt\u00e9 el t\u00edtol de t\u00e8cnic superior o t\u00e8cnica superior, que permet accedir a qualsevol estudi universitari oficial de grau. Les persones que s&#8217;han graduat en un cicle formatiu de grau superior poden obtenir la convalidaci\u00f3 de cr\u00e8dits universitaris ECTS.<\/p>\n<p>Per a m\u00e9s informaci\u00f3, consulteu el Canal Universitats<\/p>\n<p><strong>Sortides professionals<\/strong><br \/>\nEls t\u00e8cnics superiors en educaci\u00f3 infantil exerceixen la seva activitat en els seg\u00fcents llocs de treball m\u00e9s rellevants:<\/p>\n<ul>\n<li>Educadors infantils en el primer cicle (I1 i I2) i primer curs (I3) d&#8217;educaci\u00f3 infantil.<\/li>\n<li>Educadors en institutcions i\/o en programes espec\u00edfics de treball amb infants de 0 a 6 anys en situaci\u00f3 de risc social, i<\/li>\n<li>educador o educadora en programes o activitats d&#8217;oci i temps lliure infantil amb infants de 0 a 6 anys: ludoteques, cases de cultura, biblioteques, centres educatius, centres d&#8217;ocis, casals infantils.<\/li>\n<\/ul>\n<p>Per m\u00e9s informaci\u00f3: https:\/\/triaeducativa.gencat.cat\/ca\/estudis?educacio-infantil&amp;p_id=200<\/p>\n<p>&nbsp;<\/p>\n<div><\/div>\n","protected":false},"excerpt":{"rendered":"<p>Aquests estudis postobligatoris capaciten dissenyar, implementar i avaluar projectes i programes educatius d&#8217;atenci\u00f3 a la inf\u00e0ncia en el primer cicle d&#8217;educaci\u00f3 infantil en l&#8217;\u00e0mbit formal, d&#8217;acord amb la proposta pedag\u00f2gica elaborada per un mestre o mestra amb l&#8217;especialitzaci\u00f3 en educaci\u00f3 infantil, i a tota l&#8217;etapa&hellip;  <a href=\"https:\/\/agora.xtec.cat\/ies-eugeni-dors\/tecnic-superior-en-educacio-infantil\/\" title=\"Read T\u00c8CNIC SUPERIOR EN EDUCACI\u00d3 INFANTIL\">Llegeix m\u00e9s\u00bb<\/a><\/p>\n","protected":false},"author":3,"featured_media":0,"parent":0,"menu_order":0,"comment_status":"closed","ping_status":"closed","template":"","meta":{"_bbp_topic_count":0,"_bbp_reply_count":0,"_bbp_total_topic_count":0,"_bbp_total_reply_count":0,"_bbp_voice_count":0,"_bbp_anonymous_reply_count":0,"_bbp_topic_count_hidden":0,"_bbp_reply_count_hidden":0,"_bbp_forum_subforum_count":0,"footnotes":""},"class_list":["post-2524","page","type-page","status-publish","hentry"],"post_mailing_queue_ids":[],"_links":{"self":[{"href":"https:\/\/agora.xtec.cat\/ies-eugeni-dors\/wp-json\/wp\/v2\/pages\/2524","targetHints":{"allow":["GET"]}}],"collection":[{"href":"https:\/\/agora.xtec.cat\/ies-eugeni-dors\/wp-json\/wp\/v2\/pages"}],"about":[{"href":"https:\/\/agora.xtec.cat\/ies-eugeni-dors\/wp-json\/wp\/v2\/types\/page"}],"author":[{"embeddable":true,"href":"https:\/\/agora.xtec.cat\/ies-eugeni-dors\/wp-json\/wp\/v2\/users\/3"}],"replies":[{"embeddable":true,"href":"https:\/\/agora.xtec.cat\/ies-eugeni-dors\/wp-json\/wp\/v2\/comments?post=2524"}],"version-history":[{"count":3,"href":"https:\/\/agora.xtec.cat\/ies-eugeni-dors\/wp-json\/wp\/v2\/pages\/2524\/revisions"}],"predecessor-version":[{"id":2537,"href":"https:\/\/agora.xtec.cat\/ies-eugeni-dors\/wp-json\/wp\/v2\/pages\/2524\/revisions\/2537"}],"wp:attachment":[{"href":"https:\/\/agora.xtec.cat\/ies-eugeni-dors\/wp-json\/wp\/v2\/media?parent=2524"}],"curies":[{"name":"wp","href":"https:\/\/api.w.org\/{rel}","templated":true}]}}