{"id":2270,"date":"2023-02-14T10:50:21","date_gmt":"2023-02-14T09:50:21","guid":{"rendered":"https:\/\/agora.xtec.cat\/ies-eugeni-dors\/?page_id=2270"},"modified":"2023-02-14T10:50:29","modified_gmt":"2023-02-14T09:50:29","slug":"pfi-auxiliar-en-centres-sanitaris","status":"publish","type":"page","link":"https:\/\/agora.xtec.cat\/ies-eugeni-dors\/pfi-auxiliar-en-centres-sanitaris\/","title":{"rendered":"PFI &#8211; Auxiliar en centres sanitaris"},"content":{"rendered":"<h3>Estructura dels Programes de Formaci\u00f3 i Inserci\u00f3<\/h3>\n<p>Aquests ensenyaments tenen una durada de 1.000 hores (un curs acad\u00e8mic), i s&#8217;estructuren de la seg\u00fcent manera:<\/p>\n<ul>\n<li><strong>M\u00f2duls de Formaci\u00f3 Professional,\u00a0<\/strong>associats a l&#8217;assoliment de compet\u00e8ncies professionals.<\/li>\n<li>Inclouen un m\u00f2dul de pr\u00e0ctiques en alternan\u00e7a en Formaci\u00f3 en Centres de Treball ( 180 hores).<\/li>\n<li><strong>M\u00f2duls de Formaci\u00f3 General,<\/strong>per a l&#8217;adquisici\u00f3 de compet\u00e8ncies b\u00e0siques i instrumentals que han de facilitar l&#8217;assoliment de les compet\u00e8ncies professionals.<\/li>\n<li><strong>Tutoria,<\/strong>que inclou accions de seguiment i orientaci\u00f3 de l&#8217;alumnat.<\/li>\n<li><strong>Formaci\u00f3 complement\u00e0ria d&#8217;aprofundiment i refor\u00e7,\u00a0<\/strong>opcional segons les necessitats de l&#8217;estudiant.<\/li>\n<\/ul>\n<p><strong>Els estudiants que superin aquesta formaci\u00f3 obtindran:<\/strong><\/p>\n<ul>\n<li>Certificat acad\u00e8mic i professional, que cont\u00e9 la qualificaci\u00f3 final obtinguda en el PFI i acredita les compet\u00e8ncies professionals assolides.<\/li>\n<li>Certificat del Curs d&#8217;acc\u00e9s als cicles formatius de grau mitj\u00e0 (CAM).<\/li>\n<li>Reconeixement dels m\u00f2duls professionals superats en el PFI per a l&#8217;obtenci\u00f3 del t\u00edtol professional b\u00e0sic associat al perfil.<\/li>\n<li>Acc\u00e9s als centres de formaci\u00f3 d&#8217;adults per obtenir el Graduat en Educaci\u00f3 Secund\u00e0ria Obligat\u00f2ria (GESO), sense complir el requisit de tenir 18 anys.<\/li>\n<\/ul>\n<p><strong>\u00a0<\/strong><\/p>\n<p><strong>Si fas el perfil Auxiliar en centres sanitaris aprendr\u00e0s a&#8230; <\/strong><\/p>\n<ul>\n<li>Col\u00b7laborar en la mobilitzaci\u00f3 i realitzar el trasllat i atenci\u00f3 dels usuaris\/\u00e0ries i\/o pacients d&#8217;un centre sanitari sota la supervisi\u00f3 del personal corresponent, per garantir la integritat i seguretat dels mateixos.<\/li>\n<li>Col\u00b7laborar en l&#8217;ordenaci\u00f3 i trasllat de documents i materials, utilitzant les t\u00e8cniques, equips i materials accessoris complint amb els protocols i\/o normativa aplicable en els centres sanitaris.<\/li>\n<\/ul>\n","protected":false},"excerpt":{"rendered":"<p>Estructura dels Programes de Formaci\u00f3 i Inserci\u00f3<br \/>\nAquests ensenyaments tenen una durada de 1.000 hores (un curs acad\u00e8mic), i s&#8217;estructuren de la seg\u00fcent manera:<\/p>\n<ul>\n<li>M\u00f2duls de Formaci\u00f3 Professional,\u00a0associats a l&#8217;assoliment de compet\u00e8ncies professionals.<\/li>\n<li>Inclouen un m\u00f2dul de pr\u00e0ctiques en alternan\u00e7a en Formaci\u00f3 en Centres de Treball ( 180&hellip;  <a href=\"https:\/\/agora.xtec.cat\/ies-eugeni-dors\/pfi-auxiliar-en-centres-sanitaris\/\" title=\"Read PFI &#8211; Auxiliar en centres sanitaris\">Llegeix m\u00e9s\u00bb<\/a><br \/>\n","protected":false},"author":3,"featured_media":0,"parent":0,"menu_order":0,"comment_status":"closed","ping_status":"closed","template":"","meta":{"_bbp_topic_count":0,"_bbp_reply_count":0,"_bbp_total_topic_count":0,"_bbp_total_reply_count":0,"_bbp_voice_count":0,"_bbp_anonymous_reply_count":0,"_bbp_topic_count_hidden":0,"_bbp_reply_count_hidden":0,"_bbp_forum_subforum_count":0,"footnotes":""},"class_list":["post-2270","page","type-page","status-publish","hentry"],"post_mailing_queue_ids":[],"_links":{"self":[{"href":"https:\/\/agora.xtec.cat\/ies-eugeni-dors\/wp-json\/wp\/v2\/pages\/2270","targetHints":{"allow":["GET"]}}],"collection":[{"href":"https:\/\/agora.xtec.cat\/ies-eugeni-dors\/wp-json\/wp\/v2\/pages"}],"about":[{"href":"https:\/\/agora.xtec.cat\/ies-eugeni-dors\/wp-json\/wp\/v2\/types\/page"}],"author":[{"embeddable":true,"href":"https:\/\/agora.xtec.cat\/ies-eugeni-dors\/wp-json\/wp\/v2\/users\/3"}],"replies":[{"embeddable":true,"href":"https:\/\/agora.xtec.cat\/ies-eugeni-dors\/wp-json\/wp\/v2\/comments?post=2270"}],"version-history":[{"count":1,"href":"https:\/\/agora.xtec.cat\/ies-eugeni-dors\/wp-json\/wp\/v2\/pages\/2270\/revisions"}],"predecessor-version":[{"id":2271,"href":"https:\/\/agora.xtec.cat\/ies-eugeni-dors\/wp-json\/wp\/v2\/pages\/2270\/revisions\/2271"}],"wp:attachment":[{"href":"https:\/\/agora.xtec.cat\/ies-eugeni-dors\/wp-json\/wp\/v2\/media?parent=2270"}],"curies":[{"name":"wp","href":"https:\/\/api.w.org\/{rel}","templated":true}]}}