{"id":195,"date":"2014-09-22T10:39:39","date_gmt":"2014-09-22T10:39:39","guid":{"rendered":"http:\/\/agora.xtec.cat\/ies-eugeni-dors\/?page_id=195"},"modified":"2019-05-20T14:37:47","modified_gmt":"2019-05-20T12:37:47","slug":"estudis","status":"publish","type":"page","link":"https:\/\/agora.xtec.cat\/ies-eugeni-dors\/estudis\/","title":{"rendered":"Estudis"},"content":{"rendered":"<p style=\"color: #444444;\"><span style=\"color: #087eb6; font-size: 2.125em;\">ESO<\/span><\/p>\n<div class=\"entry-content\" style=\"color: #444444;\">\n<ul>\n<li><strong>CRITERIS GENERALS PER A L\u00b4ALUMNAT (ESO)<\/strong><strong>\u00a0ASSIST\u00c8NCIA<\/strong>S\u00f3n faltes d\u2019assist\u00e8ncia justificables:\n<ul>\n<li>Malaltia.<\/li>\n<li>Causes de for\u00e7a major: defuncions, bodes, operacions de familiars i, en general, qualsevol altra causa que la familia justifiqui, sempre que es pugui, documentalment.<\/li>\n<li>Visita m\u00e8dica.<\/li>\n<li>Acompanyar\/anar a buscar germans\/germanes a l\u2019escola.<\/li>\n<li>Estar expulsat (sempre amb feina).<\/li>\n<\/ul>\n<p>S\u00f3n faltes d\u2019assist\u00e8ncia no justificables:<\/p>\n<ul>\n<li>Adormir-se.<\/li>\n<li>Marxar del Centre sense perm\u00eds de la fam\u00edlia.<\/li>\n<li>No assistir a les sortides obligat\u00f2ries, sense causa.<\/li>\n<\/ul>\n<p>Com es justifica?<\/p>\n<p>Al tutor\/a<\/p>\n<ul>\n<li>Conversa presencial o per tel\u00e8fon (cal deixar-ne const\u00e0ncia al Registre de l\u00b4alumne\/a i informar-ne la Cap d\u2019Estudis).<\/li>\n<li>Per agenda i\/o comunicat escrit.<\/li>\n<li>Justificant m\u00e8dic.<\/li>\n<li>Justificant de Direcci\u00f3.<\/li>\n<\/ul>\n<p>El\/la tutor\/a informa de les faltes justificades a la resta de professorat durant les reunions d\u2019Equip Docent.<\/p>\n<p><strong>PUNTUALITAT<\/strong><\/p>\n<p>El Centre tancar\u00e0 les portes d\u2019entrada a les hores acordades per Claustre. L\u2019alumnat que arribi quan les portes estiguin tancades no podr\u00e0 entrar a l\u2019aula i s\u2019haur\u00e0 d\u2019estar al pati petit fins que toqui el timbre de la classe seg\u00fcent. A partir de cinc retards, el tutor li aplicar\u00e0 mesures disciplin\u00e0ries. Si ve acompanyat per la mare o pel pare, o b\u00e9 si porta algun tipus de justificant oficial, no es comptar\u00e0 com a retard.<\/p>\n<p>La puntualitat entre hores \u00e9s obligat\u00f2ria i es valorar\u00e0. Quan hi hagi canvis d\u2019aula, sobretot si l\u2019alumnat ve del gimn\u00e0s, dels tallers, del pati o d\u2019alguna aula espec\u00edfica, es d\u00f3na un marge de 5 minuts abans de comptar-ho com a retard. Si no hi ha despla\u00e7aments (canvis d\u2019aula), no es pot permetre cap marge de temps, perqu\u00e8 els\/les alumnes no poden sortir de classe<strong>.<\/strong><\/p>\n<p><strong>MATERIAL<\/strong><\/p>\n<p>L\u2019alumnat t\u00e9 l\u2019obligaci\u00f3 de tenir i portar aquell material que el\/la tutor\/a li haur\u00e0 demanat a principi de curs, i cal insistir, si encara no s\u2019ha fet, en el pagament de la quota del material.<\/p>\n<p>Cada tutor\/a ha d\u2019especificar al seu alumnat quin \u00e9s aquest material imprescindible i ha d\u2019exigir que el porti. Se n\u2019ha de prendre nota cada vegada que un\/a alumne\/a no el porti. Si la manca de material es repeteix cinc cops durant el trimestre, s\u2019aplicaran a l\u2019alumne\/a mesures disciplin\u00e0ries.<\/p>\n<p>L\u2019alumnat ha de respectar el material propi, d\u2019altres i del Centre. No fer-ho repercutir\u00e0 tamb\u00e9 en la nota. A m\u00e9s, pot ser causa de sanci\u00f3.<\/p>\n<p><strong>RESPECTE I COMPORTAMENT<\/strong><\/p>\n<p>El respecte i el bon comportament s\u00f3n b\u00e0sics. L\u2019alumnat t\u00e9 el deure de complir les normes de comportament. Entenem que un mal comportament i la falta de respecte mostren un desinter\u00e8s o falta de motivaci\u00f3 que es reflectir\u00e0 en la nota trimestral o final.<\/p>\n<p>En general, es considera mal comportament interferir el ritme de classe i activitats de Centre, com ara:<\/p>\n<ul>\n<li>Aixecar-se sense perm\u00eds.<\/li>\n<li>Parlar quan no toca.<\/li>\n<li>Sortir de classe sense perm\u00eds.<\/li>\n<li>Abocar-se a la finestra.<\/li>\n<li>Menjar a classe.<\/li>\n<li>Embrutar aula i mobiliari.<\/li>\n<li>\u00das de tel\u00e8fons m\u00f2bils, MP3, MP4, jocs electr\u00f2nics i d\u2019altres.<\/li>\n<li>Moure\u2019s pel Centre d\u2019una forma incorrecta, cridant, corrent, obrint portes\u2026<\/li>\n<li>No respectar els\/les companys\/es i el personal del Centre.<\/li>\n<li>Faltes reiterades (cinc cops per trimestre) de retard, d\u2019estar-se pels passadissos o de manca de material.<\/li>\n<li>Anar a la cantina entre hores de classe.<\/li>\n<\/ul>\n<p><strong>INTER\u00c8S I TREBALL<\/strong><\/p>\n<p>L\u2019alumnat t\u00e9 el deure de mostrar inter\u00e8s per la feina que es fa al Centre i fer el treballs que se li encarreguin. L\u2019inter\u00e8s i el treball s\u2019han de valorar i tenir en compte en la nota d\u2019actituds, valors i normes.<\/p>\n<p>Aspectes a tenir presents:<\/p>\n<ul>\n<li>Participar en les activitats proposades.<\/li>\n<li>Tenir al dia la feina que posi el professorat. El professorat l\u2019ha de controlar peri\u00f2dicament i posar nota.<\/li>\n<li>Fer els deures que el professorat encarregui per fer a casa.<\/li>\n<li>Mostrar iniciativa.<\/li>\n<li>Presentaci\u00f3 correcta dels treballs.<\/li>\n<li>Saber fer una exposici\u00f3 oral correcta.<\/li>\n<\/ul>\n<\/li>\n<\/ul>\n<header class=\"entry-header\">\n<h1 class=\"entry-title\" style=\"font-weight: 400; color: #087eb6;\">Batxillerat<\/h1>\n<\/header>\n<div class=\"entry-content\">\n<ul>\n<li>Batxillerat human\u00edstic-social<\/li>\n<li>Batxillerat cient\u00edfic-tecnol\u00f2gic<\/li>\n<li>Batxillerat art\u00edstic (esc\u00e8nic i pl\u00e0stic)<\/li>\n<\/ul>\n<\/div>\n<\/div>\n<header class=\"entry-header\" style=\"color: #444444;\">\n<h1 class=\"entry-title\" style=\"font-weight: 400; color: #087eb6;\">CFGM<\/h1>\n<\/header>\n<div class=\"entry-content\" style=\"color: #444444;\">\n<ul>\n<li>T\u00e8cnic en atenci\u00f3 a persones en situaci\u00f3 de depend\u00e8ncia.<\/li>\n<li>T\u00e8cnic en farm\u00e0cia i parafarm\u00e0cia.<\/li>\n<\/ul>\n<header class=\"entry-header\">\n<h1 class=\"entry-title\" style=\"font-weight: 400; color: #087eb6;\">CFGS<\/h1>\n<\/header>\n<div class=\"entry-content\">\n<ul>\n<li>T\u00e8cnic superior en documentaci\u00f3 i administraci\u00f3 sanit\u00e0ria.<\/li>\n<li>T\u00e8cnic superior en integraci\u00f3 social<\/li>\n<li>T\u00e8cnic superior en laboratori cl\u00ednic i biom\u00e8dic.<\/li>\n<\/ul>\n<\/div>\n<\/div>\n","protected":false},"excerpt":{"rendered":"<p>ESO<\/p>\n<ul>\n<li>CRITERIS GENERALS PER A L\u00b4ALUMNAT (ESO)\u00a0ASSIST\u00c8NCIAS\u00f3n faltes d\u2019assist\u00e8ncia justificables:\n<ul>\n<li>Malaltia.<\/li>\n<li>Causes de for\u00e7a major: defuncions, bodes, operacions de familiars i, en general, qualsevol altra causa que la familia justifiqui, sempre que es pugui, documentalment.<\/li>\n<li>Visita m\u00e8dica.<\/li>\n<li>Acompanyar\/anar a buscar germans\/germanes a l\u2019escola.<\/li>\n<li>Estar expulsat (sempre amb feina).<\/li>\n<\/ul>\n<p>S\u00f3n faltes d\u2019assist\u00e8ncia no&hellip;  <a href=\"https:\/\/agora.xtec.cat\/ies-eugeni-dors\/estudis\/\" title=\"Read Estudis\">Llegeix m\u00e9s\u00bb<\/a><\/p>\n","protected":false},"author":1,"featured_media":0,"parent":0,"menu_order":0,"comment_status":"closed","ping_status":"closed","template":"","meta":{"_bbp_topic_count":0,"_bbp_reply_count":0,"_bbp_total_topic_count":0,"_bbp_total_reply_count":0,"_bbp_voice_count":0,"_bbp_anonymous_reply_count":0,"_bbp_topic_count_hidden":0,"_bbp_reply_count_hidden":0,"_bbp_forum_subforum_count":0,"footnotes":""},"class_list":["post-195","page","type-page","status-publish","hentry"],"post_mailing_queue_ids":[],"_links":{"self":[{"href":"https:\/\/agora.xtec.cat\/ies-eugeni-dors\/wp-json\/wp\/v2\/pages\/195","targetHints":{"allow":["GET"]}}],"collection":[{"href":"https:\/\/agora.xtec.cat\/ies-eugeni-dors\/wp-json\/wp\/v2\/pages"}],"about":[{"href":"https:\/\/agora.xtec.cat\/ies-eugeni-dors\/wp-json\/wp\/v2\/types\/page"}],"author":[{"embeddable":true,"href":"https:\/\/agora.xtec.cat\/ies-eugeni-dors\/wp-json\/wp\/v2\/users\/1"}],"replies":[{"embeddable":true,"href":"https:\/\/agora.xtec.cat\/ies-eugeni-dors\/wp-json\/wp\/v2\/comments?post=195"}],"version-history":[{"count":3,"href":"https:\/\/agora.xtec.cat\/ies-eugeni-dors\/wp-json\/wp\/v2\/pages\/195\/revisions"}],"predecessor-version":[{"id":666,"href":"https:\/\/agora.xtec.cat\/ies-eugeni-dors\/wp-json\/wp\/v2\/pages\/195\/revisions\/666"}],"wp:attachment":[{"href":"https:\/\/agora.xtec.cat\/ies-eugeni-dors\/wp-json\/wp\/v2\/media?parent=195"}],"curies":[{"name":"wp","href":"https:\/\/api.w.org\/{rel}","templated":true}]}}