{"id":1931,"date":"2021-09-27T13:29:43","date_gmt":"2021-09-27T11:29:43","guid":{"rendered":"https:\/\/agora.xtec.cat\/ies-eugeni-dors\/?page_id=1931"},"modified":"2023-06-27T10:57:53","modified_gmt":"2023-06-27T08:57:53","slug":"tecnic-superior-en-tecniques-dactuacio-teatral","status":"publish","type":"page","link":"https:\/\/agora.xtec.cat\/ies-eugeni-dors\/tecnic-superior-en-tecniques-dactuacio-teatral\/","title":{"rendered":"T\u00c8CNIC SUPERIOR EN T\u00c8CNIQUES D&#8217;ACTUACI\u00d3 TEATRAL"},"content":{"rendered":"<table style=\"width: 49.8577%;\">\n<tbody>\n<tr>\n<td style=\"width: 72.6444%;\"><b>Institut Eugeni d\u2019Ors de Badalona<\/b><\/td>\n<td style=\"width: 67.1351%;\"><b>\u00a0<\/b><\/td>\n<\/tr>\n<tr>\n<td style=\"width: 72.6444%;\"><b>CicleFormatiu de Grau Superior en T\u00e8cniques d\u2019Actuaci\u00f3 Teatral<\/b><\/td>\n<td style=\"width: 67.1351%;\"><b><a style=\"color: #2795b6;\" href=\"https:\/\/agora.xtec.cat\/ies-eugeni-dors\/wp-content\/uploads\/usu222\/2023\/06\/Logo-tat-.png\"><img loading=\"lazy\" decoding=\"async\" class=\"aligncenter wp-image-2373\" src=\"https:\/\/agora.xtec.cat\/ies-eugeni-dors\/wp-content\/uploads\/usu222\/2023\/06\/Logo-tat--1024x995.png\" alt=\"\" width=\"117\" height=\"114\" srcset=\"https:\/\/agora.xtec.cat\/ies-eugeni-dors\/wp-content\/uploads\/usu222\/2023\/06\/Logo-tat--1024x995.png 1024w, https:\/\/agora.xtec.cat\/ies-eugeni-dors\/wp-content\/uploads\/usu222\/2023\/06\/Logo-tat--300x292.png 300w, https:\/\/agora.xtec.cat\/ies-eugeni-dors\/wp-content\/uploads\/usu222\/2023\/06\/Logo-tat--768x746.png 768w, https:\/\/agora.xtec.cat\/ies-eugeni-dors\/wp-content\/uploads\/usu222\/2023\/06\/Logo-tat-.png 1280w\" sizes=\"auto, (max-width: 117px) 100vw, 117px\" \/><\/a><br \/>\n<\/b><\/td>\n<\/tr>\n<tr>\n<td style=\"width: 72.6444%;\"><b>PLA D\u2019ESTUDIS<\/b><\/td>\n<td style=\"width: 67.1351%;\"><b>\u00a0<\/b><\/td>\n<\/tr>\n<\/tbody>\n<\/table>\n<p><span style=\"font-weight: 400;\">El CFGS en T\u00e8cniques d\u2019Actuaci\u00f3 Teatral a est\u00e0 reconegut per la Genera<\/span><span style=\"font-weight: 400;\">litat de Catalunya per a formar en diverses t\u00e8cniques d\u2019interpretaci\u00f3, t\u00e8cniques de veu i cant i t\u00e8cniques de moviment, entre d\u2019altres. Amb aquests estudis s\u2019obt\u00e9 el t\u00edtol de t\u00e8cnic o t\u00e8cnica superior <\/span><b>als efectes professionals<\/b><span style=\"font-weight: 400;\"> permet accedir al <\/span><b>m\u00f3n laboral<\/b><span style=\"font-weight: 400;\"> de les arts esc\u00e8niques:<\/span><\/p>\n<ul>\n<li><span style=\"font-weight: 400;\">com a professional aut\u00f2nom o contractat, per actuar en viu o en mitjans audiovisuals<\/span><\/li>\n<li><span style=\"font-weight: 400;\">fer tasques de dinamitzaci\u00f3 basades en l\u2019actuaci\u00f3<\/span><\/li>\n<li><span style=\"font-weight: 400;\">per a preparar en t\u00e8cniques d\u2019expressi\u00f3 i comunicaci\u00f3.<\/span><\/li>\n<\/ul>\n<p>&nbsp;<\/p>\n<p><span style=\"font-weight: 400;\">El Cicle Formatiu te 2000h, 10 m\u00f2duls formatius dividits en dos anys en els que es treballen mat\u00e8ries com l\u2019entrenament actoral, treball d\u2019escenes, t\u00e8cniques de cos i moviment, t\u00e8cniques de veu, cant i dicci\u00f3, tallers de creaci\u00f3, t\u00e8cniques d\u2019expressi\u00f3 i comunicaci\u00f3, tasques de dinamitzaci\u00f3, i un muntatge final de cicle. Tamb\u00e9 comptem amb un m\u00f2dul de pr\u00e0ctiques externes (166h) que es realitza a empreses del sector.<\/span><\/p>\n<p><span style=\"font-weight: 400;\">A l\u2019Eugeni d\u2019Ors posem el focus en el rigor, la creativitat, la qualitat i el comprom\u00eds per a formar els futurs professionals de les arts esc\u00e8niques i comptem amb un professorat especialista amb demostrada experi\u00e8ncia i formaci\u00f3.<\/span><\/p>\n<p>&nbsp;<\/p>\n<p><b>Consulta el nostre web: <a href=\"https:\/\/sites.google.com\/view\/tatescenic\/inici?authuser=0\">WEB GFGS-TAT<\/a><\/b><\/p>\n<p>&nbsp;<\/p>\n<p><b>PLA D\u2019ESTUDIS<\/b><\/p>\n<table>\n<tbody>\n<tr>\n<td><b>M\u00d2DUL PROFESSIONAL<\/b><\/td>\n<td><b>UNITATS FORMATIVES<\/b><\/td>\n<\/tr>\n<tr>\n<td><span style=\"font-weight: 400;\">1. T\u00e8cniques d\u2019interpretaci\u00f3<\/span><\/p>\n<p><span style=\"font-weight: 400;\">Durada: 462 hores<\/span><\/td>\n<td><span style=\"font-weight: 400;\">UF1: An\u00e0lisi i documentaci\u00f3. 66 hores<\/span><\/p>\n<p><span style=\"font-weight: 400;\">UF2: Entrenament actoral. 165 hores<\/span><\/p>\n<p><span style=\"font-weight: 400;\">UF3: T\u00e8cniques d\u2019interpretaci\u00f3. 231 hores<\/span><\/td>\n<\/tr>\n<tr>\n<td><span style=\"font-weight: 400;\">2. T\u00e8cniques de moviment<\/span><\/p>\n<p><span style=\"font-weight: 400;\">Durada: 330 hores<\/span><\/td>\n<td><span style=\"font-weight: 400;\">UF1: Condicionament f\u00edsic teatral. 165 hores<\/span><\/p>\n<p><span style=\"font-weight: 400;\">UF2: Expressi\u00f3 corporal. 132 hores<\/span><\/p>\n<p><span style=\"font-weight: 400;\">UF3: T\u00e8cniques d\u2019escalfament per al moviment. 33 hores<\/span><\/td>\n<\/tr>\n<tr>\n<td><span style=\"font-weight: 400;\">3. T\u00e8cniques de veu i cant<\/span><\/p>\n<p><span style=\"font-weight: 400;\">Durada: 330 hores<\/span><\/td>\n<td><span style=\"font-weight: 400;\">UF1: Entrenament de la veu. 132 hores<\/span><\/p>\n<p><span style=\"font-weight: 400;\">UF2: T\u00e8cnica i expressi\u00f3 vocal. 165 hores<\/span><\/p>\n<p><span style=\"font-weight: 400;\">UF3: T\u00e8cniques d\u2019escalfament de la veu. 33 hores<\/span><\/td>\n<\/tr>\n<tr>\n<td><span style=\"font-weight: 400;\">4. Entrenament en activitats comunicatives<\/span><\/p>\n<p><span style=\"font-weight: 400;\">Durada: 33 hores<\/span><\/td>\n<td><span style=\"font-weight: 400;\">UF1: Entrenament en activitats comunicatives. 33 hores<\/span><\/td>\n<\/tr>\n<tr>\n<td><span style=\"font-weight: 400;\">5. Activitats de dinamitzaci\u00f3<\/span><\/p>\n<p><span style=\"font-weight: 400;\">Durada: 33 hores<\/span><\/td>\n<td><span style=\"font-weight: 400;\">UF1: Activitats de dinamitzaci\u00f3<\/span><\/td>\n<\/tr>\n<tr>\n<td><span style=\"font-weight: 400;\">6. Pr\u00e0ctica esc\u00e8nica<\/span><\/p>\n<p><span style=\"font-weight: 400;\">Durada: 382 hores<\/span><\/td>\n<td><span style=\"font-weight: 400;\">UF1: Treball d\u2019escenes. 99 hores<\/span><\/p>\n<p><span style=\"font-weight: 400;\">UF2: Taller de muntatge esc\u00e8nic o audiovisual. 132 hores<\/span><\/p>\n<p><span style=\"font-weight: 400;\">UF3: Taller o enregistrament amb presentaci\u00f3 final en p\u00fablic. 151 hores<\/span><\/td>\n<\/tr>\n<tr>\n<td><span style=\"font-weight: 400;\">7: Formaci\u00f3 i orientaci\u00f3 laboral<\/span><\/p>\n<p><span style=\"font-weight: 400;\">Durada: 66 hores<\/span><\/td>\n<td><span style=\"font-weight: 400;\">UF1: El marc legal. 22 hores<\/span><\/p>\n<p><span style=\"font-weight: 400;\">UF2: Incorporaci\u00f3 al treball. 22 hores<\/span><\/p>\n<p><span style=\"font-weight: 400;\">UF3: Empresa i iniciativa emprenedora. 22 hores<\/span><\/td>\n<\/tr>\n<tr>\n<td><span style=\"font-weight: 400;\">8: Projecte integrat<\/span><\/p>\n<p><span style=\"font-weight: 400;\">Durada: 66 hores<\/span><\/td>\n<td><span style=\"font-weight: 400;\">UF1: Projecte integrat. 66 hores<\/span><\/td>\n<\/tr>\n<tr>\n<td><span style=\"font-weight: 400;\">9: Pr\u00e0ctiques en empreses, estudis o tallers<\/span><\/p>\n<p><span style=\"font-weight: 400;\">Durada: 166 hores<\/span><\/td>\n<td><span style=\"font-weight: 400;\">Hores de lliure disposici\u00f3: 133 hores<\/span><\/td>\n<\/tr>\n<\/tbody>\n<\/table>\n","protected":false},"excerpt":{"rendered":"<p>Institut Eugeni d\u2019Ors de Badalona<br \/>\n\u00a0<\/p>\n<p>CicleFormatiu de Grau Superior en T\u00e8cniques d\u2019Actuaci\u00f3 Teatral<br \/>\n<a style=\"color: #2795b6;\" href=\"https:\/\/agora.xtec.cat\/ies-eugeni-dors\/wp-content\/uploads\/usu222\/2023\/06\/Logo-tat-.png\"><\/a><\/p>\n<p>PLA D\u2019ESTUDIS<br \/>\n\u00a0<\/p>\n<p>El CFGS en T\u00e8cniques d\u2019Actuaci\u00f3 Teatral a est\u00e0 reconegut per la Generalitat de Catalunya per a formar en diverses t\u00e8cniques d\u2019interpretaci\u00f3, t\u00e8cniques de veu i cant i t\u00e8cniques de moviment,&hellip;  <a href=\"https:\/\/agora.xtec.cat\/ies-eugeni-dors\/tecnic-superior-en-tecniques-dactuacio-teatral\/\" title=\"Read T\u00c8CNIC SUPERIOR EN T\u00c8CNIQUES D&#8217;ACTUACI\u00d3 TEATRAL\">Llegeix m\u00e9s\u00bb<\/a><\/p>\n","protected":false},"author":3,"featured_media":0,"parent":0,"menu_order":0,"comment_status":"closed","ping_status":"closed","template":"","meta":{"_bbp_topic_count":0,"_bbp_reply_count":0,"_bbp_total_topic_count":0,"_bbp_total_reply_count":0,"_bbp_voice_count":0,"_bbp_anonymous_reply_count":0,"_bbp_topic_count_hidden":0,"_bbp_reply_count_hidden":0,"_bbp_forum_subforum_count":0,"footnotes":""},"class_list":["post-1931","page","type-page","status-publish","hentry"],"post_mailing_queue_ids":[],"_links":{"self":[{"href":"https:\/\/agora.xtec.cat\/ies-eugeni-dors\/wp-json\/wp\/v2\/pages\/1931","targetHints":{"allow":["GET"]}}],"collection":[{"href":"https:\/\/agora.xtec.cat\/ies-eugeni-dors\/wp-json\/wp\/v2\/pages"}],"about":[{"href":"https:\/\/agora.xtec.cat\/ies-eugeni-dors\/wp-json\/wp\/v2\/types\/page"}],"author":[{"embeddable":true,"href":"https:\/\/agora.xtec.cat\/ies-eugeni-dors\/wp-json\/wp\/v2\/users\/3"}],"replies":[{"embeddable":true,"href":"https:\/\/agora.xtec.cat\/ies-eugeni-dors\/wp-json\/wp\/v2\/comments?post=1931"}],"version-history":[{"count":4,"href":"https:\/\/agora.xtec.cat\/ies-eugeni-dors\/wp-json\/wp\/v2\/pages\/1931\/revisions"}],"predecessor-version":[{"id":2375,"href":"https:\/\/agora.xtec.cat\/ies-eugeni-dors\/wp-json\/wp\/v2\/pages\/1931\/revisions\/2375"}],"wp:attachment":[{"href":"https:\/\/agora.xtec.cat\/ies-eugeni-dors\/wp-json\/wp\/v2\/media?parent=1931"}],"curies":[{"name":"wp","href":"https:\/\/api.w.org\/{rel}","templated":true}]}}