{"id":633,"date":"2016-07-20T13:54:26","date_gmt":"2016-07-20T12:54:26","guid":{"rendered":"http:\/\/agora.xtec.cat\/ies-euclides\/?page_id=633"},"modified":"2026-03-26T11:36:10","modified_gmt":"2026-03-26T10:36:10","slug":"pfi","status":"publish","type":"page","link":"https:\/\/agora.xtec.cat\/ies-euclides\/estudis\/pfi\/","title":{"rendered":"PFI"},"content":{"rendered":"<p>El nostre centre imparteix un Programa de Formaci\u00f3 Inicial de la fam\u00edlia Auxiliar d&#8217;Obres interiors i Pintura.<\/p>\n<p><a href=\"https:\/\/agora.xtec.cat\/ies-euclides\/wp-content\/uploads\/usu492\/2026\/03\/Logo-dInstitut-Euclides-PFI.png\"><img loading=\"lazy\" decoding=\"async\" class=\"aligncenter  wp-image-6360\" src=\"https:\/\/agora.xtec.cat\/ies-euclides\/wp-content\/uploads\/usu492\/2026\/03\/Logo-dInstitut-Euclides-PFI.png\" alt=\"\" width=\"416\" height=\"416\" srcset=\"https:\/\/agora.xtec.cat\/ies-euclides\/wp-content\/uploads\/usu492\/2026\/03\/Logo-dInstitut-Euclides-PFI.png 1024w, https:\/\/agora.xtec.cat\/ies-euclides\/wp-content\/uploads\/usu492\/2026\/03\/Logo-dInstitut-Euclides-PFI-300x300.png 300w, https:\/\/agora.xtec.cat\/ies-euclides\/wp-content\/uploads\/usu492\/2026\/03\/Logo-dInstitut-Euclides-PFI-150x150.png 150w, https:\/\/agora.xtec.cat\/ies-euclides\/wp-content\/uploads\/usu492\/2026\/03\/Logo-dInstitut-Euclides-PFI-768x768.png 768w\" sizes=\"auto, (max-width: 416px) 100vw, 416px\" \/><\/a><\/p>\n<p><strong>Adre\u00e7at a:<\/strong><\/p>\n<p>Els PFI s&#8217;adrecen a joves d&#8217;entre 16 i 21 anys que no han finalitzat l&#8217;Educaci\u00f3 Secund\u00e0ria Obligat\u00f2ria. S\u00f3n estudis voluntaris i la seva durada \u00e9s d&#8217;un curs acad\u00e8mic (1.000 hores).<\/p>\n<p><strong>Objectius:<\/strong><\/p>\n<ul>\n<li>Proporcionar formaci\u00f3 professional elemental, que faciliti la incorporaci\u00f3 en un sector professional.<\/li>\n<li>Desenvolupar actituds i compet\u00e8ncies que contribueixin al creixement personal i facilitin una inserci\u00f3 social i laboral satisfact\u00f2ria.<\/li>\n<li>Ampliar compet\u00e8ncies b\u00e0siques per afavorir la continu\u00eftat educativa i la formaci\u00f3 al llarg de la vida.<\/li>\n<\/ul>\n<p><strong>Continguts:<\/strong><\/p>\n<p>M\u00f2duls de formaci\u00f3 professional (inclouen 200 hores d\u2019estada formativa a l\u2019empresa)<\/p>\n<ul>\n<li>Enguixats i Lliscats<\/li>\n<li>Pintura i Empaperat<\/li>\n<li>Revestiments i Reforma B\u00e0sica d&#8217;Edificis<\/li>\n<li>Formaci\u00f3 B\u00e0sica en Prevenci\u00f3 de Riscos Laborals<\/li>\n<li>Projecte<\/li>\n<\/ul>\n<p>M\u00f2duls de formaci\u00f3 general<\/p>\n<ul>\n<li>Estrat\u00e8gies i Eines de Comunicaci\u00f3<\/li>\n<li>Entorn Social i Territorial<\/li>\n<li>Estrat\u00e8gies i Eines Matem\u00e0tiques<\/li>\n<li>Incorporaci\u00f3 al M\u00f3n Professional<\/li>\n<\/ul>\n<p>Tutoria, seguiment i orientaci\u00f3 personalitzada<\/p>\n<p><strong>Durada:<\/strong><\/p>\n<p>Aquests estudis capaciten per dur a terme tasques auxiliars en obres de construcci\u00f3 nova, rehabilitaci\u00f3 i reforma, col\u00b7laborant en l&#8217;execuci\u00f3 de diferents tipus de revestiments, trasdossats i treballs de pintura i empaperat. Tenen <strong>una durada total de 1.000 hores<\/strong>, en un curs acad\u00e8mic.<\/p>\n<p><strong>Certificaci\u00f3:<\/strong><\/p>\n<ul>\n<li>Certificat acad\u00e8mic i professional, que cont\u00e9 la qualificaci\u00f3 final obtinguda en el PFI i acredita les compet\u00e8ncies professionals assolides.<\/li>\n<li>Acc\u00e9s als cicles formatius de grau mitj\u00e0,\u00a0d\u2019acord\u00a0amb la Resoluci\u00f3 EDF\/4245\/2024, de 26 de novembre.<\/li>\n<li>Reconeixement dels m\u00f2duls professionals superats en el PFI per a l&#8217;obtenci\u00f3 del t\u00edtol professional b\u00e0sic associat al perfil.<\/li>\n<li>Certificat de professionalitat que emet l&#8217;Administraci\u00f3 laboral si s&#8217;acrediten tots els m\u00f2duls necessaris.<\/li>\n<li>Acc\u00e9s als centres de formaci\u00f3 d&#8217;adults per obtenir el graduat en educaci\u00f3 secund\u00e0ria obligat\u00f2ria (GESO), sense complir el requisit de tenir 18 anys.<\/li>\n<\/ul>\n<p>Per m\u00e9s informaci\u00f3: <a href=\"https:\/\/triaeducativa.gencat.cat\/ca\/fp\/pfi\/\">enlla\u00e7<\/a><\/p>\n<p><a href=\"https:\/\/drive.google.com\/file\/d\/1_6CtMYYDGRN3mfkHtofXaA2RAoLcJ9tA\/view?usp=sharing\">Tr\u00edptic explicatiu<\/a><\/p>\n<p><a href=\"https:\/\/agora.xtec.cat\/ies-euclides\/wp-content\/uploads\/usu492\/2026\/03\/ESLOGAN-PFI-EUCLIDES.png\"><img loading=\"lazy\" decoding=\"async\" class=\"aligncenter  wp-image-6362\" src=\"https:\/\/agora.xtec.cat\/ies-euclides\/wp-content\/uploads\/usu492\/2026\/03\/ESLOGAN-PFI-EUCLIDES.png\" alt=\"\" width=\"422\" height=\"422\" srcset=\"https:\/\/agora.xtec.cat\/ies-euclides\/wp-content\/uploads\/usu492\/2026\/03\/ESLOGAN-PFI-EUCLIDES.png 1024w, https:\/\/agora.xtec.cat\/ies-euclides\/wp-content\/uploads\/usu492\/2026\/03\/ESLOGAN-PFI-EUCLIDES-300x300.png 300w, https:\/\/agora.xtec.cat\/ies-euclides\/wp-content\/uploads\/usu492\/2026\/03\/ESLOGAN-PFI-EUCLIDES-150x150.png 150w, https:\/\/agora.xtec.cat\/ies-euclides\/wp-content\/uploads\/usu492\/2026\/03\/ESLOGAN-PFI-EUCLIDES-768x768.png 768w\" sizes=\"auto, (max-width: 422px) 100vw, 422px\" \/><\/a><\/p>\n<p><!--a=1--><\/p>\n<p><!--a=1--><!--a=1--><\/p>\n","protected":false},"excerpt":{"rendered":"<p>El nostre centre imparteix un Programa de Formaci\u00f3 Inicial de la fam\u00edlia Auxiliar d&#8217;Obres interiors i Pintura.<br \/>\n<a href=\"https:\/\/agora.xtec.cat\/ies-euclides\/wp-content\/uploads\/usu492\/2026\/03\/Logo-dInstitut-Euclides-PFI.png\"><\/a><br \/>\nAdre\u00e7at a:<br \/>\nEls PFI s&#8217;adrecen a joves d&#8217;entre 16 i 21 anys que no han finalitzat l&#8217;Educaci\u00f3 Secund\u00e0ria Obligat\u00f2ria. S\u00f3n estudis voluntaris i la seva durada \u00e9s d&#8217;un curs&hellip;  <a href=\"https:\/\/agora.xtec.cat\/ies-euclides\/estudis\/pfi\/\" title=\"Read PFI\">Llegeix m\u00e9s\u00bb<\/a><\/p>\n","protected":false},"author":1,"featured_media":0,"parent":195,"menu_order":0,"comment_status":"closed","ping_status":"closed","template":"","meta":{"_bbp_topic_count":0,"_bbp_reply_count":0,"_bbp_total_topic_count":0,"_bbp_total_reply_count":0,"_bbp_voice_count":0,"_bbp_anonymous_reply_count":0,"_bbp_topic_count_hidden":0,"_bbp_reply_count_hidden":0,"_bbp_forum_subforum_count":0,"footnotes":""},"class_list":["post-633","page","type-page","status-publish","hentry"],"post_mailing_queue_ids":[],"_links":{"self":[{"href":"https:\/\/agora.xtec.cat\/ies-euclides\/wp-json\/wp\/v2\/pages\/633","targetHints":{"allow":["GET"]}}],"collection":[{"href":"https:\/\/agora.xtec.cat\/ies-euclides\/wp-json\/wp\/v2\/pages"}],"about":[{"href":"https:\/\/agora.xtec.cat\/ies-euclides\/wp-json\/wp\/v2\/types\/page"}],"author":[{"embeddable":true,"href":"https:\/\/agora.xtec.cat\/ies-euclides\/wp-json\/wp\/v2\/users\/1"}],"replies":[{"embeddable":true,"href":"https:\/\/agora.xtec.cat\/ies-euclides\/wp-json\/wp\/v2\/comments?post=633"}],"version-history":[{"count":6,"href":"https:\/\/agora.xtec.cat\/ies-euclides\/wp-json\/wp\/v2\/pages\/633\/revisions"}],"predecessor-version":[{"id":6363,"href":"https:\/\/agora.xtec.cat\/ies-euclides\/wp-json\/wp\/v2\/pages\/633\/revisions\/6363"}],"up":[{"embeddable":true,"href":"https:\/\/agora.xtec.cat\/ies-euclides\/wp-json\/wp\/v2\/pages\/195"}],"wp:attachment":[{"href":"https:\/\/agora.xtec.cat\/ies-euclides\/wp-json\/wp\/v2\/media?parent=633"}],"curies":[{"name":"wp","href":"https:\/\/api.w.org\/{rel}","templated":true}]}}