{"id":631,"date":"2016-07-20T13:54:09","date_gmt":"2016-07-20T12:54:09","guid":{"rendered":"http:\/\/agora.xtec.cat\/ies-euclides\/?page_id=631"},"modified":"2026-02-03T12:22:40","modified_gmt":"2026-02-03T11:22:40","slug":"batxillerat","status":"publish","type":"page","link":"https:\/\/agora.xtec.cat\/ies-euclides\/estudis\/batxillerat\/","title":{"rendered":"Batxillerat"},"content":{"rendered":"<p>L&#8217;institut Euclides imparteix les seg\u00fcents modalitats de batxillerat:<\/p>\n<ul>\n<li><strong>Arts Pl\u00e0stiques, Imatge i Disseny<\/strong>. El Batxillerat d&#8217;Arts est\u00e0 recomanat per a estudiants amb inter\u00e8s en l&#8217;\u00e0mbit audiovisual, el disseny o la publicitat.<\/li>\n<li><strong>Ci\u00e8ncies i Tecnologia<\/strong>. Aquesta modalitat s&#8217;adre\u00e7a a alumnes interessats en les matem\u00e0tiques i les ci\u00e8ncies experimentals (F\u00edsica, Qu\u00edmica, Biologia o Geologia), pel m\u00f3n biosanitari i per l&#8217;\u00e0mbit dels processos tecnol\u00f2gics, inform\u00e0tica, telecomunicacions i arquitectura.<\/li>\n<li><strong>Humanitats i Ci\u00e8ncies Socials<\/strong>. \u00c9s la modalitat m\u00e9s adient pels estudiants que tenen inquietuds relacionades amb els estudis ling\u00fc\u00edstics i literaris, la filosofia, les ci\u00e8ncies socials, jur\u00eddiques, pol\u00edtiques i econ\u00f2miques o el turisme.<\/li>\n<\/ul>\n<p>Els ensenyaments s&#8217;organitzen en dos cursos acad\u00e8mics amb el seg\u00fcent curr\u00edculum:<\/p>\n<p style=\"text-align: center;\">1r batxillerat<\/p>\n<p><a href=\"https:\/\/agora.xtec.cat\/ies-euclides\/wp-content\/uploads\/usu492\/2026\/02\/1-batx.jpg\"><img loading=\"lazy\" decoding=\"async\" class=\"aligncenter size-full wp-image-6255\" src=\"https:\/\/agora.xtec.cat\/ies-euclides\/wp-content\/uploads\/usu492\/2026\/02\/1-batx.jpg\" alt=\"\" width=\"699\" height=\"644\" srcset=\"https:\/\/agora.xtec.cat\/ies-euclides\/wp-content\/uploads\/usu492\/2026\/02\/1-batx.jpg 699w, https:\/\/agora.xtec.cat\/ies-euclides\/wp-content\/uploads\/usu492\/2026\/02\/1-batx-300x276.jpg 300w\" sizes=\"auto, (max-width: 699px) 100vw, 699px\" \/><\/a><a href=\"https:\/\/agora.xtec.cat\/ies-euclides\/wp-content\/uploads\/usu492\/2024\/01\/curriculum-1batx.jpg\"><\/p>\n<p><\/a><\/p>\n<p style=\"text-align: center;\">2n batxillerat<\/p>\n<p><a href=\"https:\/\/agora.xtec.cat\/ies-euclides\/wp-content\/uploads\/usu492\/2026\/02\/2n-batx.jpg\"><img loading=\"lazy\" decoding=\"async\" class=\"aligncenter size-full wp-image-6256\" src=\"https:\/\/agora.xtec.cat\/ies-euclides\/wp-content\/uploads\/usu492\/2026\/02\/2n-batx.jpg\" alt=\"\" width=\"699\" height=\"644\" srcset=\"https:\/\/agora.xtec.cat\/ies-euclides\/wp-content\/uploads\/usu492\/2026\/02\/2n-batx.jpg 699w, https:\/\/agora.xtec.cat\/ies-euclides\/wp-content\/uploads\/usu492\/2026\/02\/2n-batx-300x276.jpg 300w\" sizes=\"auto, (max-width: 699px) 100vw, 699px\" \/><\/a><\/p>\n<p>&nbsp;<\/p>\n","protected":false},"excerpt":{"rendered":"<p>L&#8217;institut Euclides imparteix les seg\u00fcents modalitats de batxillerat:<\/p>\n<ul>\n<li>Arts Pl\u00e0stiques, Imatge i Disseny. El Batxillerat d&#8217;Arts est\u00e0 recomanat per a estudiants amb inter\u00e8s en l&#8217;\u00e0mbit audiovisual, el disseny o la publicitat.<\/li>\n<li>Ci\u00e8ncies i Tecnologia. Aquesta modalitat s&#8217;adre\u00e7a a alumnes interessats en les matem\u00e0tiques i les ci\u00e8ncies experimentals&hellip;  <a href=\"https:\/\/agora.xtec.cat\/ies-euclides\/estudis\/batxillerat\/\" title=\"Read Batxillerat\">Llegeix m\u00e9s\u00bb<\/a><br \/>\n","protected":false},"author":1,"featured_media":0,"parent":195,"menu_order":0,"comment_status":"closed","ping_status":"closed","template":"","meta":{"_bbp_topic_count":0,"_bbp_reply_count":0,"_bbp_total_topic_count":0,"_bbp_total_reply_count":0,"_bbp_voice_count":0,"_bbp_anonymous_reply_count":0,"_bbp_topic_count_hidden":0,"_bbp_reply_count_hidden":0,"_bbp_forum_subforum_count":0,"footnotes":""},"class_list":["post-631","page","type-page","status-publish","hentry"],"post_mailing_queue_ids":[],"_links":{"self":[{"href":"https:\/\/agora.xtec.cat\/ies-euclides\/wp-json\/wp\/v2\/pages\/631","targetHints":{"allow":["GET"]}}],"collection":[{"href":"https:\/\/agora.xtec.cat\/ies-euclides\/wp-json\/wp\/v2\/pages"}],"about":[{"href":"https:\/\/agora.xtec.cat\/ies-euclides\/wp-json\/wp\/v2\/types\/page"}],"author":[{"embeddable":true,"href":"https:\/\/agora.xtec.cat\/ies-euclides\/wp-json\/wp\/v2\/users\/1"}],"replies":[{"embeddable":true,"href":"https:\/\/agora.xtec.cat\/ies-euclides\/wp-json\/wp\/v2\/comments?post=631"}],"version-history":[{"count":5,"href":"https:\/\/agora.xtec.cat\/ies-euclides\/wp-json\/wp\/v2\/pages\/631\/revisions"}],"predecessor-version":[{"id":6257,"href":"https:\/\/agora.xtec.cat\/ies-euclides\/wp-json\/wp\/v2\/pages\/631\/revisions\/6257"}],"up":[{"embeddable":true,"href":"https:\/\/agora.xtec.cat\/ies-euclides\/wp-json\/wp\/v2\/pages\/195"}],"wp:attachment":[{"href":"https:\/\/agora.xtec.cat\/ies-euclides\/wp-json\/wp\/v2\/media?parent=631"}],"curies":[{"name":"wp","href":"https:\/\/api.w.org\/{rel}","templated":true}]}}