{"id":5306,"date":"2024-03-20T14:34:53","date_gmt":"2024-03-20T13:34:53","guid":{"rendered":"https:\/\/agora.xtec.cat\/ies-euclides\/?page_id=5306"},"modified":"2024-03-20T14:34:53","modified_gmt":"2024-03-20T13:34:53","slug":"biblioteca-de-les-coses-2","status":"publish","type":"page","link":"https:\/\/agora.xtec.cat\/ies-euclides\/biblioteca-de-les-coses-2\/","title":{"rendered":"Biblioteca de les coses"},"content":{"rendered":"<h4><strong>QU\u00c8 \u00c9S LA BIBLIOTECA DE LES COSES?<\/strong><\/h4>\n<p>La biblioteca de les coses <strong>funciona com una biblioteca de llibres, per\u00f2 en comptes de llibres el que s\u2019agafa en pr\u00e9stec s\u00f3n objectes que s\u00f3n en general d\u2019\u00fas puntual i espor\u00e0dic. <\/strong><\/p>\n<p>\u00c9s un espai <strong>obert a tota la poblaci\u00f3<\/strong> on oferim objectes en pr\u00e9stec per tal de donar-los una segona oportunitat.<\/p>\n<p>La biblioteca de les coses \u00e9s un <strong>projecte obert al barri, al municipi i <\/strong>\u00a0<strong>a tothom<\/strong> qui vulgui agafar en pr\u00e9stec qualsevol objecte que necessiti.\u00a0 <strong>No tot \u00e9s comprar<\/strong>;\u00a0 tamb\u00e9 \u00e9s\u00a0 important\u00a0 <strong>\u00a0compartir<\/strong> i poder <strong>donar un segon \u00fas a les coses<\/strong> que ja no fem servir.<\/p>\n<p>Els alumnes de 4t d\u2019emprenedoria del curs passat van fer el logo, els cartells de difusi\u00f3, detecci\u00f3 de necessitats i una enquesta de quins objectes hi podia haver. Tamb\u00e9 van visitar la <strong>Biblioteca de les coses de Sant Mart\u00ed de Barcelona, que ens ha donat molt suport i ens ha servit com a model. <\/strong><\/p>\n<p>Els alumnes del projecte Est\u00edmul de l&#8217;Institut Euclides de Pineda de Mar han fet <strong>les fitxes d\u2019alta\u00a0 dels usuaris i les fitxes de donacions definitives; han codificat els objectes per categories\u00a0 i han prepart <a href=\"https:\/\/drive.google.com\/open?id=1wr-nMTdvx8bA1fkYRvy_m5aq05gC9x1Q&amp;usp=drive_fs\">el cat\u00e0leg. <\/a><\/strong><\/p>\n<p>&nbsp;<\/p>\n<h4><strong>COM FUNCIONA<\/strong><\/h4>\n<ol>\n<li>Esculls l&#8217;objecte que necessites. Pots consultar pr\u00e8viament el <a href=\"https:\/\/drive.google.com\/open?id=1wr-nMTdvx8bA1fkYRvy_m5aq05gC9x1Q&amp;usp=drive_fs\">cat\u00e0leg<\/a>.<\/li>\n<li>Omples la fitxa d\u2019usuari.<\/li>\n<li>Revises que l\u2019objecte estigui en bon estat.<\/li>\n<li>Pagues 1 \u20ac o si \u00e9s un objecte nou o de m\u00e9s valor, deixes 10\u202f\u20ac de fian\u00e7a, que es recupera quan es torna l\u2019objecte.<\/li>\n<li>Retornes l\u2019objecte, a la data acordada amb la possibilitat d\u2019allargar-la.<\/li>\n<\/ol>\n<p><strong>La fian\u00e7a es retorna, per\u00f2 l\u2019euro queda en dip\u00f2sit per comprar objectes nous o per fer el manteniment o reparacions dels objectes.<\/strong><\/p>\n<h2><a href=\"https:\/\/drive.google.com\/open?id=1wr-nMTdvx8bA1fkYRvy_m5aq05gC9x1Q&amp;usp=drive_fs\"><strong>CAT\u00c0LEG D&#8217;OBJECTES DE LA BIBLIOTECA DE LES COSES<\/strong><\/a><\/h2>\n<p>&nbsp;<\/p>\n<h4><strong>SERVEI DE PR\u00c9STEC<\/strong><\/h4>\n<p>L\u2019horari de servei de pr\u00e9stec:<\/p>\n<ul>\n<li>els dimarts a la tarda de 15.40 a 17.40<\/li>\n<li>i els dimecres de 10.20h a 12.20h ( aprofitem el dimecres que \u00e9s el dia del mercat).<\/li>\n<\/ul>\n<p><strong>El pr\u00e9stec el fan els alumnes de 4t del programa Est\u00edmul en el marc de servei comunitari<\/strong>.<\/p>\n<p><strong>QU\u00c8 PASSA SI ALG\u00da NO POT VENIR ELS DIES QUE EL SERVEI EST\u00c0 OBERT???<\/strong> Es pot \u00a0enviar un correu especificant l&#8217;objecte que volen agafar en pr\u00e9stec a bibliotecadelescoses@euclides.cat i nosaltres el preparem perqu\u00e8 el puguin venir a buscar sempre dins de l\u2019horari que el centre est\u00e0 obert.<\/p>\n<h4><\/h4>\n<h4><strong>D&#8217;ON HEM TRET AQUESTS OBJECTES?<\/strong><\/h4>\n<ol>\n<li>De donacions. N\u2019hem tingut de professorat, fam\u00edlies i ve\u00efns i ve\u00efnes del barri.<\/li>\n<li>N\u2019hem comprat de nous amb una subvenci\u00f3 del CONSORCI DE RESIDUS DEL MARESME.<\/li>\n<\/ol>\n<p>Tamb\u00e9 tenim un <strong>instagram<\/strong> on hi estem pujant tota la informaci\u00f3 i on hem comen\u00e7at a penjar els objectes classificats per categories, per\u00f2 encara no hi s\u00f3n tots. M\u00e9s endavant, tamb\u00e9 es podr\u00e0 fer la reserva dels objectes per l&#8217;instagram.<\/p>\n<p>&nbsp;<\/p>\n<p>&nbsp;<\/p>\n<p>&nbsp;<\/p>\n<p>&nbsp;<\/p>\n<p><strong>\u00a0<\/strong><\/p>\n<p><strong>\u00a0<\/strong><\/p>\n<p>&nbsp;<\/p>\n","protected":false},"excerpt":{"rendered":"<p>QU\u00c8 \u00c9S LA BIBLIOTECA DE LES COSES?<br \/>\nLa biblioteca de les coses funciona com una biblioteca de llibres, per\u00f2 en comptes de llibres el que s\u2019agafa en pr\u00e9stec s\u00f3n objectes que s\u00f3n en general d\u2019\u00fas puntual i espor\u00e0dic.<br \/>\n\u00c9s un espai obert a tota la poblaci\u00f3&hellip;  <a href=\"https:\/\/agora.xtec.cat\/ies-euclides\/biblioteca-de-les-coses-2\/\" title=\"Read Biblioteca de les coses\">Llegeix m\u00e9s\u00bb<\/a><\/p>\n","protected":false},"author":1,"featured_media":0,"parent":0,"menu_order":0,"comment_status":"closed","ping_status":"closed","template":"","meta":{"_bbp_topic_count":0,"_bbp_reply_count":0,"_bbp_total_topic_count":0,"_bbp_total_reply_count":0,"_bbp_voice_count":0,"_bbp_anonymous_reply_count":0,"_bbp_topic_count_hidden":0,"_bbp_reply_count_hidden":0,"_bbp_forum_subforum_count":0,"footnotes":""},"class_list":["post-5306","page","type-page","status-publish","hentry"],"post_mailing_queue_ids":[],"_links":{"self":[{"href":"https:\/\/agora.xtec.cat\/ies-euclides\/wp-json\/wp\/v2\/pages\/5306","targetHints":{"allow":["GET"]}}],"collection":[{"href":"https:\/\/agora.xtec.cat\/ies-euclides\/wp-json\/wp\/v2\/pages"}],"about":[{"href":"https:\/\/agora.xtec.cat\/ies-euclides\/wp-json\/wp\/v2\/types\/page"}],"author":[{"embeddable":true,"href":"https:\/\/agora.xtec.cat\/ies-euclides\/wp-json\/wp\/v2\/users\/1"}],"replies":[{"embeddable":true,"href":"https:\/\/agora.xtec.cat\/ies-euclides\/wp-json\/wp\/v2\/comments?post=5306"}],"version-history":[{"count":1,"href":"https:\/\/agora.xtec.cat\/ies-euclides\/wp-json\/wp\/v2\/pages\/5306\/revisions"}],"predecessor-version":[{"id":5307,"href":"https:\/\/agora.xtec.cat\/ies-euclides\/wp-json\/wp\/v2\/pages\/5306\/revisions\/5307"}],"wp:attachment":[{"href":"https:\/\/agora.xtec.cat\/ies-euclides\/wp-json\/wp\/v2\/media?parent=5306"}],"curies":[{"name":"wp","href":"https:\/\/api.w.org\/{rel}","templated":true}]}}