{"id":413,"date":"2016-02-24T12:58:17","date_gmt":"2016-02-24T11:58:17","guid":{"rendered":"http:\/\/agora.xtec.cat\/ies-euclides\/?page_id=413"},"modified":"2016-02-26T10:28:04","modified_gmt":"2016-02-26T09:28:04","slug":"objectius-deuclides-tv","status":"publish","type":"page","link":"https:\/\/agora.xtec.cat\/ies-euclides\/objectius-deuclides-tv\/","title":{"rendered":"Objectius d&#8217;Euclides TV"},"content":{"rendered":"<p>El projecte t\u00e9 com a objectius:<\/p>\n<ul>\n<li>Formar l\u2019alumnat en el seu esperit cr\u00edtic.<\/li>\n<li>Fomentar l\u2019aprenentatge significatiu.<\/li>\n<li>Utilitzar metodologies globalitzadores.<\/li>\n<li>Fomentar, implementar i potenciar el treball en grups cooperatius.<\/li>\n<li>Responsabilitzar l\u2019alumnat del seu propi aprenentatge.<\/li>\n<li>Obrir el centre a la comunitat educativa.<\/li>\n<li>Potenciar la incorporaci\u00f3 del llenguatge audiovisual i multim\u00e8dia en totes les \u00e0rees.<\/li>\n<li>Finalment pretenem potenciar la compet\u00e8ncia social i ciutadana, elaborant i analitzant productes audiovisuals televisius, per millorar la capacitat per entendre la realitat social en qu\u00e8 vivim, afrontar la conviv\u00e8ncia i els conflictes utilitzant un sentit \u00e8tic basat en els valors i pr\u00e0ctiques democr\u00e0tiques, i exercir la ciutadania actuant amb criteri propi, contribuint a la construcci\u00f3 de la pau, mantenint una actitud constructiva, solid\u00e0ria i responsable complint amb els deures c\u00edvics i ciutadans.<\/li>\n<\/ul>\n<p>Per facilitar les gravacions disposem d\u2019un plat\u00f3 de televisi\u00f3 i d\u2019un bloc din\u00e0mic en el qual es mostren tots els audiovisuals generats des de totes les \u00e0rees i des de tots els nivells d\u2019ESO i Batxillerat: http:\/\/euclidestv.wordpress.com\/. Al mateix temps hem aconseguit un conveni amb l\u2019Ajuntament de Pineda de Mar que inclou la col\u00b7laboraci\u00f3 per a generar audiovisuals per a campanyes c\u00edviques i donar cobertura a not\u00edcies del poble. Tamb\u00e9 disposem d\u2019un conveni amb Maresme Digital, emissora de televisi\u00f3 comarcal, que ens permet tenir un espai de 30 minuts mensuals per als quals realitzem un programa en format magaz\u00edn anomenat Ter\u00e0pia de Xock.<\/p>\n","protected":false},"excerpt":{"rendered":"<p>El projecte t\u00e9 com a objectius:<\/p>\n<ul>\n<li>Formar l\u2019alumnat en el seu esperit cr\u00edtic.<\/li>\n<li>Fomentar l\u2019aprenentatge significatiu.<\/li>\n<li>Utilitzar metodologies globalitzadores.<\/li>\n<li>Fomentar, implementar i potenciar el treball en grups cooperatius.<\/li>\n<li>Responsabilitzar l\u2019alumnat del seu propi aprenentatge.<\/li>\n<li>Obrir el centre a la comunitat educativa.<\/li>\n<li>Potenciar la incorporaci\u00f3 del llenguatge audiovisual i multim\u00e8dia en totes les&hellip;  <a href=\"https:\/\/agora.xtec.cat\/ies-euclides\/objectius-deuclides-tv\/\" title=\"Read Objectius d&#8217;Euclides TV\">Llegeix m\u00e9s\u00bb<\/a><br \/>\n","protected":false},"author":1,"featured_media":0,"parent":0,"menu_order":0,"comment_status":"closed","ping_status":"closed","template":"","meta":{"_bbp_topic_count":0,"_bbp_reply_count":0,"_bbp_total_topic_count":0,"_bbp_total_reply_count":0,"_bbp_voice_count":0,"_bbp_anonymous_reply_count":0,"_bbp_topic_count_hidden":0,"_bbp_reply_count_hidden":0,"_bbp_forum_subforum_count":0,"footnotes":""},"class_list":["post-413","page","type-page","status-publish","hentry"],"post_mailing_queue_ids":[],"_links":{"self":[{"href":"https:\/\/agora.xtec.cat\/ies-euclides\/wp-json\/wp\/v2\/pages\/413","targetHints":{"allow":["GET"]}}],"collection":[{"href":"https:\/\/agora.xtec.cat\/ies-euclides\/wp-json\/wp\/v2\/pages"}],"about":[{"href":"https:\/\/agora.xtec.cat\/ies-euclides\/wp-json\/wp\/v2\/types\/page"}],"author":[{"embeddable":true,"href":"https:\/\/agora.xtec.cat\/ies-euclides\/wp-json\/wp\/v2\/users\/1"}],"replies":[{"embeddable":true,"href":"https:\/\/agora.xtec.cat\/ies-euclides\/wp-json\/wp\/v2\/comments?post=413"}],"version-history":[{"count":1,"href":"https:\/\/agora.xtec.cat\/ies-euclides\/wp-json\/wp\/v2\/pages\/413\/revisions"}],"predecessor-version":[{"id":414,"href":"https:\/\/agora.xtec.cat\/ies-euclides\/wp-json\/wp\/v2\/pages\/413\/revisions\/414"}],"wp:attachment":[{"href":"https:\/\/agora.xtec.cat\/ies-euclides\/wp-json\/wp\/v2\/media?parent=413"}],"curies":[{"name":"wp","href":"https:\/\/api.w.org\/{rel}","templated":true}]}}