{"id":27,"date":"2014-09-17T16:24:03","date_gmt":"2014-09-17T16:24:03","guid":{"rendered":"http:\/\/agora.xtec.cat\/ies-euclides\/?page_id=27"},"modified":"2015-11-18T13:43:07","modified_gmt":"2015-11-18T12:43:07","slug":"historia","status":"publish","type":"page","link":"https:\/\/agora.xtec.cat\/ies-euclides\/linstitut\/historia\/","title":{"rendered":"Hist\u00f2ria"},"content":{"rendered":"<p>Comencem com cal: primer les presentacions; el nom del \u201cteu\u201d institut \u00e9s Euclides. Aquest nom fa refer\u00e8ncia al matem\u00e0tic grec que va viure aproximadament cap a l\u2019any 300 aC. Aquest <em>savi <\/em>\u00a0estudi\u00e0 probablement a Atenes i resid\u00ed a Alexandria, on fund\u00e0 una escola matem\u00e0tica. Desenvolup\u00e0 les seves teories en els <em>Elements<\/em>, en 13 volums. Don\u00e0 un tractament l\u00f2gic a la geometria i la dot\u00e0 d&#8217;un cos d&#8217;axiomes i de postulats que feren que fos considerada l&#8217;\u00fanica geometria possible durant 19 segles. Estudi\u00e0 les fraccions i les proporcions i enunci\u00e0 una teoria dels nombres. Escriv\u00ed, tamb\u00e9, sobre m\u00fasica, astronomia i geometria esf\u00e8rica, i desenvolup\u00e0 els principis de l&#8217;\u00f2ptica geom\u00e8trica.<\/p>\n<p>L\u2019Institut va comen\u00e7ar la seva activitat el setembre del 1997 i ha esdevingut amb el pas del temps un centre totalment consolidat que presenta un ventall d\u2019ofertes acad\u00e8miques prou ampli. Aix\u00ed, el nostre centre imparteix estudis d\u2019Educaci\u00f3\u00a0 Secund\u00e0ria Obligat\u00f2ria (ESO) i Batxillerat. Som l\u2019\u00fanic centre p\u00fablic de l\u2019Alt Maresme en el qual es poden seguir totes les modalitats: Arts Pl\u00e0stiques, Tecnologia,\u00a0 Ci\u00e8ncies de la Naturalesa i de la Salut, Humanitats i Ci\u00e8ncies Socials. Aquest curs el centre disposa de tres grups a 1r d\u2019ESO, quatre grups a 2n i 3r d\u2019ESO, tres a 4t d\u2019ESO, tres a 1r de batxillerat i tres a 2n, assegurant, per tant, una matr\u00edcula suficient que garanteix poder assumir la demanda en instituts p\u00fablics per part dels joves de la poblaci\u00f3 de Pineda i la de l\u2019Alt Maresme. Aix\u00f2\u00a0 suposa uns 600 alumnes i al voltant de 46 professors\/es.<\/p>\n<p>L\u2019institut Euclides compta a totes les aules amb pissarres digitals interactives i connectivitat wi-fi;\u00a0 comptem, tamb\u00e9, amb Euclides TV, pensada per integrar els mitjans audiovisuals a la nostra pr\u00e0ctica educativa i amb un Programa de Formaci\u00f3 Inicial (PFI) d\u2019Auxiliar de Pintura. A m\u00e9s, continuarem desenvolupant els altres projectes que ja estem duent a terme els darrers cursos: el Servei de Mediaci\u00f3 Escolar, que t\u00e9 com a objectiu formar en la conviv\u00e8ncia fomentant les relacions positives i la resoluci\u00f3 pac\u00edfica de conflictes en el si del nostre centre, el Projecte d\u2019Atenci\u00f3 a la Diversitat <em>AVANT<\/em>, el de Dinamitzaci\u00f3 de l\u2019\u00fas de la Biblioteca i el Pla de lectura per a tot el centre, dins del Pla d\u2019impuls a la lectura, i seguirem amb el Servei comunitari.<\/p>\n<p>Pel que fa a\u00a0 les instal\u00b7lacions\u00a0 volem destacar: les Pistes i el Gimn\u00e0s, els Tallers\u00a0 de Dibuix Art\u00edstic, de Volum i d\u2019Electr\u00f2nica; l\u2019Aula d\u2019Inform\u00e0tica, de M\u00fasica, de Tecnologia, d\u2019Idiomes, el Plat\u00f3 de Televisi\u00f3, els\u00a0 Laboratoris de F\u00edsica i Qu\u00edmica i de Biologia i Geologia, que faciliten molt el proc\u00e9s d\u2019aprenentatge de l\u2019alumnat. A m\u00e9s, comptem tamb\u00e9 amb una Biblioteca que, situada al primer pis, \u00e9s un dels locals m\u00e9s bonics del centre.<\/p>\n<p>Un dels objectius del nostre centre des de l\u2019inici ha estat la seva integraci\u00f3 en l\u2019entorn local de Pineda de Mar.\u00a0 En aquest sentit, volem destacar la col\u00b7laboraci\u00f3 amb l\u2019Ajuntament, especialment amb la Regidoria d\u2019Ensenyament i Serveis Socials, que sempre han donat suport a totes les nostres propostes.<\/p>\n<p>Finalment, nom\u00e9s ens resta afegir que tot l\u2019equip de professors\/es ens posem a la teva disposici\u00f3 i et reiterem la benvinguda en aquest centre, que ja \u00e9s el teu.<\/p>\n<p>&nbsp;<\/p>\n<p>L\u2019Equip Directiu<\/p>\n","protected":false},"excerpt":{"rendered":"<p>Comencem com cal: primer les presentacions; el nom del \u201cteu\u201d institut \u00e9s Euclides. Aquest nom fa refer\u00e8ncia al matem\u00e0tic grec que va viure aproximadament cap a l\u2019any 300 aC. Aquest savi \u00a0estudi\u00e0 probablement a Atenes i resid\u00ed a Alexandria, on fund\u00e0 una escola matem\u00e0tica. Desenvolup\u00e0&hellip;  <a href=\"https:\/\/agora.xtec.cat\/ies-euclides\/linstitut\/historia\/\" title=\"Read Hist\u00f2ria\">Llegeix m\u00e9s\u00bb<\/a><\/p>\n","protected":false},"author":1,"featured_media":0,"parent":19,"menu_order":20,"comment_status":"closed","ping_status":"closed","template":"page-templates\/side-menu.php","meta":{"_bbp_topic_count":0,"_bbp_reply_count":0,"_bbp_total_topic_count":0,"_bbp_total_reply_count":0,"_bbp_voice_count":0,"_bbp_anonymous_reply_count":0,"_bbp_topic_count_hidden":0,"_bbp_reply_count_hidden":0,"_bbp_forum_subforum_count":0,"footnotes":""},"class_list":["post-27","page","type-page","status-publish","hentry"],"post_mailing_queue_ids":[],"_links":{"self":[{"href":"https:\/\/agora.xtec.cat\/ies-euclides\/wp-json\/wp\/v2\/pages\/27","targetHints":{"allow":["GET"]}}],"collection":[{"href":"https:\/\/agora.xtec.cat\/ies-euclides\/wp-json\/wp\/v2\/pages"}],"about":[{"href":"https:\/\/agora.xtec.cat\/ies-euclides\/wp-json\/wp\/v2\/types\/page"}],"author":[{"embeddable":true,"href":"https:\/\/agora.xtec.cat\/ies-euclides\/wp-json\/wp\/v2\/users\/1"}],"replies":[{"embeddable":true,"href":"https:\/\/agora.xtec.cat\/ies-euclides\/wp-json\/wp\/v2\/comments?post=27"}],"version-history":[{"count":3,"href":"https:\/\/agora.xtec.cat\/ies-euclides\/wp-json\/wp\/v2\/pages\/27\/revisions"}],"predecessor-version":[{"id":299,"href":"https:\/\/agora.xtec.cat\/ies-euclides\/wp-json\/wp\/v2\/pages\/27\/revisions\/299"}],"up":[{"embeddable":true,"href":"https:\/\/agora.xtec.cat\/ies-euclides\/wp-json\/wp\/v2\/pages\/19"}],"wp:attachment":[{"href":"https:\/\/agora.xtec.cat\/ies-euclides\/wp-json\/wp\/v2\/media?parent=27"}],"curies":[{"name":"wp","href":"https:\/\/api.w.org\/{rel}","templated":true}]}}