{"id":2265,"date":"2019-01-30T10:18:18","date_gmt":"2019-01-30T09:18:18","guid":{"rendered":"http:\/\/agora.xtec.cat\/ies-euclides\/?page_id=2265"},"modified":"2019-01-30T10:27:52","modified_gmt":"2019-01-30T09:27:52","slug":"arts-plastiques-i-visuals-expressio","status":"publish","type":"page","link":"https:\/\/agora.xtec.cat\/ies-euclides\/arts-plastiques-i-visuals-expressio\/","title":{"rendered":"Arts Visuals"},"content":{"rendered":"<p>Departament d\u2019 Arts Visuals<\/p>\n<p>Des del Departament d\u2019 Arts Visuals treballem a l\u2019ESO per a ajudar l\u2019alumnat a desenvolupar les compet\u00e8ncies de l\u2019\u00e0mbit art\u00edstic. Centrem la nostra tasca en augmentar la cultura visual no nom\u00e9s com a productors sin\u00f3 tamb\u00e9 com a receptors d\u2019imatges, incidint en la omnipres\u00e8ncia de les imatges en tots els \u00e0mbits de la nostra vida (publicitat, produccions audiovisuals, 3D, disseny, dibuix, pintura, il\u00b7lustraci\u00f3, videojocs,\u2026).<\/p>\n<p>Al Batxillerat d\u2019 Arts es d\u00f3na una formaci\u00f3 variada en tota mena de llenguatges visuals de manera que l\u2019alumnat \u00a0pugui per una banda analitzar de manera cr\u00edtica el m\u00f3n de les imatges i per una altra ser capa\u00e7 d\u2019utilitzar aquests llenguatges. La finalitat \u00e9s la de preparar a l\u2019alumnat per a estudis superiors \u2013universitaris \u00f3 CFGS- principalment els vinculats a la comunicaci\u00f3 visual, al disseny i a l\u2019expressi\u00f3 art\u00edstica, la qual cosa no exclou l\u2019adequada preparaci\u00f3 per a altres estudis als quals es pot accedir havent cursat qualsevol de les modalitats del batxillerat.<\/p>\n<p><a href=\"https:\/\/agora.xtec.cat\/ies-euclides\/wp-content\/uploads\/usu492\/2019\/01\/Batxillerat-d-Arts.pdf\">Batxillerat d&#8217;Arts<\/a><\/p>\n<p>Enlla\u00e7os als nostres webs:<\/p>\n<p><a href=\"https:\/\/inseuclidesdibuixblog.wordpress.com\/\">https:\/\/inseuclidesdibuixblog.wordpress.com\/<\/a><\/p>\n<p><a href=\"https:\/\/euclidestv.wordpress.com\/\">https:\/\/euclidestv.wordpress.com\/<\/a><\/p>\n","protected":false},"excerpt":{"rendered":"<p>Departament d\u2019 Arts Visuals<br \/>\nDes del Departament d\u2019 Arts Visuals treballem a l\u2019ESO per a ajudar l\u2019alumnat a desenvolupar les compet\u00e8ncies de l\u2019\u00e0mbit art\u00edstic. Centrem la nostra tasca en augmentar la cultura visual no nom\u00e9s com a productors sin\u00f3 tamb\u00e9 com a receptors d\u2019imatges, incidint en&hellip;  <a href=\"https:\/\/agora.xtec.cat\/ies-euclides\/arts-plastiques-i-visuals-expressio\/\" title=\"Read Arts Visuals\">Llegeix m\u00e9s\u00bb<\/a><\/p>\n","protected":false},"author":4,"featured_media":0,"parent":0,"menu_order":0,"comment_status":"closed","ping_status":"closed","template":"","meta":{"_bbp_topic_count":0,"_bbp_reply_count":0,"_bbp_total_topic_count":0,"_bbp_total_reply_count":0,"_bbp_voice_count":0,"_bbp_anonymous_reply_count":0,"_bbp_topic_count_hidden":0,"_bbp_reply_count_hidden":0,"_bbp_forum_subforum_count":0,"footnotes":""},"class_list":["post-2265","page","type-page","status-publish","hentry"],"post_mailing_queue_ids":[],"_links":{"self":[{"href":"https:\/\/agora.xtec.cat\/ies-euclides\/wp-json\/wp\/v2\/pages\/2265","targetHints":{"allow":["GET"]}}],"collection":[{"href":"https:\/\/agora.xtec.cat\/ies-euclides\/wp-json\/wp\/v2\/pages"}],"about":[{"href":"https:\/\/agora.xtec.cat\/ies-euclides\/wp-json\/wp\/v2\/types\/page"}],"author":[{"embeddable":true,"href":"https:\/\/agora.xtec.cat\/ies-euclides\/wp-json\/wp\/v2\/users\/4"}],"replies":[{"embeddable":true,"href":"https:\/\/agora.xtec.cat\/ies-euclides\/wp-json\/wp\/v2\/comments?post=2265"}],"version-history":[{"count":4,"href":"https:\/\/agora.xtec.cat\/ies-euclides\/wp-json\/wp\/v2\/pages\/2265\/revisions"}],"predecessor-version":[{"id":2273,"href":"https:\/\/agora.xtec.cat\/ies-euclides\/wp-json\/wp\/v2\/pages\/2265\/revisions\/2273"}],"wp:attachment":[{"href":"https:\/\/agora.xtec.cat\/ies-euclides\/wp-json\/wp\/v2\/media?parent=2265"}],"curies":[{"name":"wp","href":"https:\/\/api.w.org\/{rel}","templated":true}]}}