{"id":1142,"date":"2017-11-15T13:55:00","date_gmt":"2017-11-15T12:55:00","guid":{"rendered":"http:\/\/agora.xtec.cat\/ies-euclides\/?page_id=1142"},"modified":"2019-06-25T08:50:06","modified_gmt":"2019-06-25T06:50:06","slug":"orientacio","status":"publish","type":"page","link":"https:\/\/agora.xtec.cat\/ies-euclides\/departaments\/orientacio\/","title":{"rendered":"Orientaci\u00f3"},"content":{"rendered":"<p><span style=\"font-family: inherit; font-size: 1em;\">DEPARTAMENT D\u2019ORRIENTACI\u00d3<\/span><\/p>\n<p>La tasca del Departament d\u2019rientaci\u00f3 \u00e9s col\u00b7laborar amb la resta del professorat i professionals externs per atendre la diversitat de l&#8217;alumnat del centre.<\/p>\n<p><a href=\"https:\/\/agora.xtec.cat\/ies-euclides\/wp-content\/uploads\/usu492\/2019\/06\/7F9C333E-EC0F-442F-86E2-A25BBC90B569.jpeg\"><img loading=\"lazy\" decoding=\"async\" class=\"alignnone size-large wp-image-2914\" src=\"https:\/\/agora.xtec.cat\/ies-euclides\/wp-content\/uploads\/usu492\/2019\/06\/7F9C333E-EC0F-442F-86E2-A25BBC90B569-724x1024.jpeg\" alt=\"\" width=\"724\" height=\"1024\" srcset=\"https:\/\/agora.xtec.cat\/ies-euclides\/wp-content\/uploads\/usu492\/2019\/06\/7F9C333E-EC0F-442F-86E2-A25BBC90B569-724x1024.jpeg 724w, https:\/\/agora.xtec.cat\/ies-euclides\/wp-content\/uploads\/usu492\/2019\/06\/7F9C333E-EC0F-442F-86E2-A25BBC90B569-212x300.jpeg 212w, https:\/\/agora.xtec.cat\/ies-euclides\/wp-content\/uploads\/usu492\/2019\/06\/7F9C333E-EC0F-442F-86E2-A25BBC90B569-768x1087.jpeg 768w, https:\/\/agora.xtec.cat\/ies-euclides\/wp-content\/uploads\/usu492\/2019\/06\/7F9C333E-EC0F-442F-86E2-A25BBC90B569.jpeg 826w\" sizes=\"auto, (max-width: 724px) 100vw, 724px\" \/><\/a><\/p>\n<p>Donarem especial atenci\u00f3 als alumnes que presenten necessitats espec\u00edfiques de suport educatiu (NESE) a trav\u00e9s de diferents mesures i suports que els ajudin a desenvolupar-se a nivell personal, social i educatiu. Sempre intentarem comen\u00e7ar per les mesures i els suports universals i, si \u00e9s necessari, arribar als intensius.<\/p>\n<p><a href=\"https:\/\/agora.xtec.cat\/ies-euclides\/wp-content\/uploads\/usu492\/2019\/06\/D2CCA122-E71F-46F4-830B-E797AB2C80FB.png\"><img loading=\"lazy\" decoding=\"async\" class=\"alignnone size-full wp-image-2915\" src=\"https:\/\/agora.xtec.cat\/ies-euclides\/wp-content\/uploads\/usu492\/2019\/06\/D2CCA122-E71F-46F4-830B-E797AB2C80FB.png\" alt=\"\" width=\"616\" height=\"407\" srcset=\"https:\/\/agora.xtec.cat\/ies-euclides\/wp-content\/uploads\/usu492\/2019\/06\/D2CCA122-E71F-46F4-830B-E797AB2C80FB.png 616w, https:\/\/agora.xtec.cat\/ies-euclides\/wp-content\/uploads\/usu492\/2019\/06\/D2CCA122-E71F-46F4-830B-E797AB2C80FB-300x198.png 300w\" sizes=\"auto, (max-width: 616px) 100vw, 616px\" \/><\/a><\/p>\n<p dir=\"ltr\">Les funcions principals en el nostre departament s\u00f3n:<\/p>\n<ul>\n<li dir=\"ltr\">\n<p dir=\"ltr\">La coordinaci\u00f3 i trasp\u00e0s entre les etapes de prim\u00e0ria i secund\u00e0ria.<\/p>\n<\/li>\n<li dir=\"ltr\">\n<p dir=\"ltr\">La realitzaci\u00f3 del Plans individuals (PI) de l&#8217;alumnat.<\/p>\n<\/li>\n<li dir=\"ltr\">\n<p dir=\"ltr\">Donar suport a l\u2019acci\u00f3 tutorial.<\/p>\n<\/li>\n<li dir=\"ltr\">\n<p dir=\"ltr\">Orientar als alumnes de 4rt d\u2019ESO dins el marc de l\u2019orientaci\u00f3 acad\u00e8mica-professional.<\/p>\n<\/li>\n<li dir=\"ltr\">\n<p dir=\"ltr\">La coordinaci\u00f3 amb serveis externs (serveis socials, EAP, CSMIJ, etc.).<\/p>\n<\/li>\n<\/ul>\n<p dir=\"ltr\">Per dur a terme aquesta tasca, comptem amb un equip en plantilla de dues professores d\u2019orientaci\u00f3 educativa i dues mestres d\u2019audici\u00f3 i llenguatge.<\/p>\n<p dir=\"ltr\">Generalitat de Catalunya. Resum necessitats espec\u00edfiques de suport educatiu NESE.<\/p>\n<p dir=\"ltr\"><a href=\"http:\/\/xtec.gencat.cat\/ca\/curriculum\/diversitat-i-inclusio\/atencio-educativa-als-alumnes\/nese\/\">http:\/\/xtec.gencat.cat\/ca\/curriculum\/diversitat-i-inclusio\/atencio-educativa-als-alumnes\/nese\/<\/a><\/p>\n<p dir=\"ltr\">Explicaci\u00f3 de les mesures i suports educatius:<\/p>\n<p dir=\"ltr\"><a href=\"http:\/\/xtec.gencat.cat\/ca\/curriculum\/diversitat-i-inclusio\/mesures-i-suports\">http:\/\/xtec.gencat.cat\/ca\/curriculum\/diversitat-i-inclusio\/mesures-i-suports<\/a><\/p>\n<p>&nbsp;<\/p>\n","protected":false},"excerpt":{"rendered":"<p>DEPARTAMENT D\u2019ORRIENTACI\u00d3<br \/>\nLa tasca del Departament d\u2019rientaci\u00f3 \u00e9s col\u00b7laborar amb la resta del professorat i professionals externs per atendre la diversitat de l&#8217;alumnat del centre.<br \/>\n<a href=\"https:\/\/agora.xtec.cat\/ies-euclides\/wp-content\/uploads\/usu492\/2019\/06\/7F9C333E-EC0F-442F-86E2-A25BBC90B569.jpeg\"><\/a><br \/>\nDonarem especial atenci\u00f3 als alumnes que presenten necessitats espec\u00edfiques de suport educatiu (NESE) a trav\u00e9s de diferents mesures i suports que&hellip;  <a href=\"https:\/\/agora.xtec.cat\/ies-euclides\/departaments\/orientacio\/\" title=\"Read Orientaci\u00f3\">Llegeix m\u00e9s\u00bb<\/a><\/p>\n","protected":false},"author":1,"featured_media":0,"parent":1106,"menu_order":0,"comment_status":"closed","ping_status":"closed","template":"page-templates\/side-menu.php","meta":{"_bbp_topic_count":0,"_bbp_reply_count":0,"_bbp_total_topic_count":0,"_bbp_total_reply_count":0,"_bbp_voice_count":0,"_bbp_anonymous_reply_count":0,"_bbp_topic_count_hidden":0,"_bbp_reply_count_hidden":0,"_bbp_forum_subforum_count":0,"footnotes":""},"class_list":["post-1142","page","type-page","status-publish","hentry"],"post_mailing_queue_ids":[],"_links":{"self":[{"href":"https:\/\/agora.xtec.cat\/ies-euclides\/wp-json\/wp\/v2\/pages\/1142","targetHints":{"allow":["GET"]}}],"collection":[{"href":"https:\/\/agora.xtec.cat\/ies-euclides\/wp-json\/wp\/v2\/pages"}],"about":[{"href":"https:\/\/agora.xtec.cat\/ies-euclides\/wp-json\/wp\/v2\/types\/page"}],"author":[{"embeddable":true,"href":"https:\/\/agora.xtec.cat\/ies-euclides\/wp-json\/wp\/v2\/users\/1"}],"replies":[{"embeddable":true,"href":"https:\/\/agora.xtec.cat\/ies-euclides\/wp-json\/wp\/v2\/comments?post=1142"}],"version-history":[{"count":4,"href":"https:\/\/agora.xtec.cat\/ies-euclides\/wp-json\/wp\/v2\/pages\/1142\/revisions"}],"predecessor-version":[{"id":2917,"href":"https:\/\/agora.xtec.cat\/ies-euclides\/wp-json\/wp\/v2\/pages\/1142\/revisions\/2917"}],"up":[{"embeddable":true,"href":"https:\/\/agora.xtec.cat\/ies-euclides\/wp-json\/wp\/v2\/pages\/1106"}],"wp:attachment":[{"href":"https:\/\/agora.xtec.cat\/ies-euclides\/wp-json\/wp\/v2\/media?parent=1142"}],"curies":[{"name":"wp","href":"https:\/\/api.w.org\/{rel}","templated":true}]}}