{"id":1140,"date":"2017-11-15T13:54:43","date_gmt":"2017-11-15T12:54:43","guid":{"rendered":"http:\/\/agora.xtec.cat\/ies-euclides\/?page_id=1140"},"modified":"2019-02-01T11:36:57","modified_gmt":"2019-02-01T10:36:57","slug":"llengues-estrangeres","status":"publish","type":"page","link":"https:\/\/agora.xtec.cat\/ies-euclides\/departaments\/llengues-estrangeres\/","title":{"rendered":"Lleng\u00fces Estrangeres"},"content":{"rendered":"<p>El departament de lleng\u00fces estrangeres s&#8217;encarrega de coordinar l&#8217;Angl\u00e8s i l&#8217;Alemany de tots els cursos. L&#8217;Alemany s&#8217;ofereix com a optativa que els alumnes poden escollir en el segon, el tercer, i el quart curs de\u00a0l&#8217;ESO.<\/p>\n<p>A m\u00e9s, alguns professors del departament s&#8217;encarreguen de dur a terme el projecte\u00a0Etwinning. Es tracta d&#8217;un intercanvi\u00a0a trav\u00e9s\u00a0d&#8217;una plataforma virtual, en la qual hi ha quatre activitats programades durant tot el curs. \u00c9s una experi\u00e8ncia\u00a0en la qual\u00a0posen en pr\u00e0ctica el tractament integrat de llengua i contingut (AICLE), que per a l&#8217;alumnat suposa una nova forma de treball. En aquest cas, el contingut que\u00a0es\u00a0presenta \u00e9s cultural,\u00a0perqu\u00e8\u00a0els alumnes aprenguin de l&#8217;altra cultura fent \u00fas de la llengua.<\/p>\n<p>Una altra funci\u00f3 del departament de lleng\u00fces, \u00e9s la preparaci\u00f3 en alumnes de segon de batxillerat per a fer el\u00a0B2\u00a0de l&#8217;EOI. No \u00e9s obligatori, i es proposa als alumnes que poden estar preparats amb la nostra ajuda. Tot i que no s\u00f3n una majoria els alumnes que es presenten, \u00e9s important per a nosaltres recordar-los que aquestes titulacions \u00e9s millor obtenir-les\u00a0tan aviat com es pugui.<\/p>\n","protected":false},"excerpt":{"rendered":"<p>El departament de lleng\u00fces estrangeres s&#8217;encarrega de coordinar l&#8217;Angl\u00e8s i l&#8217;Alemany de tots els cursos. L&#8217;Alemany s&#8217;ofereix com a optativa que els alumnes poden escollir en el segon, el tercer, i el quart curs de\u00a0l&#8217;ESO.<br \/>\nA m\u00e9s, alguns professors del departament s&#8217;encarreguen de dur a terme&hellip;  <a href=\"https:\/\/agora.xtec.cat\/ies-euclides\/departaments\/llengues-estrangeres\/\" title=\"Read Lleng\u00fces Estrangeres\">Llegeix m\u00e9s\u00bb<\/a><\/p>\n","protected":false},"author":1,"featured_media":0,"parent":1106,"menu_order":0,"comment_status":"closed","ping_status":"closed","template":"page-templates\/side-menu.php","meta":{"_bbp_topic_count":0,"_bbp_reply_count":0,"_bbp_total_topic_count":0,"_bbp_total_reply_count":0,"_bbp_voice_count":0,"_bbp_anonymous_reply_count":0,"_bbp_topic_count_hidden":0,"_bbp_reply_count_hidden":0,"_bbp_forum_subforum_count":0,"footnotes":""},"class_list":["post-1140","page","type-page","status-publish","hentry"],"post_mailing_queue_ids":[],"_links":{"self":[{"href":"https:\/\/agora.xtec.cat\/ies-euclides\/wp-json\/wp\/v2\/pages\/1140","targetHints":{"allow":["GET"]}}],"collection":[{"href":"https:\/\/agora.xtec.cat\/ies-euclides\/wp-json\/wp\/v2\/pages"}],"about":[{"href":"https:\/\/agora.xtec.cat\/ies-euclides\/wp-json\/wp\/v2\/types\/page"}],"author":[{"embeddable":true,"href":"https:\/\/agora.xtec.cat\/ies-euclides\/wp-json\/wp\/v2\/users\/1"}],"replies":[{"embeddable":true,"href":"https:\/\/agora.xtec.cat\/ies-euclides\/wp-json\/wp\/v2\/comments?post=1140"}],"version-history":[{"count":3,"href":"https:\/\/agora.xtec.cat\/ies-euclides\/wp-json\/wp\/v2\/pages\/1140\/revisions"}],"predecessor-version":[{"id":2287,"href":"https:\/\/agora.xtec.cat\/ies-euclides\/wp-json\/wp\/v2\/pages\/1140\/revisions\/2287"}],"up":[{"embeddable":true,"href":"https:\/\/agora.xtec.cat\/ies-euclides\/wp-json\/wp\/v2\/pages\/1106"}],"wp:attachment":[{"href":"https:\/\/agora.xtec.cat\/ies-euclides\/wp-json\/wp\/v2\/media?parent=1140"}],"curies":[{"name":"wp","href":"https:\/\/api.w.org\/{rel}","templated":true}]}}