{"id":1138,"date":"2017-11-15T13:54:25","date_gmt":"2017-11-15T12:54:25","guid":{"rendered":"http:\/\/agora.xtec.cat\/ies-euclides\/?page_id=1138"},"modified":"2019-02-03T08:42:59","modified_gmt":"2019-02-03T07:42:59","slug":"llengues","status":"publish","type":"page","link":"https:\/\/agora.xtec.cat\/ies-euclides\/departaments\/llengues\/","title":{"rendered":"Lleng\u00fces"},"content":{"rendered":"<p class=\"s5\"><span class=\"s4\">El Departament de Lleng\u00fces aplega el professorat <\/span><span class=\"s4\">dels \u00e0mbits ling\u00fc\u00edstic i literari de catal\u00e0 i castell\u00e0. <\/span><span class=\"s4\">En l\u2019actualitat el conformen onze professors<\/span><span class=\"s4\">\/es.<\/span><\/p>\n<p class=\"s5\"><span class=\"s4\">Som un departament nombr\u00f3s, i <\/span><span class=\"s4\">ens coordinem <\/span><span class=\"s4\">per fer el seguiment dels objectius generals del curs i tra\u00e7ar l\u00ednies noves d\u2019actuaci\u00f3 conjunta que facilitin als nostres alumnes l\u2019assoliment de les compet\u00e8ncies b\u00e0siques. D\u2019una banda, vetllem perqu\u00e8 la coher\u00e8ncia entre els membres del departament sigui el tret que ens caracteritzi<\/span><span class=\"s4\"> (creaci\u00f3 de documents comuns d\u2019acords, en qu\u00e8 recollim, a m\u00e9s dels criteris d\u2019avaluaci\u00f3, criteris de qualificaci\u00f3 de l\u2019<\/span><span class=\"s4\">e<\/span><span class=\"s4\">xpressi\u00f3 <\/span><span class=\"s4\">e<\/span><span class=\"s4\">scrita, distribuci\u00f3 d\u2019activitats de les diferents tipologies textuals que es treballen<\/span><span class=\"s4\">, tria de lectures que comprenguin tots els g\u00e8neres <\/span><span class=\"s6\">&#8211;<\/span><span class=\"s4\">poesia, narrativa i teatre<\/span><span class=\"s6\">&#8211;<\/span><span class=\"s4\">)<\/span><span class=\"s4\">. <\/span><span class=\"s4\">D\u2019altra banda, treballem perqu\u00e8 els nostres alumnes assoleixin, sobretot, per\u00f2 no \u00fanicament, les compet\u00e8ncies comunicatives oral, escrita i digital.<\/span><\/p>\n<p class=\"s5\"><span class=\"s4\">Des del Departament de Lleng\u00fces s\u2019imparteixen les assignatures de llengua catalana i llengua castellana i diverses optatives a l\u2019ESO, i a batxillerat , llengua i literatura catalana, llengua i literatura castellana, i les assignatures de literatura de modalitat (a 1r de batxillerat, catalana; a 2n de batxillerat, castellana).<\/span><\/p>\n<p class=\"s5\"><span class=\"s7\">SORTIDES I ACTIVITATS DINTRE I FORA DEL CENTRE<\/span><\/p>\n<p class=\"s5\"><span class=\"s4\">El nostre \u00e9s un departament din\u00e0mic, que ha sabut convertir en cl\u00e0ssiques algunes de les activitats organitzades per als alumnes, tant aquelles que tenen un car\u00e0cter intern com aquelles que van m\u00e9s enll\u00e0 de les parets de l\u2019aula o del centre. El nostre alumnat participa en concursos tant d\u2019\u00e0mbit<\/span><span class=\"s4\"> intern i<\/span> <span class=\"s4\">local com auton\u00f2mic o nacional. Alguns exemples s\u00f3n el Concurs literari de Sant Jordi<\/span><span class=\"s4\">,<\/span><span class=\"s4\"> el <\/span><span class=\"s4\">Miralletres<\/span><span class=\"s4\">, <\/span><span class=\"s4\">el <\/span><span class=\"s4\">Picalletres<\/span><span class=\"s4\">, <\/span><span class=\"s4\">la Diada de Lectura en Veu Alta<\/span><span class=\"s4\"> o<\/span> <span class=\"s4\">el Certamen Nacional de Lectura en Veu Alta<\/span><span class=\"s4\">.<\/span><\/p>\n<p class=\"s5\"><span class=\"s4\">Quant a les activitats que realitzem, cal esmentar<\/span><span class=\"s4\"> les xerrades amb autors\/es d\u2019algunes de les lectures obligat\u00f2ries,<\/span><span class=\"s4\"> les sortides al teatre<\/span><span class=\"s4\">, <\/span><span class=\"s4\">les sortides relacionades amb lectures obligat\u00f2ries<\/span><span class=\"s4\"> (<\/span><span class=\"s4\">a Elna, <\/span><span class=\"s8\">La maternitat d\u2019Elna<\/span><span class=\"s4\">, 4t d\u2019ESO; <\/span><span class=\"s4\">a Mequinensa, <\/span><span class=\"s8\">El caf\u00e8 de la granota<\/span><span class=\"s4\">, 1r de Batxillerat)<\/span><span class=\"s4\">.<\/span> <span class=\"s4\">Tamb\u00e9 cal destacar la <\/span><span class=\"s4\">participaci\u00f3 en les activitats del Pla Lector de Pineda de Mar, com <\/span><span class=\"s4\">Contes que roden<\/span><span class=\"s4\"> o<\/span><span class=\"s4\"> Poesia estesa<\/span><span class=\"s4\">.<\/span><\/p>\n","protected":false},"excerpt":{"rendered":"<p>El Departament de Lleng\u00fces aplega el professorat dels \u00e0mbits ling\u00fc\u00edstic i literari de catal\u00e0 i castell\u00e0. En l\u2019actualitat el conformen onze professors\/es.<br \/>\nSom un departament nombr\u00f3s, i ens coordinem per fer el seguiment dels objectius generals del curs i tra\u00e7ar l\u00ednies noves d\u2019actuaci\u00f3 conjunta que facilitin&hellip;  <a href=\"https:\/\/agora.xtec.cat\/ies-euclides\/departaments\/llengues\/\" title=\"Read Lleng\u00fces\">Llegeix m\u00e9s\u00bb<\/a><\/p>\n","protected":false},"author":1,"featured_media":0,"parent":1106,"menu_order":0,"comment_status":"closed","ping_status":"closed","template":"page-templates\/side-menu.php","meta":{"_bbp_topic_count":0,"_bbp_reply_count":0,"_bbp_total_topic_count":0,"_bbp_total_reply_count":0,"_bbp_voice_count":0,"_bbp_anonymous_reply_count":0,"_bbp_topic_count_hidden":0,"_bbp_reply_count_hidden":0,"_bbp_forum_subforum_count":0,"footnotes":""},"class_list":["post-1138","page","type-page","status-publish","hentry"],"post_mailing_queue_ids":[],"_links":{"self":[{"href":"https:\/\/agora.xtec.cat\/ies-euclides\/wp-json\/wp\/v2\/pages\/1138","targetHints":{"allow":["GET"]}}],"collection":[{"href":"https:\/\/agora.xtec.cat\/ies-euclides\/wp-json\/wp\/v2\/pages"}],"about":[{"href":"https:\/\/agora.xtec.cat\/ies-euclides\/wp-json\/wp\/v2\/types\/page"}],"author":[{"embeddable":true,"href":"https:\/\/agora.xtec.cat\/ies-euclides\/wp-json\/wp\/v2\/users\/1"}],"replies":[{"embeddable":true,"href":"https:\/\/agora.xtec.cat\/ies-euclides\/wp-json\/wp\/v2\/comments?post=1138"}],"version-history":[{"count":3,"href":"https:\/\/agora.xtec.cat\/ies-euclides\/wp-json\/wp\/v2\/pages\/1138\/revisions"}],"predecessor-version":[{"id":2290,"href":"https:\/\/agora.xtec.cat\/ies-euclides\/wp-json\/wp\/v2\/pages\/1138\/revisions\/2290"}],"up":[{"embeddable":true,"href":"https:\/\/agora.xtec.cat\/ies-euclides\/wp-json\/wp\/v2\/pages\/1106"}],"wp:attachment":[{"href":"https:\/\/agora.xtec.cat\/ies-euclides\/wp-json\/wp\/v2\/media?parent=1138"}],"curies":[{"name":"wp","href":"https:\/\/api.w.org\/{rel}","templated":true}]}}