{"id":1132,"date":"2017-11-15T13:49:41","date_gmt":"2017-11-15T12:49:41","guid":{"rendered":"http:\/\/agora.xtec.cat\/ies-euclides\/?page_id=1132"},"modified":"2019-02-26T15:45:46","modified_gmt":"2019-02-26T14:45:46","slug":"humanitats","status":"publish","type":"page","link":"https:\/\/agora.xtec.cat\/ies-euclides\/departaments\/humanitats\/","title":{"rendered":"Humanitats"},"content":{"rendered":"<p><span style=\"font-weight: 400;\">El departament d\u2019Humanitats engloba els antics seminaris i professorat de Geografia i Hist\u00f2ria, Filosofia, Lleng\u00fces Cl\u00e0ssiques i Religi\u00f3. Per tant, des del Departament d\u2019humanitats s\u2019imparteixen i\/o es coordinen les assignatures de Ci\u00e8ncies Socials, Cultura i valors \u00e8tics, Religi\u00f3 i diverses optatives de l\u2019ESO. A batxillerat s\u2019imparteixen les mat\u00e8ries de Filosofia, Llat\u00ed i Hist\u00f2ria del M\u00f3n contemporani a 1r, i Filosofia, Hist\u00f2ria, Geografia, Hist\u00f2ria de l\u2019Art i Llat\u00ed a 2n.<\/span><\/p>\n<p>&#8220;<em>Qui no pot aprofitar-se de 3000 anys d&#8217;hist\u00f2ria, viur\u00e0 a les fosques tota la seva vida.&#8221; <\/em><\/p>\n<p>Goethe<\/p>\n","protected":false},"excerpt":{"rendered":"<p>El departament d\u2019Humanitats engloba els antics seminaris i professorat de Geografia i Hist\u00f2ria, Filosofia, Lleng\u00fces Cl\u00e0ssiques i Religi\u00f3. Per tant, des del Departament d\u2019humanitats s\u2019imparteixen i\/o es coordinen les assignatures de Ci\u00e8ncies Socials, Cultura i valors \u00e8tics, Religi\u00f3 i diverses optatives de l\u2019ESO. A batxillerat&hellip;  <a href=\"https:\/\/agora.xtec.cat\/ies-euclides\/departaments\/humanitats\/\" title=\"Read Humanitats\">Llegeix m\u00e9s\u00bb<\/a><\/p>\n","protected":false},"author":1,"featured_media":0,"parent":1106,"menu_order":0,"comment_status":"closed","ping_status":"closed","template":"page-templates\/side-menu.php","meta":{"_bbp_topic_count":0,"_bbp_reply_count":0,"_bbp_total_topic_count":0,"_bbp_total_reply_count":0,"_bbp_voice_count":0,"_bbp_anonymous_reply_count":0,"_bbp_topic_count_hidden":0,"_bbp_reply_count_hidden":0,"_bbp_forum_subforum_count":0,"footnotes":""},"class_list":["post-1132","page","type-page","status-publish","hentry"],"post_mailing_queue_ids":[],"_links":{"self":[{"href":"https:\/\/agora.xtec.cat\/ies-euclides\/wp-json\/wp\/v2\/pages\/1132","targetHints":{"allow":["GET"]}}],"collection":[{"href":"https:\/\/agora.xtec.cat\/ies-euclides\/wp-json\/wp\/v2\/pages"}],"about":[{"href":"https:\/\/agora.xtec.cat\/ies-euclides\/wp-json\/wp\/v2\/types\/page"}],"author":[{"embeddable":true,"href":"https:\/\/agora.xtec.cat\/ies-euclides\/wp-json\/wp\/v2\/users\/1"}],"replies":[{"embeddable":true,"href":"https:\/\/agora.xtec.cat\/ies-euclides\/wp-json\/wp\/v2\/comments?post=1132"}],"version-history":[{"count":3,"href":"https:\/\/agora.xtec.cat\/ies-euclides\/wp-json\/wp\/v2\/pages\/1132\/revisions"}],"predecessor-version":[{"id":2342,"href":"https:\/\/agora.xtec.cat\/ies-euclides\/wp-json\/wp\/v2\/pages\/1132\/revisions\/2342"}],"up":[{"embeddable":true,"href":"https:\/\/agora.xtec.cat\/ies-euclides\/wp-json\/wp\/v2\/pages\/1106"}],"wp:attachment":[{"href":"https:\/\/agora.xtec.cat\/ies-euclides\/wp-json\/wp\/v2\/media?parent=1132"}],"curies":[{"name":"wp","href":"https:\/\/api.w.org\/{rel}","templated":true}]}}