{"id":567,"date":"2025-09-26T10:15:00","date_gmt":"2025-09-26T08:15:00","guid":{"rendered":"http:\/\/agora.xtec.cat\/ies-estelaiberica\/?page_id=567"},"modified":"2026-01-08T13:23:40","modified_gmt":"2026-01-08T12:23:40","slug":"calendari-del-curs-2","status":"publish","type":"page","link":"https:\/\/agora.xtec.cat\/ies-estelaiberica\/linstitut\/calendari-del-curs-2\/","title":{"rendered":"Calendari del curs"},"content":{"rendered":"<h6><b>QUIN CALENDARI TINDREM?<\/b><\/h6>\n<h6><span style=\"font-weight: 400;\">Primer trimestre:<\/span> <span style=\"font-weight: 400;\">del 9 de setembre al 28 de novembre<\/span><\/h6>\n<h6><span style=\"font-weight: 400;\">Segon trimestre:\u00a0 <\/span> <span style=\"font-weight: 400;\">del 1 de desembre fins al 13 de mar\u00e7\u00a0\u00a0\u00a0<\/span><\/h6>\n<h6><span style=\"font-weight: 400;\">Tercer trimestre:<\/span> <span style=\"font-weight: 400;\">del 16 de mar\u00e7 al 19 de juny<\/span><\/h6>\n<h6><b>Dies festius:<\/b> <span style=\"font-weight: 400;\">\u00a0 \u00a0 <\/span><span style=\"font-weight: 400;\">\u00a0\u00a0\u00a0\u00a0<\/span><\/h6>\n<ul>\n<li style=\"font-weight: 400;\" aria-level=\"1\">\n<h6><em><strong>5 de setembre (festa local)<\/strong><\/em><\/h6>\n<\/li>\n<li style=\"font-weight: 400;\" aria-level=\"1\">\n<h6><em><strong>11 de setembre (festiu)\u00a0\u00a0\u00a0\u00a0\u00a0\u00a0\u00a0\u00a0\u00a0\u00a0\u00a0\u00a0\u00a0\u00a0\u00a0\u00a0\u00a0\u00a0\u00a0\u00a0\u00a0\u00a0\u00a0\u00a0\u00a0\u00a0\u00a0\u00a0\u00a0\u00a0\u00a0\u00a0\u00a0\u00a0<\/strong><\/em><\/h6>\n<\/li>\n<li style=\"font-weight: 400;\" aria-level=\"1\">\n<h6><em><strong>3 de novembre (lliure disposici\u00f3)\u00a0 \u00a0\u00a0\u00a0\u00a0\u00a0\u00a0\u00a0\u00a0\u00a0\u00a0\u00a0\u00a0\u00a0\u00a0\u00a0\u00a0\u00a0\u00a0\u00a0\u00a0\u00a0\u00a0\u00a0\u00a0\u00a0\u00a0\u00a0\u00a0\u00a0\u00a0\u00a0\u00a0\u00a0\u00a0\u00a0\u00a0\u00a0\u00a0\u00a0\u00a0\u00a0\u00a0\u00a0\u00a0\u00a0\u00a0\u00a0\u00a0\u00a0\u00a0\u00a0\u00a0\u00a0\u00a0\u00a0\u00a0\u00a0\u00a0\u00a0\u00a0\u00a0\u00a0\u00a0\u00a0\u00a0\u00a0\u00a0\u00a0\u00a0\u00a0\u00a0\u00a0\u00a0<\/strong><\/em><\/h6>\n<\/li>\n<li style=\"font-weight: 400;\" aria-level=\"1\">\n<h6><em><strong>8 de desembre (festiu)\u00a0<\/strong><\/em><\/h6>\n<\/li>\n<li style=\"font-weight: 400;\" aria-level=\"1\">\n<h6><em><strong>9 de desembre (lliure disposici\u00f3)<\/strong><\/em><\/h6>\n<\/li>\n<li style=\"font-weight: 400;\" aria-level=\"1\">\n<h6><em><strong>Del 22 de desembre al 7 de gener (vacances de Nadal) \u00a0\u00a0\u00a0\u00a0\u00a0\u00a0\u00a0\u00a0\u00a0\u00a0\u00a0\u00a0\u00a0\u00a0\u00a0\u00a0<\/strong><\/em><\/h6>\n<\/li>\n<li style=\"font-weight: 400;\" aria-level=\"1\">\n<h6><em><strong>16 de febrer (lliure disposici\u00f3)\u00a0 \u00a0<\/strong><\/em><\/h6>\n<\/li>\n<li style=\"font-weight: 400;\" aria-level=\"1\">\n<h6><em><strong>6 de mar\u00e7 (lliure disposici\u00f3)\u00a0 \u00a0\u00a0\u00a0\u00a0\u00a0\u00a0\u00a0\u00a0\u00a0\u00a0\u00a0\u00a0\u00a0\u00a0\u00a0\u00a0\u00a0\u00a0\u00a0\u00a0\u00a0\u00a0\u00a0\u00a0\u00a0\u00a0\u00a0\u00a0\u00a0\u00a0\u00a0\u00a0<\/strong><\/em><\/h6>\n<\/li>\n<li style=\"font-weight: 400;\" aria-level=\"1\">\n<h6><em><strong>Del 30 de mar\u00e7 al 6 d&#8217;abril (vacances de Setmana Santa)<\/strong><\/em><\/h6>\n<\/li>\n<li style=\"font-weight: 400;\" aria-level=\"1\">\n<h6><em><strong>30 d\u2019abril (lliure disposici\u00f3)<\/strong><\/em><\/h6>\n<\/li>\n<li style=\"font-weight: 400;\" aria-level=\"1\">\n<h6><em><strong>1 de maig (festiu)<\/strong><\/em><\/h6>\n<\/li>\n<li style=\"font-weight: 400;\" aria-level=\"1\">\n<h6><em><strong>25 de maig (lliure disposici\u00f3)<\/strong><\/em><\/h6>\n<\/li>\n<li style=\"font-weight: 400;\" aria-level=\"1\">\n<h6><em><strong>19 de juny (vacances d\u2019estiu)<\/strong><\/em><\/h6>\n<\/li>\n<\/ul>\n<h6><\/h6>\n<h6><b><i>CALENDARI D\u2019AVALUACIONS<\/i><\/b><\/h6>\n<h6><span style=\"font-weight: 400;\">Durant el curs l\u2019alumne\/a t\u00e9 un total de tres avaluacions i una preavaluaci\u00f3. Per tal de\u00a0 facilitar a les fam\u00edlies el seguiment de l\u2019aprenentatge dels seus fills\/es, al llarg del curs,\u00a0 s\u2019enviaran per correu electr\u00f2nic uns butlletins de notes i uns informes\u00a0 segons el seg\u00fcent calendari:<\/span><\/h6>\n<ul>\n<li style=\"text-align: justify;\"><span style=\"font-weight: 400;\">Preavaluaci\u00f3 <\/span> <span style=\"font-weight: 400;\">\u00a0 \u00a0 \u00a0 \u00a0 \u00a0 \u00a0 \u00a0 \u00a0 \u00a0 \u00a0 \u00a0 \u00a0 \u00a0 \u00a0 \u00a0 \u00a0 \u00a024 d\u2019octubre lliurament d\u2019informes<\/span><\/li>\n<li><strong>1a Avaluaci\u00f3\u00a0 \u00a0 \u00a0 \u00a0 \u00a0 \u00a0 \u00a0 \u00a0 \u00a0 \u00a0 \u00a0 \u00a0 \u00a0 \u00a0 \u00a0 \u00a0 \u00a05 de desembre lliurament de notes\u00a0<\/strong><\/li>\n<li><span style=\"font-weight: 400;\">Recuperacions 1a Aval<\/span>\u00a0<span style=\"font-weight: 400;\">\u00a0 \u00a0 \u00a0 \u00a0 \u00a0 \u00a0 \u00a0 \u00a0 del 15 al 19 de desembre<\/span><\/li>\n<li><span style=\"font-weight: 400;\">Informe de mat\u00e8ries pendents\u00a0 \u00a0 \u00a0 30 de gener lliurament d\u2019informes mat\u00e8ries pendents<\/span><\/li>\n<li><strong>2a Avaluaci\u00f3\u00a0 \u00a0 \u00a0 \u00a0 \u00a0 \u00a0 \u00a0 \u00a0 \u00a0 \u00a0 \u00a0 \u00a0 \u00a0 \u00a0 \u00a0 \u00a0 20 de mar\u00e7 lliurament de notes<\/strong><\/li>\n<li><span style=\"font-weight: 400;\">Recuperacions 2a Aval<\/span> <span style=\"font-weight: 400;\">\u00a0 \u00a0 \u00a0 \u00a0 \u00a0 \u00a0 \u00a0 \u00a0 Setmana del 7 al 10 d&#8217;abril<\/span><\/li>\n<li><span style=\"font-weight: 400;\">Informe de mat\u00e8ries pendents\u00a0 \u00a0 \u00a0 17 d\u2019abril lliurament d\u2019informes mat\u00e8ries pendents<\/span><\/li>\n<li><span style=\"font-weight: 400;\">Recup i consolidaci\u00f3 notes\u00a0 \u00a0 \u00a0 \u00a0 \u00a0 \u00a0del 9 al 12 de juny<\/span><\/li>\n<li><strong>Lliurament notes finals\u00a0 \u00a0 \u00a0 \u00a0 \u00a0 \u00a0 \u00a0 19 de juny<\/strong><\/li>\n<li><span style=\"font-weight: 400;\">Reclamacions\u00a0 \u00a0 \u00a0 \u00a0 \u00a0 \u00a0 \u00a0 \u00a0 \u00a0 \u00a0 \u00a0 \u00a0 \u00a0 \u00a0 \u00a0 \u00a022 de juny<\/span><\/li>\n<\/ul>\n<h4><strong><span style=\"color: #800000;\">CALENDARI\u00a0 BATXILLERAT<\/span><\/strong><\/h4>\n<p><span style=\"font-weight: 400;\">Durant el curs l\u2019alumne\/a t\u00e9 un total de tres (3) avaluacions i una (1) preavaluaci\u00f3. Aquesta informaci\u00f3 es materialitza en un <\/span><b>informe escrit<\/b><span style=\"font-weight: 400;\"> que es lliurar\u00e0 segons el seg\u00fcent calendari:<\/span><\/p>\n<table style=\"width: 77.8356%; height: 954px;\">\n<tbody>\n<tr style=\"height: 57px;\">\n<td style=\"height: 57px; width: 28.9733%;\"><span style=\"font-weight: 400;\">Dates de:<\/span><\/td>\n<td style=\"height: 57px; width: 33.4851%; text-align: center;\">\n<h5><strong>1r Batxillerat<\/strong><\/h5>\n<\/td>\n<td style=\"height: 57px; width: 68.6321%; text-align: center;\">\n<h5><strong>2n Batxillerat<\/strong><\/h5>\n<\/td>\n<\/tr>\n<tr style=\"height: 34px;\">\n<td style=\"height: 34px; width: 28.9733%;\"><span style=\"font-weight: 400;\">Ex\u00e0mens extraordinaris<\/span><span style=\"font-weight: 400;\">\u00a0\u00a0\u00a0\u00a0\u00a0<\/span><\/td>\n<td style=\"height: 34px; width: 33.4851%; text-align: center;\"><\/td>\n<td style=\"height: 34px; width: 68.6321%; text-align: center;\"><span style=\"font-weight: 400;\">Del 13 al 17 d\u2019octubre<\/span><\/td>\n<\/tr>\n<tr style=\"height: 57px;\">\n<td style=\"height: 57px; width: 28.9733%;\"><span style=\"font-weight: 400;\">Lliurament informes preavaluaci\u00f3\u00a0 \u00a0 <\/span><span style=\"font-weight: 400;\">\u00a0\u00a0<\/span><\/td>\n<td style=\"height: 57px; width: 33.4851%; text-align: center;\"><span style=\"font-weight: 400;\">24 d\u2019octubre<\/span><\/td>\n<td style=\"height: 57px; width: 68.6321%; text-align: center;\"><span style=\"font-weight: 400;\">17 d\u2019octubre<\/span><\/td>\n<\/tr>\n<tr style=\"height: 57px;\">\n<td style=\"height: 57px; width: 28.9733%;\"><span style=\"font-weight: 400;\">Lliurament notes\u00a0 \u00a0 \u00a0 \u00a0 \u00a0 \u00a0 \u00a0 \u00a0 <\/span><\/p>\n<p><span style=\"font-weight: 400;\">1a Avaluaci\u00f3<\/span><\/td>\n<td style=\"height: 57px; width: 33.4851%; text-align: center;\"><span style=\"font-weight: 400;\">5 de desembre<\/span><\/td>\n<td style=\"height: 57px; width: 68.6321%; text-align: center;\"><span style=\"font-weight: 400;\">28 de novembre<\/span><\/td>\n<\/tr>\n<tr style=\"height: 97px;\">\n<td style=\"height: 97px; width: 28.9733%;\"><span style=\"font-weight: 400;\">Lliurament notes\u00a0\u00a0<\/span><\/p>\n<p><span style=\"font-weight: 400;\">2a Avaluaci\u00f3<\/span> <span style=\"font-weight: 400;\">\u00a0 <\/span><span style=\"font-weight: 400;\">\u00a0\u00a0\u00a0<\/span><\/td>\n<td style=\"height: 97px; width: 33.4851%; text-align: center;\"><span style=\"font-weight: 400;\">20 de mar\u00e7<\/span><\/td>\n<td style=\"height: 97px; width: 68.6321%; text-align: center;\"><span style=\"font-weight: 400;\">5 de mar\u00e7<\/span><\/td>\n<\/tr>\n<tr style=\"height: 57px;\">\n<td style=\"height: 57px; width: 28.9733%;\"><span style=\"font-weight: 400;\">3a Avaluaci\u00f3\u00a0<\/span><\/td>\n<td style=\"height: 57px; width: 33.4851%; text-align: center;\"><\/td>\n<td style=\"height: 57px; width: 68.6321%; text-align: center;\"><\/td>\n<\/tr>\n<tr style=\"height: 119px;\">\n<td style=\"height: 119px; width: 28.9733%;\"><span style=\"font-weight: 400;\">Lliurament de notes finals ordin\u00e0ries\u00a0\u00a0<\/span><\/td>\n<td style=\"height: 119px; width: 33.4851%; text-align: center;\"><span style=\"font-weight: 400;\">1 de juny<\/span><\/p>\n<p>&nbsp;<\/td>\n<td style=\"height: 119px; width: 68.6321%; text-align: center;\"><span style=\"font-weight: 400;\">19 de maig<\/span><\/p>\n<p>&nbsp;<\/td>\n<\/tr>\n<tr style=\"height: 119px;\">\n<td style=\"height: 119px; width: 28.9733%;\"><span style=\"font-weight: 400;\">Reclamacions notes finals\u00a0\u00a0\u00a0<\/span><\/td>\n<td style=\"height: 119px; width: 33.4851%; text-align: center;\"><span style=\"font-weight: 400;\">2 de juny<\/span><\/p>\n<p>&nbsp;<\/td>\n<td style=\"height: 119px; width: 68.6321%; text-align: center;\"><span style=\"font-weight: 400;\">20 de maig<\/span><\/p>\n<p>&nbsp;<\/td>\n<\/tr>\n<tr style=\"height: 119px;\">\n<td style=\"height: 119px; width: 28.9733%;\"><span style=\"font-weight: 400;\">Ex\u00e0mens extraordinaris\u00a0\u00a0\u00a0<\/span><\/td>\n<td style=\"height: 119px; width: 33.4851%; text-align: center;\"><span style=\"font-weight: 400;\">Del 8 al 10 de juny<\/span><\/p>\n<p>&nbsp;<\/td>\n<td style=\"height: 119px; width: 68.6321%; text-align: center;\"><span style=\"font-weight: 400;\">Del 1 al 3 de juny<\/span><\/p>\n<p>&nbsp;<\/td>\n<\/tr>\n<tr style=\"height: 119px;\">\n<td style=\"height: 119px; width: 28.9733%;\"><span style=\"font-weight: 400;\">Lliurament de notes finals extraordin\u00e0ries\u00a0<\/span><\/td>\n<td style=\"height: 119px; width: 33.4851%; text-align: center;\"><span style=\"font-weight: 400;\">12 de juny<\/span><\/p>\n<p>&nbsp;<\/td>\n<td style=\"height: 119px; width: 68.6321%; text-align: center;\"><span style=\"font-weight: 400;\">5 de juny<\/span><\/p>\n<p>&nbsp;<\/td>\n<\/tr>\n<tr style=\"height: 119px;\">\n<td style=\"height: 119px; width: 28.9733%;\"><span style=\"font-weight: 400;\">Reclamacions\u00a0\u00a0\u00a0<\/span><\/td>\n<td style=\"height: 119px; width: 33.4851%; text-align: center;\"><span style=\"font-weight: 400;\">15 de juny<\/span><\/p>\n<p>&nbsp;<\/td>\n<td style=\"height: 119px; width: 68.6321%; text-align: center;\"><span style=\"font-weight: 400;\">8 de juny<\/span><\/p>\n<p>&nbsp;<\/td>\n<\/tr>\n<\/tbody>\n<\/table>\n<p><b><i>ALTRES DADES D\u2019INTER\u00c8S<\/i><\/b><\/p>\n<ul>\n<li style=\"font-weight: 400;\" aria-level=\"1\"><span style=\"font-weight: 400;\">Entrega del treball de recerca:<\/span> <span style=\"font-weight: 400;\"> \u00a0 \u00a0 \u00a0 \u00a0 \u00a0 \u00a0 \u00a0 12 de desembre.<\/span><\/li>\n<li style=\"font-weight: 400;\" aria-level=\"1\"><span style=\"font-weight: 400;\">Exposicions treball de recerca:<\/span> <span style=\"font-weight: 400;\">\u00a0 \u00a0 \u00a0 \u00a0 \u00a0 \u00a0 \u00a0 setmana del 19 de gener.<\/span><\/li>\n<li style=\"font-weight: 400;\" aria-level=\"1\"><span style=\"font-weight: 400;\">Notes provisionals treball de recerca.<\/span> <span style=\"font-weight: 400;\">\u00a0 \u00a0 30\u00a0 de gener.<\/span><\/li>\n<li style=\"font-weight: 400;\" aria-level=\"1\"><span style=\"font-weight: 400;\">Notes definitives treball de recerca:<\/span> <span style=\"font-weight: 400;\">\u00a0 \u00a0 \u00a0 \u00a023 de mar\u00e7.<\/span><\/li>\n<li style=\"font-weight: 400;\" aria-level=\"1\"><span style=\"font-weight: 400;\">Proves PAU 2n de Batxillerat\u00a0 \u00a0 \u00a0 \u00a0 \u00a0 \u00a0 \u00a0 \u00a0 \u00a0 Data pendent de confirmaci\u00f3.<\/span><\/li>\n<\/ul>\n<p>&nbsp;<\/p>\n<h4><a href=\"https:\/\/docs.google.com\/document\/d\/1QhR2uHnu3Ozs0ANHxjR1LDPv3r-sm4xv\/edit?usp=sharing&amp;ouid=108801010580353737431&amp;rtpof=true&amp;sd=true\"><em><strong><span style=\"color: #800000;\">CALENDARI AVALUACIO CICLES FORMATIUS<\/span><\/strong><\/em><\/a><\/h4>\n","protected":false},"excerpt":{"rendered":"<p>QUIN CALENDARI TINDREM?<br \/>\nPrimer trimestre: del 9 de setembre al 28 de novembre<br \/>\nSegon trimestre:\u00a0  del 1 de desembre fins al 13 de mar\u00e7\u00a0\u00a0\u00a0<br \/>\nTercer trimestre: del 16 de mar\u00e7 al 19 de juny<br \/>\nDies festius: \u00a0 \u00a0 \u00a0\u00a0\u00a0\u00a0<\/p>\n<ul>\n<li style=\"font-weight: 400;\" aria-level=\"1\">\n5 de setembre (festa local)\n<\/li>\n<li style=\"font-weight: 400;\"&hellip;  <a href=\"https:\/\/agora.xtec.cat\/ies-estelaiberica\/linstitut\/calendari-del-curs-2\/\" title=\"Read Calendari del curs\">Llegeix m\u00e9s\u00bb<\/a><br \/>\n","protected":false},"author":1,"featured_media":0,"parent":19,"menu_order":1,"comment_status":"closed","ping_status":"closed","template":"page-templates\/side-menu.php","meta":{"_bbp_topic_count":0,"_bbp_reply_count":0,"_bbp_total_topic_count":0,"_bbp_total_reply_count":0,"_bbp_voice_count":0,"_bbp_anonymous_reply_count":0,"_bbp_topic_count_hidden":0,"_bbp_reply_count_hidden":0,"_bbp_forum_subforum_count":0,"footnotes":""},"class_list":["post-567","page","type-page","status-publish","hentry"],"post_mailing_queue_ids":[],"_links":{"self":[{"href":"https:\/\/agora.xtec.cat\/ies-estelaiberica\/wp-json\/wp\/v2\/pages\/567","targetHints":{"allow":["GET"]}}],"collection":[{"href":"https:\/\/agora.xtec.cat\/ies-estelaiberica\/wp-json\/wp\/v2\/pages"}],"about":[{"href":"https:\/\/agora.xtec.cat\/ies-estelaiberica\/wp-json\/wp\/v2\/types\/page"}],"author":[{"embeddable":true,"href":"https:\/\/agora.xtec.cat\/ies-estelaiberica\/wp-json\/wp\/v2\/users\/1"}],"replies":[{"embeddable":true,"href":"https:\/\/agora.xtec.cat\/ies-estelaiberica\/wp-json\/wp\/v2\/comments?post=567"}],"version-history":[{"count":8,"href":"https:\/\/agora.xtec.cat\/ies-estelaiberica\/wp-json\/wp\/v2\/pages\/567\/revisions"}],"predecessor-version":[{"id":4826,"href":"https:\/\/agora.xtec.cat\/ies-estelaiberica\/wp-json\/wp\/v2\/pages\/567\/revisions\/4826"}],"up":[{"embeddable":true,"href":"https:\/\/agora.xtec.cat\/ies-estelaiberica\/wp-json\/wp\/v2\/pages\/19"}],"wp:attachment":[{"href":"https:\/\/agora.xtec.cat\/ies-estelaiberica\/wp-json\/wp\/v2\/media?parent=567"}],"curies":[{"name":"wp","href":"https:\/\/api.w.org\/{rel}","templated":true}]}}