{"id":4614,"date":"2025-04-02T09:56:41","date_gmt":"2025-04-02T07:56:41","guid":{"rendered":"https:\/\/agora.xtec.cat\/ies-estelaiberica\/?page_id=4614"},"modified":"2025-04-07T12:31:51","modified_gmt":"2025-04-07T10:31:51","slug":"proteccio-de-dades","status":"publish","type":"page","link":"https:\/\/agora.xtec.cat\/ies-estelaiberica\/linstitut\/proteccio-de-dades\/","title":{"rendered":"Protecci\u00f3 de dades"},"content":{"rendered":"<section id=\"h.7c63ad4b7db13ab1_8\" class=\"yaqOZd\">\n<div class=\"mYVXT\">\n<div class=\"LS81yb VICjCf j5pSsc db35Fc\" tabindex=\"-1\">\n<div class=\"hJDwNd-AhqUyc-uQSCkd Ft7HRd-AhqUyc-uQSCkd purZT-AhqUyc-II5mzb ZcASvf-AhqUyc-II5mzb pSzOP-AhqUyc-qWD73c Ktthjf-AhqUyc-qWD73c JNdkSc SQVYQc\">\n<div class=\"JNdkSc-SmKAyb LkDMRd\">\n<div class=\"\">\n<div class=\"oKdM2c ZZyype Kzv0Me\">\n<div id=\"h.7c63ad4b7db13ab1_5\" class=\"hJDwNd-AhqUyc-uQSCkd Ft7HRd-AhqUyc-uQSCkd jXK9ad D2fZ2 zu5uec OjCsFc dmUFtb wHaque g5GTcb\">\n<div class=\"jXK9ad-SmKAyb\">\n<div class=\"tyJCtd mGzaTb Depvyb baZpAe\">\n<div class=\"CjVfdc\"><strong><span class=\"C9DxTc \">Protecci\u00f3 de dades<\/span><\/strong><\/div>\n<p class=\"zfr3Q CDt4Ke \" dir=\"ltr\"><span class=\"C9DxTc \">Totes les dades que reculli l\u2019Institut seran tractades i utilitzades amb finalitats educatives.<\/span><\/p>\n<div id=\"h.1ofirumdz5bv\" class=\"CobnVe yMxPgf aP9Z7e\"><\/div>\n<div class=\"CjVfdc\">\n<div class=\"PPhIP rviiZ\">\n<div class=\"U26fgb mUbCce fKz7Od LRAOtb Znu9nd M9Bg4d\" role=\"presentation\" aria-describedby=\"h.1ofirumdz5bv_l\" aria-label=\"Copia l'enlla\u00e7 del t\u00edtol\" aria-disabled=\"false\" data-tooltip=\"Copia l'enlla\u00e7 del t\u00edtol\" aria-hidden=\"true\" data-tooltip-position=\"top\" data-tooltip-vertical-offset=\"12\" data-tooltip-horizontal-offset=\"0\">\n<div class=\"VTBa7b MbhUzd\"><\/div>\n<\/div>\n<\/div>\n<p><strong><span class=\"C9DxTc \">MARC LEGISLATIU<\/span><\/strong><\/p>\n<\/div>\n<p class=\"zfr3Q CDt4Ke \" dir=\"ltr\"><span class=\"C9DxTc \">El model de gesti\u00f3 de la privacitat i la protecci\u00f3 de dades de l\u2019Institut Estela Ib\u00e8rica es fonamenta en el marc jur\u00eddic seg\u00fcent:<\/span><\/p>\n<p class=\"zfr3Q CDt4Ke \" dir=\"ltr\"><span class=\"C9DxTc \">\u25cf\u00a0<\/span><a class=\"XqQF9c\" href=\"https:\/\/apdcat.gencat.cat\/web\/.content\/01-autoritat\/normativa\/documentos\/LLEI-ORGANICA-3-2018-BOE-A-2018-16673-C.pdf\" target=\"_blank\" rel=\"noopener\"><span class=\"C9DxTc aw5Odc \">Llei org\u00e0nica 3\/2018<\/span><\/a><span class=\"C9DxTc \">, de 5 de desembre, de protecci\u00f3 de dades personals i garantia dels drets digitals.<\/span><\/p>\n<p class=\"zfr3Q CDt4Ke \" dir=\"ltr\"><span class=\"C9DxTc \">\u25cf\u00a0<\/span><a class=\"XqQF9c\" href=\"https:\/\/www.boe.es\/buscar\/doc.php?id=DOUE-L-2016-80807\" target=\"_blank\" rel=\"noopener\"><span class=\"C9DxTc aw5Odc \">Reglament 2016\/679<\/span><\/a><span class=\"C9DxTc \">\u00a0del Parlament Europeu i del Consell de 27 d\u2019abril de 2016 (RGPD), relatiu a la protecci\u00f3 de les persones f\u00edsiques pel que fa al tractament de dades personals i a la lliure circulaci\u00f3 d\u2019aquestes dades, i pel qual es deroga la Directiva 95\/46\/CE.<\/span><\/p>\n<p class=\"zfr3Q CDt4Ke \" dir=\"ltr\"><span class=\"C9DxTc \">En cas que l\u2019Institut sol\u00b7liciti dades personals als usuaris, aquestes es tractaran d\u2019acord amb el principi de protecci\u00f3 de dades personals establert pel marc legislatiu indicat.<\/span><\/p>\n<\/div>\n<\/div>\n<\/div>\n<\/div>\n<\/div>\n<\/div>\n<\/div>\n<\/div>\n<\/div>\n<\/section>\n<section id=\"h.7c63ad4b7db13ab1_16\" class=\"yaqOZd\">\n<div class=\"mYVXT\">\n<div class=\"LS81yb VICjCf j5pSsc db35Fc\" tabindex=\"-1\">\n<div class=\"hJDwNd-AhqUyc-uQSCkd Ft7HRd-AhqUyc-uQSCkd purZT-AhqUyc-II5mzb ZcASvf-AhqUyc-II5mzb pSzOP-AhqUyc-qWD73c Ktthjf-AhqUyc-qWD73c JNdkSc SQVYQc\">\n<div class=\"JNdkSc-SmKAyb LkDMRd\">\n<div class=\"\">\n<div class=\"oKdM2c ZZyype Kzv0Me\">\n<div id=\"h.7c63ad4b7db13ab1_13\" class=\"hJDwNd-AhqUyc-uQSCkd Ft7HRd-AhqUyc-uQSCkd jXK9ad D2fZ2 zu5uec OjCsFc dmUFtb wHaque g5GTcb\">\n<div class=\"jXK9ad-SmKAyb\">\n<div class=\"tyJCtd mGzaTb Depvyb baZpAe\">\n<div class=\"CjVfdc\">\n<div class=\"PPhIP rviiZ\">\n<div class=\"U26fgb mUbCce fKz7Od LRAOtb Znu9nd M9Bg4d\" role=\"presentation\" aria-describedby=\"h.ucjaclrsnulp_l\" aria-label=\"Copia l'enlla\u00e7 del t\u00edtol\" aria-disabled=\"false\" data-tooltip=\"Copia l'enlla\u00e7 del t\u00edtol\" aria-hidden=\"true\" data-tooltip-position=\"top\" data-tooltip-vertical-offset=\"12\" data-tooltip-horizontal-offset=\"0\">\n<div class=\"VTBa7b MbhUzd\"><\/div>\n<\/div>\n<\/div>\n<p><strong><span class=\"C9DxTc \">INFORMACI\u00d3 B\u00c0SICA SOBRE PROTECCI\u00d3 DE DADES<\/span><\/strong><\/p>\n<\/div>\n<div id=\"h.wowd4ehy8chp\" class=\"GV3q8e yMxPgf aP9Z7e\"><\/div>\n<div class=\"CjVfdc\"><em><span class=\"C9DxTc \">Responsable del tractament<\/span><\/em><\/div>\n<p class=\"zfr3Q CDt4Ke \" dir=\"ltr\"><span class=\"C9DxTc \">Direcci\u00f3 del centre educatiu<\/span><\/p>\n<div class=\"CjVfdc\"><em><span class=\"C9DxTc \">Finalitat<\/span><\/em><\/div>\n<p class=\"zfr3Q CDt4Ke \" dir=\"ltr\"><span class=\"C9DxTc \">Gestionar l\u2019acci\u00f3 educativa i orientadora<\/span><\/p>\n<div class=\"CjVfdc\"><em><span class=\"C9DxTc \">Legitimaci\u00f3<\/span><\/em><\/div>\n<p class=\"zfr3Q CDt4Ke \" dir=\"ltr\"><span class=\"C9DxTc \">Missi\u00f3 d\u2019inter\u00e8s p\u00fablic<\/span><\/p>\n<div class=\"CjVfdc\"><em><span class=\"C9DxTc \">Destinataris<\/span><\/em><\/div>\n<p class=\"zfr3Q CDt4Ke \" dir=\"ltr\"><span class=\"C9DxTc \">No se cediran les dades a tercers, tret d\u2019obligaci\u00f3 legal<\/span><\/p>\n<div class=\"CjVfdc\"><em><span class=\"C9DxTc \">Drets<\/span><\/em><\/div>\n<p class=\"zfr3Q CDt4Ke \" dir=\"ltr\"><span class=\"C9DxTc \">Accedir a les dades, rectificar-les, suprimir-les, oposar-se al tractament i sol\u00b7licitar-ne la limitaci\u00f3<\/span><\/p>\n<div class=\"CjVfdc\"><em><span class=\"C9DxTc \">Informaci\u00f3 addicional<\/span><\/em><\/div>\n<p class=\"zfr3Q CDt4Ke \" dir=\"ltr\"><span class=\"C9DxTc \">Es pot consultar la informaci\u00f3 addicional i detallada sobre protecci\u00f3 de dades a:<\/span><\/p>\n<p class=\"zfr3Q CDt4Ke \" dir=\"ltr\"><a class=\"XqQF9c\" href=\"http:\/\/ensenyament.gencat.cat\/ca\/Detall\/alumnes-centres-departament\" target=\"_blank\" rel=\"noopener\"><span class=\"C9DxTc aw5Odc \">http:\/\/ensenyament.gencat.cat\/ca\/Detall\/alumnes-centres-departament<\/span><\/a><\/p>\n<div class=\"CjVfdc\"><em><span class=\"C9DxTc \">Departament d\u2019Educaci\u00f3<\/span><\/em><\/div>\n<p class=\"zfr3Q CDt4Ke \" dir=\"ltr\"><span class=\"C9DxTc \">Es pot consultar la informaci\u00f3 sobre la protecci\u00f3 de dades personals als centres educatius a:<\/span><\/p>\n<p class=\"zfr3Q CDt4Ke \" dir=\"ltr\"><a class=\"XqQF9c\" href=\"https:\/\/educacio.gencat.cat\/ca\/departament\/proteccio-dades\/centres-educatius\" target=\"_blank\" rel=\"noopener\"><span class=\"C9DxTc aw5Odc \">https:\/\/educacio.gencat.cat\/ca\/departament\/proteccio-dades\/centres-educatius<\/span><\/a><\/p>\n<\/div>\n<\/div>\n<\/div>\n<\/div>\n<\/div>\n<\/div>\n<\/div>\n<\/div>\n<\/div>\n<\/section>\n","protected":false},"excerpt":{"rendered":"<p>Protecci\u00f3 de dades<br \/>\nTotes les dades que reculli l\u2019Institut seran tractades i utilitzades amb finalitats educatives.<\/p>\n<p>MARC LEGISLATIU<\/p>\n<p>El model de gesti\u00f3 de la privacitat i la protecci\u00f3 de dades de l\u2019Institut Estela Ib\u00e8rica es fonamenta en el marc jur\u00eddic seg\u00fcent:<br \/>\n\u25cf\u00a0<a class=\"XqQF9c\" href=\"https:\/\/apdcat.gencat.cat\/web\/.content\/01-autoritat\/normativa\/documentos\/LLEI-ORGANICA-3-2018-BOE-A-2018-16673-C.pdf\" target=\"_blank\" rel=\"noopener\">Llei org\u00e0nica 3\/2018<\/a>, de&hellip;  <a href=\"https:\/\/agora.xtec.cat\/ies-estelaiberica\/linstitut\/proteccio-de-dades\/\" title=\"Read Protecci\u00f3 de dades\">Llegeix m\u00e9s\u00bb<\/a><\/p>\n","protected":false},"author":11,"featured_media":0,"parent":19,"menu_order":10,"comment_status":"closed","ping_status":"closed","template":"page-templates\/side-menu.php","meta":{"_bbp_topic_count":0,"_bbp_reply_count":0,"_bbp_total_topic_count":0,"_bbp_total_reply_count":0,"_bbp_voice_count":0,"_bbp_anonymous_reply_count":0,"_bbp_topic_count_hidden":0,"_bbp_reply_count_hidden":0,"_bbp_forum_subforum_count":0,"footnotes":""},"class_list":["post-4614","page","type-page","status-publish","hentry"],"post_mailing_queue_ids":[],"_links":{"self":[{"href":"https:\/\/agora.xtec.cat\/ies-estelaiberica\/wp-json\/wp\/v2\/pages\/4614","targetHints":{"allow":["GET"]}}],"collection":[{"href":"https:\/\/agora.xtec.cat\/ies-estelaiberica\/wp-json\/wp\/v2\/pages"}],"about":[{"href":"https:\/\/agora.xtec.cat\/ies-estelaiberica\/wp-json\/wp\/v2\/types\/page"}],"author":[{"embeddable":true,"href":"https:\/\/agora.xtec.cat\/ies-estelaiberica\/wp-json\/wp\/v2\/users\/11"}],"replies":[{"embeddable":true,"href":"https:\/\/agora.xtec.cat\/ies-estelaiberica\/wp-json\/wp\/v2\/comments?post=4614"}],"version-history":[{"count":2,"href":"https:\/\/agora.xtec.cat\/ies-estelaiberica\/wp-json\/wp\/v2\/pages\/4614\/revisions"}],"predecessor-version":[{"id":4616,"href":"https:\/\/agora.xtec.cat\/ies-estelaiberica\/wp-json\/wp\/v2\/pages\/4614\/revisions\/4616"}],"up":[{"embeddable":true,"href":"https:\/\/agora.xtec.cat\/ies-estelaiberica\/wp-json\/wp\/v2\/pages\/19"}],"wp:attachment":[{"href":"https:\/\/agora.xtec.cat\/ies-estelaiberica\/wp-json\/wp\/v2\/media?parent=4614"}],"curies":[{"name":"wp","href":"https:\/\/api.w.org\/{rel}","templated":true}]}}