{"id":3925,"date":"2024-02-07T15:35:11","date_gmt":"2024-02-07T14:35:11","guid":{"rendered":"https:\/\/agora.xtec.cat\/ies-estelaiberica\/?page_id=3925"},"modified":"2025-04-07T12:31:18","modified_gmt":"2025-04-07T10:31:18","slug":"politica-de-qualitat","status":"publish","type":"page","link":"https:\/\/agora.xtec.cat\/ies-estelaiberica\/linstitut\/politica-de-qualitat\/","title":{"rendered":"Pol\u00edtica de Qualitat"},"content":{"rendered":"<p><b>POL\u00cdTICA DE QUALITAT<\/b><\/p>\n<p>&nbsp;<\/p>\n<p><span style=\"font-weight: 400;\">L&#8217;Institut Estela Ib\u00e8rica t\u00e9 com a objectiu fonamental proporcionar una educaci\u00f3 de qualitat al nostre alumnat i contribuir al desenvolupament integral de cada individu. Per aconseguir aquest prop\u00f2sit, establim com a eix fonamental de la nostra gesti\u00f3 la norma ISO 9001:2015, que representa un punt estrat\u00e8gic a la nostra visi\u00f3 institucional.<\/span><\/p>\n<p>&nbsp;<\/p>\n<p><span style=\"font-weight: 400;\">La implementaci\u00f3 i adaptaci\u00f3 de la normativa ISO 9001:2015 \u00e9s un comprom\u00eds que assumeix l&#8217;Institut Estela Ib\u00e8rica com a pe\u00e7a clau per a la millora i la qualitat continua. Aquesta norma ens proporciona una estructura i un marc de treball que ens permet millorar la gesti\u00f3 dels nostres processos i serveis, i aix\u00f2 afecta directament en una millora substancial de l&#8217;experi\u00e8ncia educativa dels nostres alumnes i de tota la comunitat educativa en general.<\/span><\/p>\n<p>&nbsp;<\/p>\n<p><span style=\"font-weight: 400;\">Els elements clau que impulsen la millora al nostre centre s\u00f3n els seg\u00fcents:<\/span><\/p>\n<p>&nbsp;<\/p>\n<ul>\n<li aria-level=\"1\"><b>Millora en la gesti\u00f3 dels processos<\/b><span style=\"font-weight: 400;\">: Mitjan\u00e7ant la implementaci\u00f3 de la norma ISO 9001, a partir del curs 23\/24, optimitzem la nostra gesti\u00f3 interna, identificant i millorant els processos clau per a la qualitat de l&#8217;educaci\u00f3 que oferim. Aix\u00f2 es tradueix en una major efici\u00e8ncia i efic\u00e0cia en la consecuci\u00f3 dels nostres objectius educatius.<\/span><\/li>\n<\/ul>\n<p><b><\/b><br \/>\n<b><\/b><\/p>\n<ul>\n<li aria-level=\"1\"><b>Avaluaci\u00f3 constant en la recerca de l&#8217;excel\u00b7l\u00e8ncia<\/b><span style=\"font-weight: 400;\">: Mantenim una cultura d&#8217;avaluaci\u00f3 constant, que ens permet identificar \u00e0rees d&#8217;oportunitat i implementar millores de manera proactiva. Busquem l&#8217;excel\u00b7l\u00e8ncia en tots els aspectes de la nostra tasca educativa.<\/span><\/li>\n<\/ul>\n<p><b><\/b><br \/>\n<b><\/b><\/p>\n<ul>\n<li aria-level=\"1\"><b>An\u00e0lisi de les necessitats de tots els agents de la comunitat educativa:<\/b><span style=\"font-weight: 400;\"> Posem un \u00e8mfasi especial en l&#8217;atenci\u00f3 personalitzada. A trav\u00e9s de la recopilaci\u00f3 i an\u00e0lisi de les necessitats de tots els membres de la nostra comunitat educativa, estem compromesos a proporcionar respostes adaptades a les seves particularitats i expectatives.<\/span><\/li>\n<\/ul>\n<p><b><\/b><br \/>\n<b><\/b><\/p>\n<ul>\n<li aria-level=\"1\"><b>Afectaci\u00f3 del sistema de qualitat a tota la comunitat educativa<\/b><span style=\"font-weight: 400;\">: La qualitat no \u00e9s nom\u00e9s responsabilitat de l&#8217;equip directiu o de la comissi\u00f3 de qualitat, sin\u00f3 que \u00e9s una tasca compartida per tota la comunitat educativa. Fomentem una participaci\u00f3 activa i implicaci\u00f3 de tots els membres, ja que entenem que aix\u00f2 \u00e9s essencial per aconseguir els nostres objectius.<\/span><\/li>\n<\/ul>\n<p><b><\/b><br \/>\n<b><\/b><\/p>\n<ul>\n<li aria-level=\"1\"><b>Implicaci\u00f3 de l&#8217;equip directiu i de la comissi\u00f3 de qualitat:<\/b><span style=\"font-weight: 400;\"> L&#8217;equip directiu i la comissi\u00f3 de qualitat assumeixen un paper fonamental en el proc\u00e9s de millora continua. Estan compromesos a liderar aquesta iniciativa i a proporcionar els recursos necessaris per a la seva implementaci\u00f3 i seguiment.<\/span><\/li>\n<\/ul>\n<p><b><\/b><br \/>\n<b><\/b><\/p>\n<ul>\n<li aria-level=\"1\"><b>Formaci\u00f3 i actualitzaci\u00f3 dels membres de la comunitat educativa:<\/b><span style=\"font-weight: 400;\"> Recon\u00e8ixer la import\u00e0ncia de la formaci\u00f3 i l&#8217;actualitzaci\u00f3 cont\u00ednua \u00e9s fonamental per assegurar que tots els membres de la comunitat educativa estiguin habilitats per contribuir a la millora continua. Proporcionem les oportunitats i recursos necessaris perqu\u00e8 aix\u00f2 sigui possible.<\/span><\/li>\n<\/ul>\n<p>&nbsp;<\/p>\n<p><span style=\"font-weight: 400;\">El sistema de gesti\u00f3 de la qualitat de l\u2019Institut Estela Ib\u00e8rica abasta la impartici\u00f3 de Cicles Formatius de Formaci\u00f3 Professional de grau b\u00e0sic, grau mitj\u00e0 i grau superior i del Programa de Formaci\u00f3 i Inserci\u00f3 (PFI). Queda excl\u00f2s de l\u2019abast el proc\u00e9s de disseny dels cursos doncs \u00e9s responsabilitat del Departament d\u2019Educaci\u00f3.<\/span><\/p>\n<p>&nbsp;<\/p>\n<p><span style=\"font-weight: 400;\">L&#8217;Institut Estela Ib\u00e8rica assumeix aquesta Pol\u00edtica de Qualitat com a part integral de la seva missi\u00f3 i est\u00e0 comprom\u00e8s en la seva aplicaci\u00f3 i millora cont\u00ednua. Aquesta pol\u00edtica \u00e9s comunicada i entesa per tot el personal de l&#8217;institut, i est\u00e0 a disposici\u00f3 de les parts interessades.\u00a0<\/span><\/p>\n<p>&nbsp;<\/p>\n","protected":false},"excerpt":{"rendered":"<p>POL\u00cdTICA DE QUALITAT<br \/>\n&nbsp;<br \/>\nL&#8217;Institut Estela Ib\u00e8rica t\u00e9 com a objectiu fonamental proporcionar una educaci\u00f3 de qualitat al nostre alumnat i contribuir al desenvolupament integral de cada individu. Per aconseguir aquest prop\u00f2sit, establim com a eix fonamental de la nostra gesti\u00f3 la norma ISO 9001:2015, que representa&hellip;  <a href=\"https:\/\/agora.xtec.cat\/ies-estelaiberica\/linstitut\/politica-de-qualitat\/\" title=\"Read Pol\u00edtica de Qualitat\">Llegeix m\u00e9s\u00bb<\/a><\/p>\n","protected":false},"author":1,"featured_media":0,"parent":19,"menu_order":20,"comment_status":"closed","ping_status":"closed","template":"page-templates\/side-menu.php","meta":{"_bbp_topic_count":0,"_bbp_reply_count":0,"_bbp_total_topic_count":0,"_bbp_total_reply_count":0,"_bbp_voice_count":0,"_bbp_anonymous_reply_count":0,"_bbp_topic_count_hidden":0,"_bbp_reply_count_hidden":0,"_bbp_forum_subforum_count":0,"footnotes":""},"class_list":["post-3925","page","type-page","status-publish","hentry"],"post_mailing_queue_ids":[],"_links":{"self":[{"href":"https:\/\/agora.xtec.cat\/ies-estelaiberica\/wp-json\/wp\/v2\/pages\/3925","targetHints":{"allow":["GET"]}}],"collection":[{"href":"https:\/\/agora.xtec.cat\/ies-estelaiberica\/wp-json\/wp\/v2\/pages"}],"about":[{"href":"https:\/\/agora.xtec.cat\/ies-estelaiberica\/wp-json\/wp\/v2\/types\/page"}],"author":[{"embeddable":true,"href":"https:\/\/agora.xtec.cat\/ies-estelaiberica\/wp-json\/wp\/v2\/users\/1"}],"replies":[{"embeddable":true,"href":"https:\/\/agora.xtec.cat\/ies-estelaiberica\/wp-json\/wp\/v2\/comments?post=3925"}],"version-history":[{"count":4,"href":"https:\/\/agora.xtec.cat\/ies-estelaiberica\/wp-json\/wp\/v2\/pages\/3925\/revisions"}],"predecessor-version":[{"id":3929,"href":"https:\/\/agora.xtec.cat\/ies-estelaiberica\/wp-json\/wp\/v2\/pages\/3925\/revisions\/3929"}],"up":[{"embeddable":true,"href":"https:\/\/agora.xtec.cat\/ies-estelaiberica\/wp-json\/wp\/v2\/pages\/19"}],"wp:attachment":[{"href":"https:\/\/agora.xtec.cat\/ies-estelaiberica\/wp-json\/wp\/v2\/media?parent=3925"}],"curies":[{"name":"wp","href":"https:\/\/api.w.org\/{rel}","templated":true}]}}