{"id":894,"date":"2021-05-12T12:46:24","date_gmt":"2021-05-12T10:46:24","guid":{"rendered":"http:\/\/agora.xtec.cat\/ies-estatut\/?page_id=894"},"modified":"2026-03-25T13:44:19","modified_gmt":"2026-03-25T12:44:19","slug":"cicles-formatius","status":"publish","type":"page","link":"https:\/\/agora.xtec.cat\/ies-estatut\/estudis\/cicles-formatius\/","title":{"rendered":"Cicles formatius Inform\u00e0tica"},"content":{"rendered":"<h2><strong>Formaci\u00f3 Professional<\/strong><\/h2>\n<p>&nbsp;<\/p>\n<h1 style=\"text-align: center;\"><strong>Grau mitj\u00e0 &#8211; Sistemes microinform\u00e0tics i xarxes (SMX)<\/strong><\/h1>\n<p>&nbsp;<\/p>\n<p>Les compet\u00e8ncies generals del perfil professional s\u00f3n: instal\u00b7lar i mantenir els serveis sobre xarxes fixes i m\u00f2bils, els serveis d\u2019Internet i els sistemes inform\u00e0tics monousuari i multiusuari, prestant suport a la persona usu\u00e0ria final en condicions de qualitat, seguretat i en els terminis adequats.<\/p>\n<p style=\"text-align: center;\"><a href=\"https:\/\/agora.xtec.cat\/ies-estatut\/estudis-2\/cicles-formatius\/sistemes-microinformatics-i-xarxes-smx\/\" rel=\"noopener noreferrer\">M\u00e9s informaci\u00f3<\/a><\/p>\n<p>&nbsp;<\/p>\n<hr \/>\n<h1 style=\"text-align: center;\"><strong>Grau Superior &#8211; Desenvolupament d&#8217;Aplicacions Web (DAW)<\/strong><\/h1>\n<p>&nbsp;<\/p>\n<p>Aquests estudis postobligatoris capaciten per desenvolupar, implantar i mantenir aplicacions web, amb independ\u00e8ncia del model emprat i utilitzant tecnologies espec\u00edfiques, garantint l&#8217;acc\u00e9s a les dades de forma segura i complint els criteris d&#8217;accessibilitat, usabilitat i qualitat exigides en els est\u00e0ndards establerts.<\/p>\n<p style=\"text-align: center;\"><a href=\"https:\/\/agora.xtec.cat\/ies-estatut\/estudis-2\/cicles-formatius\/daw-desenvolupament-daplicacions-web\/\" rel=\"noopener noreferrer\">M\u00e9s informaci\u00f3<\/a><\/p>\n<p>&nbsp;<\/p>\n<hr \/>\n<h3 style=\"text-align: center;\"><\/h3>\n<p>&nbsp;<\/p>\n<h1 style=\"text-align: center;\"><strong>Grau superior &#8211; Administraci\u00f3 de Sistemes Inform\u00e0tics en xarxa (ASIX)<\/strong><\/h1>\n<p>&nbsp;<\/p>\n<p>Les compet\u00e8ncies generals del perfil professional s\u00f3n: implantar, explotar i mantenir en requeriments de baix i mig nivell els sistemes inform\u00e0tics en qu\u00e8 es basa la gesti\u00f3 i administraci\u00f3 de l\u2019empresa, prestant suport directe o de primera l\u00ednia als usuaris finals i aplicant i portant a terme els requisits legals vigents en el sector.<\/p>\n<p style=\"text-align: center;\"><a href=\"https:\/\/agora.xtec.cat\/ies-estatut\/estudis-2\/cicles-formatius\/administracio-de-sistemes-informatics-en-xarxa-asix\/\" rel=\"noopener noreferrer\">M\u00e9s informaci\u00f3<\/a><\/p>\n<p>&nbsp;<\/p>\n<hr \/>\n<h1 style=\"text-align: center;\"><strong>Grau Superior &#8211; Desenvolupament d&#8217;aplicacions multiplataforma (DAM)<\/strong><\/h1>\n<p>&nbsp;<\/p>\n<p>La compet\u00e8ncia general d\u2019aquest t\u00edtol consisteix a desenvolupar, implantar, documentar i mantenir aplicacions inform\u00e0tiques multiplataforma, utilitzant tecnologies i entorns de desenvolupament espec\u00edfics, garantint l\u2019acc\u00e9s a les dades de forma segura i complint els criteris d\u2019usabilitat i qualitat exigides en els est\u00e0ndards establerts.<\/p>\n<p style=\"text-align: center;\"><a href=\"https:\/\/agora.xtec.cat\/ies-estatut\/estudis-2\/cicles-formatius\/dam-desenvolupament-daplicacions-multiplataforma\/\" rel=\"noopener noreferrer\">M\u00e9s informaci\u00f3<\/a><\/p>\n<hr \/>\n<p>Ja has llegit tota la informaci\u00f3 dels nostres cicles?<br \/>\nComprova-ho amb els nostres escape rooms?<\/p>\n<p><a href=\"https:\/\/view.genial.ly\/63fe0b4ad027e100127f4bca\/interactive-content-escape-room-terrorcfgmsmx\">ESCAPE ROOM CFGM- SMX<\/a><\/p>\n<p><a href=\"https:\/\/view.genial.ly\/63fe48a689f4a60019ee3fe4\/interactive-content-adventure-asix\">ESCAPE ROOM CFGS &#8211; ASIX<\/a><\/p>\n<p>&nbsp;<\/p>\n<h3>Dades de contacte<\/h3>\n<div class=\"textwidget\">\n<p><b>Cap d&#8217;estudis de cicles<\/b><br \/>\nJavi G\u00f3ngora<br \/>\n<a href=\"mailto:capestudisadjunt@insestatut.cat\"> capestudisadjunt@insestatut.cat<\/a><\/p>\n<p><strong><b>Coordinadora FP<\/b><br \/>\n<\/strong>Sausan Battikh<br \/>\n<a href=\"mailto:coordinaciofp@insestatut.cat\"> coordinaciofp@insestatut.cat<\/a><\/p>\n<p><b>Coordinadora DUAL inform\u00e0tica<\/b><br \/>\nSausan Battikh<br \/>\n<a href=\"mailto:coordinaciodualinfo@insestatut.cat\"> coordinaciodualinfo<span class=\"\">@inses<\/span>tatut.cat<\/a><\/p>\n<\/div>\n","protected":false},"excerpt":{"rendered":"<p>Formaci\u00f3 Professional<br \/>\n&nbsp;<br \/>\nGrau mitj\u00e0 &#8211; Sistemes microinform\u00e0tics i xarxes (SMX)<br \/>\n&nbsp;<br \/>\nLes compet\u00e8ncies generals del perfil professional s\u00f3n: instal\u00b7lar i mantenir els serveis sobre xarxes fixes i m\u00f2bils, els serveis d\u2019Internet i els sistemes inform\u00e0tics monousuari i multiusuari, prestant suport a la persona usu\u00e0ria final en condicions de&hellip;  <a href=\"https:\/\/agora.xtec.cat\/ies-estatut\/estudis\/cicles-formatius\/\" title=\"Read Cicles formatius Inform\u00e0tica\">Llegeix m\u00e9s\u00bb<\/a><\/p>\n","protected":false},"author":4,"featured_media":0,"parent":884,"menu_order":2,"comment_status":"closed","ping_status":"closed","template":"page-templates\/side-menu.php","meta":{"_bbp_topic_count":0,"_bbp_reply_count":0,"_bbp_total_topic_count":0,"_bbp_total_reply_count":0,"_bbp_voice_count":0,"_bbp_anonymous_reply_count":0,"_bbp_topic_count_hidden":0,"_bbp_reply_count_hidden":0,"_bbp_forum_subforum_count":0,"footnotes":""},"class_list":["post-894","page","type-page","status-publish","hentry"],"post_mailing_queue_ids":[],"_links":{"self":[{"href":"https:\/\/agora.xtec.cat\/ies-estatut\/wp-json\/wp\/v2\/pages\/894","targetHints":{"allow":["GET"]}}],"collection":[{"href":"https:\/\/agora.xtec.cat\/ies-estatut\/wp-json\/wp\/v2\/pages"}],"about":[{"href":"https:\/\/agora.xtec.cat\/ies-estatut\/wp-json\/wp\/v2\/types\/page"}],"author":[{"embeddable":true,"href":"https:\/\/agora.xtec.cat\/ies-estatut\/wp-json\/wp\/v2\/users\/4"}],"replies":[{"embeddable":true,"href":"https:\/\/agora.xtec.cat\/ies-estatut\/wp-json\/wp\/v2\/comments?post=894"}],"version-history":[{"count":8,"href":"https:\/\/agora.xtec.cat\/ies-estatut\/wp-json\/wp\/v2\/pages\/894\/revisions"}],"predecessor-version":[{"id":6925,"href":"https:\/\/agora.xtec.cat\/ies-estatut\/wp-json\/wp\/v2\/pages\/894\/revisions\/6925"}],"up":[{"embeddable":true,"href":"https:\/\/agora.xtec.cat\/ies-estatut\/wp-json\/wp\/v2\/pages\/884"}],"wp:attachment":[{"href":"https:\/\/agora.xtec.cat\/ies-estatut\/wp-json\/wp\/v2\/media?parent=894"}],"curies":[{"name":"wp","href":"https:\/\/api.w.org\/{rel}","templated":true}]}}