{"id":882,"date":"2018-02-25T15:36:19","date_gmt":"2018-02-25T14:36:19","guid":{"rendered":"http:\/\/agora.xtec.cat\/ies-estatut\/?page_id=882"},"modified":"2025-11-25T18:29:55","modified_gmt":"2025-11-25T17:29:55","slug":"eso","status":"publish","type":"page","link":"https:\/\/agora.xtec.cat\/ies-estatut\/estudis\/eso\/","title":{"rendered":"ESO"},"content":{"rendered":"<p>&nbsp;<\/p>\n<p><span style=\"font-weight: 400;\">En l&#8217;Educaci\u00f3 Secund\u00e0ria Obligat\u00f2ria oferim:<\/span><\/p>\n<ul>\n<li style=\"font-weight: 400;\"><span style=\"font-weight: 400;\">De primer a quart d&#8217;ESO<\/span><\/li>\n<li style=\"font-weight: 400;\"><span style=\"font-weight: 400;\">Atenci\u00f3 individualitzada i treball en petits grups<\/span><\/li>\n<li style=\"font-weight: 400;\"><span style=\"font-weight: 400;\">Programa d&#8217;orientaci\u00f3 acad\u00e8mica i professional<\/span><\/li>\n<li style=\"font-weight: 400;\"><span style=\"font-weight: 400;\">Programa d&#8217;educaci\u00f3 mediambiental, coeducaci\u00f3, salut, etc.<\/span><\/li>\n<\/ul>\n<p><span style=\"font-weight: 400;\">El curr\u00edculum de l&#8217;ESO s&#8217;estructura en mat\u00e8ries comunes (que cursen tots els alumnes) i mat\u00e8ries optatives \u00a0(que els alumnes trien segons l&#8217;itinerari d&#8217;estudis que vulgui seguir).<\/span><\/p>\n<p><span style=\"font-weight: 400;\">La <\/span><b>finalitat de l\u2019ESO<\/b><span style=\"font-weight: 400;\"> \u00e9s proporcionar a tot l&#8217;alumnat una educaci\u00f3 que li permeti assegurar un desenvolupament personal s\u00f2lid, adquirir les habilitats i les compet\u00e8ncies culturals i socials relatives a l&#8217;expressi\u00f3 i comprensi\u00f3 oral, a l&#8217;escriptura, al c\u00e0lcul, a la resoluci\u00f3 de problemes de la vida quotidiana, al rebuig de tot tipus de comportaments discriminatoris per ra\u00f3 de sexe, la igualtat de drets i oportunitats entre dones i homes, l&#8217;autonomia personal, la corresponsabilitat i la interdepend\u00e8ncia personal i la comprensi\u00f3 dels elements b\u00e0sics del m\u00f3n en els aspectes cient\u00edfic, social i cultural, en particular aquells elements que permetin un coneixement i arrelament a Catalunya. Aix\u00ed mateix, ha de contribuir a desenvolupar les habilitats socials de treball i d\u2019estudi amb autonomia i esperit cr\u00edtic, la sensibilitat art\u00edstica, la creativitat i l\u2019afectivitat de tots els nois i les noies.<\/span><\/p>\n<p>&nbsp;<\/p>\n<p><b style=\"font-size: 20px;\">Avaluaci\u00f3<\/b><\/p>\n<p><span style=\"font-weight: 400;\">L&#8217;<\/span><b>avaluaci\u00f3<\/b><span style=\"font-weight: 400;\"> del proc\u00e9s d&#8217;aprenentatge de l&#8217;alumnat d\u2019 ESO \u00e9s cont\u00ednua. L\u2019alumne\/a que en finalitzar l\u2019ESO hagi assolit les compet\u00e8ncies b\u00e0siques i els objectius de l&#8217;etapa obtindr\u00e0 el <\/span><b>t\u00edtol de graduat d&#8217;educaci\u00f3 secund\u00e0ria obligat\u00f2ria<\/b><span style=\"font-weight: 400;\">.<\/span><\/p>\n<p>&nbsp;<\/p>\n<p><b style=\"font-size: 20px;\">Opcions metodol\u00f2giques<\/b><\/p>\n<p><span style=\"font-weight: 400;\">Des del curs 2006-2007 el centre ha potenciat el treball per compet\u00e8ncies, la l\u00ednia pedag\u00f2gica que estableix la Generalitat de Catalunya, la qual considera necess\u00e0ria la millora de les capacitats de les persones per poder actuar adequadament i amb efic\u00e0cia en la societat.<\/span><\/p>\n<p><span style=\"font-weight: 400;\">Paral\u00b7lelament, i en la mateixa l\u00ednia, al centre s\u2019han anat fent diversos projectes d\u2019ABP. <\/span><\/p>\n<p><span style=\"font-weight: 400;\">S\u2019implanta de forma progressiva i experimental \u00a0l&#8217;aprenentatge per compet\u00e8ncies i la transversalitat com a metodologia a L\u2019Estatut, atenent a les l\u00ednies impulsades pel Departament d\u2019Ensenyament i al PE \/ PAC (2010-14) i a partir del DECRET 187\/2015, de 25 d&#8217;agost, d&#8217;ordenaci\u00f3 dels ensenyaments de l&#8217;educaci\u00f3 secund\u00e0ria obligat\u00f2ria.<\/span><\/p>\n<p><span style=\"font-weight: 400;\">Aix\u00ed doncs, s\u2019intenta potenciar tant el treball individual de l\u2019alumne\/a com el treball en grup, el treball per parelles, el treball per projectes, el treball interdisciplinari i totes aquelles activitats educatives que facilitin l\u2019adquisici\u00f3 d\u2019aprenentatges significatius i funcionals per part de l\u2019alumnat.<\/span><\/p>\n<p><span style=\"font-weight: 400;\">La l\u00ednia metodol\u00f2gica de l\u2019institut potencia l\u2019actuaci\u00f3 dels equips docents, dels departaments did\u00e0ctics, de l\u2019equip de coordinaci\u00f3, etc., les decisions dels quals predominen sobre les individuals.<\/span><\/p>\n<p><span style=\"font-weight: 400;\">El tutor\/a \u00e9s una pe\u00e7a clau en el seguiment curricular i personal de l\u2019alumnat. En aquest sentit, \u00e9s fonamental la coordinaci\u00f3 entre els diferents tutors\/es al llarg de l\u2019etapa<\/span><\/p>\n<p>&nbsp;<\/p>\n<p><b style=\"font-size: 20px;\">Material escolar<\/b><\/p>\n<ul>\n<li>No utilitzem llibres de text, sin\u00f3 que tenim material digital propi elaborat pel professorat a partir del curr\u00edculum del Departament d\u2019Educaci\u00f3.<\/li>\n<li>Adquisici\u00f3 de l\u2019ordinador a 1r d\u2019ESO, amb un servei de pr\u00e9stec per si hi ha alguna avaria. Aquestes s\u00f3n les caracter\u00edstiques m\u00ednimes que us recomanem a l&#8217;hora de comprar un ordinador als alumnes:\n<ul>\n<li style=\"list-style-type: none;\">\n<ul>\n<li style=\"list-style-type: none;\">\n<ul style=\"list-style-type: circle;\">\n<li>Processador AMD A4-9125 , Intel Core i3-7020U o similar<\/li>\n<li>Mem\u00f2ria RAM 4GB (preferible 8GB)<\/li>\n<li>Disc dur 128 GB SSD (m\u00e9s petit per\u00f2 m\u00e9s r\u00e0pid que els tradicionals HD de 500GB)<\/li>\n<li>Pantalla 15.6\u2033<\/li>\n<li>Connectivitat<\/li>\n<li>LAN 10\/100\/1000<\/li>\n<li>WiFi 802.11 ac<\/li>\n<li>C\u00e0mera de port\u00e0til<\/li>\n<li>Micr\u00f2fon<\/li>\n<li>Bateria 3 cel\u00b7les i\u00f3 de liti<\/li>\n<li>Connexions<\/li>\n<li>1 x HDMI<\/li>\n<li>1 x Combo Audio<\/li>\n<li>2 x USB 3.1<\/li>\n<li>1 x USB 2.0<\/li>\n<li>1 x RJ45<\/li>\n<\/ul>\n<\/li>\n<\/ul>\n<\/li>\n<\/ul>\n<\/li>\n<li>L\u2019alumnat rep una agenda i una carpeta classificadora a l\u2019inici del curs.<\/li>\n<\/ul>\n<p>&nbsp;<\/p>\n<p><strong style=\"font-size: 20px;\">Dades de contacte:<\/strong><\/p>\n<p><span style=\"font-weight: 400;\">Coordinaci\u00f3 pedag\u00f2gica: Alba Rosas<\/span><\/p>\n<p><span style=\"font-weight: 400;\">Coord. 1rESO: <\/span>Montserrat Casanovas, Gema D\u00edaz<\/p>\n<p><span style=\"font-weight: 400;\">Coord. 2nESO: <\/span>Jenifer Caballero, Susanna Gomez<\/p>\n<p><span style=\"font-weight: 400;\">Coord. 3rESO: Artur Ramos<\/span><\/p>\n<p><span style=\"font-weight: 400;\">Coord. 4tESO: Nereida Mercado<\/span><\/p>\n<p><span style=\"font-weight: 400;\">Orientadors: Montserrat Casanovas (1r ESO), Jenifer Caballero (2n ESO), Xavi Valverde (3r ESO), Nereida Mercado (4t ESO)<\/span><\/p>\n<p>&nbsp;<\/p>\n","protected":false},"excerpt":{"rendered":"<p>&nbsp;<br \/>\nEn l&#8217;Educaci\u00f3 Secund\u00e0ria Obligat\u00f2ria oferim:<\/p>\n<ul>\n<li style=\"font-weight: 400;\">De primer a quart d&#8217;ESO<\/li>\n<li style=\"font-weight: 400;\">Atenci\u00f3 individualitzada i treball en petits grups<\/li>\n<li style=\"font-weight: 400;\">Programa d&#8217;orientaci\u00f3 acad\u00e8mica i professional<\/li>\n<li style=\"font-weight: 400;\">Programa d&#8217;educaci\u00f3 mediambiental, coeducaci\u00f3, salut, etc.<\/li>\n<\/ul>\n<p>El curr\u00edculum de l&#8217;ESO s&#8217;estructura en mat\u00e8ries comunes (que cursen tots els alumnes) i&hellip;  <a href=\"https:\/\/agora.xtec.cat\/ies-estatut\/estudis\/eso\/\" title=\"Read ESO\">Llegeix m\u00e9s\u00bb<\/a><\/p>\n","protected":false},"author":1,"featured_media":0,"parent":884,"menu_order":0,"comment_status":"closed","ping_status":"closed","template":"page-templates\/side-menu.php","meta":{"_bbp_topic_count":0,"_bbp_reply_count":0,"_bbp_total_topic_count":0,"_bbp_total_reply_count":0,"_bbp_voice_count":0,"_bbp_anonymous_reply_count":0,"_bbp_topic_count_hidden":0,"_bbp_reply_count_hidden":0,"_bbp_forum_subforum_count":0,"footnotes":""},"class_list":["post-882","page","type-page","status-publish","hentry"],"post_mailing_queue_ids":[],"_links":{"self":[{"href":"https:\/\/agora.xtec.cat\/ies-estatut\/wp-json\/wp\/v2\/pages\/882","targetHints":{"allow":["GET"]}}],"collection":[{"href":"https:\/\/agora.xtec.cat\/ies-estatut\/wp-json\/wp\/v2\/pages"}],"about":[{"href":"https:\/\/agora.xtec.cat\/ies-estatut\/wp-json\/wp\/v2\/types\/page"}],"author":[{"embeddable":true,"href":"https:\/\/agora.xtec.cat\/ies-estatut\/wp-json\/wp\/v2\/users\/1"}],"replies":[{"embeddable":true,"href":"https:\/\/agora.xtec.cat\/ies-estatut\/wp-json\/wp\/v2\/comments?post=882"}],"version-history":[{"count":7,"href":"https:\/\/agora.xtec.cat\/ies-estatut\/wp-json\/wp\/v2\/pages\/882\/revisions"}],"predecessor-version":[{"id":6669,"href":"https:\/\/agora.xtec.cat\/ies-estatut\/wp-json\/wp\/v2\/pages\/882\/revisions\/6669"}],"up":[{"embeddable":true,"href":"https:\/\/agora.xtec.cat\/ies-estatut\/wp-json\/wp\/v2\/pages\/884"}],"wp:attachment":[{"href":"https:\/\/agora.xtec.cat\/ies-estatut\/wp-json\/wp\/v2\/media?parent=882"}],"curies":[{"name":"wp","href":"https:\/\/api.w.org\/{rel}","templated":true}]}}