{"id":878,"date":"2018-02-25T15:19:28","date_gmt":"2018-02-25T14:19:28","guid":{"rendered":"http:\/\/agora.xtec.cat\/ies-estatut\/?page_id=878"},"modified":"2022-03-10T16:51:59","modified_gmt":"2022-03-10T15:51:59","slug":"sortides-curriculars-i-activitats-complementaries","status":"publish","type":"page","link":"https:\/\/agora.xtec.cat\/ies-estatut\/estudis\/sortides-curriculars-i-activitats-complementaries\/","title":{"rendered":"Sortides i activitats complement\u00e0ries"},"content":{"rendered":"<p><span style=\"font-weight: 400;\">Les sortides i activitats complement\u00e0ries enriqueixen tots els continguts del curr\u00edculum, i moltes vegades l\u2019alumnat apr\u00e8n m\u00e9s i millor quan viu una experi\u00e8ncia sobre el terreny, fora del context de l\u2019aula.<\/span><\/p>\n<p><span style=\"font-weight: 400;\">Per aix\u00f2, entre d\u2019altres motius, l\u2019Estatut t\u00e9 un ampli ventall d\u2019activitats i sortides.<\/span><\/p>\n","protected":false},"excerpt":{"rendered":"<p>Les sortides i activitats complement\u00e0ries enriqueixen tots els continguts del curr\u00edculum, i moltes vegades l\u2019alumnat apr\u00e8n m\u00e9s i millor quan viu una experi\u00e8ncia sobre el terreny, fora del context de l\u2019aula.<br \/>\nPer aix\u00f2, entre d\u2019altres motius, l\u2019Estatut t\u00e9 un ampli ventall d\u2019activitats i sortides.<\/p>\n","protected":false},"author":1,"featured_media":0,"parent":884,"menu_order":50,"comment_status":"closed","ping_status":"closed","template":"page-templates\/side-menu.php","meta":{"_bbp_topic_count":0,"_bbp_reply_count":0,"_bbp_total_topic_count":0,"_bbp_total_reply_count":0,"_bbp_voice_count":0,"_bbp_anonymous_reply_count":0,"_bbp_topic_count_hidden":0,"_bbp_reply_count_hidden":0,"_bbp_forum_subforum_count":0,"footnotes":""},"class_list":["post-878","page","type-page","status-publish","hentry"],"post_mailing_queue_ids":[],"_links":{"self":[{"href":"https:\/\/agora.xtec.cat\/ies-estatut\/wp-json\/wp\/v2\/pages\/878","targetHints":{"allow":["GET"]}}],"collection":[{"href":"https:\/\/agora.xtec.cat\/ies-estatut\/wp-json\/wp\/v2\/pages"}],"about":[{"href":"https:\/\/agora.xtec.cat\/ies-estatut\/wp-json\/wp\/v2\/types\/page"}],"author":[{"embeddable":true,"href":"https:\/\/agora.xtec.cat\/ies-estatut\/wp-json\/wp\/v2\/users\/1"}],"replies":[{"embeddable":true,"href":"https:\/\/agora.xtec.cat\/ies-estatut\/wp-json\/wp\/v2\/comments?post=878"}],"version-history":[{"count":3,"href":"https:\/\/agora.xtec.cat\/ies-estatut\/wp-json\/wp\/v2\/pages\/878\/revisions"}],"predecessor-version":[{"id":1532,"href":"https:\/\/agora.xtec.cat\/ies-estatut\/wp-json\/wp\/v2\/pages\/878\/revisions\/1532"}],"up":[{"embeddable":true,"href":"https:\/\/agora.xtec.cat\/ies-estatut\/wp-json\/wp\/v2\/pages\/884"}],"wp:attachment":[{"href":"https:\/\/agora.xtec.cat\/ies-estatut\/wp-json\/wp\/v2\/media?parent=878"}],"curies":[{"name":"wp","href":"https:\/\/api.w.org\/{rel}","templated":true}]}}