{"id":866,"date":"2018-02-25T13:41:16","date_gmt":"2018-02-25T12:41:16","guid":{"rendered":"http:\/\/agora.xtec.cat\/ies-estatut\/?page_id=866"},"modified":"2025-05-20T16:43:02","modified_gmt":"2025-05-20T14:43:02","slug":"documetacio-basica-de-centre","status":"publish","type":"page","link":"https:\/\/agora.xtec.cat\/ies-estatut\/projecte-educatiu\/documetacio-basica-de-centre\/","title":{"rendered":"Documentaci\u00f3 b\u00e0sica de centre"},"content":{"rendered":"<p>Els documents b\u00e0sics de centre s\u00f3n els seg\u00fcents:<\/p>\n<p><a href=\"https:\/\/agora.xtec.cat\/ies-estatut\/wp-content\/uploads\/usu435\/2019\/11\/PE1_INS_DOC_01_04_PEC.pdf\">Projecte Educatiu de Centre<\/a><\/p>\n<p><a href=\"https:\/\/agora.xtec.cat\/ies-estatut\/wp-content\/uploads\/usu435\/2019\/02\/PLA-LING\u00dc\u00cdSTIC-DE-CENTRE.pdf\">Pla ling\u00fc\u00edstic de centre\u00a0<\/a><\/p>\n<p><a href=\"https:\/\/agora.xtec.cat\/ies-estatut\/wp-content\/uploads\/usu435\/2020\/10\/PE1_INS_DOC_07_01-PAT-ESO-I-BATX.pdf\">Pla d&#8217;Acci\u00f3 Tutorial d&#8217;ESO i BATX<\/a><\/p>\n<p><a href=\"https:\/\/agora.xtec.cat\/ies-estatut\/wp-content\/uploads\/usu435\/2021\/10\/PE1_INS_DOC_2021_2022-PAT-de-cicles-formatius.pdf\">Pla d&#8217;Acci\u00f3 Tutorial de Cicles Formatius<\/a><\/p>\n<p><a href=\"https:\/\/agora.xtec.cat\/ies-estatut\/wp-content\/uploads\/usu435\/2024\/07\/PE1_INS_DOC_12_14_NOFC.pdf\">Normes d&#8217;organitzaci\u00f3 i funcionament<\/a><\/p>\n<p><a href=\"https:\/\/agora.xtec.cat\/ies-estatut\/wp-content\/uploads\/usu435\/2021\/07\/PE1_INS_DOC_21_Projecte-de-Conviv\u00e8ncia.pdf\">Projecte de conviv\u00e8ncia<\/a><\/p>\n<p><a href=\"https:\/\/agora.xtec.cat\/ies-estatut\/wp-content\/uploads\/usu435\/2025\/05\/CARTA-COMPROMIS-FAMILIA-OBL-24-25.pdf\" target=\"_blank\" rel=\"attachment noopener wp-att-2350\">CARTA COMPROM\u00cdS FAM\u00cdLIA 24-25<\/a><\/p>\n","protected":false},"excerpt":{"rendered":"<p>Els documents b\u00e0sics de centre s\u00f3n els seg\u00fcents:<br \/>\n<a href=\"https:\/\/agora.xtec.cat\/ies-estatut\/wp-content\/uploads\/usu435\/2019\/11\/PE1_INS_DOC_01_04_PEC.pdf\">Projecte Educatiu de Centre<\/a><br \/>\n<a href=\"https:\/\/agora.xtec.cat\/ies-estatut\/wp-content\/uploads\/usu435\/2019\/02\/PLA-LING\u00dc\u00cdSTIC-DE-CENTRE.pdf\">Pla ling\u00fc\u00edstic de centre\u00a0<\/a><br \/>\n<a href=\"https:\/\/agora.xtec.cat\/ies-estatut\/wp-content\/uploads\/usu435\/2020\/10\/PE1_INS_DOC_07_01-PAT-ESO-I-BATX.pdf\">Pla d&#8217;Acci\u00f3 Tutorial d&#8217;ESO i BATX<\/a><br \/>\n<a href=\"https:\/\/agora.xtec.cat\/ies-estatut\/wp-content\/uploads\/usu435\/2021\/10\/PE1_INS_DOC_2021_2022-PAT-de-cicles-formatius.pdf\">Pla d&#8217;Acci\u00f3 Tutorial de Cicles Formatius<\/a><br \/>\n<a href=\"https:\/\/agora.xtec.cat\/ies-estatut\/wp-content\/uploads\/usu435\/2024\/07\/PE1_INS_DOC_12_14_NOFC.pdf\">Normes d&#8217;organitzaci\u00f3 i funcionament<\/a><br \/>\n<a href=\"https:\/\/agora.xtec.cat\/ies-estatut\/wp-content\/uploads\/usu435\/2021\/07\/PE1_INS_DOC_21_Projecte-de-Conviv\u00e8ncia.pdf\">Projecte de conviv\u00e8ncia<\/a><br \/>\n<a href=\"https:\/\/agora.xtec.cat\/ies-estatut\/wp-content\/uploads\/usu435\/2025\/05\/CARTA-COMPROMIS-FAMILIA-OBL-24-25.pdf\" target=\"_blank\" rel=\"attachment noopener wp-att-2350\">CARTA COMPROM\u00cdS FAM\u00cdLIA 24-25<\/a><\/p>\n","protected":false},"author":1,"featured_media":0,"parent":57,"menu_order":0,"comment_status":"closed","ping_status":"closed","template":"page-templates\/side-menu.php","meta":{"_bbp_topic_count":0,"_bbp_reply_count":0,"_bbp_total_topic_count":0,"_bbp_total_reply_count":0,"_bbp_voice_count":0,"_bbp_anonymous_reply_count":0,"_bbp_topic_count_hidden":0,"_bbp_reply_count_hidden":0,"_bbp_forum_subforum_count":0,"footnotes":""},"class_list":["post-866","page","type-page","status-publish","hentry"],"post_mailing_queue_ids":[],"_links":{"self":[{"href":"https:\/\/agora.xtec.cat\/ies-estatut\/wp-json\/wp\/v2\/pages\/866","targetHints":{"allow":["GET"]}}],"collection":[{"href":"https:\/\/agora.xtec.cat\/ies-estatut\/wp-json\/wp\/v2\/pages"}],"about":[{"href":"https:\/\/agora.xtec.cat\/ies-estatut\/wp-json\/wp\/v2\/types\/page"}],"author":[{"embeddable":true,"href":"https:\/\/agora.xtec.cat\/ies-estatut\/wp-json\/wp\/v2\/users\/1"}],"replies":[{"embeddable":true,"href":"https:\/\/agora.xtec.cat\/ies-estatut\/wp-json\/wp\/v2\/comments?post=866"}],"version-history":[{"count":7,"href":"https:\/\/agora.xtec.cat\/ies-estatut\/wp-json\/wp\/v2\/pages\/866\/revisions"}],"predecessor-version":[{"id":6243,"href":"https:\/\/agora.xtec.cat\/ies-estatut\/wp-json\/wp\/v2\/pages\/866\/revisions\/6243"}],"up":[{"embeddable":true,"href":"https:\/\/agora.xtec.cat\/ies-estatut\/wp-json\/wp\/v2\/pages\/57"}],"wp:attachment":[{"href":"https:\/\/agora.xtec.cat\/ies-estatut\/wp-json\/wp\/v2\/media?parent=866"}],"curies":[{"name":"wp","href":"https:\/\/api.w.org\/{rel}","templated":true}]}}