{"id":75,"date":"2014-09-18T10:21:02","date_gmt":"2014-09-18T10:21:02","guid":{"rendered":"http:\/\/agora.xtec.cat\/ies-estatut\/?page_id=75"},"modified":"2021-11-15T12:08:19","modified_gmt":"2021-11-15T11:08:19","slug":"activitats-extraescolars","status":"publish","type":"page","link":"https:\/\/agora.xtec.cat\/ies-estatut\/serveis\/activitats-extraescolars\/","title":{"rendered":"Serveis a l&#8217;alumnat"},"content":{"rendered":"<p>&nbsp;<\/p>\n<p><b>TALLERS UNIX<\/b><\/p>\n<p><span style=\"font-weight: 400;\">La fundaci\u00f3 UNIX UAB continua realitzant classes de suport (Taller d\u2019estudi assistit) a 2 grups: 10 alumnes 1r ESO+ 10 alumnes 2n ESO. Les sessions es realitzen dilluns i dimecres de 15.30 a 17.00h, amb continguts de matem\u00e0tiques i t\u00e8cniques d\u2019estudi.<\/span><\/p>\n<p>&nbsp;<\/p>\n<p><b>MENJADOR CREU ROJA<\/b><\/p>\n<p><span style=\"font-weight: 400;\">La Creu Roja continua oferint fins a 30 beques menjador per alumnes del centre, i fa continuar el projecte \u201cmenjar al insti\u201d. La Creu Roja gestiona el menjador, que tamb\u00e9 est\u00e0 obert a tot els professorat i l\u2019alumnat.<\/span><\/p>\n<p>&nbsp;<\/p>\n<p><b>CLASSES REFOR\u00c7 CREU ROJA<\/b><\/p>\n<p><span style=\"font-weight: 400;\">La Creu Roja continua oferint els tallers de rep\u00e0s per alumnes del l\u2019Estatut i d\u2019altres centres p\u00fablics i concertats de la zona.<\/span><\/p>\n<p>&nbsp;<\/p>\n<p><b>EXTRAESCOLARS AMPA<\/b><\/p>\n<p><span style=\"font-weight: 400;\">L\u2019AMPA dinamitza, promou i planifica diverses activitats extraescolars, tant per alumnat com per a mares i pares: handbol, refor\u00e7, idiomes, hipopresius (veure programa AMPA)<\/span><\/p>\n<p>&nbsp;<\/p>\n<p><b>CLUB DE B\u00c0SQUET SANT JORDI<\/b><\/p>\n<p><span style=\"font-weight: 400;\">El CEB Sant Jordi utilitza regularment les instal\u00b7lacions esportives del centre fora de l\u2019horari lectiu, i tamb\u00e9 ofereix la participaci\u00f3 a l\u2019alumnat del l\u2019Estatut.<\/span><\/p>\n<p>&nbsp;<\/p>\n<p><b>CAMPUS \u00cdTACA UAB<\/b><\/p>\n<p><span style=\"font-weight: 400;\">Cada curs, 5 nois i noies de 3r de l\u2019ESO participen al mes de juliol al Campus \u00cdtaca de l\u2019UAB: es tracat d\u2019una estada d\u2019una setmana fent activitats a diverses facultats del Campus de Bellaterra, amb professorat universitari i utilitzant les instal\u00b7lacions professionals (laboratoris, estudis de r\u00e0dio, campus arqueol\u00f2gic, etc) Compartir aquesta estada amb alumnes de tota Catalunya fa que sigui una exper\u00e8ncia molt valuosa per la formaci\u00f3 acad\u00e8mica i humana del nostre alumnat.<\/span><\/p>\n","protected":false},"excerpt":{"rendered":"<p>&nbsp;<br \/>\nTALLERS UNIX<br \/>\nLa fundaci\u00f3 UNIX UAB continua realitzant classes de suport (Taller d\u2019estudi assistit) a 2 grups: 10 alumnes 1r ESO+ 10 alumnes 2n ESO. Les sessions es realitzen dilluns i dimecres de 15.30 a 17.00h, amb continguts de matem\u00e0tiques i t\u00e8cniques d\u2019estudi.<br \/>\n&nbsp;<br \/>\nMENJADOR CREU ROJA<br \/>\nLa Creu&hellip;  <a href=\"https:\/\/agora.xtec.cat\/ies-estatut\/serveis\/activitats-extraescolars\/\" title=\"Read Serveis a l&#8217;alumnat\">Llegeix m\u00e9s\u00bb<\/a><\/p>\n","protected":false},"author":2,"featured_media":0,"parent":63,"menu_order":40,"comment_status":"closed","ping_status":"closed","template":"page-templates\/side-menu.php","meta":{"_bbp_topic_count":0,"_bbp_reply_count":0,"_bbp_total_topic_count":0,"_bbp_total_reply_count":0,"_bbp_voice_count":0,"_bbp_anonymous_reply_count":0,"_bbp_topic_count_hidden":0,"_bbp_reply_count_hidden":0,"_bbp_forum_subforum_count":0,"footnotes":""},"class_list":["post-75","page","type-page","status-publish","hentry"],"post_mailing_queue_ids":[],"_links":{"self":[{"href":"https:\/\/agora.xtec.cat\/ies-estatut\/wp-json\/wp\/v2\/pages\/75","targetHints":{"allow":["GET"]}}],"collection":[{"href":"https:\/\/agora.xtec.cat\/ies-estatut\/wp-json\/wp\/v2\/pages"}],"about":[{"href":"https:\/\/agora.xtec.cat\/ies-estatut\/wp-json\/wp\/v2\/types\/page"}],"author":[{"embeddable":true,"href":"https:\/\/agora.xtec.cat\/ies-estatut\/wp-json\/wp\/v2\/users\/2"}],"replies":[{"embeddable":true,"href":"https:\/\/agora.xtec.cat\/ies-estatut\/wp-json\/wp\/v2\/comments?post=75"}],"version-history":[{"count":3,"href":"https:\/\/agora.xtec.cat\/ies-estatut\/wp-json\/wp\/v2\/pages\/75\/revisions"}],"predecessor-version":[{"id":3034,"href":"https:\/\/agora.xtec.cat\/ies-estatut\/wp-json\/wp\/v2\/pages\/75\/revisions\/3034"}],"up":[{"embeddable":true,"href":"https:\/\/agora.xtec.cat\/ies-estatut\/wp-json\/wp\/v2\/pages\/63"}],"wp:attachment":[{"href":"https:\/\/agora.xtec.cat\/ies-estatut\/wp-json\/wp\/v2\/media?parent=75"}],"curies":[{"name":"wp","href":"https:\/\/api.w.org\/{rel}","templated":true}]}}