{"id":725,"date":"2017-11-16T16:36:59","date_gmt":"2017-11-16T15:36:59","guid":{"rendered":"http:\/\/agora.xtec.cat\/ies-estatut\/?page_id=725"},"modified":"2022-02-17T11:20:44","modified_gmt":"2022-02-17T10:20:44","slug":"pqimc","status":"publish","type":"page","link":"https:\/\/agora.xtec.cat\/ies-estatut\/projecte-educatiu\/pqimc\/","title":{"rendered":"PQiMC"},"content":{"rendered":"<p dir=\"ltr\" style=\"text-align: center;\"><strong>POL\u00cdTICA I OBJECTIUS DE QUALITAT<\/strong><\/p>\n<p dir=\"ltr\">L\u2019Institut L\u2019Estatut promou com a eina b\u00e0sica de millora, la implantaci\u00f3, el manteniment i la millora continuada; la norma de refer\u00e8ncia \u00e9s UNE-EN-ISO 9001:2015, per la qual cosa el seu funcionament ha d\u2019estar d\u2019acord amb la normativa vigent i els requisits establerts per l\u2019administraci\u00f3 educativa, sense descuidar el manteniment o increment dels elements curriculars tant de l\u2019educaci\u00f3 reglada com l\u2019estat f\u00edsic de les instal\u00b7lacions, per tal de respondre adequadament a les necessitats i expectatives de tots els membres de la comunitat educativa i de les empreses col\u00b7laboradores.<\/p>\n<p><img loading=\"lazy\" decoding=\"async\" class=\"size-full wp-image-3178 alignleft\" src=\"https:\/\/agora.xtec.cat\/ies-estatut\/wp-content\/uploads\/usu435\/2022\/02\/ISO9001.png\" alt=\"\" width=\"285\" height=\"271\" \/><\/p>\n<p dir=\"ltr\">El comprom\u00eds de la qualitat afecta a tota l\u2019organitzaci\u00f3 del centre i a tota la comunitat educativa i empreses col\u00b7laboradores, que accepta aquest repte i assumeix la responsabilitat de participar activament en el desenvolupament i millora de la qualitat en el centre. La direcci\u00f3 del centre vetllar\u00e0 i proporcionar\u00e0 els mitjans que estiguin al seu abast per assolir els objectius de qualitat.<\/p>\n<p>&nbsp;<\/p>\n<p>&nbsp;<\/p>\n<p dir=\"ltr\">L\u2019actuaci\u00f3 de l\u2019Institut L\u2019Estatut, d\u2019acord amb el PEC, \u00a0t\u00e9 com a prop\u00f2sit formar acad\u00e8micament i personal l\u2019alumnat per tal de contribuir a desenvolupar les compet\u00e8ncies b\u00e0siques i ajudar-los a prendre decisions amb vista a la seva continu\u00eftat en els estudis o inserci\u00f3 en el m\u00f3n laboral i<\/p>\n<p dir=\"ltr\">\u00a0oferir una educaci\u00f3 integral amb l\u2019objectiu que els i les alumnes esdevinguin ciutadans responsables, compromesos, solidaris, amb consci\u00e8ncia mediambiental i respectuosos amb l\u2019entorn natural, social i cultural.<\/p>\n<p dir=\"ltr\" style=\"text-align: center;\"><strong>IDENTITAT PR\u00d2PIA: MISSI\u00d3, VISI\u00d3 i VALORS DE CENTRE<\/strong><\/p>\n<p><strong>Aprovat en claustre el maig de 2011<\/strong><\/p>\n<p><strong><em>Definici\u00f3 de la\u00a0Missi\u00f3<\/em><\/strong><\/p>\n<p>L\u2019Institut L\u2019Estatut \u00e9s un centre p\u00fablic d\u2019educaci\u00f3 secund\u00e0ria, batxillerat i cicles formatius, que t\u00e9 per \u00a0missi\u00f3:<\/p>\n<ul>\n<li>Formar acad\u00e8micament i personal l\u2019alumnat per tal de contribuir a desenvolupar les compet\u00e8ncies b\u00e0siques i ajudar-los a prendre decisions amb vista a la seva continu\u00eftat en els estudis o inserci\u00f3 en el m\u00f3n laboral.<\/li>\n<li>Oferir una educaci\u00f3 integral amb l\u2019objectiu que els i les alumnes esdevinguin ciutadans responsables, compromesos, solidaris, amb consci\u00e8ncia mediambiental i respectuosos amb l\u2019entorn natural, social i cultural.<\/li>\n<\/ul>\n<p><strong><em>Definici\u00f3 de la\u00a0Visi\u00f3<\/em><\/strong><\/p>\n<p>Volem ser un centre actiu, emprenedor, amb visi\u00f3 de futur, que aconsegueix una millora constant del rendiment acad\u00e8mic dels alumnes. Volem fer \u00fas habitual de les TIC, impulsar les lleng\u00fces estrangeres i promocionar les habilitats socials i el treball cooperatiu per arribar a ser un referent de qualitat educativa al municipi. D\u2019aquesta forma volem donar resposta a tots els agents implicats: alumnat, fam\u00edlies i empreses de l\u2019entorn.<\/p>\n<p><strong><em>Valors de centre<\/em><\/strong><\/p>\n<p>L\u2019Institut L\u2019Estatut t\u00e9 els seg\u00fcents valors de centre:<\/p>\n<ul>\n<li>La coeducaci\u00f3: com el proc\u00e9s d\u2019educar per a la igualtat sense cap mena de discriminaci\u00f3 per ra\u00f3 de sexe.<\/li>\n<li>La sostenibilitat, vetllar pel medi ambient i el coneixement de l\u2019entorn: com \u00a0la nostra manera de relacionar-nos amb el medi, satisfent les necessitats presents sense comprometre les generacions futures. Fent front a aspectes econ\u00f2mics i socials, juntament amb els ambientals.<\/li>\n<li>La mediaci\u00f3 com a mitj\u00e0 de resoluci\u00f3 dels conflictes: utilitzant el di\u00e0leg entre els membres de la comunitat educativa com a instrument deliberatiu i com el recurs fonamental per resoldre tota mena de conflictes.<\/li>\n<li>La Integraci\u00f3 a la societat: actuem en coher\u00e8ncia a les caracter\u00edstiques del nostre entorn i gestionem en resposta a canvis cient\u00edfics, tecnol\u00f2gics i socials..<\/li>\n<\/ul>\n","protected":false},"excerpt":{"rendered":"<p>POL\u00cdTICA I OBJECTIUS DE QUALITAT<br \/>\nL\u2019Institut L\u2019Estatut promou com a eina b\u00e0sica de millora, la implantaci\u00f3, el manteniment i la millora continuada; la norma de refer\u00e8ncia \u00e9s UNE-EN-ISO 9001:2015, per la qual cosa el seu funcionament ha d\u2019estar d\u2019acord amb la normativa vigent i els requisits&hellip;  <a href=\"https:\/\/agora.xtec.cat\/ies-estatut\/projecte-educatiu\/pqimc\/\" title=\"Read PQiMC\">Llegeix m\u00e9s\u00bb<\/a><\/p>\n","protected":false},"author":1,"featured_media":0,"parent":57,"menu_order":0,"comment_status":"closed","ping_status":"closed","template":"page-templates\/side-menu.php","meta":{"_bbp_topic_count":0,"_bbp_reply_count":0,"_bbp_total_topic_count":0,"_bbp_total_reply_count":0,"_bbp_voice_count":0,"_bbp_anonymous_reply_count":0,"_bbp_topic_count_hidden":0,"_bbp_reply_count_hidden":0,"_bbp_forum_subforum_count":0,"footnotes":""},"class_list":["post-725","page","type-page","status-publish","hentry"],"post_mailing_queue_ids":[],"_links":{"self":[{"href":"https:\/\/agora.xtec.cat\/ies-estatut\/wp-json\/wp\/v2\/pages\/725","targetHints":{"allow":["GET"]}}],"collection":[{"href":"https:\/\/agora.xtec.cat\/ies-estatut\/wp-json\/wp\/v2\/pages"}],"about":[{"href":"https:\/\/agora.xtec.cat\/ies-estatut\/wp-json\/wp\/v2\/types\/page"}],"author":[{"embeddable":true,"href":"https:\/\/agora.xtec.cat\/ies-estatut\/wp-json\/wp\/v2\/users\/1"}],"replies":[{"embeddable":true,"href":"https:\/\/agora.xtec.cat\/ies-estatut\/wp-json\/wp\/v2\/comments?post=725"}],"version-history":[{"count":3,"href":"https:\/\/agora.xtec.cat\/ies-estatut\/wp-json\/wp\/v2\/pages\/725\/revisions"}],"predecessor-version":[{"id":3179,"href":"https:\/\/agora.xtec.cat\/ies-estatut\/wp-json\/wp\/v2\/pages\/725\/revisions\/3179"}],"up":[{"embeddable":true,"href":"https:\/\/agora.xtec.cat\/ies-estatut\/wp-json\/wp\/v2\/pages\/57"}],"wp:attachment":[{"href":"https:\/\/agora.xtec.cat\/ies-estatut\/wp-json\/wp\/v2\/media?parent=725"}],"curies":[{"name":"wp","href":"https:\/\/api.w.org\/{rel}","templated":true}]}}