{"id":65,"date":"2014-09-18T10:12:22","date_gmt":"2014-09-18T10:12:22","guid":{"rendered":"http:\/\/agora.xtec.cat\/ies-estatut\/?page_id=65"},"modified":"2021-11-15T12:06:44","modified_gmt":"2021-11-15T11:06:44","slug":"serveis-digitals","status":"publish","type":"page","link":"https:\/\/agora.xtec.cat\/ies-estatut\/serveis\/serveis-digitals\/","title":{"rendered":"Serveis TAC"},"content":{"rendered":"<p>&nbsp;<br \/>\n<span style=\"font-weight: 400;\">L\u2019educaci\u00f3 b\u00e0sica ha de proporcionar els instruments i les compet\u00e8ncies per aprendre a aprendre en un context digital, a causa de les transformacions de la nostra societat, que han fet de la inform\u00e0tica i d\u2019Internet un mitj\u00e0 indispensable per a la formaci\u00f3 dels joves.<\/span><\/p>\n<p><span style=\"font-weight: 400;\">El nostre centre compta amb una infraestructura prou s\u00f2lida perqu\u00e8 l\u2019alumnat es formi en les noves tecnologies. \u00c9s per aix\u00f2 que prioritzem l\u2019assoliment de la compet\u00e8ncia digital mitjan\u00e7ant diferents recursos: els ordinadors disponibles al centre (totes les aules tenen ordinador i projector); la biblioteca i les aules d\u2019inform\u00e0tica permeten el treball individual, l\u2019entorn <\/span><i><span style=\"font-weight: 400;\">moodle<\/span><\/i><span style=\"font-weight: 400;\"> que d\u00f3na acc\u00e9s a l\u2019alumnat a materials i activitats diverses que poden consultar i treballar des del centre o des de casa. <\/span><\/p>\n<p><span style=\"font-weight: 400;\">Des de la implantaci\u00f3 del programa 1&#215;1, el pla TAC del centre ha anat evolucionant i s&#8217;ha adequat progressivament a les innovacions tecnol\u00f2giques.<\/span><\/p>\n","protected":false},"excerpt":{"rendered":"<p>&nbsp;<br \/>\nL\u2019educaci\u00f3 b\u00e0sica ha de proporcionar els instruments i les compet\u00e8ncies per aprendre a aprendre en un context digital, a causa de les transformacions de la nostra societat, que han fet de la inform\u00e0tica i d\u2019Internet un mitj\u00e0 indispensable per a la formaci\u00f3 dels joves.<br \/>\nEl nostre&hellip;  <a href=\"https:\/\/agora.xtec.cat\/ies-estatut\/serveis\/serveis-digitals\/\" title=\"Read Serveis TAC\">Llegeix m\u00e9s\u00bb<\/a><\/p>\n","protected":false},"author":1,"featured_media":0,"parent":63,"menu_order":10,"comment_status":"closed","ping_status":"closed","template":"page-templates\/side-menu.php","meta":{"_bbp_topic_count":0,"_bbp_reply_count":0,"_bbp_total_topic_count":0,"_bbp_total_reply_count":0,"_bbp_voice_count":0,"_bbp_anonymous_reply_count":0,"_bbp_topic_count_hidden":0,"_bbp_reply_count_hidden":0,"_bbp_forum_subforum_count":0,"footnotes":""},"class_list":["post-65","page","type-page","status-publish","hentry"],"post_mailing_queue_ids":[],"_links":{"self":[{"href":"https:\/\/agora.xtec.cat\/ies-estatut\/wp-json\/wp\/v2\/pages\/65","targetHints":{"allow":["GET"]}}],"collection":[{"href":"https:\/\/agora.xtec.cat\/ies-estatut\/wp-json\/wp\/v2\/pages"}],"about":[{"href":"https:\/\/agora.xtec.cat\/ies-estatut\/wp-json\/wp\/v2\/types\/page"}],"author":[{"embeddable":true,"href":"https:\/\/agora.xtec.cat\/ies-estatut\/wp-json\/wp\/v2\/users\/1"}],"replies":[{"embeddable":true,"href":"https:\/\/agora.xtec.cat\/ies-estatut\/wp-json\/wp\/v2\/comments?post=65"}],"version-history":[{"count":3,"href":"https:\/\/agora.xtec.cat\/ies-estatut\/wp-json\/wp\/v2\/pages\/65\/revisions"}],"predecessor-version":[{"id":3030,"href":"https:\/\/agora.xtec.cat\/ies-estatut\/wp-json\/wp\/v2\/pages\/65\/revisions\/3030"}],"up":[{"embeddable":true,"href":"https:\/\/agora.xtec.cat\/ies-estatut\/wp-json\/wp\/v2\/pages\/63"}],"wp:attachment":[{"href":"https:\/\/agora.xtec.cat\/ies-estatut\/wp-json\/wp\/v2\/media?parent=65"}],"curies":[{"name":"wp","href":"https:\/\/api.w.org\/{rel}","templated":true}]}}