{"id":5978,"date":"2025-04-24T11:55:39","date_gmt":"2025-04-24T09:55:39","guid":{"rendered":"https:\/\/agora.xtec.cat\/ies-estatut\/?page_id=5978"},"modified":"2025-06-03T17:40:35","modified_gmt":"2025-06-03T15:40:35","slug":"proves-dacces-a-grau-mitja","status":"publish","type":"page","link":"https:\/\/agora.xtec.cat\/ies-estatut\/secretaria\/preinscripcions-2025-2026\/proves-dacces-a-grau-mitja\/","title":{"rendered":"Proves d&#8217;acc\u00e9s a Grau Mitj\u00e0"},"content":{"rendered":"<p>&nbsp;<\/p>\n<p class=\"novetat\"><a href=\"https:\/\/agora.xtec.cat\/ies-estatut\/portada\/qualificacions-provisionals-proves-dacces-a-grau-mitja\/\">Qualificacions provisionals de les proves d&#8217;acc\u00e9s a CFGM<\/a><\/p>\n<p>&nbsp;<\/p>\n<p>El Departament d&#8217;Educaci\u00f3 i Formaci\u00f3 Professional convoca cada any la <strong>prova d&#8217;acc\u00e9s als cicles formatius de grau mitj\u00e0<\/strong> per a les persones que no tenen el t\u00edtol de graduat\/ada en educaci\u00f3 secund\u00e0ria obligat\u00f2ria (o un altre equivalent per accedir a aquests ensenyaments).<\/p>\n<p>Seguidament podeu consultar les properes dates clau d&#8217;aquestes proves:<\/p>\n<p>&nbsp;<\/p>\n<p><strong>Presentaci\u00f3 de la documentaci\u00f3 al centre<\/strong>: del 23 d\u2019abril al 8 de maig de 2025<\/p>\n<p><strong>Nom\u00e9s cal que presentin documentaci\u00f3<\/strong>:<\/p>\n<p>Del <strong>23 d\u2019abril al 8 de maig els aspirants exclosos a la llista provisional<\/strong>:<\/p>\n<ul>\n<li>Perqu\u00e8 no han acreditat els requisits de participaci\u00f3: foto o escanejat del DNI, NIE o passaport.<\/li>\n<li>Per manca de documentaci\u00f3 relativa al dret d\u2019exempci\u00f3 o de bonificaci\u00f3 de la taxa: foto o escanejat de la documentaci\u00f3 justificativa corresponent.<\/li>\n<\/ul>\n<p>Els aspirants que sol\u00b7liciten l\u2019obtenci\u00f3 de <a href=\"https:\/\/triaeducativa.gencat.cat\/ca\/proves\/proves-acces\/fp\/fp-gm\/puntuacio\/\">puntuaci\u00f3 complement\u00e0ria<\/a>:<\/p>\n<ul>\n<li><a href=\"https:\/\/documents.espai.educacio.gencat.cat\/FormularisModels\/CentresDocumentacioAcademica\/A24.pdf\">Impr\u00e8s amb la documentaci\u00f3 presentada<\/a>.<\/li>\n<li><a href=\"https:\/\/documents.espai.educacio.gencat.cat\/FormularisModels\/CentresDocumentacioAcademica\/A25.pdf\">Curr\u00edculum formatiu, professional i d\u2019experi\u00e8ncia<\/a> acompanyat de la documentaci\u00f3 acreditativa.<\/li>\n<\/ul>\n<p>Del <strong>23 d\u2019abril al 8 de maig els aspirants que sol\u00b7liciten l\u2019obtenci\u00f3 exempci\u00f3 parcial<\/strong>:<\/p>\n<ul>\n<li>La superaci\u00f3 d\u2019una part del curs de formaci\u00f3 preparatori per a l\u2019acc\u00e9s als cicles formatius de grau mitj\u00e0, regulat per resoluci\u00f3 EDU\/1855\/2024, permet l\u2019exempci\u00f3 parcial de la prova d\u2019acc\u00e9s a cicles formatius de grau mitj\u00e0. La qualificaci\u00f3 obtinguda en la mat\u00e8ria del curs de formaci\u00f3, sempre que sigui de 5 punts o m\u00e9s, ser\u00e0 la que es tindr\u00e0 en compte per al c\u00e0lcul de la qualificaci\u00f3 de la prova d\u2019acc\u00e9s.<\/li>\n<li>Document justificatiu: s\u2019ha de presentar el certificat acad\u00e8mic expedit pel centre o per l\u2019entitat on s\u2019ha cursat, en qu\u00e8 consti la durada total i la qualificaci\u00f3 obtinguda.<\/li>\n<\/ul>\n<p>En totes les activitats relacionades amb la prova, als efectes de comprovaci\u00f3 de la seva identitat, els aspirants han de portar l\u2019original del DNI, el passaport o el NIE amb el qual van fer la inscripci\u00f3.<\/p>\n<p>&nbsp;<\/p>\n<p><strong>Llista definitiva d\u2019admesos i exclosos<\/strong>: a partir del 12 de maig de 2025 <a href=\"https:\/\/agora.xtec.cat\/ies-estatut\/general\/llistat-definitiu-de-persones-admeses-i-excloses-a-les-proves-dacces-de-cfgm\/\">Consulta la llista<\/a><\/p>\n<p>&nbsp;<\/p>\n<p><strong>Prova<\/strong>: 14 de maig de 2025<\/p>\n<ul>\n<li>15.30 h Verificaci\u00f3 de la identitat dels aspirants<\/li>\n<li>16 h Primer bloc: parts comunicativa i social<\/li>\n<li>18 h Descans<\/li>\n<li>18.30 h Segon bloc: parts cientificotecnol\u00f2gica i matem\u00e0tica<\/li>\n<\/ul>\n<p>&nbsp;<\/p>\n<p><strong>Qualificacions provisionals<\/strong>: a partir del 3 de juny de 2025. <a href=\"https:\/\/triaeducativa.gencat.cat\/ca\/proves\/proves-acces\/fp\/fp-gm\/qualificacions\/\">Consulta les qualificacions<\/a><\/p>\n<p>&nbsp;<\/p>\n<p><strong>Termini per presentar reclamacions al centre<\/strong>: del 4 al 6 de juny de 2025.<\/p>\n<p>&nbsp;<\/p>\n<p><strong>Qualificacions definitives<\/strong>: 10 de juny de 2025.<\/p>\n<p>&nbsp;<\/p>\n<p><strong>Emissi\u00f3 de certificats<\/strong>: a partir de l\u201911 de juny de 2025<\/p>\n<h3><\/h3>\n<h3>Convocat\u00f2ria d\u2019incid\u00e8ncies<\/h3>\n<p>S\u2019adre\u00e7a a aspirants inscrits que no es poden presentar a la prova per causes de for\u00e7a major que cal acreditar documentalment al centre seu triat per fer la prova.<\/p>\n<p><strong>Inscripci\u00f3<\/strong>: fins a les 12 h del 14 de maig de 2025<\/p>\n<p><strong>Llista d\u2019admesos i exclosos<\/strong>: no m\u00e9s tard del 16 de maig de 2025<\/p>\n<p><strong>Prova<\/strong>: 22 de maig de 2025 a les 9.30 h<\/p>\n<p>&nbsp;<\/p>\n<p>Per a m\u00e9s informaci\u00f3 podeu consultar la <a href=\"https:\/\/triaeducativa.gencat.cat\/ca\/proves\/proves-acces\/fp\/fp-gm\/\">p\u00e0gina de gencat referent a les prov\u00e9s d&#8217;acc\u00e9s a Grau Mitj\u00e0<\/a>.<\/p>\n","protected":false},"excerpt":{"rendered":"<p>&nbsp;<br \/>\n<a href=\"https:\/\/agora.xtec.cat\/ies-estatut\/portada\/qualificacions-provisionals-proves-dacces-a-grau-mitja\/\">Qualificacions provisionals de les proves d&#8217;acc\u00e9s a CFGM<\/a><br \/>\n&nbsp;<br \/>\nEl Departament d&#8217;Educaci\u00f3 i Formaci\u00f3 Professional convoca cada any la prova d&#8217;acc\u00e9s als cicles formatius de grau mitj\u00e0 per a les persones que no tenen el t\u00edtol de graduat\/ada en educaci\u00f3 secund\u00e0ria obligat\u00f2ria (o un altre equivalent&hellip;  <a href=\"https:\/\/agora.xtec.cat\/ies-estatut\/secretaria\/preinscripcions-2025-2026\/proves-dacces-a-grau-mitja\/\" title=\"Read Proves d&#8217;acc\u00e9s a Grau Mitj\u00e0\">Llegeix m\u00e9s\u00bb<\/a><\/p>\n","protected":false},"author":6,"featured_media":0,"parent":5808,"menu_order":0,"comment_status":"closed","ping_status":"closed","template":"page-templates\/side-menu.php","meta":{"_bbp_topic_count":0,"_bbp_reply_count":0,"_bbp_total_topic_count":0,"_bbp_total_reply_count":0,"_bbp_voice_count":0,"_bbp_anonymous_reply_count":0,"_bbp_topic_count_hidden":0,"_bbp_reply_count_hidden":0,"_bbp_forum_subforum_count":0,"footnotes":""},"class_list":["post-5978","page","type-page","status-publish","hentry"],"post_mailing_queue_ids":[],"_links":{"self":[{"href":"https:\/\/agora.xtec.cat\/ies-estatut\/wp-json\/wp\/v2\/pages\/5978","targetHints":{"allow":["GET"]}}],"collection":[{"href":"https:\/\/agora.xtec.cat\/ies-estatut\/wp-json\/wp\/v2\/pages"}],"about":[{"href":"https:\/\/agora.xtec.cat\/ies-estatut\/wp-json\/wp\/v2\/types\/page"}],"author":[{"embeddable":true,"href":"https:\/\/agora.xtec.cat\/ies-estatut\/wp-json\/wp\/v2\/users\/6"}],"replies":[{"embeddable":true,"href":"https:\/\/agora.xtec.cat\/ies-estatut\/wp-json\/wp\/v2\/comments?post=5978"}],"version-history":[{"count":6,"href":"https:\/\/agora.xtec.cat\/ies-estatut\/wp-json\/wp\/v2\/pages\/5978\/revisions"}],"predecessor-version":[{"id":6308,"href":"https:\/\/agora.xtec.cat\/ies-estatut\/wp-json\/wp\/v2\/pages\/5978\/revisions\/6308"}],"up":[{"embeddable":true,"href":"https:\/\/agora.xtec.cat\/ies-estatut\/wp-json\/wp\/v2\/pages\/5808"}],"wp:attachment":[{"href":"https:\/\/agora.xtec.cat\/ies-estatut\/wp-json\/wp\/v2\/media?parent=5978"}],"curies":[{"name":"wp","href":"https:\/\/api.w.org\/{rel}","templated":true}]}}