{"id":5940,"date":"2025-04-01T20:06:39","date_gmt":"2025-04-01T18:06:39","guid":{"rendered":"https:\/\/agora.xtec.cat\/ies-estatut\/?page_id=5940"},"modified":"2025-07-29T14:30:21","modified_gmt":"2025-07-29T12:30:21","slug":"preinscripcions-grau-superior-2025-2026","status":"publish","type":"page","link":"https:\/\/agora.xtec.cat\/ies-estatut\/secretaria\/preinscripcions-2025-2026\/preinscripcions-grau-superior-2025-2026\/","title":{"rendered":"Preinscripcions Grau Superior 2025-2026"},"content":{"rendered":"<p>&nbsp;<\/p>\n<p class=\"novetat\"><a href=\"https:\/\/agora.xtec.cat\/ies-estatut\/portada\/llistat-dalumnes-assignats-i-preinscrits-en-tercera-tanda-a-grau-superior\/\">Llistat d&#8217;alumnes assignats i preinscrits al centre en tercera tanda<\/a><\/p>\n<p>Consulteu <a href=\"https:\/\/agora.xtec.cat\/ies-estatut\/estudis\/\">en aquest enlla\u00e7<\/a> tota la oferta formativa del centre.<\/p>\n<p>Tamb\u00e9 podeu consultar l&#8217;article referent a les <a href=\"https:\/\/agora.xtec.cat\/ies-estatut\/general\/portes-obertes-cicles-fp\/\">jornades de portes obertes de cicles<\/a>.<\/p>\n<table style=\"border-collapse: collapse; width: 100%; height: 112px;\">\n<tbody>\n<tr style=\"height: 16px;\">\n<td style=\"width: 100%; height: 16px; text-align: center;\" colspan=\"2\">\n<h2><span style=\"color: #0000ff;\"><strong>Cicles Formatius de Grau Superior<\/strong><\/span><\/h2>\n<\/td>\n<\/tr>\n<tr style=\"height: 32px;\">\n<td style=\"width: 50%; height: 32px; text-align: center;\">\n<h3><strong>Jornada de portes obertes 2025<\/strong><\/h3>\n<\/td>\n<td style=\"width: 50%; height: 32px; text-align: center;\">\n<h3><strong style=\"color: red;\">Dijous 24 d&#8217;abril<\/strong><\/h3>\n<h4><strong>Inici de la jornada a les 19.00 h.<\/strong><\/h4>\n<\/td>\n<\/tr>\n<tr style=\"height: 32px;\">\n<td style=\"width: 50%; height: 32px;\">\n<h3 style=\"text-align: center;\"><strong>Oferta inicial de places<\/strong><\/h3>\n<\/td>\n<td style=\"width: 50%; height: 32px;\">\n<h3 style=\"text-align: center;\"><strong>22 de maig<\/strong><\/h3>\n<p style=\"text-align: center;\">Podeu consultar l&#8217;oferta inicial <a href=\"https:\/\/agora.xtec.cat\/ies-estatut\/portada\/oferta-inicial-grau-superior\/\">aqu\u00ed<\/a><\/p>\n<\/td>\n<\/tr>\n<tr style=\"height: 32px;\">\n<td style=\"width: 50%; height: 32px;\">\n<h3 style=\"text-align: center;\"><strong>Presentaci\u00f3 de sol\u00b7licituds<\/strong><\/h3>\n<\/td>\n<td style=\"width: 50%; height: 32px;\">\n<h3 style=\"text-align: center;\"><strong>del 23 al 29 de maig<\/strong><a id=\"formlink\" href=\"https:\/\/preinscripcio.gencat.cat\/ca\/estudis\/eso\/inici\/\" target=\"_blank\" rel=\"noopener\"><\/a><\/h3>\n<\/td>\n<\/tr>\n<tr style=\"height: 32px;\">\n<td style=\"width: 50%; height: 32px;\">\n<h3 style=\"text-align: center;\"><strong>Publicaci\u00f3 de les llistes de sol\u00b7licituds amb la puntuaci\u00f3 provisional<br \/>\n<\/strong><\/h3>\n<\/td>\n<td style=\"width: 50%; height: 32px;\">\n<h3 style=\"text-align: center;\"><strong>27 de juny<\/strong><\/h3>\n<p style=\"text-align: center;\">Podeu consultar el llistat provisional <a href=\"https:\/\/agora.xtec.cat\/ies-estatut\/portada\/llista-provisional-baremada-de-grau-superior\/\">aqu\u00ed<\/a><\/p>\n<\/td>\n<\/tr>\n<tr>\n<td style=\"width: 50%;\">\n<h3 style=\"text-align: center;\"><strong>Per\u00edode de presentaci\u00f3 de reclamacions<\/strong><\/h3>\n<\/td>\n<td style=\"width: 50%;\">\n<h3 style=\"text-align: center;\"><strong>del 27 de juny al 2 de juliol<\/strong><\/h3>\n<\/td>\n<\/tr>\n<tr>\n<td style=\"width: 50%;\">\n<h3 style=\"text-align: center;\"><strong>Sorteig del n\u00famero de desempat<br \/>\n<\/strong><\/h3>\n<\/td>\n<td style=\"width: 50%;\">\n<h3 style=\"text-align: center;\"><strong>4 de juliol<\/strong><\/h3>\n<\/td>\n<\/tr>\n<tr>\n<td style=\"width: 50%;\">\n<h3 style=\"text-align: center;\"><strong>Llista ordenada de sol\u00b7licituds<br \/>\n<\/strong><\/h3>\n<\/td>\n<td style=\"width: 50%;\">\n<h3 style=\"text-align: center;\"><strong>7 de juliol<\/strong><\/h3>\n<p style=\"text-align: center;\">Podeu consultar el llistat definitiu <a href=\"https:\/\/agora.xtec.cat\/ies-estatut\/portada\/llistat-dalumnes-assignats-al-centre-en-primera-tanda-de-grau-superior\/\">aqu\u00ed<\/a><\/p>\n<\/td>\n<\/tr>\n<tr>\n<td style=\"width: 50%;\">\n<h3 style=\"text-align: center;\"><strong>Llista d&#8217;alumnes amb pla\u00e7a assignada<br \/>\n<\/strong><\/h3>\n<\/td>\n<td style=\"width: 50%;\">\n<h3 style=\"text-align: center;\"><strong>10 de juliol<\/strong><\/h3>\n<p style=\"text-align: center;\">Podeu consultar el llistat <a href=\"https:\/\/agora.xtec.cat\/ies-estatut\/portada\/llistat-dalumnes-assignats-al-centre-en-primera-tanda-de-grau-superior\/\">aqu\u00ed<\/a><\/p>\n<\/td>\n<\/tr>\n<tr>\n<td style=\"width: 50%; text-align: center;\">\n<h3><strong>Confirmaci\u00f3 en l\u00ednia de l\u2019assignaci\u00f3 i matr\u00edcula de la primera tanda<\/strong><\/h3>\n<\/td>\n<td style=\"width: 50%; text-align: center;\">\n<h3><strong>del 11 al 14 de juliol<\/strong><\/h3>\n<h3><strong>\u00a0<\/strong><\/h3>\n<\/td>\n<\/tr>\n<tr>\n<td style=\"width: 50%; text-align: center;\">\n<h3><strong>Dates Matr\u00edcula (per als alumnes que se\u2019ls ha assignat la seva primera opci\u00f3)<\/strong><\/h3>\n<\/td>\n<td style=\"width: 50%; text-align: center;\">\n<h3><strong>Per determinar<\/strong><\/h3>\n<\/td>\n<\/tr>\n<tr>\n<td style=\"width: 50%; text-align: center;\">\n<h3><strong>Llista d\u2019alumnes admesos i llista d\u2019espera dels alumnes que no s\u2019han matriculat en la seva primera opci\u00f3<\/strong><\/h3>\n<\/td>\n<td style=\"width: 50%; text-align: center;\">\n<h3><strong>18 de juliol<\/strong><\/h3>\n<p>Podeu consultar el llistat d&#8217;alumnes admesos en segona tanda <a href=\"https:\/\/agora.xtec.cat\/ies-estatut\/portada\/llistat-dalumnes-assignats-al-centre-en-primera-tanda-de-grau-superior\/\">aqu\u00ed<\/a><\/td>\n<\/tr>\n<tr>\n<td style=\"width: 50%; text-align: center;\">\n<h3><strong>Dates Matr\u00edcula (per als alumnes que se\u2019ls ha assignat pla\u00e7a en la seva segona tanda)<\/strong><\/h3>\n<h3><strong>\u00a0<\/strong><\/h3>\n<\/td>\n<td style=\"width: 50%; text-align: center;\">\n<h3><strong>Per determinar<\/strong><\/h3>\n<h3><strong>\u00a0<\/strong><\/h3>\n<\/td>\n<\/tr>\n<tr>\n<td style=\"width: 50%; text-align: center;\">\n<h3><strong>Confirmaci\u00f3 en l\u00ednia de l\u2019assignaci\u00f3 i matr\u00edcula de la segona tanda<\/strong><\/h3>\n<h3><strong>\u00a0<\/strong><\/h3>\n<\/td>\n<td style=\"width: 50%; text-align: center;\">\n<h3><strong>del 21 al 22 de juliol<\/strong><\/h3>\n<h3><strong>\u00a0<\/strong><\/h3>\n<\/td>\n<\/tr>\n<tr>\n<td style=\"width: 50%; text-align: center;\">\n<h3><strong>Llista d\u2019alumnes admesos de la tercera tanda<\/strong><\/h3>\n<h3><strong>\u00a0<\/strong><\/h3>\n<\/td>\n<td style=\"width: 50%; text-align: center;\">\n<h3><strong>29 de juliol<\/strong><\/h3>\n<p>Podeu consultar els llistats <a href=\"https:\/\/agora.xtec.cat\/ies-estatut\/portada\/llistat-dalumnes-assignats-i-preinscrits-en-tercera-tanda-a-grau-superior\/\">aqu\u00ed<\/a><\/td>\n<\/tr>\n<tr>\n<td style=\"width: 50%; text-align: center;\">\n<h3><strong>Confirmaci\u00f3 en l\u00ednia de l\u2019assignaci\u00f3 i matr\u00edcula de la tercera tanda<\/strong><\/h3>\n<\/td>\n<td style=\"width: 50%; text-align: center;\">\n<h3><strong>del 30 al 31 de juliol<\/strong><\/h3>\n<h3><strong>\u00a0<\/strong><\/h3>\n<\/td>\n<\/tr>\n<\/tbody>\n<\/table>\n<p>Podeu consultar altres dates d&#8217;inter\u00e8s a la <a href=\"https:\/\/preinscripcio.gencat.cat\/ca\/estudis\/fp-grau-superior\/informat\/calendari\/\">p\u00e0gina de gencat<\/a>.<\/p>\n<div class=\"wpb_text_column introTtl\">\n<div class=\"wpb_wrapper\">\n<h3><strong>Presentaci\u00f3 de la sol\u00b7licitud<br \/>\n<\/strong><\/h3>\n<\/div>\n<\/div>\n<div class=\"wpb_text_column txt\">\n<div class=\"wpb_wrapper\">\n<ul>\n<li>Formulari de Sol\u00b7licitud, en el seg\u00fcent enlla\u00e7\n<ul>\n<li><a href=\"https:\/\/preinscripcio.gencat.cat\/ca\/estudis\/fp-grau-superior\/preinscriute\/sollicitud\/\">Electr\u00f2nica<\/a>\n<ul>\n<li>Opci\u00f3 recomanada.<\/li>\n<li>\u00c9s necessari un certificat digital (<a href=\"https:\/\/idcatmobil.seu.cat\/\" target=\"_blank\" rel=\"noopener\">IdCat_M\u00f2bil<\/a>, DNI electr\u00f2nic, CATCert o Cl@ve) i el n\u00famero d\u2019identificaci\u00f3 de l\u2019estudiant (<a href=\"http:\/\/ensenyament.gencat.cat\/ca\/tramits\/tramits-temes\/identificador-alumne?moda=1\" target=\"_blank\" rel=\"noopener\">IDALU o RALC<\/a>) que has de sol\u00b7licitar en el teu centre.<\/li>\n<\/ul>\n<\/li>\n<li>En suport inform\u00e0tic:\n<ul>\n<li>Per estudiants sense certificat digital o que no hagin cursat els estudis a Catalunya.<\/li>\n<\/ul>\n<\/li>\n<\/ul>\n<\/li>\n<li><i>Nom\u00e9s es pot presentar una sol\u00b7licitud de preinscripci\u00f3 per persona per cada nivell d\u2019estudis<\/i>, on es poden indicar peticions d\u2019admissi\u00f3 en diversos centres, cicles i torns ordenats per ordre de prefer\u00e8ncia.<\/li>\n<\/ul>\n<ul>\n<li><a href=\"https:\/\/preinscripcio.gencat.cat\/ca\/estudis\/fp-grau-superior\/preinscriute\/seguiment-sollicitud\/\">Pots fer el seguiment de la teva sol\u00b7licitud aqu\u00ed<\/a><\/li>\n<li><a href=\"https:\/\/preinscripcio.gencat.cat\/ca\/estudis\/fp-grau-superior\/preinscriute\/consulta\/\">Pots consultar si tens pla\u00e7a aqu\u00ed<\/a><\/li>\n<\/ul>\n<h1>Informaci\u00f3<\/h1>\n<h4><strong>Grups i nombre de places<\/strong><\/h4>\n<ul>\n<li><strong>ASIX<\/strong>\u00a0(Administraci\u00f3 de Sistemes Inform\u00e0tics en Xarxa)\n<ul>\n<li>Primer Curs\n<ul>\n<li>30 places (1 grup de tarda, amb desdoblament de mat\u00e8ries cr\u00edtiques)<\/li>\n<\/ul>\n<\/li>\n<li>Segon Curs\n<ul>\n<li>30 places (1 grup de tarda, amb desdoblament de mat\u00e8ries cr\u00edtiques)<\/li>\n<\/ul>\n<\/li>\n<\/ul>\n<\/li>\n<li><strong>DAM<\/strong>\u00a0(Desenvolupament d\u2019Aplicacions Multiplataforma)\n<ul>\n<li>Primer Curs\n<ul>\n<li>30 places (1 grup de tarda, amb desdoblament de mat\u00e8ries cr\u00edtiques)<\/li>\n<\/ul>\n<\/li>\n<li>Segon Curs\n<ul>\n<li>30 places (1 grup de tarda)<\/li>\n<\/ul>\n<\/li>\n<\/ul>\n<\/li>\n<li><b>DAW\u00a0<\/b>(Desenvolupament d\u2019Aplicacions Web)\n<ul>\n<li>Primer Curs\n<ul>\n<li>30 places (1 grup de tarda, amb desdoblament de mat\u00e8ries cr\u00edtiques)<\/li>\n<\/ul>\n<\/li>\n<li>Segon Curs\n<ul>\n<li>30 places (1 grup de tarda)<\/li>\n<\/ul>\n<\/li>\n<\/ul>\n<\/li>\n<li><b>AF\u00a0<\/b>(Administraci\u00f3 i Finances)\n<ul>\n<li>Primer Curs\n<ul>\n<li>30 places (1 grup de tarda, amb desdoblament de mat\u00e8ries cr\u00edtiques)<\/li>\n<\/ul>\n<\/li>\n<li>Segon Curs\n<ul>\n<li>30 places (1 grup de tarda)<\/li>\n<\/ul>\n<\/li>\n<\/ul>\n<\/li>\n<\/ul>\n<h6>Estudiants NESE<\/h6>\n<p>Es reserven places a estudiants NESE-A per cada curs.<\/p>\n<\/div>\n<div class=\"wpb_text_column introTtl\">\n<div class=\"wpb_wrapper\">\n<h4><strong>Criteris d\u2019acc\u00e9s i prioritat<\/strong><\/h4>\n<\/div>\n<\/div>\n<p class=\"zfr3Q CDt4Ke \" dir=\"ltr\"><span class=\"C9DxTc \">Les sol\u00b7licituds de preinscripci\u00f3 es classifiquen en tres vies:<\/span><\/p>\n<ul>\n<li><span class=\"C9DxTc \">Via d\u2019acc\u00e9s 1 (40% de les places):<\/span>\n<ul>\n<li><span class=\"C9DxTc \">Estudiants amb un t\u00edtol de Batxillerat,\u00a0tenint prioritat els que tinguin un Batxillerat tecnol\u00f2gic<\/span><\/li>\n<\/ul>\n<\/li>\n<li><span class=\"C9DxTc \">Via d\u2019acc\u00e9s 2 (40% de les places)<\/span><span class=\"C9DxTc \">:<\/span>\n<ul>\n<li><span class=\"C9DxTc \">Estudiants amb un t\u00edtol de Cicle Formatiu de Grau Mitj\u00e0, tenint prioritat els que tinguin un CFGM de la fam\u00edlia d\u2019inform\u00e0tica i comunicacions o fam\u00edlies afins<\/span><\/li>\n<\/ul>\n<\/li>\n<li><span class=\"C9DxTc \">Via d\u2019acc\u00e9s 3 (15% de les places):<\/span>\n<ul>\n<li><span class=\"C9DxTc \">Estudiants que hagin superat la Prova d\u2019acc\u00e9s a Grau Superior.<\/span><\/li>\n<\/ul>\n<\/li>\n<li><span class=\"C9DxTc \">Via d\u2019acc\u00e9s 4 (5% de les places):<\/span>\n<ul>\n<li><span class=\"C9DxTc \">Estudiants amb un altre t\u00edtol de CFGS<\/span><\/li>\n<\/ul>\n<\/li>\n<li><span class=\"C9DxTc \">Via d\u2019acc\u00e9s 5 (2 de les places, nom\u00e9s matr\u00edcula parcial):<\/span>\n<ul>\n<li><span class=\"C9DxTc \">Estudiants amb un Certificat de Professionalitat (antics cursos del SOC) que inclogui els continguts del Cicle Formatiu de Grau Superior corresponent<\/span><\/li>\n<\/ul>\n<\/li>\n<\/ul>\n<p dir=\"ltr\">A la Via d\u2019acc\u00e9s 1 es prioritza aquells que hagin acabat els seus estudis en els \u00faltims 3 anys<br \/>\n<span class=\"C9DxTc \">D<\/span><span class=\"C9DxTc \">ins de cada via d\u2019acc\u00e9s segons la\u00a0<\/span><span class=\"C9DxTc \">qualificaci\u00f3 mitjana dels estudis<\/span><span class=\"C9DxTc \">\u00a0o la\u00a0<\/span><span class=\"C9DxTc \">qualificaci\u00f3 de la prova d\u2019acc\u00e9s<\/span><span class=\"C9DxTc \">.<br \/>\n<\/span><span class=\"C9DxTc \">Si per alguna via no s\u2019ocupen totes les places reservades que li corresponen, les vacants es repartiran a la resta de vies de forma proporcional.<br \/>\n<\/span><span class=\"C9DxTc \">Si no s\u2019ha obtingut pla\u00e7a la sol\u00b7licitud de preinscripci\u00f3 queda en llista d\u2019espera del centre demanat en primera opci\u00f3 i, si es produeix una vacant, el centre es posar\u00e0 en contacte.<\/span><\/p>\n<\/div>\n<div class=\"wpb_text_column introTtl\">\n<div class=\"wpb_wrapper\">\n<h4><strong>Material necessari<\/strong><\/h4>\n<\/div>\n<\/div>\n<div class=\"wpb_text_column txt\">\n<div class=\"wpb_wrapper\">\n<ul>\n<li>\u00c9s\u00a0<strong>necessari disposar d\u2019un port\u00e0til per poder fer el seguiment online,\u00a0<\/strong>tanmateix, el centre disposa d\u2019un servei de pr\u00e8stec de port\u00e0til si l\u2019alumne o necessit\u00e9s.<\/li>\n<li>A Grau Superior no s\u2019utilitzen llibres excepte potser al m\u00f2dul d\u2019IPO I. En els m\u00f2duls t\u00e8cnics no s\u2019utilitzen llibres, ja que les tecnologies avancen m\u00e9s r\u00e0pids que les editorials, i es fan servir materials gratu\u00efts elaborats pels mateixos professors.<\/li>\n<\/ul>\n<div class=\"wpb_text_column introTtl\">\n<div class=\"wpb_wrapper\">\n<h4><strong>Preus Cicles Formatius de Grau Superior<\/strong><\/h4>\n<\/div>\n<\/div>\n<div class=\"wpb_text_column txt\">\n<div class=\"wpb_wrapper\">\n<ul>\n<li>Els CFGS tenen uns preus p\u00fablics que marca el Departament d\u2019Educaci\u00f3, que actualment s\u00f3n de\u00a0<strong>360 \u20ac anuals<\/strong>\n<ul>\n<li><a href=\"https:\/\/educacio.gencat.cat\/ca\/departament\/normativa\/taxes-preus-publics\/preu-public\/index.html\">Tota la informaci\u00f3 sobre els preus de matr\u00edcula del Departament d\u2019Educaci\u00f3 es poden trobar en aquesta web<\/a><\/li>\n<li>El pagament dels preus p\u00fablics es pot efectuar en dos terminis, un en el moment de la matr\u00edcula i l\u2019altre la primera setmana de setembre.<\/li>\n<\/ul>\n<\/li>\n<li>El centre assigna una\u00a0<strong>quota de suport<\/strong>\u00a0per les despeses dels laboratoris de maquinari, material fungible, sortides, xerrades\u2026 que s\u2019abona junt amb l\u2019asseguran\u00e7a escolar obligat\u00f2ria, el preu oscil\u00b7lar\u00e0 al voltant dels\u00a0<strong>40 \u20ac anuals.<\/strong><\/li>\n<li>Addicionalment, en el moment de la matr\u00edcula podeu pagar, en aquesta, la quota de l\u2019AMPA de l\u2019Institut<strong>.<\/strong><\/li>\n<li>La data de pagament ser\u00e0 en el moment de formalitzar la matr\u00edcula.<\/li>\n<\/ul>\n<\/div>\n<\/div>\n<h4><strong>Documentaci\u00f3 Necess\u00e0ria per a formalitzar la Matr\u00edcula<\/strong><\/h4>\n<ul>\n<li aria-level=\"1\">Titulaci\u00f3 acad\u00e8mica d\u2019acc\u00e9s al grau mitj\u00e0 (ESO, FP B\u00e0sica, prova d\u2019acc\u00e9s a grau mitj\u00e0, PFI, t\u00edtol de CFGM o CP)<\/li>\n<li aria-level=\"1\">Fotoc\u00f2pia DNI de l\u2019alumne\/a actualitzada.<\/li>\n<li aria-level=\"1\">(En cas de ser menor d\u2019edat) Fotoc\u00f2pia DNI del pare i mare<\/li>\n<li aria-level=\"1\">(En cas de ser menor d\u2019edat) Fotoc\u00f2pia del llibre de fam\u00edlia<\/li>\n<li aria-level=\"1\">Fotoc\u00f2pia targeta sanit\u00e0ria<\/li>\n<\/ul>\n<\/div>\n<\/div>\n","protected":false},"excerpt":{"rendered":"<p>&nbsp;<br \/>\n<a href=\"https:\/\/agora.xtec.cat\/ies-estatut\/portada\/llistat-dalumnes-assignats-i-preinscrits-en-tercera-tanda-a-grau-superior\/\">Llistat d&#8217;alumnes assignats i preinscrits al centre en tercera tanda<\/a><br \/>\nConsulteu <a href=\"https:\/\/agora.xtec.cat\/ies-estatut\/estudis\/\">en aquest enlla\u00e7<\/a> tota la oferta formativa del centre.<br \/>\nTamb\u00e9 podeu consultar l&#8217;article referent a les <a href=\"https:\/\/agora.xtec.cat\/ies-estatut\/general\/portes-obertes-cicles-fp\/\">jornades de portes obertes de cicles<\/a>.<\/p>\n<p>Cicles Formatius de Grau Superior<\/p>\n<p>Jornada de portes obertes 2025<\/p>\n<p>Dijous 24 d&#8217;abril<br \/>\nInici de&hellip;  <a href=\"https:\/\/agora.xtec.cat\/ies-estatut\/secretaria\/preinscripcions-2025-2026\/preinscripcions-grau-superior-2025-2026\/\" title=\"Read Preinscripcions Grau Superior 2025-2026\">Llegeix m\u00e9s\u00bb<\/a><\/p>\n","protected":false},"author":6,"featured_media":0,"parent":5808,"menu_order":0,"comment_status":"closed","ping_status":"closed","template":"page-templates\/side-menu.php","meta":{"_bbp_topic_count":0,"_bbp_reply_count":0,"_bbp_total_topic_count":0,"_bbp_total_reply_count":0,"_bbp_voice_count":0,"_bbp_anonymous_reply_count":0,"_bbp_topic_count_hidden":0,"_bbp_reply_count_hidden":0,"_bbp_forum_subforum_count":0,"footnotes":""},"class_list":["post-5940","page","type-page","status-publish","hentry"],"post_mailing_queue_ids":[],"_links":{"self":[{"href":"https:\/\/agora.xtec.cat\/ies-estatut\/wp-json\/wp\/v2\/pages\/5940","targetHints":{"allow":["GET"]}}],"collection":[{"href":"https:\/\/agora.xtec.cat\/ies-estatut\/wp-json\/wp\/v2\/pages"}],"about":[{"href":"https:\/\/agora.xtec.cat\/ies-estatut\/wp-json\/wp\/v2\/types\/page"}],"author":[{"embeddable":true,"href":"https:\/\/agora.xtec.cat\/ies-estatut\/wp-json\/wp\/v2\/users\/6"}],"replies":[{"embeddable":true,"href":"https:\/\/agora.xtec.cat\/ies-estatut\/wp-json\/wp\/v2\/comments?post=5940"}],"version-history":[{"count":7,"href":"https:\/\/agora.xtec.cat\/ies-estatut\/wp-json\/wp\/v2\/pages\/5940\/revisions"}],"predecessor-version":[{"id":6530,"href":"https:\/\/agora.xtec.cat\/ies-estatut\/wp-json\/wp\/v2\/pages\/5940\/revisions\/6530"}],"up":[{"embeddable":true,"href":"https:\/\/agora.xtec.cat\/ies-estatut\/wp-json\/wp\/v2\/pages\/5808"}],"wp:attachment":[{"href":"https:\/\/agora.xtec.cat\/ies-estatut\/wp-json\/wp\/v2\/media?parent=5940"}],"curies":[{"name":"wp","href":"https:\/\/api.w.org\/{rel}","templated":true}]}}