{"id":52,"date":"2018-07-24T12:50:07","date_gmt":"2018-07-24T10:50:07","guid":{"rendered":"http:\/\/agora.xtec.cat\/ies-estatut\/?page_id=52"},"modified":"2025-09-17T18:20:40","modified_gmt":"2025-09-17T16:20:40","slug":"calendari-del-curs","status":"publish","type":"page","link":"https:\/\/agora.xtec.cat\/ies-estatut\/linstitut\/calendari-del-curs\/","title":{"rendered":"Calendari del curs 2025-2026"},"content":{"rendered":"<p>&nbsp;<\/p>\n<p><strong>Inici del curs:<\/strong><\/p>\n<ul>\n<li>ESO i CFGB: 8 de setembre de 2025<\/li>\n<li>Batxillerat, cicles de formaci\u00f3 professional de grau mitj\u00e0 i superior: 12 de setembre de 2025<\/li>\n<\/ul>\n<p>&nbsp;<\/p>\n<p><strong>Final del curs:<\/strong><\/p>\n<p>19 de juny de 2026: acaben les classes al segon cicle d&#8217;educaci\u00f3 infantil, a l&#8217;educaci\u00f3 prim\u00e0ria, a l&#8217;Educaci\u00f3 Secund\u00e0ria Obligat\u00f2ria, al primer curs de batxillerat i a la formaci\u00f3 professional de grau b\u00e0sic.<\/p>\n<p>&nbsp;<\/p>\n<p lang=\"es-ES\"><strong>VACANCES <\/strong><\/p>\n<p lang=\"es-ES\">NADAL: del 22 de desembre de 2025 al 7 de gener de 2026<\/p>\n<p lang=\"es-ES\">SETMANA SANTA: del 28 de mar\u00e7 al 6 d&#8217;abril de 2026.<\/p>\n<p>&nbsp;<\/p>\n<p lang=\"es-ES\"><strong>DIES FESTIUS <\/strong><\/p>\n<p class=\"zfr3Q CDt4Ke \" dir=\"ltr\"><span class=\"C9DxTc \">11 de setembre: Diada de Catalunya<\/span><\/p>\n<p class=\"zfr3Q CDt4Ke \" dir=\"ltr\"><span class=\"C9DxTc \">10 d&#8217;octubre: Lliure disposici\u00f3<\/span><\/p>\n<p class=\"zfr3Q CDt4Ke \" dir=\"ltr\"><span class=\"C9DxTc \">3<\/span><span class=\"C9DxTc \"> de novembre: Tots Sants<\/span><\/p>\n<p class=\"zfr3Q CDt4Ke \" dir=\"ltr\"><span class=\"C9DxTc \">5 de desembre: Lliure disposici\u00f3<\/span><\/p>\n<p class=\"zfr3Q CDt4Ke \" dir=\"ltr\"><span class=\"C9DxTc \">8 de desembre: Festiu Immaculada<\/span><\/p>\n<p class=\"zfr3Q CDt4Ke \" dir=\"ltr\"><span class=\"C9DxTc \">16 de febrer: Festiu local<\/span><\/p>\n<p class=\"zfr3Q CDt4Ke \" dir=\"ltr\"><span class=\"C9DxTc \">30 d&#8217;abril: Lliure disposici\u00f3<\/span><\/p>\n<p class=\"zfr3Q CDt4Ke \" dir=\"ltr\"><span class=\"C9DxTc \">1 de maig: Dia del treballador<\/span><\/p>\n<p class=\"zfr3Q CDt4Ke \" dir=\"ltr\"><span class=\"C9DxTc \">25 de maig: Lliure disposici\u00f3<\/span><\/p>\n<p class=\"zfr3Q CDt4Ke \" dir=\"ltr\"><span class=\"C9DxTc \">29 de juny: Festiu local<\/span><\/p>\n<p>&nbsp;<\/p>\n<p>&nbsp;<\/p>\n<p lang=\"es-ES\">\n","protected":false},"excerpt":{"rendered":"<p>&nbsp;<br \/>\nInici del curs:<\/p>\n<ul>\n<li>ESO i CFGB: 8 de setembre de 2025<\/li>\n<li>Batxillerat, cicles de formaci\u00f3 professional de grau mitj\u00e0 i superior: 12 de setembre de 2025<\/li>\n<\/ul>\n<p>&nbsp;<br \/>\nFinal del curs:<br \/>\n19 de juny de 2026: acaben les classes al segon cicle d&#8217;educaci\u00f3 infantil, a l&#8217;educaci\u00f3 prim\u00e0ria, a l&#8217;Educaci\u00f3 Secund\u00e0ria Obligat\u00f2ria,&hellip;  <a href=\"https:\/\/agora.xtec.cat\/ies-estatut\/linstitut\/calendari-del-curs\/\" title=\"Read Calendari del curs 2025-2026\">Llegeix m\u00e9s\u00bb<\/a><\/p>\n","protected":false},"author":1,"featured_media":0,"parent":19,"menu_order":70,"comment_status":"closed","ping_status":"closed","template":"page-templates\/side-menu.php","meta":{"_bbp_topic_count":0,"_bbp_reply_count":0,"_bbp_total_topic_count":0,"_bbp_total_reply_count":0,"_bbp_voice_count":0,"_bbp_anonymous_reply_count":0,"_bbp_topic_count_hidden":0,"_bbp_reply_count_hidden":0,"_bbp_forum_subforum_count":0,"footnotes":""},"class_list":["post-52","page","type-page","status-publish","hentry"],"post_mailing_queue_ids":[],"_links":{"self":[{"href":"https:\/\/agora.xtec.cat\/ies-estatut\/wp-json\/wp\/v2\/pages\/52","targetHints":{"allow":["GET"]}}],"collection":[{"href":"https:\/\/agora.xtec.cat\/ies-estatut\/wp-json\/wp\/v2\/pages"}],"about":[{"href":"https:\/\/agora.xtec.cat\/ies-estatut\/wp-json\/wp\/v2\/types\/page"}],"author":[{"embeddable":true,"href":"https:\/\/agora.xtec.cat\/ies-estatut\/wp-json\/wp\/v2\/users\/1"}],"replies":[{"embeddable":true,"href":"https:\/\/agora.xtec.cat\/ies-estatut\/wp-json\/wp\/v2\/comments?post=52"}],"version-history":[{"count":6,"href":"https:\/\/agora.xtec.cat\/ies-estatut\/wp-json\/wp\/v2\/pages\/52\/revisions"}],"predecessor-version":[{"id":6584,"href":"https:\/\/agora.xtec.cat\/ies-estatut\/wp-json\/wp\/v2\/pages\/52\/revisions\/6584"}],"up":[{"embeddable":true,"href":"https:\/\/agora.xtec.cat\/ies-estatut\/wp-json\/wp\/v2\/pages\/19"}],"wp:attachment":[{"href":"https:\/\/agora.xtec.cat\/ies-estatut\/wp-json\/wp\/v2\/media?parent=52"}],"curies":[{"name":"wp","href":"https:\/\/api.w.org\/{rel}","templated":true}]}}