{"id":5129,"date":"2024-05-20T18:32:28","date_gmt":"2024-05-20T16:32:28","guid":{"rendered":"https:\/\/agora.xtec.cat\/ies-estatut\/?page_id=5129"},"modified":"2024-06-03T18:23:58","modified_gmt":"2024-06-03T16:23:58","slug":"centre-formador-pinn-mufps-del-departament-deducacio","status":"publish","type":"page","link":"https:\/\/agora.xtec.cat\/ies-estatut\/projecte-educatiu\/centre-formador-pinn-mufps-del-departament-deducacio\/","title":{"rendered":"Centre formador d&#8217;estudiants del M\u00e0ster de professorat de secund\u00e0ria"},"content":{"rendered":"<p>L&#8217;instiut Estatut es complau a ser centre formador dins del programa d\u2019innovaci\u00f3 MUFPS del Departament d\u2019Educaci\u00f3.<\/p>\n<p>El curs 23-24 hem acollit 17 estudiants en pr\u00e0ctiques (del M\u00e0ster universitari de professorat en secund\u00e0ria) de diferents especialitats:<\/p>\n<ul>\n<li>Orientaci\u00f3 educativa<\/li>\n<li class=\"gmail_default\">Llengua catalana i literatura<\/li>\n<li class=\"gmail_default\">Llengua castellana i literatura<\/li>\n<li class=\"gmail_default\">Llengua anglesa<\/li>\n<li class=\"gmail_default\">Segona llengua estrangera: Franc\u00e8s<\/li>\n<li class=\"gmail_default\">Hist\u00f2ria i Geografia (ci\u00e8ncies socials)<\/li>\n<li class=\"gmail_default\">Ci\u00e8ncies naturals (Biologia)<\/li>\n<li class=\"gmail_default\">Matem\u00e0tiques<\/li>\n<li class=\"gmail_default\">Visual i pl\u00e0stica<\/li>\n<li class=\"gmail_default\">Educaci\u00f3 f\u00edsica<\/li>\n<\/ul>\n<div><\/div>\n<p>En <a href=\"https:\/\/projectes.xtec.cat\/centresformadors\/\">aquest enlla\u00e7<\/a> trobareu la web de Centres Formadors i, a continuaci\u00f3 podeu veure una presentaci\u00f3 on s&#8217;explica en qu\u00e8 consisteix:<\/p>\n<p><iframe loading=\"lazy\" src=\"https:\/\/agora.xtec.cat\/ies-estatut\/wp-content\/uploads\/usu435\/2024\/05\/Document-PINN-MUFPS.pdf\" width=\"800\" height=\"700\"><\/iframe><\/p>\n<p>&nbsp;<\/p>\n<p>&nbsp;<\/p>\n<p>&nbsp;<\/p>\n","protected":false},"excerpt":{"rendered":"<p>L&#8217;instiut Estatut es complau a ser centre formador dins del programa d\u2019innovaci\u00f3 MUFPS del Departament d\u2019Educaci\u00f3.<br \/>\nEl curs 23-24 hem acollit 17 estudiants en pr\u00e0ctiques (del M\u00e0ster universitari de professorat en secund\u00e0ria) de diferents especialitats:<\/p>\n<ul>\n<li>Orientaci\u00f3 educativa<\/li>\n<li class=\"gmail_default\">Llengua catalana i literatura<\/li>\n<li class=\"gmail_default\">Llengua castellana i literatura<\/li>\n<li class=\"gmail_default\">Llengua anglesa<\/li>\n<li&hellip;  <a href=\"https:\/\/agora.xtec.cat\/ies-estatut\/projecte-educatiu\/centre-formador-pinn-mufps-del-departament-deducacio\/\" title=\"Read Centre formador d&#8217;estudiants del M\u00e0ster de professorat de secund\u00e0ria\">Llegeix m\u00e9s\u00bb<\/a><br \/>\n","protected":false},"author":1,"featured_media":0,"parent":57,"menu_order":4,"comment_status":"closed","ping_status":"closed","template":"page-templates\/side-menu.php","meta":{"_bbp_topic_count":0,"_bbp_reply_count":0,"_bbp_total_topic_count":0,"_bbp_total_reply_count":0,"_bbp_voice_count":0,"_bbp_anonymous_reply_count":0,"_bbp_topic_count_hidden":0,"_bbp_reply_count_hidden":0,"_bbp_forum_subforum_count":0,"footnotes":""},"class_list":["post-5129","page","type-page","status-publish","hentry"],"post_mailing_queue_ids":[],"_links":{"self":[{"href":"https:\/\/agora.xtec.cat\/ies-estatut\/wp-json\/wp\/v2\/pages\/5129","targetHints":{"allow":["GET"]}}],"collection":[{"href":"https:\/\/agora.xtec.cat\/ies-estatut\/wp-json\/wp\/v2\/pages"}],"about":[{"href":"https:\/\/agora.xtec.cat\/ies-estatut\/wp-json\/wp\/v2\/types\/page"}],"author":[{"embeddable":true,"href":"https:\/\/agora.xtec.cat\/ies-estatut\/wp-json\/wp\/v2\/users\/1"}],"replies":[{"embeddable":true,"href":"https:\/\/agora.xtec.cat\/ies-estatut\/wp-json\/wp\/v2\/comments?post=5129"}],"version-history":[{"count":4,"href":"https:\/\/agora.xtec.cat\/ies-estatut\/wp-json\/wp\/v2\/pages\/5129\/revisions"}],"predecessor-version":[{"id":5242,"href":"https:\/\/agora.xtec.cat\/ies-estatut\/wp-json\/wp\/v2\/pages\/5129\/revisions\/5242"}],"up":[{"embeddable":true,"href":"https:\/\/agora.xtec.cat\/ies-estatut\/wp-json\/wp\/v2\/pages\/57"}],"wp:attachment":[{"href":"https:\/\/agora.xtec.cat\/ies-estatut\/wp-json\/wp\/v2\/media?parent=5129"}],"curies":[{"name":"wp","href":"https:\/\/api.w.org\/{rel}","templated":true}]}}