{"id":46,"date":"2014-09-17T16:53:45","date_gmt":"2014-09-17T16:53:45","guid":{"rendered":"http:\/\/agora.xtec.cat\/ies-estatut\/?page_id=46"},"modified":"2025-05-07T14:29:14","modified_gmt":"2025-05-07T12:29:14","slug":"organigrama","status":"publish","type":"page","link":"https:\/\/agora.xtec.cat\/ies-estatut\/linstitut\/organigrama\/","title":{"rendered":"Organigrama"},"content":{"rendered":"<p>En aquesta secci\u00f3, es publica la informaci\u00f3 relativa a l&#8217;organitzaci\u00f3 interna del centre.<\/p>\n<p><img loading=\"lazy\" decoding=\"async\" alt=\"Organigrama INS l'Estatut\" width=\"1333\" height=\"971\" src=\"https:\/\/agora.xtec.cat\/ies-estatut\/wp-content\/uploads\/usu435\/2025\/05\/Organigrama-INS-Estatut-2025-v2.png\"\/><\/p>\n<p><!--\n<a href=\"https:\/\/cacoo.com\/diagrams\/WhW3Ngh8OiS84dHB-8A87E.png\"><img loading=\"lazy\" decoding=\"async\" class=\"aligncenter size-large\" src=\"https:\/\/cacoo.com\/diagrams\/WhW3Ngh8OiS84dHB-8A87E.png\" alt=\"Organigrama INS l'Estatut\" width=\"1333\" height=\"971\" \/><\/a>\n\n\n<p id=\"org_mb\" style=\"text-align: center;\"><a href=\"https:\/\/cacoo.com\/diagrams\/WhW3Ngh8OiS84dHB-8A87E.png\"><img loading=\"lazy\" decoding=\"async\" class=\"aligncenter size-large wp-image-3595\" src=\"https:\/\/agora.xtec.cat\/ies-estatut\/wp-content\/uploads\/usu435\/2022\/11\/Organigrama-Mb-1024x866.png\" alt=\"\" width=\"1024\" height=\"866\" srcset=\"https:\/\/agora.xtec.cat\/ies-estatut\/wp-content\/uploads\/usu435\/2022\/11\/Organigrama-Mb-1024x866.png 1024w, https:\/\/agora.xtec.cat\/ies-estatut\/wp-content\/uploads\/usu435\/2022\/11\/Organigrama-Mb-300x254.png 300w, https:\/\/agora.xtec.cat\/ies-estatut\/wp-content\/uploads\/usu435\/2022\/11\/Organigrama-Mb-768x650.png 768w, https:\/\/agora.xtec.cat\/ies-estatut\/wp-content\/uploads\/usu435\/2022\/11\/Organigrama-Mb.png 1052w\" sizes=\"auto, (max-width: 1024px) 100vw, 1024px\" \/><\/a><\/p>\n\n\n--><\/p>\n<ul>\n<li><a href=\"https:\/\/agora.xtec.cat\/ies-estatut\/linstitut\/organigrama\/equip_directiu\/\">Equip Directiu<\/a><\/li>\n<li><a href=\"http:\/\/agora.xtec.cat\/ies-estatut\/linstitut\/organigrama\/coordinacions\/\">Coordinacions de cicle<\/a><\/li>\n<li>Departaments\n<ul>\n<li><a href=\"https:\/\/agora.xtec.cat\/ies-estatut\/linstitut\/organigrama\/dept-llengues\/\">Lleng\u00fces<\/a><\/li>\n<li><a href=\"http:\/\/agora.xtec.cat\/ies-estatut\/linstitut\/organigrama\/dept-llengues-estrangeres\/\">Lleng\u00fces estrangeres<\/a><\/li>\n<li><a href=\"http:\/\/agora.xtec.cat\/ies-estatut\/linstitut\/organigrama\/dept-matematiques\/\">Matem\u00e0tiques<\/a><\/li>\n<li><a href=\"https:\/\/agora.xtec.cat\/ies-estatut\/linstitut\/organigrama\/ciencies-de-la-naturalesa\/\">Ci\u00e8ncies de la naturalesa<\/a><\/li>\n<li><a href=\"http:\/\/agora.xtec.cat\/ies-estatut\/linstitut\/organigrama\/descripcio-del-departament-de-ciencies-socials\/\">Ci\u00e8ncies socials<\/a><\/li>\n<li><a href=\"http:\/\/agora.xtec.cat\/ies-estatut\/linstitut\/organigrama\/descripcio-del-departament-de-tecnologia\/\">Tecnologia<\/a><\/li>\n<li><a href=\"https:\/\/agora.xtec.cat\/ies-estatut\/linstitut\/organigrama\/descripcio-del-departament-dexpressio\/\">Expressi\u00f3<\/a><\/li>\n<li><a href=\"http:\/\/agora.xtec.cat\/ies-estatut\/linstitut\/organigrama\/dept-orientacio-atencio-diversitat\/\">Orientaci\u00f3 i atenci\u00f3 a la diversitat<\/a><\/li>\n<li><a href=\"http:\/\/agora.xtec.cat\/ies-estatut\/linstitut\/organigrama\/descripcio-del-departament-dinformatica\/\">Inform\u00e0tica (Cicles formatius)<\/a><\/li>\n<li><a href=\"https:\/\/agora.xtec.cat\/ies-estatut\/linstitut\/organigrama\/departament-dadministracio-i-gestio\/\">Administraci\u00f3 i Gesti\u00f3 (Cicles formatius)<\/a><\/li>\n<\/ul>\n<\/li>\n<li><a href=\"https:\/\/agora.xtec.cat\/ies-estatut\/tutories\/\">Tutories<\/a><\/li>\n<li><a href=\"https:\/\/agora.xtec.cat\/ies-estatut\/linstitut\/consell-escolar\/\">Consell escolar<\/a><\/li>\n<li>PAS<\/li>\n<\/ul>\n","protected":false},"excerpt":{"rendered":"<p>En aquesta secci\u00f3, es publica la informaci\u00f3 relativa a l&#8217;organitzaci\u00f3 interna del centre.<\/p>\n<ul>\n<li><a href=\"https:\/\/agora.xtec.cat\/ies-estatut\/linstitut\/organigrama\/equip_directiu\/\">Equip Directiu<\/a><\/li>\n<li><a href=\"http:\/\/agora.xtec.cat\/ies-estatut\/linstitut\/organigrama\/coordinacions\/\">Coordinacions de cicle<\/a><\/li>\n<li>Departaments\n<ul>\n<li><a href=\"https:\/\/agora.xtec.cat\/ies-estatut\/linstitut\/organigrama\/dept-llengues\/\">Lleng\u00fces<\/a><\/li>\n<li><a href=\"http:\/\/agora.xtec.cat\/ies-estatut\/linstitut\/organigrama\/dept-llengues-estrangeres\/\">Lleng\u00fces estrangeres<\/a><\/li>\n<li><a href=\"http:\/\/agora.xtec.cat\/ies-estatut\/linstitut\/organigrama\/dept-matematiques\/\">Matem\u00e0tiques<\/a><\/li>\n<li><a href=\"https:\/\/agora.xtec.cat\/ies-estatut\/linstitut\/organigrama\/ciencies-de-la-naturalesa\/\">Ci\u00e8ncies de la naturalesa<\/a><\/li>\n<li><a href=\"http:\/\/agora.xtec.cat\/ies-estatut\/linstitut\/organigrama\/descripcio-del-departament-de-ciencies-socials\/\">Ci\u00e8ncies socials<\/a><\/li>\n<li><a href=\"http:\/\/agora.xtec.cat\/ies-estatut\/linstitut\/organigrama\/descripcio-del-departament-de-tecnologia\/\">Tecnologia<\/a><\/li>\n<li><a href=\"https:\/\/agora.xtec.cat\/ies-estatut\/linstitut\/organigrama\/descripcio-del-departament-dexpressio\/\">Expressi\u00f3<\/a><\/li>\n<li><a href=\"http:\/\/agora.xtec.cat\/ies-estatut\/linstitut\/organigrama\/dept-orientacio-atencio-diversitat\/\">Orientaci\u00f3 i atenci\u00f3 a la diversitat<\/a><\/li>\n<li><a href=\"http:\/\/agora.xtec.cat\/ies-estatut\/linstitut\/organigrama\/descripcio-del-departament-dinformatica\/\">Inform\u00e0tica (Cicles formatius)<\/a><\/li>\n<li><a href=\"https:\/\/agora.xtec.cat\/ies-estatut\/linstitut\/organigrama\/departament-dadministracio-i-gestio\/\">Administraci\u00f3 i Gesti\u00f3 (Cicles formatius)<\/a><\/li>\n<\/ul>\n<\/li>\n<li><a href=\"https:\/\/agora.xtec.cat\/ies-estatut\/tutories\/\">Tutories<\/a><\/li>\n<li><a&hellip;  <a href=\"https:\/\/agora.xtec.cat\/ies-estatut\/linstitut\/organigrama\/\" title=\"Read Organigrama\">Llegeix m\u00e9s\u00bb<\/a><br \/>\n","protected":false},"author":1,"featured_media":0,"parent":19,"menu_order":50,"comment_status":"closed","ping_status":"closed","template":"page-templates\/side-menu.php","meta":{"_bbp_topic_count":0,"_bbp_reply_count":0,"_bbp_total_topic_count":0,"_bbp_total_reply_count":0,"_bbp_voice_count":0,"_bbp_anonymous_reply_count":0,"_bbp_topic_count_hidden":0,"_bbp_reply_count_hidden":0,"_bbp_forum_subforum_count":0,"footnotes":""},"class_list":["post-46","page","type-page","status-publish","hentry"],"post_mailing_queue_ids":[],"_links":{"self":[{"href":"https:\/\/agora.xtec.cat\/ies-estatut\/wp-json\/wp\/v2\/pages\/46","targetHints":{"allow":["GET"]}}],"collection":[{"href":"https:\/\/agora.xtec.cat\/ies-estatut\/wp-json\/wp\/v2\/pages"}],"about":[{"href":"https:\/\/agora.xtec.cat\/ies-estatut\/wp-json\/wp\/v2\/types\/page"}],"author":[{"embeddable":true,"href":"https:\/\/agora.xtec.cat\/ies-estatut\/wp-json\/wp\/v2\/users\/1"}],"replies":[{"embeddable":true,"href":"https:\/\/agora.xtec.cat\/ies-estatut\/wp-json\/wp\/v2\/comments?post=46"}],"version-history":[{"count":7,"href":"https:\/\/agora.xtec.cat\/ies-estatut\/wp-json\/wp\/v2\/pages\/46\/revisions"}],"predecessor-version":[{"id":6118,"href":"https:\/\/agora.xtec.cat\/ies-estatut\/wp-json\/wp\/v2\/pages\/46\/revisions\/6118"}],"up":[{"embeddable":true,"href":"https:\/\/agora.xtec.cat\/ies-estatut\/wp-json\/wp\/v2\/pages\/19"}],"wp:attachment":[{"href":"https:\/\/agora.xtec.cat\/ies-estatut\/wp-json\/wp\/v2\/media?parent=46"}],"curies":[{"name":"wp","href":"https:\/\/api.w.org\/{rel}","templated":true}]}}