{"id":43,"date":"2014-09-17T16:45:07","date_gmt":"2014-09-17T16:45:07","guid":{"rendered":"http:\/\/agora.xtec.cat\/ies-estatut\/?page_id=43"},"modified":"2026-01-19T19:36:28","modified_gmt":"2026-01-19T18:36:28","slug":"consell-escolar","status":"publish","type":"page","link":"https:\/\/agora.xtec.cat\/ies-estatut\/consell-escolar\/","title":{"rendered":"Consell escolar"},"content":{"rendered":"<p>&nbsp;<\/p>\n<p><span style=\"font-weight: 400;\">El Consell Escolar de Centre \u00e9s un \u00f2rgan consultiu format per representants de tots els sectors i grups d\u2019inter\u00e9s de la comunitat educativa.<\/span><\/p>\n<p>A l\u2019Estatut el CEC t\u00e9 veu per\u00f2 tamb\u00e9 vot, i per tant les seves aportacions s\u00f3n decisives per comen\u00e7ar projectes i aprovar decisions que afecten la vida di\u00e0ria del centre.<\/p>\n<p><span style=\"font-weight: 400;\">El Consell escolar es renova de forma parcial cada 2 cursos.<\/span><span style=\"font-weight: 400;\">El consell escolar d&#8217;un centre p\u00fablic est\u00e0 integrat per:<\/span><\/p>\n<ul>\n<li style=\"font-weight: 400;\"><span style=\"font-weight: 400;\">El director o directora, que el presideix.<\/span><\/li>\n<li style=\"font-weight: 400;\"><span style=\"font-weight: 400;\">El cap o la cap d&#8217;estudis.<\/span><\/li>\n<li style=\"font-weight: 400;\"><span style=\"font-weight: 400;\">Un o una representant de l&#8217;ajuntament de la localitat on es troba situat el centre.<\/span><\/li>\n<li style=\"font-weight: 400;\"><span style=\"font-weight: 400;\">El secretari o secret\u00e0ria del centre que assisteix amb veu i sense vot i exerceix la secretaria del consell.<\/span><\/li>\n<li style=\"font-weight: 400;\"><span style=\"font-weight: 400;\">Els i les representants del professorat s&#8217;elegeixen pel claustre.<\/span><\/li>\n<li style=\"font-weight: 400;\"><span style=\"font-weight: 400;\">Els i les representants de l&#8217;alumnat i dels pares i mares o tutors, elegits respectivament per ells i entre ells.<\/span><\/li>\n<li style=\"font-weight: 400;\"><span style=\"font-weight: 400;\">Un o una representant del personal d&#8217;administraci\u00f3 i serveis, elegit per i entre aquest personal.<\/span><\/li>\n<\/ul>\n<p>&nbsp;<\/p>\n<p>&nbsp;<\/p>\n","protected":false},"excerpt":{"rendered":"<p>&nbsp;<br \/>\nEl Consell Escolar de Centre \u00e9s un \u00f2rgan consultiu format per representants de tots els sectors i grups d\u2019inter\u00e9s de la comunitat educativa.<br \/>\nA l\u2019Estatut el CEC t\u00e9 veu per\u00f2 tamb\u00e9 vot, i per tant les seves aportacions s\u00f3n decisives per comen\u00e7ar projectes i aprovar decisions&hellip;  <a href=\"https:\/\/agora.xtec.cat\/ies-estatut\/consell-escolar\/\" title=\"Read Consell escolar\">Llegeix m\u00e9s\u00bb<\/a><\/p>\n","protected":false},"author":1,"featured_media":0,"parent":0,"menu_order":40,"comment_status":"closed","ping_status":"closed","template":"","meta":{"_bbp_topic_count":0,"_bbp_reply_count":0,"_bbp_total_topic_count":0,"_bbp_total_reply_count":0,"_bbp_voice_count":0,"_bbp_anonymous_reply_count":0,"_bbp_topic_count_hidden":0,"_bbp_reply_count_hidden":0,"_bbp_forum_subforum_count":0,"footnotes":""},"class_list":["post-43","page","type-page","status-publish","hentry"],"post_mailing_queue_ids":[],"_links":{"self":[{"href":"https:\/\/agora.xtec.cat\/ies-estatut\/wp-json\/wp\/v2\/pages\/43","targetHints":{"allow":["GET"]}}],"collection":[{"href":"https:\/\/agora.xtec.cat\/ies-estatut\/wp-json\/wp\/v2\/pages"}],"about":[{"href":"https:\/\/agora.xtec.cat\/ies-estatut\/wp-json\/wp\/v2\/types\/page"}],"author":[{"embeddable":true,"href":"https:\/\/agora.xtec.cat\/ies-estatut\/wp-json\/wp\/v2\/users\/1"}],"replies":[{"embeddable":true,"href":"https:\/\/agora.xtec.cat\/ies-estatut\/wp-json\/wp\/v2\/comments?post=43"}],"version-history":[{"count":4,"href":"https:\/\/agora.xtec.cat\/ies-estatut\/wp-json\/wp\/v2\/pages\/43\/revisions"}],"predecessor-version":[{"id":6712,"href":"https:\/\/agora.xtec.cat\/ies-estatut\/wp-json\/wp\/v2\/pages\/43\/revisions\/6712"}],"wp:attachment":[{"href":"https:\/\/agora.xtec.cat\/ies-estatut\/wp-json\/wp\/v2\/media?parent=43"}],"curies":[{"name":"wp","href":"https:\/\/api.w.org\/{rel}","templated":true}]}}