{"id":4289,"date":"2023-06-13T10:38:51","date_gmt":"2023-06-13T08:38:51","guid":{"rendered":"https:\/\/agora.xtec.cat\/ies-estatut\/?page_id=4289"},"modified":"2025-09-30T16:07:02","modified_gmt":"2025-09-30T14:07:02","slug":"convalidacions-cicles-formatius","status":"publish","type":"page","link":"https:\/\/agora.xtec.cat\/ies-estatut\/estudis\/convalidacions-cicles-formatius\/","title":{"rendered":"Convalidacions de cicles formatius"},"content":{"rendered":"<h2>A. <strong>Informaci\u00f3 general sobre convalidacions<\/strong><\/h2>\n<p>La convalidaci\u00f3 \u00e9s el procediment pel qual es reconeix i d\u00f3na valor acad\u00e8mic als estudis oficials certificats per l\u2019entitat competent.<\/p>\n<p>Per poder sol\u00b7licitar una convalidaci\u00f3 \u00e9s requisit imprescindible estar matriculat en el cicle formatiu pel qual es demana la convalidaci\u00f3, i tamb\u00e9 estar matriculat en particular de les unitats formatives que es volen convalidar.<\/p>\n<p>Les convalidacions obtingudes es traslladen a la documentaci\u00f3 d\u2019avaluaci\u00f3 tenint en compte qu\u00e8:<\/p>\n<ul>\n<li>Els m\u00f2duls professionals o unitats formatives convalidats de cicles formatius LOE es qualifiquen amb CONVALIDAT i no computaran a efectes de c\u00e0lcul de la nota mitjana del cicle formatiu.<\/li>\n<li>En el cas de m\u00f2duls professionals o unitats formatives superats que tinguin la mateixa denominaci\u00f3 i curr\u00edculum, i que siguin comuns a diversos cicles formatius, la qualificaci\u00f3 obtinguda es trasllada des del primer cicle formatiu en el qual s&#8217;ha cursat. Es pot comprovar a partir dels <a style=\"font-family: inherit; font-size: 1em;\" href=\"http:\/\/xtec.gencat.cat\/ca\/curriculum\/professionals\/fp\/titolsloe\/\" target=\"_blank\" rel=\"noopener\">Reials Decrets<\/a><span style=\"font-family: inherit; font-size: 1em;\">\u00a0que estableixen els t\u00edtols i on s\u2019indica el codi, el nom i el curr\u00edculum del m\u00f2dul professional.<\/span><\/li>\n<\/ul>\n<p>Cal tenir en compte que:<\/p>\n<ul>\n<li>Les unitats formatives i els m\u00f2duls professionals que hagin estat pr\u00e8viament convalidats no poden convalidar-se de nou per altres m\u00f2duls professionals o cr\u00e8dits.<\/li>\n<li>El certificat de qualificacions que presenteu juntament amb la sol\u00b7licitud per acreditar els seus estudis, ha de ser un certificat de qualificacions oficial expedit pel centre educatiu on s\u2019han cursat els cr\u00e8dits o m\u00f2duls superats corresponents (presentant un cicle LOE \u00e9s imprescindible el detall de les unitats formatives aprovades). Tingueu en compte que els butlletins de notes o informes d\u2019avaluaci\u00f3 no s\u00f3n v\u00e0lids.<\/li>\n<\/ul>\n<p>Els processos de convalidacions seran classificats segons qui l\u2019ha de resoldre:<\/p>\n<ul>\n<li>\u00a0<strong>Convalidacions que aplica el centre educatiu directament<\/strong>: s\u00f3n aquelles que estan establertes en els decrets dels curr\u00edculums i normativa de convalidacions.<\/li>\n<li><strong>Convalidacions singulars<\/strong>: seran totes aquelles que no pugui resoldre el centre i cal trametre a la DGFPIERE (Direcci\u00f3 General de Formaci\u00f3 Professional Inicial i Ensenyaments de R\u00e8gim Especial).<\/li>\n<\/ul>\n<p>Per saber les convalidacions que podeu sol\u00b7licitar teniu a la vostra disposici\u00f3 les seg\u00fcents taules. Cal que seleccioneu el cicle en qu\u00e8 est\u00e0s matriculat i en el qual vols sol\u00b7licitar la convalidaci\u00f3 de m\u00f2duls professionals o unitats formatives. La columna de l&#8217;esquerra recull els estudis realitzats i finalitzats amb anteriorment i que donen dret a la convalidaci\u00f3.<\/p>\n<ul>\n<li><a href=\"https:\/\/agora.xtec.cat\/ies-estatut\/wp-content\/uploads\/usu435\/2023\/10\/IC10-CFGM-Sistemes-microinformatics-i-xarxes_23_24.pdf\">IC10 &#8211; CFGM Sistemes microinform\u00e0tics i xarxes_23_24<\/a><\/li>\n<li><a href=\"https:\/\/agora.xtec.cat\/ies-estatut\/wp-content\/uploads\/usu435\/2024\/09\/IC10-CFGM-Sistemes-microinformatics-i-xarxes_2425_noupla.pdf\">IC10 &#8211; CFGM Sistemes microinform\u00e0tics i xarxes_24_25<\/a><\/li>\n<li><a href=\"https:\/\/agora.xtec.cat\/ies-estatut\/wp-content\/uploads\/usu435\/2023\/10\/AG10-CFGM-Gestio-administrativa_23_24.pdf\">AG10 &#8211; CFGM Gesti\u00f3 administrativa_23_24<\/a><\/li>\n<li><a href=\"https:\/\/agora.xtec.cat\/ies-estatut\/wp-content\/uploads\/usu435\/2024\/09\/AG10-CFGM-Gestio-administrativa_2425_noupla.pdf\">AG10 &#8211; CFGM Gesti\u00f3 administrativa_24_25<\/a><\/li>\n<li><a href=\"https:\/\/agora.xtec.cat\/ies-estatut\/wp-content\/uploads\/usu435\/2024\/09\/AGB0-CFGS-Administracio-i-finances_2425noupla_v2.pdf\">AGB0 &#8211; CFGS Administraci\u00f3 i finances_24_25<\/a><\/li>\n<li><a href=\"https:\/\/agora.xtec.cat\/ies-estatut\/wp-content\/uploads\/usu435\/2023\/10\/ICB0-CFGS-Desenvolupament-daplicacions-multiplataforma_23_24.pdf\">ICB0 &#8211; CFGS Desenvolupament d&#8217;aplicacions multiplataforma_23_24<\/a><\/li>\n<li><a href=\"https:\/\/agora.xtec.cat\/ies-estatut\/wp-content\/uploads\/usu435\/2024\/09\/ICB0-CFGS-Desenvolupament-daplicacions-multiplataforma_2425_noupla.pdf\">ICB0 &#8211; CFGS Desenvolupament d&#8217;aplicacions multiplataforma_24_25<\/a><\/li>\n<li><a href=\"https:\/\/agora.xtec.cat\/ies-estatut\/wp-content\/uploads\/usu435\/2023\/10\/ICC0-CFGS-Desenvolupament-daplicacions-web_23_24.pdf\">ICC0 &#8211; CFGS Desenvolupament d&#8217;aplicacions web_23_24<\/a><\/li>\n<li><a href=\"https:\/\/agora.xtec.cat\/ies-estatut\/wp-content\/uploads\/usu435\/2024\/09\/ICC0-CFGS-Desenvolupament-daplicacions-web_2425_noupla.pdf\">ICC0 &#8211; CFGS Desenvolupament d&#8217;aplicacions web_24_25<\/a><\/li>\n<li><a href=\"https:\/\/agora.xtec.cat\/ies-estatut\/wp-content\/uploads\/usu435\/2023\/10\/ICA0-CFGS-Administracio-de-sistemes-informatics-en-xarxa_23_24.pdf\">ICA0 &#8211; CFGS Administraci\u00f3 de sistemes inform\u00e0tics en xarxa_23_24<\/a><\/li>\n<li><a href=\"https:\/\/agora.xtec.cat\/ies-estatut\/wp-content\/uploads\/usu435\/2024\/09\/ICA0-CFGS-Administracio-de-sistemes-informatics-en-xarxa_2425_noupla.pdf\">ICA0 &#8211; CFGS Administraci\u00f3 de sistemes inform\u00e0tics en xarxa_24_25<\/a><\/li>\n<\/ul>\n<p>Convalidaci\u00f3 de m\u00f2duls transversals:<\/p>\n<p><a href=\"https:\/\/agora.xtec.cat\/ies-estatut\/wp-content\/uploads\/usu435\/2023\/10\/Llengua-estrangera_23_24.pdf\">Llengua estrangera_23_24<\/a><\/p>\n<p><a href=\"https:\/\/agora.xtec.cat\/ies-estatut\/wp-content\/uploads\/usu435\/2024\/09\/Llengua-estrangera_2425_noupla.pdf\">Llengua estrangera_24_25<\/a><\/p>\n<p><a href=\"https:\/\/agora.xtec.cat\/ies-estatut\/wp-content\/uploads\/usu435\/2023\/10\/FOL_EIE_23_24.pdf\">Formaci\u00f3 i Orientaci\u00f3 Laboral \/ EIE_23_24<\/a><\/p>\n<p><a href=\"https:\/\/agora.xtec.cat\/ies-estatut\/wp-content\/uploads\/usu435\/2024\/09\/IPO_DIGIT_SOST_2425_noupla.pdf\">IPO1 \/ IPO2 \/ Digitalitzaci\u00f3 \/ Sostenibilitat_24_25<\/a><\/p>\n<p>Aquestes taules indiquen quines unitats formatives es poden convalidar <strong>a partir d\u2019un cicle formatiu finalitzat<\/strong> i qui la resol segons el que hi consti:<\/p>\n<p>\u2022\u00a0<strong>C<\/strong>: La resol directament el centre educatiu.<\/p>\n<p>\u2022\u00a0<strong>D<\/strong>: \u00c9s una convalidaci\u00f3 singular i la resol la DGFPIERE.<\/p>\n<p>\u2022\u00a0<strong>ND<\/strong>: Denegada per la DGFPIERE, per tant, no la sol\u00b7liciteu.<\/p>\n<p>\u2022\u00a0<strong>R<\/strong>: Indiquen que \u00e9s un reconeixement de la mateixa qualificaci\u00f3 obtinguda perqu\u00e8 es tracta de m\u00f2duls professionals o unitats formatives comuns a diferents cicles formatius.<\/p>\n<p>\u2022\u00a0<strong>En blanc o estudis que no apareixen a la taula<\/strong>: No existeix normativa ni precedent, per tant cal adre\u00e7ar-la com una convalidaci\u00f3 singular. Cal aportar estudis reglats (com per exemple, estudis universitaris).<\/p>\n<p><a style=\"font-size: 1.6875em; font-weight: bold;\" href=\"https:\/\/agora.xtec.cat\/ies-estatut\/wp-content\/uploads\/usu435\/2023\/06\/A1043.pdf\" target=\"_blank\" rel=\"noopener\">Sol\u00b7licitud de convalidaci\u00f3<\/a><\/p>\n<p style=\"font-family: 'Helvetica Neue', Helvetica, Helvetica, Arial, sans-serif; font-size: 16px;\">Per sol\u00b7licitar una convalidaci\u00f3 cal presentar una \u00fanica <a href=\"https:\/\/agora.xtec.cat\/ies-estatut\/wp-content\/uploads\/usu435\/2025\/09\/sol_licitud-convalidacio-moduls-CF.pdf\" target=\"_blank\" rel=\"noopener\">sol\u00b7licitud de convalidaci\u00f3<\/a> adjuntant la documentaci\u00f3 corresponent dels estudis que donen dret a la convalidaci\u00f3. Aquesta sol\u00b7licitud nom\u00e9s es pot presentar a partir del moment en el qual es formalitza la matr\u00edcula. La sol\u00b7licitud emplenada i signada i la documentaci\u00f3 adjunta l&#8217;heu d&#8217;enviar per email al vostre tutor\/a.<\/p>\n<p>Fins a la resoluci\u00f3 de la convalidaci\u00f3 \u00e9s responsabilitat de l\u2019alumne l\u2019assist\u00e8ncia a les classes. Si la resoluci\u00f3 resulta ser no favorable, l\u2019alumne pot perdre la primera convocat\u00f2ria si decideix no assistir a classe.<\/p>\n<p>&nbsp;<\/p>\n<h2>B. <strong>Processos de convalidacions<\/strong><\/h2>\n<p>&nbsp;<\/p>\n<h4><strong>Convalidacions que aplica el centre educatiu directament<\/strong><\/h4>\n<p>El centre educatiu pot resoldre les sol\u00b7licituds de convalidacions que ja estan establertes en els decrets que estableixen els curr\u00edculums i normativa de convalidacions. Les situacions de convalidacions d\u2019aplicaci\u00f3 directa per part del centre s\u00f3n:<\/p>\n<p>1.- Convalidacions a partir d\u2019estudis de formaci\u00f3 professional finalitzats o parcialment superats.<\/p>\n<p>1.1.- En general, es poden convalidar m\u00f2duls professionals i unitats formatives a partir de la normativa publicada:<\/p>\n<p>\u25aa En els\u00a0<a href=\"http:\/\/xtec.gencat.cat\/ca\/curriculum\/professionals\/fp\/titolsloe\/\" target=\"_blank\" rel=\"noopener\">Reials Decrets<\/a>\u00a0del cicle formatiu corresponent.<\/p>\n<p>1.2.- En particular tenim:<\/p>\n<p>1.2.1.- L&#8217;alumne que tingui superat el m\u00f2dul professional\u00a0<em>Formaci\u00f3 i orientaci\u00f3 laboral<\/em>\u00a0d&#8217;un t\u00edtol LOE del mateix o diferent nivell tindr\u00e0 convalidat el m\u00f2dul professional en qualsevol altre cicle formatiu de l\u2019\u00e0mbit de la LOE.<\/p>\n<p>1.2.2.- La superaci\u00f3 del cr\u00e8dit\u00a0<em>Formaci\u00f3 i orientaci\u00f3 laboral<\/em>\u00a0d\u2019un t\u00edtol LOGSE del mateix o diferent nivell convalida la unitat formativa 1\u00a0<em>Incorporaci\u00f3 al treball<\/em>\u00a0del m\u00f2dul professional de\u00a0<em>Formaci\u00f3 i orientaci\u00f3 laboral<\/em>\u00a0d&#8217;un t\u00edtol LOE.<\/p>\n<p>1.2.3.- El centre educatiu ha de convalidar la unitat formativa 2\u00a0<em>Prevenci\u00f3 de riscos<\/em>\u00a0als alumnes que justifiquin tenir un certificat de formaci\u00f3 en prevenci\u00f3 de riscos laborals, que habilita per desenvolupar les funcions de nivell b\u00e0sic, amb els requisits seg\u00fcents:<\/p>\n<p>\u2022 Denominaci\u00f3 i segell de l&#8217;entitat certificadora, i signatura de la persona responsable.<\/p>\n<p>\u2022 Nom i cognoms de la persona que ha cursat la formaci\u00f3.<\/p>\n<p>\u2022 Denominaci\u00f3 i durada del curs.<\/p>\n<p>\u2022 Localitat i data d&#8217;expedici\u00f3 del certificat.<\/p>\n<p>\u2022 Text en qu\u00e8 s&#8217;indica: &#8220;capacita per al desenvolupament de funcions de nivell b\u00e0sic segons el Reial decret 39\/1997 (segons el contingut de l&#8217;annex IV A o IV B)&#8221;.<\/p>\n<p>1.2.4.- La superaci\u00f3 del cr\u00e8dit\u00a0<em>Administraci\u00f3, gesti\u00f3 i comercialitzaci\u00f3 en la petita empresa<\/em>\u00a0d&#8217;un t\u00edtol LOGSE del mateix o diferent nivell convalida el m\u00f2dul professional\u00a0<em>Empresa i iniciativa emprenedora<\/em>\u00a0d&#8217;un t\u00edtol LOE.<\/p>\n<p>2.- Convalidacions de les unitats formatives en llengua estrangera.<\/p>\n<p>Convalidacions d\u2019unitats formatives en llengua estrangera a partir de certificats reconeguts:<\/p>\n<p>&#8211; Per a unitats formatives de llengua estrangera de cicles formatius de grau mitj\u00e0 o segona llengua de cicles formatius de grau superior, cal que l\u2019alumnat aporti un nivell B1 (o superior) del Marc de Refer\u00e8ncia Europeu de Lleng\u00fces.<\/p>\n<p>&#8211; Per a unitats formatives de llengua estrangera de cicles formatius de grau superior, cal que l\u2019alumnat aporti un nivell B2 (o superior) del Marc de Refer\u00e8ncia Europeu de Lleng\u00fces.<\/p>\n<h4><\/h4>\n<h4><strong>Convalidacions singulars<\/strong><\/h4>\n<p>Les sol\u00b7licituds de convalidacions singulars seran resoltes per la Direcci\u00f3 General de Formaci\u00f3 Professional Inicial i Ensenyaments de R\u00e8gim Especial i seran totes aquelles que no pugui resoldre el centre.<\/p>\n<p>L\u2019alumnat sol\u00b7licitar\u00e0 les convalidacions singulars en el centre educatiu i aquest les trametr\u00e0 a la Direcci\u00f3 General de Formaci\u00f3 professional i Ensenyaments de R\u00e8gim Especial, adjuntant:<\/p>\n<p>\u2022 Sol\u00b7licitud de convalidaci\u00f3 signada.<\/p>\n<p>\u2022 Certificat de qualificacions per unitats formatives, cr\u00e8dits o assignatures segons el sup\u00f2sit.<\/p>\n<p>\u2022 En el cas que s\u2019aportin estudis universitaris i es demanin convalidacions diferents de la unitat formativa 1\u00a0<em>Incorporaci\u00f3 al treball<\/em>\u00a0del m\u00f2dul professional de\u00a0<em>Formaci\u00f3 i orientaci\u00f3 laboral<\/em>, al m\u00f2dul professional\u00a0<em>Empresa i iniciativa emprenedora<\/em>, o a unitats formatives creades pel centre amb les hores de lliure disposici\u00f3 de cicles formatius de grau superior, caldr\u00e0 aportar el pla d\u2019estudis de les assignatures relacionades amb la convalidaci\u00f3 dels estudis de proced\u00e8ncia.<\/p>\n<p>Entre les convalidacions singulars que es resolen des de la DGFPIERE:<\/p>\n<p>1.- Convalidacions a partir d\u2019estudis de formaci\u00f3 professional finalitzats o parcialment superats que no estan establertes en els decrets que estableixen els curr\u00edculums i normativa de convalidacions.<\/p>\n<p>2.- Convalidacions a partir d\u2019estudis universitaris.<\/p>\n<p>&#8211; Les convalidacions a partir d&#8217;estudis universitaris nom\u00e9s es poden aplicar a unitats formatives i m\u00f2duls professionals de cicles formatius de grau superior, llevat que es tractin d&#8217;unitats formatives i m\u00f2duls professionals comuns als cicles formatius de grau mitj\u00e0 i grau superior.<\/p>\n<p>&#8211; Les assignatures d&#8217;estudis universitaris oficials que hagin estat pr\u00e8viament convalidades o reconegudes no es poden tornar a convalidar per m\u00f2duls professionals dels cicles formatius de grau superior.<\/p>\n<p>&#8211; Els alumnes matriculats que tinguin aprovats un m\u00ednim de 12 cr\u00e8dits ECTS poden sol\u00b7licitar la convalidaci\u00f3 d&#8217;un o m\u00e9s dels m\u00f2duls professionals o unitats formatives seg\u00fcents:<\/p>\n<p>&#8211; La unitat formativa 1<em>Incorporaci\u00f3 al treball<\/em>, del m\u00f2dul professional de\u00a0<em>Formaci\u00f3 i orientaci\u00f3 laboral<\/em>.<\/p>\n<p>&#8211; El m\u00f2dul professional\u00a0<em>Empresa i iniciativa emprenedora<\/em>.<\/p>\n<p>&#8211; Unitats formatives creades pel centre amb les hores de lliure disposici\u00f3 de cicles formatius de grau superior.<\/p>\n<p>Per determinar aquesta convalidaci\u00f3 cal aplicar el barem seg\u00fcent:<\/p>\n<p>&#8211; De 12 a 15 cr\u00e8dits ECTS: Convalidaci\u00f3 d&#8217;unitats formatives del cicle formatiu, sempre que la suma de les quals no sigui superior a 66 hores lectives.<\/p>\n<p>&#8211; De 16 a 19 cr\u00e8dits ECTS: Convalidaci\u00f3 d&#8217;unitats formatives del cicle formatiu, sempre que la suma de les quals no sigui superior a 132 hores lectives.<\/p>\n<p>&#8211; M\u00e9s de 20 cr\u00e8dits ECTS: Convalidaci\u00f3 d&#8217;unitats formatives del cicle formatiu, sempre que la suma de les quals no sigui superior a 198 hores lectives.<\/p>\n","protected":false},"excerpt":{"rendered":"<p>A. Informaci\u00f3 general sobre convalidacions<br \/>\nLa convalidaci\u00f3 \u00e9s el procediment pel qual es reconeix i d\u00f3na valor acad\u00e8mic als estudis oficials certificats per l\u2019entitat competent.<br \/>\nPer poder sol\u00b7licitar una convalidaci\u00f3 \u00e9s requisit imprescindible estar matriculat en el cicle formatiu pel qual es demana la convalidaci\u00f3, i tamb\u00e9&hellip;  <a href=\"https:\/\/agora.xtec.cat\/ies-estatut\/estudis\/convalidacions-cicles-formatius\/\" title=\"Read Convalidacions de cicles formatius\">Llegeix m\u00e9s\u00bb<\/a><\/p>\n","protected":false},"author":4,"featured_media":0,"parent":884,"menu_order":5,"comment_status":"closed","ping_status":"closed","template":"page-templates\/side-menu.php","meta":{"_bbp_topic_count":0,"_bbp_reply_count":0,"_bbp_total_topic_count":0,"_bbp_total_reply_count":0,"_bbp_voice_count":0,"_bbp_anonymous_reply_count":0,"_bbp_topic_count_hidden":0,"_bbp_reply_count_hidden":0,"_bbp_forum_subforum_count":0,"footnotes":""},"class_list":["post-4289","page","type-page","status-publish","hentry"],"post_mailing_queue_ids":[],"_links":{"self":[{"href":"https:\/\/agora.xtec.cat\/ies-estatut\/wp-json\/wp\/v2\/pages\/4289","targetHints":{"allow":["GET"]}}],"collection":[{"href":"https:\/\/agora.xtec.cat\/ies-estatut\/wp-json\/wp\/v2\/pages"}],"about":[{"href":"https:\/\/agora.xtec.cat\/ies-estatut\/wp-json\/wp\/v2\/types\/page"}],"author":[{"embeddable":true,"href":"https:\/\/agora.xtec.cat\/ies-estatut\/wp-json\/wp\/v2\/users\/4"}],"replies":[{"embeddable":true,"href":"https:\/\/agora.xtec.cat\/ies-estatut\/wp-json\/wp\/v2\/comments?post=4289"}],"version-history":[{"count":8,"href":"https:\/\/agora.xtec.cat\/ies-estatut\/wp-json\/wp\/v2\/pages\/4289\/revisions"}],"predecessor-version":[{"id":6604,"href":"https:\/\/agora.xtec.cat\/ies-estatut\/wp-json\/wp\/v2\/pages\/4289\/revisions\/6604"}],"up":[{"embeddable":true,"href":"https:\/\/agora.xtec.cat\/ies-estatut\/wp-json\/wp\/v2\/pages\/884"}],"wp:attachment":[{"href":"https:\/\/agora.xtec.cat\/ies-estatut\/wp-json\/wp\/v2\/media?parent=4289"}],"curies":[{"name":"wp","href":"https:\/\/api.w.org\/{rel}","templated":true}]}}