{"id":4105,"date":"2023-04-24T13:04:24","date_gmt":"2023-04-24T11:04:24","guid":{"rendered":"https:\/\/agora.xtec.cat\/ies-estatut\/?page_id=4105"},"modified":"2024-04-18T17:46:38","modified_gmt":"2024-04-18T15:46:38","slug":"beques-menjador","status":"publish","type":"page","link":"https:\/\/agora.xtec.cat\/ies-estatut\/secretaria\/beques\/beques-menjador\/","title":{"rendered":"Beques menjador curs 2024-2025"},"content":{"rendered":"<p>&nbsp;<\/p>\n<p><span style=\"font-weight: 400;\">Benvolgudes fam\u00edlies,<\/span><\/p>\n<p><span style=\"font-weight: 400;\">Des dels Serveis Socials B\u00e0sics de l&#8217;Ajuntament de Rub\u00ed ens fan arribar la informaci\u00f3 referent a la convocat\u00f2ria d\u2019Ajuts de Menjador Escolar per al proper curs 2024-2025.<\/span><\/p>\n<p><span style=\"font-weight: 400;\">A continuaci\u00f3 teniu els documents on s\u2019explica com procedir:<\/span><\/p>\n<ul>\n<li><a href=\"https:\/\/drive.google.com\/file\/d\/1hDOeVbh1SxgjCM6EJqqM2E_mhqRd4wRY\/view\"><span style=\"font-weight: 400;\">Informaci\u00f3 per sol\u00b7licitar ajuts de menjador<\/span><\/a><\/li>\n<li><a href=\"https:\/\/drive.google.com\/file\/d\/1pdySF819F46k7FsWtqiGpbDk0sguLTsi\/view\"><span style=\"font-weight: 400;\">Carta de Serveis Socials B\u00e0sics<\/span><\/a><\/li>\n<li><a href=\"https:\/\/drive.google.com\/file\/d\/1-mCK-o44jT0x_zTwFl_rKM1dVtfEFqYS\/view\"><span style=\"font-weight: 400;\">Cartell informatiu<\/span><\/a><\/li>\n<li><a href=\"https:\/\/drive.google.com\/file\/d\/1mieBTE-AGz0hU-1tQxTQedxSsYR46c5L\/view\"><span style=\"font-weight: 400;\">IDCATM\u00f2bil<\/span><\/a><\/li>\n<\/ul>\n<p><span style=\"font-weight: 400;\">La sol\u00b7licitud s\u2019ha de presentar de <\/span><b>forma telem\u00e0tica<\/b><span style=\"font-weight: 400;\">, <\/span><b>del 22 d\u2019abril al 27 de maig<\/b><span style=\"font-weight: 400;\"> i l\u2019enlla\u00e7 per accedir-hi \u00e9s el seg\u00fcent:\u00a0<\/span><\/p>\n<p><span style=\"font-weight: 400;\">\u00a0\u00a0\u00a0\u00a0\u00a0\u00a0\u00a0\u00a0\u00a0\u00a0\u00a0\u00a0\u00a0\u00a0\u00a0\u00a0\u00a0\u00a0\u00a0<\/span><a href=\"https:\/\/seu.rubi.cat\/catalogoTramites\/show\/548\"><span style=\"font-weight: 400;\">https:\/\/seu.rubi.cat\/catalogoTramites\/show\/548<\/span><\/a><\/p>\n<p><span style=\"font-weight: 400;\">Si teniu dubtes l\u2019Ajuntament compta amb un acompanyament al tr\u00e0mit telem\u00e0tic:<\/span><\/p>\n<ul>\n<li style=\"font-weight: 400;\" aria-level=\"1\"><a href=\"https:\/\/drive.google.com\/file\/d\/1c6uqGPf5_YKSfIs3UT1AayzsqmgAnypG\/view\"><span style=\"font-weight: 400;\">Acompanyament al tr\u00e0mit telem\u00e0tic<\/span><\/a><span style=\"font-weight: 400;\"> (amb cita pr\u00e8via)<\/span><\/li>\n<\/ul>\n<p><span style=\"font-weight: 400;\">Aquest any hi ha la novetat de l\u2019enviament de l\u2019esborrany: les fam\u00edlies rebreu l\u2019esborrany al correu electr\u00f2nic i, si esteu conformes, en el moment de fer el tr\u00e0mit telem\u00e0tic, nom\u00e9s haureu de posar el n\u00famero d\u2019expedient que s\u2019indica, sense haver de tornar a emplenar la sol\u00b7licitud.<\/span><\/p>\n<p><span style=\"font-weight: 400;\">D\u2019altra banda, la nostra integradora social, la Marta Gallego, tamb\u00e9 us pot donar un cop de m\u00e0. Truqueu al centre, si \u00e9s el cas.<\/span><\/p>\n<p>&nbsp;<\/p>\n<p>&nbsp;<\/p>\n","protected":false},"excerpt":{"rendered":"<p>&nbsp;<br \/>\nBenvolgudes fam\u00edlies,<br \/>\nDes dels Serveis Socials B\u00e0sics de l&#8217;Ajuntament de Rub\u00ed ens fan arribar la informaci\u00f3 referent a la convocat\u00f2ria d\u2019Ajuts de Menjador Escolar per al proper curs 2024-2025.<br \/>\nA continuaci\u00f3 teniu els documents on s\u2019explica com procedir:<\/p>\n<ul>\n<li><a href=\"https:\/\/drive.google.com\/file\/d\/1hDOeVbh1SxgjCM6EJqqM2E_mhqRd4wRY\/view\">Informaci\u00f3 per sol\u00b7licitar ajuts de menjador<\/a><\/li>\n<li><a href=\"https:\/\/drive.google.com\/file\/d\/1pdySF819F46k7FsWtqiGpbDk0sguLTsi\/view\">Carta de Serveis&hellip;  <a href=\"https:\/\/agora.xtec.cat\/ies-estatut\/secretaria\/beques\/beques-menjador\/\" title=\"Read Beques menjador curs 2024-2025\">Llegeix m\u00e9s\u00bb<\/a><br \/>\n","protected":false},"author":1,"featured_media":0,"parent":4101,"menu_order":1,"comment_status":"closed","ping_status":"closed","template":"page-templates\/side-menu.php","meta":{"_bbp_topic_count":0,"_bbp_reply_count":0,"_bbp_total_topic_count":0,"_bbp_total_reply_count":0,"_bbp_voice_count":0,"_bbp_anonymous_reply_count":0,"_bbp_topic_count_hidden":0,"_bbp_reply_count_hidden":0,"_bbp_forum_subforum_count":0,"footnotes":""},"class_list":["post-4105","page","type-page","status-publish","hentry"],"post_mailing_queue_ids":[],"_links":{"self":[{"href":"https:\/\/agora.xtec.cat\/ies-estatut\/wp-json\/wp\/v2\/pages\/4105","targetHints":{"allow":["GET"]}}],"collection":[{"href":"https:\/\/agora.xtec.cat\/ies-estatut\/wp-json\/wp\/v2\/pages"}],"about":[{"href":"https:\/\/agora.xtec.cat\/ies-estatut\/wp-json\/wp\/v2\/types\/page"}],"author":[{"embeddable":true,"href":"https:\/\/agora.xtec.cat\/ies-estatut\/wp-json\/wp\/v2\/users\/1"}],"replies":[{"embeddable":true,"href":"https:\/\/agora.xtec.cat\/ies-estatut\/wp-json\/wp\/v2\/comments?post=4105"}],"version-history":[{"count":4,"href":"https:\/\/agora.xtec.cat\/ies-estatut\/wp-json\/wp\/v2\/pages\/4105\/revisions"}],"predecessor-version":[{"id":5055,"href":"https:\/\/agora.xtec.cat\/ies-estatut\/wp-json\/wp\/v2\/pages\/4105\/revisions\/5055"}],"up":[{"embeddable":true,"href":"https:\/\/agora.xtec.cat\/ies-estatut\/wp-json\/wp\/v2\/pages\/4101"}],"wp:attachment":[{"href":"https:\/\/agora.xtec.cat\/ies-estatut\/wp-json\/wp\/v2\/media?parent=4105"}],"curies":[{"name":"wp","href":"https:\/\/api.w.org\/{rel}","templated":true}]}}