{"id":4104,"date":"2023-04-24T13:00:03","date_gmt":"2023-04-24T11:00:03","guid":{"rendered":"https:\/\/agora.xtec.cat\/ies-estatut\/?page_id=4104"},"modified":"2023-05-10T12:37:39","modified_gmt":"2023-05-10T10:37:39","slug":"beques-alumnat-nese","status":"publish","type":"page","link":"https:\/\/agora.xtec.cat\/ies-estatut\/secretaria\/beques\/beques-alumnat-nese\/","title":{"rendered":"Beques per l&#8217;alumnat amb NESE"},"content":{"rendered":"<p>&nbsp;<\/p>\n<p>Com cada any, el <em>Ministerio de Educaci\u00f3n y Formaci\u00f3n Professional<\/em> ha convocat els <strong>ajuts per a l\u2019alumnat amb necessitat espec\u00edfica de suport educatiu,<\/strong> en aquesta ocasi\u00f3 per al curs acad\u00e8mic 2023-2024.<\/p>\n<p>Aquest ajut va dirigit a alumnes que presenten una necessitat espec\u00edfica de suport educatiu derivada de:<\/p>\n<p style=\"padding-left: 40px;\">1. Discapacitat, trastorn greu de la conducta o trastorn greu de la<br \/>\ncomunicaci\u00f3 i del llenguatge (incl\u00f2s TDAH).<br \/>\n2. Alumnes amb TEA (trastorn de l\u2019espectre autista).<br \/>\n3. Alumnes amb elevades capacitats intel\u00b7lectuals.<\/p>\n<p>Aquests ajuts van destinats col\u00b7laborar amb les despeses que l\u2019educaci\u00f3 d\u2019aquests alumnes genera a les seves fam\u00edlies. Com a novetat per al curs 2023-24 \u00e9s la creaci\u00f3 d\u2019un nou component anomenat <strong>\u201cSubsidi de quantia fixa<\/strong> per a despeses addicionals de car\u00e0cter general\u201d. L\u2019import d\u2019aquest ajut ser\u00e0 de 400,00 \u20ac i es podr\u00e0 optar <strong>tot i superar<\/strong> els llindars econ\u00f2mics, <strong>sempre que s\u2019acrediti<\/strong> la necessitat de suport educatiu. Per a la seva assignaci\u00f3 no caldr\u00e0 ser fam\u00edlia nombrosa. <strong>L\u2019EAP ha de marcar la casella corresponent conforme l\u2019alumne\/a t\u00e9 necessitats educatives.<\/strong><\/p>\n<ul>\n<li>La informaci\u00f3 de l\u2019extracte de la resoluci\u00f3 pots trobar <a href=\"https:\/\/www.boe.es\/boe\/dias\/2023\/04\/26\/pdfs\/BOE-B-2023-12318.pdf\">aqu\u00ed.<\/a><\/li>\n<li>Les sol\u00b7licituds podran efectuar-se per Internet clicant el seg\u00fcent <a href=\"https:\/\/educacio.gencat.cat\/ca\/tramits\/tramits-temes\/Ajuts-per-a-alumnes-amb-necessitat-especifica-de-suport-educatiu\">enlla\u00e7.<\/a><\/li>\n<li>Tot el proc\u00e9s de sol\u00b7licitud de la beca es fa a trav\u00e9s de la seu electr\u00f2nica del Ministeri d&#8217;Educaci\u00f3 i Formaci\u00f3 Professional.<\/li>\n<\/ul>\n<p>Si no es disposa de certificat electr\u00f2nic, claus electr\u00f2niques d&#8217;administracions p\u00fabliques o certificat electr\u00f2nic, un cop emplenat el formulari de sol\u00b7licitud s&#8217;haur\u00e0 d&#8217;imprimir (en format PDF) i presentar-lo al centre educatiu, on s&#8217;estudiar\u00e0.<\/p>\n<p>El termini per demanar aquests ajuts <span style=\"text-decoration: underline;\">comen\u00e7a el 8 de maig i finalitza el 20 de setembre de 2023.<\/span><\/p>\n<p>&nbsp;<\/p>\n","protected":false},"excerpt":{"rendered":"<p>&nbsp;<br \/>\nCom cada any, el Ministerio de Educaci\u00f3n y Formaci\u00f3n Professional ha convocat els ajuts per a l\u2019alumnat amb necessitat espec\u00edfica de suport educatiu, en aquesta ocasi\u00f3 per al curs acad\u00e8mic 2023-2024.<br \/>\nAquest ajut va dirigit a alumnes que presenten una necessitat espec\u00edfica de suport educatiu derivada&hellip;  <a href=\"https:\/\/agora.xtec.cat\/ies-estatut\/secretaria\/beques\/beques-alumnat-nese\/\" title=\"Read Beques per l&#8217;alumnat amb NESE\">Llegeix m\u00e9s\u00bb<\/a><\/p>\n","protected":false},"author":1,"featured_media":0,"parent":4101,"menu_order":3,"comment_status":"closed","ping_status":"closed","template":"page-templates\/side-menu.php","meta":{"_bbp_topic_count":0,"_bbp_reply_count":0,"_bbp_total_topic_count":0,"_bbp_total_reply_count":0,"_bbp_voice_count":0,"_bbp_anonymous_reply_count":0,"_bbp_topic_count_hidden":0,"_bbp_reply_count_hidden":0,"_bbp_forum_subforum_count":0,"footnotes":""},"class_list":["post-4104","page","type-page","status-publish","hentry"],"post_mailing_queue_ids":[],"_links":{"self":[{"href":"https:\/\/agora.xtec.cat\/ies-estatut\/wp-json\/wp\/v2\/pages\/4104","targetHints":{"allow":["GET"]}}],"collection":[{"href":"https:\/\/agora.xtec.cat\/ies-estatut\/wp-json\/wp\/v2\/pages"}],"about":[{"href":"https:\/\/agora.xtec.cat\/ies-estatut\/wp-json\/wp\/v2\/types\/page"}],"author":[{"embeddable":true,"href":"https:\/\/agora.xtec.cat\/ies-estatut\/wp-json\/wp\/v2\/users\/1"}],"replies":[{"embeddable":true,"href":"https:\/\/agora.xtec.cat\/ies-estatut\/wp-json\/wp\/v2\/comments?post=4104"}],"version-history":[{"count":4,"href":"https:\/\/agora.xtec.cat\/ies-estatut\/wp-json\/wp\/v2\/pages\/4104\/revisions"}],"predecessor-version":[{"id":4180,"href":"https:\/\/agora.xtec.cat\/ies-estatut\/wp-json\/wp\/v2\/pages\/4104\/revisions\/4180"}],"up":[{"embeddable":true,"href":"https:\/\/agora.xtec.cat\/ies-estatut\/wp-json\/wp\/v2\/pages\/4101"}],"wp:attachment":[{"href":"https:\/\/agora.xtec.cat\/ies-estatut\/wp-json\/wp\/v2\/media?parent=4104"}],"curies":[{"name":"wp","href":"https:\/\/api.w.org\/{rel}","templated":true}]}}