{"id":3928,"date":"2023-03-10T10:48:53","date_gmt":"2023-03-10T09:48:53","guid":{"rendered":"https:\/\/agora.xtec.cat\/ies-estatut\/?page_id=3928"},"modified":"2024-07-03T08:48:27","modified_gmt":"2024-07-03T06:48:27","slug":"daw-desenvolupament-daplicacions-web","status":"publish","type":"page","link":"https:\/\/agora.xtec.cat\/ies-estatut\/estudis\/cicles-formatius\/daw-desenvolupament-daplicacions-web\/","title":{"rendered":"CFGS DAW &#8211; Desenvolupament d&#8217;aplicacions web"},"content":{"rendered":"<h2 style=\"text-align: center;\"><strong>Grau Superior DAW<\/strong><\/h2>\n<h3><\/h3>\n<p>T\u00e9 una assignaci\u00f3 de 2000 hores distribu\u00efdes en dos cursos acad\u00e8mics en horari de tarda.<\/p>\n<p>Aquesta titulaci\u00f3 s\u2019ofereix en modalitat Dual intensiva i Dual general.<\/p>\n<p>La superaci\u00f3 d\u2019aquests estudis s\u2019acredita amb l\u2019obtenci\u00f3 de la titulaci\u00f3 com a T\u00e8cnic Superior en Desenvolupament d&#8217;Aplicacions Web.<\/p>\n<p>Aquests estudis capaciten per desenvolupar implantar i mantenir aplicacions web, amb independ\u00e8ncia del model emprat i utilitzant tecnologies especifiques, garantint l\u2019acc\u00e9s a les dades de forma segura i complint els criteris d\u2019accessibilitat, usabilitat i qualitat exigides en els est\u00e0ndards establerts. <a href=\"https:\/\/agora.xtec.cat\/ies-estatut\/wp-content\/uploads\/usu435\/2024\/02\/Pla-dActivitats-DAW.pdf\">Pla d&#8217;Activitats DAW<\/a><\/p>\n<p>&nbsp;<\/p>\n<p style=\"text-align: center;\"><a href=\"https:\/\/agora.xtec.cat\/ies-estatut\/wp-content\/uploads\/usu435\/2023\/03\/triptic-DAW.pdf\" target=\"_blank\" rel=\"noopener\">Descarrega&#8217;t el tr\u00edptic<\/a><\/p>\n<h2><strong>Acc\u00e9s<\/strong><\/h2>\n<p>Tenen acc\u00e9s directe al cicle les persones que compleixen algun dels requisits seg\u00fcents:<\/p>\n<ul>\n<li>Tenir el t\u00edtol de batxillerat,<\/li>\n<li>Tenir el t\u00edtol de t\u00e8cnic especialista, t\u00e8cnic superior o equivalent<\/li>\n<li>Haver superat el segon curs de batxillerat de qualsevol modalitat de batxillerat experimental<\/li>\n<li>Haver superat el curs d\u2019orientaci\u00f3 universit\u00e0ria (COU) o el preuniversitari<\/li>\n<li>Tenir qualsevol titulaci\u00f3 universit\u00e0ria o una d\u2019equivalent.<\/li>\n<li>Haver superat la prova d\u2019acc\u00e9s a la universitat per a m\u00e9s grans de 25 anys.<\/li>\n<\/ul>\n<p>Tamb\u00e9 poden accedir les persones amb el t\u00edtol de t\u00e8cnic de formaci\u00f3 professional.<\/p>\n<p>Les persones que no compleixen cap dels requisits esmentats han de superar una prova d\u2019acc\u00e9s. Per presentar-s\u2019hi cal tenir complerts 19 anys o b\u00e9 complir-los durant l\u2019any natural en qu\u00e8 es realitza la prova.<\/p>\n<p>Per obtenir\u00a0<strong>m\u00e9s informaci\u00f3<\/strong>\u00a0respecte la<a href=\"http:\/\/queestudiar.gencat.cat\/ca\/preinscripcio\/estudis\/fp-gs\/documentacio\/\" target=\"_blank\" rel=\"noopener\"> documentaci\u00f3 i els criteris de prioritat.<\/a><\/p>\n<h2><strong>Curr\u00edculum del cicle de Desenvolupament d&#8217;Aplicacions Web<\/strong><\/h2>\n<h5>Primer Curs<\/h5>\n<div class=\"h5p-iframe-wrapper\"><iframe id=\"h5p-iframe-5\" class=\"h5p-iframe\" data-content-id=\"5\" style=\"height:1px\" src=\"about:blank\" frameBorder=\"0\" scrolling=\"no\" title=\"Curr\u00edculum DAM  \/  DAW - Primer Curs\"><\/iframe><\/div>\n<h5>Segon Curs<\/h5>\n<div class=\"h5p-iframe-wrapper\"><iframe id=\"h5p-iframe-16\" class=\"h5p-iframe\" data-content-id=\"16\" style=\"height:1px\" src=\"about:blank\" frameBorder=\"0\" scrolling=\"no\" title=\"Curr\u00edculum DAW - Segon Curs\"><\/iframe><\/div>\n<p><a href=\"https:\/\/triaeducativa.gencat.cat\/ca\/estudis\/?desenvolupament-aplicacions-web&amp;p_id=770\" target=\"_blank\" rel=\"noopener\">M\u00e9s informaci\u00f3<\/a><\/p>\n<p>&nbsp;<\/p>\n<h4>Sortides professionals<\/h4>\n<blockquote><p>La superaci\u00f3 d&#8217;aquest cicle formatiu permet accedir al\u00a0<strong>m\u00f3n laboral<\/strong>\u00a0com a:<\/p>\n<ul>\n<li>T\u00e8cnic\/a en programaci\u00f3 web.<\/li>\n<li>T\u00e8cnic\/a en desenvolupament d&#8217;aplicacions en entorns web.<\/li>\n<li>Desenvolupador d\u2019aplicacions web en diversos \u00e0mbits, com ara la gesti\u00f3 empresarial i de negoci, relacions amb els clients, educaci\u00f3, oci i entreteniment.<\/li>\n<li>Suport t\u00e8cnic d\u2019aplicacions desenvolupades i implantades en entorns intranet, extranet i Internet.<\/li>\n<li>Webmaster, Community manager, Social Media.<\/li>\n<li>T\u00e8cnic\/a en anal\u00edtica web.<\/li>\n<li>Responsable de projectes TIC.<\/li>\n<li>T\u00e8cnic\/a en optimitzaci\u00f3 i posicionament web.<\/li>\n<\/ul>\n<\/blockquote>\n","protected":false},"excerpt":{"rendered":"<p>Grau Superior DAW<\/p>\n<p>T\u00e9 una assignaci\u00f3 de 2000 hores distribu\u00efdes en dos cursos acad\u00e8mics en horari de tarda.<br \/>\nAquesta titulaci\u00f3 s\u2019ofereix en modalitat Dual intensiva i Dual general.<br \/>\nLa superaci\u00f3 d\u2019aquests estudis s\u2019acredita amb l\u2019obtenci\u00f3 de la titulaci\u00f3 com a T\u00e8cnic Superior en Desenvolupament d&#8217;Aplicacions Web.<br \/>\nAquests estudis capaciten&hellip;  <a href=\"https:\/\/agora.xtec.cat\/ies-estatut\/estudis\/cicles-formatius\/daw-desenvolupament-daplicacions-web\/\" title=\"Read CFGS DAW &#8211; Desenvolupament d&#8217;aplicacions web\">Llegeix m\u00e9s\u00bb<\/a><\/p>\n","protected":false},"author":4,"featured_media":0,"parent":894,"menu_order":1,"comment_status":"closed","ping_status":"closed","template":"","meta":{"_bbp_topic_count":0,"_bbp_reply_count":0,"_bbp_total_topic_count":0,"_bbp_total_reply_count":0,"_bbp_voice_count":0,"_bbp_anonymous_reply_count":0,"_bbp_topic_count_hidden":0,"_bbp_reply_count_hidden":0,"_bbp_forum_subforum_count":0,"footnotes":""},"class_list":["post-3928","page","type-page","status-publish","hentry"],"post_mailing_queue_ids":[],"_links":{"self":[{"href":"https:\/\/agora.xtec.cat\/ies-estatut\/wp-json\/wp\/v2\/pages\/3928","targetHints":{"allow":["GET"]}}],"collection":[{"href":"https:\/\/agora.xtec.cat\/ies-estatut\/wp-json\/wp\/v2\/pages"}],"about":[{"href":"https:\/\/agora.xtec.cat\/ies-estatut\/wp-json\/wp\/v2\/types\/page"}],"author":[{"embeddable":true,"href":"https:\/\/agora.xtec.cat\/ies-estatut\/wp-json\/wp\/v2\/users\/4"}],"replies":[{"embeddable":true,"href":"https:\/\/agora.xtec.cat\/ies-estatut\/wp-json\/wp\/v2\/comments?post=3928"}],"version-history":[{"count":6,"href":"https:\/\/agora.xtec.cat\/ies-estatut\/wp-json\/wp\/v2\/pages\/3928\/revisions"}],"predecessor-version":[{"id":5364,"href":"https:\/\/agora.xtec.cat\/ies-estatut\/wp-json\/wp\/v2\/pages\/3928\/revisions\/5364"}],"up":[{"embeddable":true,"href":"https:\/\/agora.xtec.cat\/ies-estatut\/wp-json\/wp\/v2\/pages\/894"}],"wp:attachment":[{"href":"https:\/\/agora.xtec.cat\/ies-estatut\/wp-json\/wp\/v2\/media?parent=3928"}],"curies":[{"name":"wp","href":"https:\/\/api.w.org\/{rel}","templated":true}]}}