{"id":3923,"date":"2023-03-10T10:01:37","date_gmt":"2023-03-10T09:01:37","guid":{"rendered":"https:\/\/agora.xtec.cat\/ies-estatut\/?page_id=3923"},"modified":"2024-07-03T08:24:33","modified_gmt":"2024-07-03T06:24:33","slug":"dam-desenvolupament-daplicacions-multiplataforma","status":"publish","type":"page","link":"https:\/\/agora.xtec.cat\/ies-estatut\/estudis\/cicles-formatius\/dam-desenvolupament-daplicacions-multiplataforma\/","title":{"rendered":"CFGS DAM &#8211; Desenvolupament d&#8217;aplicacions multiplataforma"},"content":{"rendered":"<h2 style=\"text-align: center;\"><strong>Grau Superior DAM<\/strong><\/h2>\n<h3><\/h3>\n<p>T\u00e9 una assignaci\u00f3 de 2000 hores distribu\u00efdes en dos cursos acad\u00e8mics en horari de tarda.<\/p>\n<p>Aquesta titulaci\u00f3 s\u2019ofereix en modalitat Dual intensiva i Dual general.<\/p>\n<p>La superaci\u00f3 d\u2019aquests estudis s\u2019acredita amb l\u2019obtenci\u00f3 de la titulaci\u00f3 com a T\u00e8cnic Superior en Desenvolupament d&#8217;aplicacions multiplataforma.<\/p>\n<p>La compet\u00e8ncia general d\u2019aquest t\u00edtol consisteix a desenvolupar, implantar, documentar i mantenir aplicacions inform\u00e0tiques multiplataforma, utilitzant tecnologies i entorns de desenvolupament espec\u00edfics, garantint l\u2019acc\u00e9s a les dades de forma segura i complint els criteris d\u2019usabilitat i qualitat exigides en els est\u00e0ndards establerts.<\/p>\n<p><a href=\"https:\/\/agora.xtec.cat\/ies-estatut\/wp-content\/uploads\/usu435\/2024\/02\/Pla-dActivitats-DAM.pdf\">Pla d&#8217;Activitats DAM<\/a><\/p>\n<p style=\"text-align: center;\"><a href=\"https:\/\/agora.xtec.cat\/ies-estatut\/wp-content\/uploads\/usu435\/2023\/03\/triptic-DAM.pdf\" target=\"_blank\" rel=\"noopener\">Descarrega&#8217;t el tr\u00edptic<\/a><\/p>\n<h2><strong>Acc\u00e9s<\/strong><\/h2>\n<p>Tenen\u00a0<strong>acc\u00e9s directe<\/strong>\u00a0al cicle les persones que compleixen algun dels requisits seg\u00fcents:<\/p>\n<ul class=\"llista-especial\">\n<li>tenir el t\u00edtol de batxillerat,<\/li>\n<li>tenir el t\u00edtol de t\u00e8cnic de formaci\u00f3 professional o d\u2019arts pl\u00e0stiques i disseny, t\u00e8cnic superior de formaci\u00f3 professional o d&#8217;arts pl\u00e0stiques i disseny o t\u00e8cnic especialista,<\/li>\n<li>haver superat el segon curs de batxillerat de qualsevol modalitat de batxillerat experimental,<\/li>\n<li>haver superat el curs d&#8217;orientaci\u00f3 universit\u00e0ria (COU) o el preuniversitari,<\/li>\n<li>tenir el t\u00edtol de batxillerat per haver cursat el batxillerat unificat polivalent (BUP),<\/li>\n<li>tenir qualsevol titulaci\u00f3 universit\u00e0ria o una d&#8217;equivalent, o<\/li>\n<li>haver superat la prova d&#8217;acc\u00e9s a la universitat per a m\u00e9s grans de 25 anys o de 45 anys, o haver accedit a la universitat per haver acreditat experi\u00e8ncia laboral o professional tenint complerts 40 anys d&#8217;edat.<\/li>\n<\/ul>\n<p>Les persones que no compleixen cap dels requisits esmentats han de superar una\u00a0<a href=\"https:\/\/educacio.gencat.cat\/ca\/serveis-tramits\/proves\/proves-acces\/gs-fp\/\" target=\"_blank\" rel=\"noopener\">prova d&#8217;acc\u00e9s<\/a>. Per presentar-s&#8217;hi cal tenir complerts 19 anys o b\u00e9 complir-los durant l&#8217;any natural en qu\u00e8 es realitza la prova.<\/p>\n<p>&nbsp;<\/p>\n<h2><strong>Curr\u00edculum del cicle de Desenvolupament d&#8217;Aplicacions Multiplataforma\u00a0<\/strong><\/h2>\n<h5>Primer Curs<\/h5>\n<div class=\"h5p-iframe-wrapper\"><iframe id=\"h5p-iframe-5\" class=\"h5p-iframe\" data-content-id=\"5\" style=\"height:1px\" src=\"about:blank\" frameBorder=\"0\" scrolling=\"no\" title=\"Curr\u00edculum DAM  \/  DAW - Primer Curs\"><\/iframe><\/div>\n<h5>Segon Curs<\/h5>\n<div class=\"h5p-iframe-wrapper\"><iframe id=\"h5p-iframe-6\" class=\"h5p-iframe\" data-content-id=\"6\" style=\"height:1px\" src=\"about:blank\" frameBorder=\"0\" scrolling=\"no\" title=\"Curr\u00edculum DAM - Segon Curs\"><\/iframe><\/div>\n<p><a href=\"https:\/\/triaeducativa.gencat.cat\/ca\/estudis?desenvolupament-aplicacions-multiplataforma&amp;p_id=219\" target=\"_blank\" rel=\"noopener\">M\u00e9s informaci\u00f3<\/a><\/p>\n<p>&nbsp;<\/p>\n<h4>Sortides professionals<\/h4>\n<p>T\u00e8cnic\/a superior en desenvolupament d\u2019aplicacions inform\u00e0tiques per a la gesti\u00f3 empresarial i de negocis.<\/p>\n<p>T\u00e8cnic\/a superior en desenvolupament d&#8217;aplicacions de prop\u00f2sit general.<\/p>\n<p>T\u00e8cnic\/a superior en desenvolupament en l&#8217;\u00e0mbit d&#8217;entreteniment i la inform\u00e0tica m\u00f2bil.<\/p>\n","protected":false},"excerpt":{"rendered":"<p>Grau Superior DAM<\/p>\n<p>T\u00e9 una assignaci\u00f3 de 2000 hores distribu\u00efdes en dos cursos acad\u00e8mics en horari de tarda.<br \/>\nAquesta titulaci\u00f3 s\u2019ofereix en modalitat Dual intensiva i Dual general.<br \/>\nLa superaci\u00f3 d\u2019aquests estudis s\u2019acredita amb l\u2019obtenci\u00f3 de la titulaci\u00f3 com a T\u00e8cnic Superior en Desenvolupament d&#8217;aplicacions multiplataforma.<br \/>\nLa compet\u00e8ncia general&hellip;  <a href=\"https:\/\/agora.xtec.cat\/ies-estatut\/estudis\/cicles-formatius\/dam-desenvolupament-daplicacions-multiplataforma\/\" title=\"Read CFGS DAM &#8211; Desenvolupament d&#8217;aplicacions multiplataforma\">Llegeix m\u00e9s\u00bb<\/a><\/p>\n","protected":false},"author":4,"featured_media":0,"parent":894,"menu_order":3,"comment_status":"closed","ping_status":"closed","template":"","meta":{"_bbp_topic_count":0,"_bbp_reply_count":0,"_bbp_total_topic_count":0,"_bbp_total_reply_count":0,"_bbp_voice_count":0,"_bbp_anonymous_reply_count":0,"_bbp_topic_count_hidden":0,"_bbp_reply_count_hidden":0,"_bbp_forum_subforum_count":0,"footnotes":""},"class_list":["post-3923","page","type-page","status-publish","hentry"],"post_mailing_queue_ids":[],"_links":{"self":[{"href":"https:\/\/agora.xtec.cat\/ies-estatut\/wp-json\/wp\/v2\/pages\/3923","targetHints":{"allow":["GET"]}}],"collection":[{"href":"https:\/\/agora.xtec.cat\/ies-estatut\/wp-json\/wp\/v2\/pages"}],"about":[{"href":"https:\/\/agora.xtec.cat\/ies-estatut\/wp-json\/wp\/v2\/types\/page"}],"author":[{"embeddable":true,"href":"https:\/\/agora.xtec.cat\/ies-estatut\/wp-json\/wp\/v2\/users\/4"}],"replies":[{"embeddable":true,"href":"https:\/\/agora.xtec.cat\/ies-estatut\/wp-json\/wp\/v2\/comments?post=3923"}],"version-history":[{"count":6,"href":"https:\/\/agora.xtec.cat\/ies-estatut\/wp-json\/wp\/v2\/pages\/3923\/revisions"}],"predecessor-version":[{"id":5363,"href":"https:\/\/agora.xtec.cat\/ies-estatut\/wp-json\/wp\/v2\/pages\/3923\/revisions\/5363"}],"up":[{"embeddable":true,"href":"https:\/\/agora.xtec.cat\/ies-estatut\/wp-json\/wp\/v2\/pages\/894"}],"wp:attachment":[{"href":"https:\/\/agora.xtec.cat\/ies-estatut\/wp-json\/wp\/v2\/media?parent=3923"}],"curies":[{"name":"wp","href":"https:\/\/api.w.org\/{rel}","templated":true}]}}