{"id":3647,"date":"2022-12-05T12:07:47","date_gmt":"2022-12-05T11:07:47","guid":{"rendered":"https:\/\/agora.xtec.cat\/ies-estatut\/?page_id=3647"},"modified":"2026-01-19T19:56:07","modified_gmt":"2026-01-19T18:56:07","slug":"tutories","status":"publish","type":"page","link":"https:\/\/agora.xtec.cat\/ies-estatut\/tutories\/","title":{"rendered":"Tutories"},"content":{"rendered":"<p>&nbsp;<\/p>\n<p><strong>1ESO A: <\/strong>Ainoa Zuazo i Roger Vila<br \/>\n<strong>1ESO B: <\/strong>N\u00faria Cl\u00faa i N\u00faria Mart\u00ednez<br \/>\n<strong>1ESO C: <\/strong>Aina Palou i Lourdes Botey<br \/>\n<strong>1ESO D: <\/strong>Marta Butjosa i Caterina Cuadros<\/p>\n<p><strong>2ESO A: <\/strong>Clara Ferrer i Muntsa Bellmunt<br \/>\n<strong>2ESO B: <\/strong>Diana L\u00f3pez i Berta Guixot<br \/>\n<strong>2ESO C: <\/strong>Adriana Y\u00e9bana i Gemma Del Toro<\/p>\n<p><strong>3ESO A: <\/strong>Jennifer Yera i Ana S\u00e1nchez<br \/>\n<strong>3ESO B: <\/strong>Albert Girau i Ana Soriano<br \/>\n<strong>3ESO C: <\/strong>Elena Santfeliu i Laura Garc\u00eda<\/p>\n<p><strong>1r CFGB: <\/strong>Lu\u00eds Dom\u00ednguez<\/p>\n<p><strong>4ESO A: <\/strong>Alba Solvas i Yesika Laplaza<br \/>\n<strong>4ESO B: <\/strong>Dani Fern\u00e1ndez i Diana Luque.<br \/>\n<strong>4ESO C: <\/strong>Albert Bassart i Sara Reixach.<br \/>\n<strong>4ESO Eina: <\/strong>Montserrat Sol\u00e9<\/p>\n<p><strong>2r CFGB: <\/strong>Nadine Garc\u00eda.<\/p>\n<p><strong>1PFI:<\/strong> Yolanda Montero<\/p>\n<p><strong>1BAT A: <\/strong>Clara Bass\u00f3<br \/>\n<strong>1BAT B:<\/strong> V\u00edctor Cuenca<\/p>\n<p><strong>2BAT A: <\/strong>Ana Pi\u00f1a<br \/>\n<strong>2BAT B:<\/strong> David Vilaplana<\/p>\n<p>&nbsp;<\/p>\n<p><strong>1GA M:<\/strong> Ana Isabel Salazar<br \/>\n<strong>1GA T:<\/strong> Carlos Ram\u00f3n<\/p>\n<p><strong>2GA T:<\/strong> Gloria Laso<\/p>\n<p><strong>1SMX D1:<\/strong> Jonathan Ortiz<br \/>\n<strong>1SMX D2:<\/strong> Jonathan Ortiz<br \/>\n<strong>1SMX T1:<\/strong> Alberto Bevi\u00e0<br \/>\n<strong>1SMX T2:<\/strong> Bego\u00f1a Acasuso<br \/>\n<strong>1SMX T3:<\/strong> V\u00edctor Carretero<br \/>\n<strong>2SMX T1:<\/strong> Fernando Bartoll<br \/>\n<strong>2SMX T2:<\/strong> Dani Lleonart<br \/>\n<strong>2SMX T3:<\/strong> \u00d3scar Garc\u00eda<br \/>\n<strong>2SMX T4:<\/strong> Pol Girbau<\/p>\n<p><strong>1AiF:<\/strong> David Mart\u00ednez<br \/>\n<strong>2AiF:<\/strong> \u00c0lex Dalmau<\/p>\n<p><strong>1ASIX:<\/strong> Ivan Llanas<br \/>\n<strong>2ASIX:<\/strong> Alex Bat\u00e1n<br \/>\n<strong>1DAM:<\/strong> Manuel Romero<br \/>\n<strong>2DAM:<\/strong> Jan Anguita<br \/>\n<strong>1DAW:<\/strong> Diego Mu\u00f1oz<br \/>\n<strong>2DAW:<\/strong> David Lopez<\/p>\n","protected":false},"excerpt":{"rendered":"<p>&nbsp;<br \/>\n1ESO A: Ainoa Zuazo i Roger Vila<br \/>\n1ESO B: N\u00faria Cl\u00faa i N\u00faria Mart\u00ednez<br \/>\n1ESO C: Aina Palou i Lourdes Botey<br \/>\n1ESO D: Marta Butjosa i Caterina Cuadros<br \/>\n2ESO A: Clara Ferrer i Muntsa Bellmunt<br \/>\n2ESO B: Diana L\u00f3pez i Berta Guixot<br \/>\n2ESO C: Adriana Y\u00e9bana i Gemma Del Toro<br \/>\n3ESO A:&hellip;  <a href=\"https:\/\/agora.xtec.cat\/ies-estatut\/tutories\/\" title=\"Read Tutories\">Llegeix m\u00e9s\u00bb<\/a><\/p>\n","protected":false},"author":1,"featured_media":0,"parent":0,"menu_order":0,"comment_status":"closed","ping_status":"closed","template":"","meta":{"_bbp_topic_count":0,"_bbp_reply_count":0,"_bbp_total_topic_count":0,"_bbp_total_reply_count":0,"_bbp_voice_count":0,"_bbp_anonymous_reply_count":0,"_bbp_topic_count_hidden":0,"_bbp_reply_count_hidden":0,"_bbp_forum_subforum_count":0,"footnotes":""},"class_list":["post-3647","page","type-page","status-publish","hentry"],"post_mailing_queue_ids":[],"_links":{"self":[{"href":"https:\/\/agora.xtec.cat\/ies-estatut\/wp-json\/wp\/v2\/pages\/3647","targetHints":{"allow":["GET"]}}],"collection":[{"href":"https:\/\/agora.xtec.cat\/ies-estatut\/wp-json\/wp\/v2\/pages"}],"about":[{"href":"https:\/\/agora.xtec.cat\/ies-estatut\/wp-json\/wp\/v2\/types\/page"}],"author":[{"embeddable":true,"href":"https:\/\/agora.xtec.cat\/ies-estatut\/wp-json\/wp\/v2\/users\/1"}],"replies":[{"embeddable":true,"href":"https:\/\/agora.xtec.cat\/ies-estatut\/wp-json\/wp\/v2\/comments?post=3647"}],"version-history":[{"count":7,"href":"https:\/\/agora.xtec.cat\/ies-estatut\/wp-json\/wp\/v2\/pages\/3647\/revisions"}],"predecessor-version":[{"id":6714,"href":"https:\/\/agora.xtec.cat\/ies-estatut\/wp-json\/wp\/v2\/pages\/3647\/revisions\/6714"}],"wp:attachment":[{"href":"https:\/\/agora.xtec.cat\/ies-estatut\/wp-json\/wp\/v2\/media?parent=3647"}],"curies":[{"name":"wp","href":"https:\/\/api.w.org\/{rel}","templated":true}]}}