{"id":3470,"date":"2022-07-19T18:24:42","date_gmt":"2022-07-19T16:24:42","guid":{"rendered":"https:\/\/agora.xtec.cat\/ies-estatut\/?page_id=3470"},"modified":"2026-04-12T15:08:27","modified_gmt":"2026-04-12T13:08:27","slug":"servei-menjador","status":"publish","type":"page","link":"https:\/\/agora.xtec.cat\/ies-estatut\/servei-menjador\/","title":{"rendered":"Servei menjador"},"content":{"rendered":"<h1><img loading=\"lazy\" decoding=\"async\" class=\"aligncenter size-full wp-image-6942\" src=\"https:\/\/agora.xtec.cat\/ies-estatut\/wp-content\/uploads\/usu435\/2026\/04\/29-menu-13-a-17-abril0001-1.jpg\" alt=\"\" width=\"2339\" height=\"1654\" srcset=\"https:\/\/agora.xtec.cat\/ies-estatut\/wp-content\/uploads\/usu435\/2026\/04\/29-menu-13-a-17-abril0001-1.jpg 2339w, https:\/\/agora.xtec.cat\/ies-estatut\/wp-content\/uploads\/usu435\/2026\/04\/29-menu-13-a-17-abril0001-1-300x212.jpg 300w, https:\/\/agora.xtec.cat\/ies-estatut\/wp-content\/uploads\/usu435\/2026\/04\/29-menu-13-a-17-abril0001-1-1024x724.jpg 1024w, https:\/\/agora.xtec.cat\/ies-estatut\/wp-content\/uploads\/usu435\/2026\/04\/29-menu-13-a-17-abril0001-1-768x543.jpg 768w, https:\/\/agora.xtec.cat\/ies-estatut\/wp-content\/uploads\/usu435\/2026\/04\/29-menu-13-a-17-abril0001-1-1536x1086.jpg 1536w, https:\/\/agora.xtec.cat\/ies-estatut\/wp-content\/uploads\/usu435\/2026\/04\/29-menu-13-a-17-abril0001-1-2048x1448.jpg 2048w\" sizes=\"auto, (max-width: 2339px) 100vw, 2339px\" \/><\/h1>\n<h1 style=\"text-align: center;\"><span style=\"color: #ff9900;\"><strong>NORMATIVA DEL MENJADOR ESCOLAR<\/strong><\/span><\/h1>\n<ul>\n<li>En el cas de necessitat de <strong>dieta o casos puntuals<\/strong> que necessitin una modificaci\u00f3 del men\u00fa, s\u2019haur\u00e0 de <strong>trucar a la Vanessa (Coordinadora) entre les 8h i les 11h.<\/strong><\/li>\n<li>La forma de <strong>pagament<\/strong> del servei es pot realitzar per <strong>transfer\u00e8ncia banc\u00e0ria, efectiu o Bizum al tel\u00e8fon 645158499.<\/strong><\/li>\n<li>El <strong>pagament<\/strong> dels usuaris fixes es far\u00e0 <strong>a mes ven\u00e7ut.<\/strong><\/li>\n<li>Per fer <strong>\u00fas espor\u00e0dic<\/strong> del menjador, heu d\u2019<strong>avisar a la coordinadora via tel\u00e8fon abans de les 11h del mat\u00ed.<\/strong><\/li>\n<li><strong>Si un alumne\/a no assistir\u00e0 al menjador,<\/strong> s\u2019ha d\u2019<strong>avisar a la coordinadora<\/strong> per notificar la falta, <strong>en horari d\u2019atenci\u00f3 a les fam\u00edlies. Via tel\u00e8fon o WhatsApp. Aquell dia no es cobrar\u00e0 si s\u2019ha avisat dins l\u2019horari establert.<\/strong><\/li>\n<li>Els alumnes que vulguin <strong>sortir abans<\/strong> podran fer-ho amb <strong>pr\u00e8via autoritzaci\u00f3 signada pel<\/strong><br \/>\n<strong>pare\/mare\/Tutor\/a.<\/strong><\/li>\n<\/ul>\n<p>&nbsp;<\/p>\n<h1 style=\"text-align: center;\"><span style=\"color: #ff9900;\"><strong>PREUS<\/strong><\/span><\/h1>\n<ul>\n<li><strong>Usuari Fix:<\/strong> 6,54 \u20ac<\/li>\n<li><strong>Usuari Espor\u00e0dic:<\/strong> 7,19 \u20ac<\/li>\n<\/ul>\n<p>&nbsp;<\/p>\n<h1 style=\"text-align: center;\"><span style=\"color: #ff9900;\"><strong>HORARI DE LA CANTINA<\/strong><\/span><\/h1>\n<ul>\n<li>La Cantina restar\u00e0 oberta durant el temps d\u2019esbarjo <strong>de dilluns a divendres, que consta de tres patis, primer pati de 10h a 10:30h, segon pati 12:25h a 12:40h i pati de la tarda de 18h a 18:30h.<\/strong> Aix\u00ed com tots els migdies de dilluns a divendres.<\/li>\n<li>L\u2019horari del <strong>servei de menjador \u00e9s de 14:40h a 16:30h.<\/strong><\/li>\n<\/ul>\n<p>&nbsp;<\/p>\n<h1 style=\"text-align: center;\"><span style=\"color: #ff9900;\"><strong>COMUNICACI\u00d3 AMB LA COORDINADORA<\/strong><\/span><\/h1>\n<p><strong>Coordinadora:<\/strong> Vanessa Garc\u00eda<\/p>\n<p><strong>Tel\u00e8fon del menjador:<\/strong> 645158499<\/p>\n<p><strong>Horari atenci\u00f3:<\/strong> 8h a 11h<\/p>\n<p>&nbsp;<\/p>\n<p>&nbsp;<\/p>\n","protected":false},"excerpt":{"rendered":"<p>NORMATIVA DEL MENJADOR ESCOLAR<\/p>\n<ul>\n<li>En el cas de necessitat de dieta o casos puntuals que necessitin una modificaci\u00f3 del men\u00fa, s\u2019haur\u00e0 de trucar a la Vanessa (Coordinadora) entre les 8h i les 11h.<\/li>\n<li>La forma de pagament del servei es pot realitzar per transfer\u00e8ncia banc\u00e0ria, efectiu o&hellip;  <a href=\"https:\/\/agora.xtec.cat\/ies-estatut\/servei-menjador\/\" title=\"Read Servei menjador\">Llegeix m\u00e9s\u00bb<\/a><br \/>\n","protected":false},"author":1,"featured_media":0,"parent":0,"menu_order":0,"comment_status":"closed","ping_status":"closed","template":"","meta":{"_bbp_topic_count":0,"_bbp_reply_count":0,"_bbp_total_topic_count":0,"_bbp_total_reply_count":0,"_bbp_voice_count":0,"_bbp_anonymous_reply_count":0,"_bbp_topic_count_hidden":0,"_bbp_reply_count_hidden":0,"_bbp_forum_subforum_count":0,"footnotes":""},"class_list":["post-3470","page","type-page","status-publish","hentry"],"post_mailing_queue_ids":[],"_links":{"self":[{"href":"https:\/\/agora.xtec.cat\/ies-estatut\/wp-json\/wp\/v2\/pages\/3470","targetHints":{"allow":["GET"]}}],"collection":[{"href":"https:\/\/agora.xtec.cat\/ies-estatut\/wp-json\/wp\/v2\/pages"}],"about":[{"href":"https:\/\/agora.xtec.cat\/ies-estatut\/wp-json\/wp\/v2\/types\/page"}],"author":[{"embeddable":true,"href":"https:\/\/agora.xtec.cat\/ies-estatut\/wp-json\/wp\/v2\/users\/1"}],"replies":[{"embeddable":true,"href":"https:\/\/agora.xtec.cat\/ies-estatut\/wp-json\/wp\/v2\/comments?post=3470"}],"version-history":[{"count":8,"href":"https:\/\/agora.xtec.cat\/ies-estatut\/wp-json\/wp\/v2\/pages\/3470\/revisions"}],"predecessor-version":[{"id":6943,"href":"https:\/\/agora.xtec.cat\/ies-estatut\/wp-json\/wp\/v2\/pages\/3470\/revisions\/6943"}],"wp:attachment":[{"href":"https:\/\/agora.xtec.cat\/ies-estatut\/wp-json\/wp\/v2\/media?parent=3470"}],"curies":[{"name":"wp","href":"https:\/\/api.w.org\/{rel}","templated":true}]}}